{"id":1027,"date":"2025-12-23T17:12:27","date_gmt":"2025-12-23T16:12:27","guid":{"rendered":"https:\/\/fbprocedes.com\/?page_id=1027"},"modified":"2026-01-16T16:26:27","modified_gmt":"2026-01-16T15:26:27","slug":"bar-screen-wastewater-treatment-plant","status":"publish","type":"page","link":"https:\/\/fbprocedes.com\/en\/applications\/degrilleur-station-epuration\/","title":{"rendered":"D\u00e9grilleur pour station d&rsquo;\u00e9puration"},"content":{"rendered":"<div data-elementor-type=\"wp-page\" data-elementor-id=\"1027\" class=\"elementor elementor-1027\" data-elementor-post-type=\"page\">\n\t\t\t\t<div class=\"elementor-element elementor-element-7cd8c7c7 e-flex e-con-boxed e-con e-parent\" data-id=\"7cd8c7c7\" data-element_type=\"container\" data-e-type=\"container\" data-settings=\"{&quot;background_background&quot;:&quot;classic&quot;}\">\n\t\t\t\t\t<div class=\"e-con-inner\">\n\t\t\t\t<div class=\"elementor-element elementor-element-2fb286c9 elementor-widget elementor-widget-heading\" data-id=\"2fb286c9\" data-element_type=\"widget\" data-e-type=\"widget\" data-widget_type=\"heading.default\">\n\t\t\t\t\t<h1 class=\"elementor-heading-title elementor-size-default\">Bar Screen for wastewater treatment plant<\/h1>\t\t\t\t<\/div>\n\t\t\t\t<div class=\"elementor-element elementor-element-414d0bc9 elementor-widget elementor-widget-text-editor\" data-id=\"414d0bc9\" data-element_type=\"widget\" data-e-type=\"widget\" data-widget_type=\"text-editor.default\">\n\t\t\t\t\t\t\t\t\t<p>Bar screens are essential equipment at the inlet of a wastewater treatment plant to protect downstream equipment.<\/p>\t\t\t\t\t\t\t\t<\/div>\n\t\t\t\t<div class=\"elementor-element elementor-element-7d603d74 elementor-align-center elementor-widget elementor-widget-button\" data-id=\"7d603d74\" data-element_type=\"widget\" data-e-type=\"widget\" data-widget_type=\"button.default\">\n\t\t\t\t\t\t\t\t\t\t<a class=\"elementor-button elementor-button-link elementor-size-sm\" href=\"\/en\/contact\/\">\n\t\t\t\t\t\t<span class=\"elementor-button-content-wrapper\">\n\t\t\t\t\t\t\t\t\t<span class=\"elementor-button-text\">Contact us<\/span>\n\t\t\t\t\t<\/span>\n\t\t\t\t\t<\/a>\n\t\t\t\t\t\t\t\t<\/div>\n\t\t\t\t\t<\/div>\n\t\t\t\t<\/div>\n\t\t<div class=\"elementor-element elementor-element-4fc3639 e-flex e-con-boxed e-con e-parent\" data-id=\"4fc3639\" data-element_type=\"container\" data-e-type=\"container\">\n\t\t\t\t\t<div class=\"e-con-inner\">\n\t\t\t\t<div class=\"elementor-element elementor-element-962ddde elementor-widget elementor-widget-heading\" data-id=\"962ddde\" data-element_type=\"widget\" data-e-type=\"widget\" data-widget_type=\"heading.default\">\n\t\t\t\t\t<h2 class=\"elementor-heading-title elementor-size-default\">The role of bar screens in a wastewater treatment plant\n<\/h2>\t\t\t\t<\/div>\n\t\t\t\t<div class=\"elementor-element elementor-element-0eb33fc elementor-widget elementor-widget-text-editor\" data-id=\"0eb33fc\" data-element_type=\"widget\" data-e-type=\"widget\" data-widget_type=\"text-editor.default\">\n\t\t\t\t\t\t\t\t\t<p>Wastewater treatment plants play an essential role in protecting the environment by treating wastewater before it is discharged into natural environments. Among the key equipment in these facilities, bar screens play a fundamental role from the very first stage of treatment.<\/p>\t\t\t\t\t\t\t\t<\/div>\n\t\t\t\t\t<\/div>\n\t\t\t\t<\/div>\n\t\t<div class=\"elementor-element elementor-element-0db3d58 e-flex e-con-boxed e-con e-parent\" data-id=\"0db3d58\" data-element_type=\"container\" data-e-type=\"container\">\n\t\t\t\t\t<div class=\"e-con-inner\">\n\t\t\t\t<div class=\"elementor-element elementor-element-017ea77 elementor-widget elementor-widget-heading\" data-id=\"017ea77\" data-element_type=\"widget\" data-e-type=\"widget\" data-widget_type=\"heading.default\">\n\t\t\t\t\t<h2 class=\"elementor-heading-title elementor-size-default\">What is a wastewater treatment plant?<\/h2>\t\t\t\t<\/div>\n\t\t\t\t<div class=\"elementor-element elementor-element-6e9a8bda elementor-widget-divider--view-line elementor-widget elementor-widget-divider\" data-id=\"6e9a8bda\" data-element_type=\"widget\" data-e-type=\"widget\" data-widget_type=\"divider.default\">\n\t\t\t\t\t\t\t<div class=\"elementor-divider\">\n\t\t\t<span class=\"elementor-divider-separator\">\n\t\t\t\t\t\t<\/span>\n\t\t<\/div>\n\t\t\t\t\t\t<\/div>\n\t\t\t\t\t<\/div>\n\t\t\t\t<\/div>\n\t\t<div class=\"elementor-element elementor-element-2dd02a09 e-flex e-con-boxed e-con e-parent\" data-id=\"2dd02a09\" data-element_type=\"container\" data-e-type=\"container\">\n\t\t\t\t\t<div class=\"e-con-inner\">\n\t\t<div class=\"elementor-element elementor-element-23fcb15b e-con-full e-flex e-con e-child\" data-id=\"23fcb15b\" data-element_type=\"container\" data-e-type=\"container\">\n\t\t\t\t<div class=\"elementor-element elementor-element-1a6ec6fe elementor-widget elementor-widget-image\" data-id=\"1a6ec6fe\" data-element_type=\"widget\" data-e-type=\"widget\" data-widget_type=\"image.default\">\n\t\t\t\t\t\t\t\t\t\t\t\t\t\t\t<img fetchpriority=\"high\" decoding=\"async\" width=\"1280\" height=\"760\" src=\"https:\/\/fbprocedes.com\/wp-content\/uploads\/2025\/12\/station-epuration.webp\" class=\"attachment-full size-full wp-image-1047\" alt=\"wwtp\" srcset=\"https:\/\/fbprocedes.com\/wp-content\/uploads\/2025\/12\/station-epuration.webp 1280w, https:\/\/fbprocedes.com\/wp-content\/uploads\/2025\/12\/station-epuration-300x178.webp 300w, https:\/\/fbprocedes.com\/wp-content\/uploads\/2025\/12\/station-epuration-1024x608.webp 1024w, https:\/\/fbprocedes.com\/wp-content\/uploads\/2025\/12\/station-epuration-768x456.webp 768w\" sizes=\"(max-width: 1280px) 100vw, 1280px\" \/>\t\t\t\t\t\t\t\t\t\t\t\t\t\t\t<\/div>\n\t\t\t\t<\/div>\n\t\t<div class=\"elementor-element elementor-element-5b8f184c e-con-full e-flex e-con e-child\" data-id=\"5b8f184c\" data-element_type=\"container\" data-e-type=\"container\">\n\t\t\t\t<div class=\"elementor-element elementor-element-63bdda8e elementor-widget elementor-widget-text-editor\" data-id=\"63bdda8e\" data-element_type=\"widget\" data-e-type=\"widget\" data-widget_type=\"text-editor.default\">\n\t\t\t\t\t\t\t\t\t<p>A wastewater treatment plant is an infrastructure designed to clean wastewater generated by human activities (domestic, industrial, agricultural) before returning it to the natural cycle. It generally follows several stages:<\/p><ol><li>Pre-treatment: Removal of the largest debris.<\/li><li>Primary treatment: Settling of suspended solids.<\/li><li>Secondary treatment: Biological degradation of organic pollutants.<\/li><li>Tertiary treatment: Removal of nutrients, disinfection, or polishing.<\/li><\/ol><p>Screening, which is part of pre-treatment, is the first line of defense of a wastewater treatment plant.<\/p>\t\t\t\t\t\t\t\t<\/div>\n\t\t\t\t<\/div>\n\t\t\t\t\t<\/div>\n\t\t\t\t<\/div>\n\t\t<div class=\"elementor-element elementor-element-57282a7 e-flex e-con-boxed e-con e-parent\" data-id=\"57282a7\" data-element_type=\"container\" data-e-type=\"container\">\n\t\t\t\t\t<div class=\"e-con-inner\">\n\t\t\t\t<div class=\"elementor-element elementor-element-9e346b0 elementor-widget elementor-widget-heading\" data-id=\"9e346b0\" data-element_type=\"widget\" data-e-type=\"widget\" data-widget_type=\"heading.default\">\n\t\t\t\t\t<h2 class=\"elementor-heading-title elementor-size-default\">Why is screening indispensable?<\/h2>\t\t\t\t<\/div>\n\t\t\t\t<div class=\"elementor-element elementor-element-5f0fa92 elementor-widget-divider--view-line elementor-widget elementor-widget-divider\" data-id=\"5f0fa92\" data-element_type=\"widget\" data-e-type=\"widget\" data-widget_type=\"divider.default\">\n\t\t\t\t\t\t\t<div class=\"elementor-divider\">\n\t\t\t<span class=\"elementor-divider-separator\">\n\t\t\t\t\t\t<\/span>\n\t\t<\/div>\n\t\t\t\t\t\t<\/div>\n\t\t\t\t\t<\/div>\n\t\t\t\t<\/div>\n\t\t<div class=\"elementor-element elementor-element-d772280 e-flex e-con-boxed e-con e-parent\" data-id=\"d772280\" data-element_type=\"container\" data-e-type=\"container\">\n\t\t\t\t\t<div class=\"e-con-inner\">\n\t\t<div class=\"elementor-element elementor-element-ee5f113 e-con-full e-flex e-con e-child\" data-id=\"ee5f113\" data-element_type=\"container\" data-e-type=\"container\">\n\t\t\t\t<div class=\"elementor-element elementor-element-2c8bc82 elementor-widget elementor-widget-image\" data-id=\"2c8bc82\" data-element_type=\"widget\" data-e-type=\"widget\" data-widget_type=\"image.default\">\n\t\t\t\t\t\t\t\t\t\t\t\t\t\t\t<img decoding=\"async\" width=\"1537\" height=\"1098\" src=\"https:\/\/fbprocedes.com\/wp-content\/uploads\/2025\/12\/degrillage.webp\" class=\"attachment-full size-full wp-image-1048\" alt=\"Three bar screens in a wastewater treatment plant\" srcset=\"https:\/\/fbprocedes.com\/wp-content\/uploads\/2025\/12\/degrillage.webp 1537w, https:\/\/fbprocedes.com\/wp-content\/uploads\/2025\/12\/degrillage-300x214.webp 300w, https:\/\/fbprocedes.com\/wp-content\/uploads\/2025\/12\/degrillage-1024x732.webp 1024w, https:\/\/fbprocedes.com\/wp-content\/uploads\/2025\/12\/degrillage-768x549.webp 768w\" sizes=\"(max-width: 1537px) 100vw, 1537px\" \/>\t\t\t\t\t\t\t\t\t\t\t\t\t\t\t<\/div>\n\t\t\t\t<\/div>\n\t\t<div class=\"elementor-element elementor-element-7aca877 e-con-full e-flex e-con e-child\" data-id=\"7aca877\" data-element_type=\"container\" data-e-type=\"container\">\n\t\t\t\t<div class=\"elementor-element elementor-element-e639bf6 elementor-widget elementor-widget-text-editor\" data-id=\"e639bf6\" data-element_type=\"widget\" data-e-type=\"widget\" data-widget_type=\"text-editor.default\">\n\t\t\t\t\t\t\t\t\t<p>When wastewater enters a wastewater treatment plant, it contains a wide variety of solid waste: plastics, textiles, wood, and other unwanted objects. These solids can:<\/p><ul><li>Damage downstream equipment such as pumps or clarifiers.<\/li><li>Reduce the efficiency of other treatment stages.<\/li><li>Increase maintenance costs.<\/li><li>The role of bar screens is to retain this waste as soon as it enters the wastewater treatment plant, thereby ensuring optimal and sustainable operation of the facility.<\/li><\/ul>\t\t\t\t\t\t\t\t<\/div>\n\t\t\t\t<\/div>\n\t\t\t\t\t<\/div>\n\t\t\t\t<\/div>\n\t\t<div class=\"elementor-element elementor-element-510fa2a e-flex e-con-boxed e-con e-parent\" data-id=\"510fa2a\" data-element_type=\"container\" data-e-type=\"container\" data-settings=\"{&quot;background_background&quot;:&quot;classic&quot;}\">\n\t\t\t\t\t<div class=\"e-con-inner\">\n\t\t<div class=\"elementor-element elementor-element-321fbb8 e-con-full e-flex e-con e-child\" data-id=\"321fbb8\" data-element_type=\"container\" data-e-type=\"container\">\n\t\t\t\t<div class=\"elementor-element elementor-element-b081b4a elementor-widget elementor-widget-heading\" data-id=\"b081b4a\" data-element_type=\"widget\" data-e-type=\"widget\" data-widget_type=\"heading.default\">\n\t\t\t\t\t<h2 class=\"elementor-heading-title elementor-size-default\">How do bar screens work in a wastewater treatment plant?<\/h2>\t\t\t\t<\/div>\n\t\t\t\t<div class=\"elementor-element elementor-element-0600fa7 elementor-widget-divider--view-line elementor-widget elementor-widget-divider\" data-id=\"0600fa7\" data-element_type=\"widget\" data-e-type=\"widget\" data-widget_type=\"divider.default\">\n\t\t\t\t\t\t\t<div class=\"elementor-divider\">\n\t\t\t<span class=\"elementor-divider-separator\">\n\t\t\t\t\t\t<\/span>\n\t\t<\/div>\n\t\t\t\t\t\t<\/div>\n\t\t\t\t<div class=\"elementor-element elementor-element-97471d5 elementor-widget elementor-widget-text-editor\" data-id=\"97471d5\" data-element_type=\"widget\" data-e-type=\"widget\" data-widget_type=\"text-editor.default\">\n\t\t\t\t\t\t\t\t\t<p>Bar screens, often referred to as Automatic Bar Screens, are designed as grids or screens that filter wastewater. Their typical operation is as follows:<\/p><ol><li>Solids collection: Wastewater flows through a screen whose bars capture the debris.<\/li><li>Automatic removal: A mechanical system regularly removes the accumulated debris to prevent clogging.<\/li><li>Waste disposal: The solids are conveyed to a container or a compactor for disposal.<\/li><\/ol><p>Thanks to this automation, bar screens ensure continuous operation, even under high flow conditions.<\/p>\t\t\t\t\t\t\t\t<\/div>\n\t\t\t\t<\/div>\n\t\t<div class=\"elementor-element elementor-element-e4d29d0 e-con-full e-flex e-con e-child\" data-id=\"e4d29d0\" data-element_type=\"container\" data-e-type=\"container\">\n\t\t\t\t<div class=\"elementor-element elementor-element-91d45a3 elementor-widget elementor-widget-heading\" data-id=\"91d45a3\" data-element_type=\"widget\" data-e-type=\"widget\" data-widget_type=\"heading.default\">\n\t\t\t\t\t<h2 class=\"elementor-heading-title elementor-size-default\">The advantages of bar screens for a wastewater treatment plant<\/h2>\t\t\t\t<\/div>\n\t\t\t\t<div class=\"elementor-element elementor-element-4d4f9f4 elementor-widget-divider--view-line elementor-widget elementor-widget-divider\" data-id=\"4d4f9f4\" data-element_type=\"widget\" data-e-type=\"widget\" data-widget_type=\"divider.default\">\n\t\t\t\t\t\t\t<div class=\"elementor-divider\">\n\t\t\t<span class=\"elementor-divider-separator\">\n\t\t\t\t\t\t<\/span>\n\t\t<\/div>\n\t\t\t\t\t\t<\/div>\n\t\t\t\t<div class=\"elementor-element elementor-element-ff56f73 elementor-widget elementor-widget-text-editor\" data-id=\"ff56f73\" data-element_type=\"widget\" data-e-type=\"widget\" data-widget_type=\"text-editor.default\">\n\t\t\t\t\t\t\t\t\t<ol><li>Equipment protection: Prevents premature wear of pumps and treatment systems.<\/li><li>Increased efficiency: Reduces downtime caused by clogging or breakdowns.<\/li><li>Durability: Helps extend the service life of the entire facility.<\/li><li>Cost optimization: Limits maintenance expenses and improves productivity.<\/li><\/ol>\t\t\t\t\t\t\t\t<\/div>\n\t\t\t\t<\/div>\n\t\t\t\t\t<\/div>\n\t\t\t\t<\/div>\n\t\t<div class=\"elementor-element elementor-element-87658da e-flex e-con-boxed e-con e-parent\" data-id=\"87658da\" data-element_type=\"container\" data-e-type=\"container\">\n\t\t\t\t\t<div class=\"e-con-inner\">\n\t\t<div class=\"elementor-element elementor-element-3859823 e-con-full e-flex e-con e-child\" data-id=\"3859823\" data-element_type=\"container\" data-e-type=\"container\">\n\t\t\t\t<div class=\"elementor-element elementor-element-f9dba68 elementor-widget elementor-widget-heading\" data-id=\"f9dba68\" data-element_type=\"widget\" data-e-type=\"widget\" data-widget_type=\"heading.default\">\n\t\t\t\t\t<h2 class=\"elementor-heading-title elementor-size-default\">Why choose FB Proc\u00e9d\u00e9s for your wastewater treatment plant?<\/h2>\t\t\t\t<\/div>\n\t\t\t\t<div class=\"elementor-element elementor-element-79b7293 elementor-widget-divider--view-line elementor-widget elementor-widget-divider\" data-id=\"79b7293\" data-element_type=\"widget\" data-e-type=\"widget\" data-widget_type=\"divider.default\">\n\t\t\t\t\t\t\t<div class=\"elementor-divider\">\n\t\t\t<span class=\"elementor-divider-separator\">\n\t\t\t\t\t\t<\/span>\n\t\t<\/div>\n\t\t\t\t\t\t<\/div>\n\t\t\t\t<\/div>\n\t\t\t\t\t<\/div>\n\t\t\t\t<\/div>\n\t\t<div class=\"elementor-element elementor-element-b2ae7ac e-flex e-con-boxed e-con e-parent\" data-id=\"b2ae7ac\" data-element_type=\"container\" data-e-type=\"container\">\n\t\t\t\t\t<div class=\"e-con-inner\">\n\t\t<div class=\"elementor-element elementor-element-23355da e-con-full e-flex e-con e-child\" data-id=\"23355da\" data-element_type=\"container\" data-e-type=\"container\">\n\t\t\t\t<div class=\"elementor-element elementor-element-143da46 elementor-widget elementor-widget-image\" data-id=\"143da46\" data-element_type=\"widget\" data-e-type=\"widget\" data-widget_type=\"image.default\">\n\t\t\t\t\t\t\t\t\t\t\t\t\t\t\t<img decoding=\"async\" width=\"512\" height=\"512\" src=\"https:\/\/fbprocedes.com\/wp-content\/uploads\/2025\/09\/favicon-fb-procedes.png\" class=\"attachment-large size-large wp-image-16\" alt=\"FB Proc\u00e9d\u00e9s \u2013 retour \u00e0 l\u2019accueil\" srcset=\"https:\/\/fbprocedes.com\/wp-content\/uploads\/2025\/09\/favicon-fb-procedes.png 512w, https:\/\/fbprocedes.com\/wp-content\/uploads\/2025\/09\/favicon-fb-procedes-300x300.png 300w, https:\/\/fbprocedes.com\/wp-content\/uploads\/2025\/09\/favicon-fb-procedes-150x150.png 150w\" sizes=\"(max-width: 512px) 100vw, 512px\" \/>\t\t\t\t\t\t\t\t\t\t\t\t\t\t\t<\/div>\n\t\t\t\t<\/div>\n\t\t<div class=\"elementor-element elementor-element-6b8993f e-con-full e-flex e-con e-child\" data-id=\"6b8993f\" data-element_type=\"container\" data-e-type=\"container\">\n\t\t\t\t<div class=\"elementor-element elementor-element-a129ad5 elementor-widget elementor-widget-text-editor\" data-id=\"a129ad5\" data-element_type=\"widget\" data-e-type=\"widget\" data-widget_type=\"text-editor.default\">\n\t\t\t\t\t\t\t\t\t<p>At FB Proc\u00e9d\u00e9s, we specialize in the design and manufacture of Bar Screens for wastewater treatment plants. Our solutions are:<\/p><ul><li>Tailor-made: Adapted to your technical constraints.<\/li><li>Robust and reliable: Manufactured in stainless steel for maximum durability.<\/li><li>Innovative: Incorporate the latest technological advances.<br \/>We support you at every stage: from the assessment of your needs to the installation and maintenance of your equipment.<\/li><\/ul>\t\t\t\t\t\t\t\t<\/div>\n\t\t\t\t<\/div>\n\t\t\t\t\t<\/div>\n\t\t\t\t<\/div>\n\t\t<div class=\"elementor-element elementor-element-612f6a96 e-flex e-con-boxed e-con e-parent\" data-id=\"612f6a96\" data-element_type=\"container\" data-e-type=\"container\">\n\t\t\t\t\t<div class=\"e-con-inner\">\n\t\t\t\t<div class=\"elementor-element elementor-element-2787a6ba elementor-widget elementor-widget-heading\" data-id=\"2787a6ba\" data-element_type=\"widget\" data-e-type=\"widget\" data-widget_type=\"heading.default\">\n\t\t\t\t\t<h2 class=\"elementor-heading-title elementor-size-default\">Related products<\/h2>\t\t\t\t<\/div>\n\t\t\t\t<div class=\"elementor-element elementor-element-42e16043 elementor-widget-divider--view-line elementor-widget elementor-widget-divider\" data-id=\"42e16043\" data-element_type=\"widget\" data-e-type=\"widget\" data-widget_type=\"divider.default\">\n\t\t\t\t\t\t\t<div class=\"elementor-divider\">\n\t\t\t<span class=\"elementor-divider-separator\">\n\t\t\t\t\t\t<\/span>\n\t\t<\/div>\n\t\t\t\t\t\t<\/div>\n\t\t\t\t\t<\/div>\n\t\t\t\t<\/div>\n\t\t<div class=\"elementor-element elementor-element-694dd421 e-grid e-con-boxed e-con e-parent\" data-id=\"694dd421\" data-element_type=\"container\" data-e-type=\"container\">\n\t\t\t\t\t<div class=\"e-con-inner\">\n\t\t<div class=\"elementor-element elementor-element-30f15ec4 e-con-full e-flex e-con e-child\" data-id=\"30f15ec4\" data-element_type=\"container\" data-e-type=\"container\" data-settings=\"{&quot;background_background&quot;:&quot;classic&quot;}\">\n\t\t\t\t<div class=\"elementor-element elementor-element-391d712d elementor-widget elementor-widget-image\" data-id=\"391d712d\" data-element_type=\"widget\" data-e-type=\"widget\" data-widget_type=\"image.default\">\n\t\t\t\t\t\t\t\t\t\t\t\t\t\t\t<img loading=\"lazy\" decoding=\"async\" width=\"500\" height=\"500\" src=\"https:\/\/fbprocedes.com\/wp-content\/uploads\/2025\/12\/degrilleur-sg400.jpg\" class=\"attachment-medium_large size-medium_large wp-image-875\" alt=\"3D CAD view of a vertical SG400 Bar Screen\" srcset=\"https:\/\/fbprocedes.com\/wp-content\/uploads\/2025\/12\/degrilleur-sg400.jpg 500w, https:\/\/fbprocedes.com\/wp-content\/uploads\/2025\/12\/degrilleur-sg400-300x300.jpg 300w, https:\/\/fbprocedes.com\/wp-content\/uploads\/2025\/12\/degrilleur-sg400-150x150.jpg 150w\" sizes=\"(max-width: 500px) 100vw, 500px\" \/>\t\t\t\t\t\t\t\t\t\t\t\t\t\t\t<\/div>\n\t\t\t\t<div class=\"elementor-element elementor-element-26b0cb19 elementor-widget elementor-widget-heading\" data-id=\"26b0cb19\" data-element_type=\"widget\" data-e-type=\"widget\" data-widget_type=\"heading.default\">\n\t\t\t\t\t<h3 class=\"elementor-heading-title elementor-size-default\">Bar Screen SG400<\/h3>\t\t\t\t<\/div>\n\t\t\t\t<div class=\"elementor-element elementor-element-5016b9cd elementor-widget elementor-widget-text-editor\" data-id=\"5016b9cd\" data-element_type=\"widget\" data-e-type=\"widget\" data-widget_type=\"text-editor.default\">\n\t\t\t\t\t\t\t\t\t<p style=\"text-align: center;\">400 mm wide automatic vertical bar screen for flow rates up to 120 m3\/h<\/p>\t\t\t\t\t\t\t\t<\/div>\n\t\t\t\t<div class=\"elementor-element elementor-element-77fe0f8 elementor-align-center elementor-widget elementor-widget-button\" data-id=\"77fe0f8\" data-element_type=\"widget\" data-e-type=\"widget\" data-widget_type=\"button.default\">\n\t\t\t\t\t\t\t\t\t\t<a class=\"elementor-button elementor-button-link elementor-size-sm\" href=\"\/en\/bar-screen-sg400\/\">\n\t\t\t\t\t\t<span class=\"elementor-button-content-wrapper\">\n\t\t\t\t\t\t\t\t\t<span class=\"elementor-button-text\">See SG400<\/span>\n\t\t\t\t\t<\/span>\n\t\t\t\t\t<\/a>\n\t\t\t\t\t\t\t\t<\/div>\n\t\t\t\t<\/div>\n\t\t<div class=\"elementor-element elementor-element-37a973ff e-con-full e-flex e-con e-child\" data-id=\"37a973ff\" data-element_type=\"container\" data-e-type=\"container\" data-settings=\"{&quot;background_background&quot;:&quot;classic&quot;}\">\n\t\t\t\t<div class=\"elementor-element elementor-element-61d2db03 elementor-widget elementor-widget-image\" data-id=\"61d2db03\" data-element_type=\"widget\" data-e-type=\"widget\" data-widget_type=\"image.default\">\n\t\t\t\t\t\t\t\t\t\t\t\t\t\t\t<img loading=\"lazy\" decoding=\"async\" width=\"500\" height=\"500\" src=\"https:\/\/fbprocedes.com\/wp-content\/uploads\/2025\/12\/degrilleur-ng.jpg\" class=\"attachment-medium_large size-medium_large wp-image-873\" alt=\"3D CAD view of a vertical NG Bar Screen\" srcset=\"https:\/\/fbprocedes.com\/wp-content\/uploads\/2025\/12\/degrilleur-ng.jpg 500w, https:\/\/fbprocedes.com\/wp-content\/uploads\/2025\/12\/degrilleur-ng-300x300.jpg 300w, https:\/\/fbprocedes.com\/wp-content\/uploads\/2025\/12\/degrilleur-ng-150x150.jpg 150w\" sizes=\"(max-width: 500px) 100vw, 500px\" \/>\t\t\t\t\t\t\t\t\t\t\t\t\t\t\t<\/div>\n\t\t\t\t<div class=\"elementor-element elementor-element-1ecf65c1 elementor-widget elementor-widget-heading\" data-id=\"1ecf65c1\" data-element_type=\"widget\" data-e-type=\"widget\" data-widget_type=\"heading.default\">\n\t\t\t\t\t<h3 class=\"elementor-heading-title elementor-size-default\">Bar Screen NG<\/h3>\t\t\t\t<\/div>\n\t\t\t\t<div class=\"elementor-element elementor-element-ed4624f elementor-widget elementor-widget-text-editor\" data-id=\"ed4624f\" data-element_type=\"widget\" data-e-type=\"widget\" data-widget_type=\"text-editor.default\">\n\t\t\t\t\t\t\t\t\t<p style=\"text-align: center;\">Customised automatic vertical bar screen for flow rates up to 6000 m3\/h<\/p>\t\t\t\t\t\t\t\t<\/div>\n\t\t\t\t<div class=\"elementor-element elementor-element-78bf9fce elementor-align-center elementor-widget elementor-widget-button\" data-id=\"78bf9fce\" data-element_type=\"widget\" data-e-type=\"widget\" data-widget_type=\"button.default\">\n\t\t\t\t\t\t\t\t\t\t<a class=\"elementor-button elementor-button-link elementor-size-sm\" href=\"\/en\/bar-screen-ng\/\">\n\t\t\t\t\t\t<span class=\"elementor-button-content-wrapper\">\n\t\t\t\t\t\t\t\t\t<span class=\"elementor-button-text\">See NG<\/span>\n\t\t\t\t\t<\/span>\n\t\t\t\t\t<\/a>\n\t\t\t\t\t\t\t\t<\/div>\n\t\t\t\t<\/div>\n\t\t<div class=\"elementor-element elementor-element-36333163 e-con-full e-flex e-con e-child\" data-id=\"36333163\" data-element_type=\"container\" data-e-type=\"container\" data-settings=\"{&quot;background_background&quot;:&quot;classic&quot;}\">\n\t\t\t\t<div class=\"elementor-element elementor-element-2da06eb elementor-widget elementor-widget-image\" data-id=\"2da06eb\" data-element_type=\"widget\" data-e-type=\"widget\" data-widget_type=\"image.default\">\n\t\t\t\t\t\t\t\t\t\t\t\t\t\t\t<img loading=\"lazy\" decoding=\"async\" width=\"500\" height=\"500\" src=\"https:\/\/fbprocedes.com\/wp-content\/uploads\/2025\/12\/degrilleur-xg.jpg\" class=\"attachment-medium_large size-medium_large wp-image-874\" alt=\"3D CAD view of a vertical XG Bar Screen\" srcset=\"https:\/\/fbprocedes.com\/wp-content\/uploads\/2025\/12\/degrilleur-xg.jpg 500w, https:\/\/fbprocedes.com\/wp-content\/uploads\/2025\/12\/degrilleur-xg-300x300.jpg 300w, https:\/\/fbprocedes.com\/wp-content\/uploads\/2025\/12\/degrilleur-xg-150x150.jpg 150w\" sizes=\"(max-width: 500px) 100vw, 500px\" \/>\t\t\t\t\t\t\t\t\t\t\t\t\t\t\t<\/div>\n\t\t\t\t<div class=\"elementor-element elementor-element-5ff5efab elementor-widget elementor-widget-heading\" data-id=\"5ff5efab\" data-element_type=\"widget\" data-e-type=\"widget\" data-widget_type=\"heading.default\">\n\t\t\t\t\t<h3 class=\"elementor-heading-title elementor-size-default\">Bar Screen XG<\/h3>\t\t\t\t<\/div>\n\t\t\t\t<div class=\"elementor-element elementor-element-317830f3 elementor-widget elementor-widget-text-editor\" data-id=\"317830f3\" data-element_type=\"widget\" data-e-type=\"widget\" data-widget_type=\"text-editor.default\">\n\t\t\t\t\t\t\t\t\t<p style=\"text-align: center;\">Customised automatic vertical bar screen for flow rates up to 20,000 m3\/h<\/p>\t\t\t\t\t\t\t\t<\/div>\n\t\t\t\t<div class=\"elementor-element elementor-element-2d03776a elementor-align-center elementor-widget elementor-widget-button\" data-id=\"2d03776a\" data-element_type=\"widget\" data-e-type=\"widget\" data-widget_type=\"button.default\">\n\t\t\t\t\t\t\t\t\t\t<a class=\"elementor-button elementor-button-link elementor-size-sm\" href=\"\/en\/bar-screen-xg\/\">\n\t\t\t\t\t\t<span class=\"elementor-button-content-wrapper\">\n\t\t\t\t\t\t\t\t\t<span class=\"elementor-button-text\">See XG<\/span>\n\t\t\t\t\t<\/span>\n\t\t\t\t\t<\/a>\n\t\t\t\t\t\t\t\t<\/div>\n\t\t\t\t<\/div>\n\t\t\t\t\t<\/div>\n\t\t\t\t<\/div>\n\t\t\t\t<\/div>","protected":false},"excerpt":{"rendered":"<p>D\u00e9grilleur pour station d&rsquo;\u00e9puration Les d\u00e9grilleurs sont un \u00e9quipement essentiel en entr\u00e9e de station d\u2019\u00e9puration pour prot\u00e9ger les \u00e9quipements situ\u00e9s en aval. Nous contacter Le r\u00f4le des d\u00e9grilleurs dans une station d\u2019\u00e9puration Les stations d\u2019\u00e9puration jouent un r\u00f4le essentiel dans la pr\u00e9servation de l\u2019environnement en traitant les eaux us\u00e9es avant leur rejet dans les milieux [&hellip;]<\/p>\n","protected":false},"author":1,"featured_media":0,"parent":1025,"menu_order":0,"comment_status":"closed","ping_status":"closed","template":"","meta":{"footnotes":""},"class_list":["post-1027","page","type-page","status-publish","hentry"],"aioseo_notices":[],"_links":{"self":[{"href":"https:\/\/fbprocedes.com\/en\/wp-json\/wp\/v2\/pages\/1027","targetHints":{"allow":["GET"]}}],"collection":[{"href":"https:\/\/fbprocedes.com\/en\/wp-json\/wp\/v2\/pages"}],"about":[{"href":"https:\/\/fbprocedes.com\/en\/wp-json\/wp\/v2\/types\/page"}],"author":[{"embeddable":true,"href":"https:\/\/fbprocedes.com\/en\/wp-json\/wp\/v2\/users\/1"}],"replies":[{"embeddable":true,"href":"https:\/\/fbprocedes.com\/en\/wp-json\/wp\/v2\/comments?post=1027"}],"version-history":[{"count":28,"href":"https:\/\/fbprocedes.com\/en\/wp-json\/wp\/v2\/pages\/1027\/revisions"}],"predecessor-version":[{"id":3721,"href":"https:\/\/fbprocedes.com\/en\/wp-json\/wp\/v2\/pages\/1027\/revisions\/3721"}],"up":[{"embeddable":true,"href":"https:\/\/fbprocedes.com\/en\/wp-json\/wp\/v2\/pages\/1025"}],"wp:attachment":[{"href":"https:\/\/fbprocedes.com\/en\/wp-json\/wp\/v2\/media?parent=1027"}],"curies":[{"name":"wp","href":"https:\/\/api.w.org\/{rel}","templated":true}]}}