{"id":1031,"date":"2025-12-23T17:13:58","date_gmt":"2025-12-23T16:13:58","guid":{"rendered":"https:\/\/fbprocedes.com\/?page_id=1031"},"modified":"2026-01-16T16:28:44","modified_gmt":"2026-01-16T15:28:44","slug":"bar-screen-water-intake","status":"publish","type":"page","link":"https:\/\/fbprocedes.com\/en\/applications\/degrilleur-automatique-prise-eau\/","title":{"rendered":"D\u00e9grilleur automatique sur prises d&rsquo;eau"},"content":{"rendered":"<div data-elementor-type=\"wp-page\" data-elementor-id=\"1031\" class=\"elementor elementor-1031\" data-elementor-post-type=\"page\">\n\t\t\t\t<div class=\"elementor-element elementor-element-5a9ad79b e-flex e-con-boxed e-con e-parent\" data-id=\"5a9ad79b\" data-element_type=\"container\" data-e-type=\"container\" data-settings=\"{&quot;background_background&quot;:&quot;classic&quot;}\">\n\t\t\t\t\t<div class=\"e-con-inner\">\n\t\t\t\t<div class=\"elementor-element elementor-element-659f7610 elementor-widget elementor-widget-heading\" data-id=\"659f7610\" data-element_type=\"widget\" data-e-type=\"widget\" data-widget_type=\"heading.default\">\n\t\t\t\t\t<h1 class=\"elementor-heading-title elementor-size-default\">Automatic bar screen for water intakes<\/h1>\t\t\t\t<\/div>\n\t\t\t\t<div class=\"elementor-element elementor-element-1bee04fc elementor-widget elementor-widget-text-editor\" data-id=\"1bee04fc\" data-element_type=\"widget\" data-e-type=\"widget\" data-widget_type=\"text-editor.default\">\n\t\t\t\t\t\t\t\t\t<p>Automatic bar screens for water intakes ensure the continuous removal of solid waste at the flow inlet, effectively protecting downstream facilities and guaranteeing the reliable and durable operation of hydraulic structures.<\/p>\t\t\t\t\t\t\t\t<\/div>\n\t\t\t\t<div class=\"elementor-element elementor-element-7c918c6f elementor-align-center elementor-widget elementor-widget-button\" data-id=\"7c918c6f\" data-element_type=\"widget\" data-e-type=\"widget\" data-widget_type=\"button.default\">\n\t\t\t\t\t\t\t\t\t\t<a class=\"elementor-button elementor-button-link elementor-size-sm\" href=\"\/en\/contact\/\">\n\t\t\t\t\t\t<span class=\"elementor-button-content-wrapper\">\n\t\t\t\t\t\t\t\t\t<span class=\"elementor-button-text\">Contact us<\/span>\n\t\t\t\t\t<\/span>\n\t\t\t\t\t<\/a>\n\t\t\t\t\t\t\t\t<\/div>\n\t\t\t\t\t<\/div>\n\t\t\t\t<\/div>\n\t\t<div class=\"elementor-element elementor-element-74650c9f e-flex e-con-boxed e-con e-parent\" data-id=\"74650c9f\" data-element_type=\"container\" data-e-type=\"container\">\n\t\t\t\t\t<div class=\"e-con-inner\">\n\t\t<div class=\"elementor-element elementor-element-4393491a e-con-full e-flex e-con e-child\" data-id=\"4393491a\" data-element_type=\"container\" data-e-type=\"container\">\n\t\t\t\t<div class=\"elementor-element elementor-element-13547a1d elementor-widget elementor-widget-text-editor\" data-id=\"13547a1d\" data-element_type=\"widget\" data-e-type=\"widget\" data-widget_type=\"text-editor.default\">\n\t\t\t\t\t\t\t\t\t<p>Here is a field where our automatic bar screens also set the \"standard\" and will provide you with full satisfaction. The bar screen on a water intake is designed to remove waste such as leaves, other green waste, plastic bags or bottles, wood, etc.<\/p><p>The recommended bar spacing is often fine (less than 10mm). We draw your attention to the need for a well-designed hydraulic profile \u2013 the clogging potential of certain types of waste is significant, which affects the effluent velocity \u2013 and we will ensure you receive optimal advice. The automatic bar screen must be reliable, as it is often in an isolated location, and must possess a real capacity for waste gripping.<\/p>\t\t\t\t\t\t\t\t<\/div>\n\t\t\t\t<\/div>\n\t\t\t\t\t<\/div>\n\t\t\t\t<\/div>\n\t\t<div class=\"elementor-element elementor-element-f2bfa6b e-flex e-con-boxed e-con e-parent\" data-id=\"f2bfa6b\" data-element_type=\"container\" data-e-type=\"container\">\n\t\t\t\t\t<div class=\"e-con-inner\">\n\t\t<div class=\"elementor-element elementor-element-759868a3 e-con-full e-flex e-con e-child\" data-id=\"759868a3\" data-element_type=\"container\" data-e-type=\"container\">\n\t\t\t\t<div class=\"elementor-element elementor-element-2bd162ae elementor-widget elementor-widget-image\" data-id=\"2bd162ae\" data-element_type=\"widget\" data-e-type=\"widget\" data-widget_type=\"image.default\">\n\t\t\t\t\t\t\t\t\t\t\t\t\t\t\t<img fetchpriority=\"high\" decoding=\"async\" width=\"800\" height=\"600\" src=\"https:\/\/fbprocedes.com\/wp-content\/uploads\/2026\/01\/degrilleur-prise-eau-1.jpg\" class=\"attachment-large size-large wp-image-3646\" alt=\"FB Proc\u00e9d\u00e9s bar screen on a water intake\" srcset=\"https:\/\/fbprocedes.com\/wp-content\/uploads\/2026\/01\/degrilleur-prise-eau-1.jpg 1024w, https:\/\/fbprocedes.com\/wp-content\/uploads\/2026\/01\/degrilleur-prise-eau-1-300x225.jpg 300w, https:\/\/fbprocedes.com\/wp-content\/uploads\/2026\/01\/degrilleur-prise-eau-1-768x576.jpg 768w, https:\/\/fbprocedes.com\/wp-content\/uploads\/2026\/01\/degrilleur-prise-eau-1-16x12.jpg 16w\" sizes=\"(max-width: 800px) 100vw, 800px\" \/>\t\t\t\t\t\t\t\t\t\t\t\t\t\t\t<\/div>\n\t\t\t\t<div class=\"elementor-element elementor-element-755093ea elementor-widget elementor-widget-text-editor\" data-id=\"755093ea\" data-element_type=\"widget\" data-e-type=\"widget\" data-widget_type=\"text-editor.default\">\n\t\t\t\t\t\t\t\t\t<p style=\"text-align: center;\">An NG11 type automatic bar screen, equipped with a 10mm bar spacing screen, installed in a concrete channel, and capable of treating up to 1,000 m3\/h. The mission of the bar screen is to regularly clean the screen to allow the effluent flow, to lift the waste, and to discharge it to the side of the channel via a chute of our design.<\/p>\t\t\t\t\t\t\t\t<\/div>\n\t\t\t\t<\/div>\n\t\t<div class=\"elementor-element elementor-element-a9b2034 e-con-full e-flex e-con e-child\" data-id=\"a9b2034\" data-element_type=\"container\" data-e-type=\"container\">\n\t\t\t\t<div class=\"elementor-element elementor-element-7d3fe0fc elementor-widget elementor-widget-image\" data-id=\"7d3fe0fc\" data-element_type=\"widget\" data-e-type=\"widget\" data-widget_type=\"image.default\">\n\t\t\t\t\t\t\t\t\t\t\t\t\t\t\t<img decoding=\"async\" width=\"800\" height=\"600\" src=\"https:\/\/fbprocedes.com\/wp-content\/uploads\/2026\/01\/degrilleur-vertical-prise-eau.jpg\" class=\"attachment-large size-large wp-image-3648\" alt=\"Vertical bar screen on a water intake\" srcset=\"https:\/\/fbprocedes.com\/wp-content\/uploads\/2026\/01\/degrilleur-vertical-prise-eau.jpg 1024w, https:\/\/fbprocedes.com\/wp-content\/uploads\/2026\/01\/degrilleur-vertical-prise-eau-300x225.jpg 300w, https:\/\/fbprocedes.com\/wp-content\/uploads\/2026\/01\/degrilleur-vertical-prise-eau-768x576.jpg 768w, https:\/\/fbprocedes.com\/wp-content\/uploads\/2026\/01\/degrilleur-vertical-prise-eau-16x12.jpg 16w\" sizes=\"(max-width: 800px) 100vw, 800px\" \/>\t\t\t\t\t\t\t\t\t\t\t\t\t\t\t<\/div>\n\t\t\t\t<div class=\"elementor-element elementor-element-62081012 elementor-widget elementor-widget-text-editor\" data-id=\"62081012\" data-element_type=\"widget\" data-e-type=\"widget\" data-widget_type=\"text-editor.default\">\n\t\t\t\t\t\t\t\t\t<p style=\"text-align: center;\">An XG12 type automatic bar screen, with a 4mm bar spacing, fixed against the vertical wall at the outlet of a 2000x2000mm manhole and capable of treating up to 600m3\/h. The screen is placed 6 meters deep below the installation floor. The frame consists of 3 sections to facilitate handling during assembly. The electrical cabinet is directly fixed to one side of the bar screen to facilitate maintenance operations. Finally, the connection between the bar screen's discharge hopper and the bin is made with a custom-made stainless steel cover, protecting the screenings from potential rainfall.<\/p>\t\t\t\t\t\t\t\t<\/div>\n\t\t\t\t<\/div>\n\t\t\t\t\t<\/div>\n\t\t\t\t<\/div>\n\t\t<div class=\"elementor-element elementor-element-83bbd82 e-flex e-con-boxed e-con e-parent\" data-id=\"83bbd82\" data-element_type=\"container\" data-e-type=\"container\">\n\t\t\t\t\t<div class=\"e-con-inner\">\n\t\t<div class=\"elementor-element elementor-element-13957bf e-con-full e-flex e-con e-child\" data-id=\"13957bf\" data-element_type=\"container\" data-e-type=\"container\">\n\t\t\t\t<div class=\"elementor-element elementor-element-92064e0 elementor-widget elementor-widget-image\" data-id=\"92064e0\" data-element_type=\"widget\" data-e-type=\"widget\" data-widget_type=\"image.default\">\n\t\t\t\t\t\t\t\t\t\t\t\t\t\t\t<img decoding=\"async\" width=\"731\" height=\"1024\" src=\"https:\/\/fbprocedes.com\/wp-content\/uploads\/2025\/12\/degrilleur-automatique-prise-eau-fonctionnement-731x1024.webp\" class=\"attachment-large size-large wp-image-2697\" alt=\"Automatic bar screen in operation removing solid waste at the water intake inlet\" srcset=\"https:\/\/fbprocedes.com\/wp-content\/uploads\/2025\/12\/degrilleur-automatique-prise-eau-fonctionnement-731x1024.webp 731w, https:\/\/fbprocedes.com\/wp-content\/uploads\/2025\/12\/degrilleur-automatique-prise-eau-fonctionnement-214x300.webp 214w, https:\/\/fbprocedes.com\/wp-content\/uploads\/2025\/12\/degrilleur-automatique-prise-eau-fonctionnement-768x1076.webp 768w, https:\/\/fbprocedes.com\/wp-content\/uploads\/2025\/12\/degrilleur-automatique-prise-eau-fonctionnement-1097x1536.webp 1097w, https:\/\/fbprocedes.com\/wp-content\/uploads\/2025\/12\/degrilleur-automatique-prise-eau-fonctionnement.webp 1371w\" sizes=\"(max-width: 731px) 100vw, 731px\" \/>\t\t\t\t\t\t\t\t\t\t\t\t\t\t\t<\/div>\n\t\t\t\t<div class=\"elementor-element elementor-element-9a2b403 elementor-widget elementor-widget-text-editor\" data-id=\"9a2b403\" data-element_type=\"widget\" data-e-type=\"widget\" data-widget_type=\"text-editor.default\">\n\t\t\t\t\t\t\t\t\t<p style=\"text-align: center;\">An XG12 type automatic bar screen installed on a river water intake to protect a pumping station. This bar screen, designed to treat up to 1,000 m3\/h, is equipped with a 5mm bar spacing screen. Its role is to stop and lift all types of waste (algae, leaves, wood, plastics, etc.) carried by the river. The screenings are discharged into the operator's special wheeled bin.<\/p>\t\t\t\t\t\t\t\t<\/div>\n\t\t\t\t<\/div>\n\t\t<div class=\"elementor-element elementor-element-1c62722 e-con-full e-flex e-con e-child\" data-id=\"1c62722\" data-element_type=\"container\" data-e-type=\"container\">\n\t\t\t\t<div class=\"elementor-element elementor-element-37363d6 elementor-widget elementor-widget-image\" data-id=\"37363d6\" data-element_type=\"widget\" data-e-type=\"widget\" data-widget_type=\"image.default\">\n\t\t\t\t\t\t\t\t\t\t\t\t\t\t\t<img loading=\"lazy\" decoding=\"async\" width=\"732\" height=\"1024\" src=\"https:\/\/fbprocedes.com\/wp-content\/uploads\/2025\/12\/degrilleur-automatique-prise-eau-installation-732x1024.webp\" class=\"attachment-large size-large wp-image-2696\" alt=\"Automatic bar screen installed on a water intake for the protection of hydraulic structures\" srcset=\"https:\/\/fbprocedes.com\/wp-content\/uploads\/2025\/12\/degrilleur-automatique-prise-eau-installation-732x1024.webp 732w, https:\/\/fbprocedes.com\/wp-content\/uploads\/2025\/12\/degrilleur-automatique-prise-eau-installation-215x300.webp 215w, https:\/\/fbprocedes.com\/wp-content\/uploads\/2025\/12\/degrilleur-automatique-prise-eau-installation-768x1074.webp 768w, https:\/\/fbprocedes.com\/wp-content\/uploads\/2025\/12\/degrilleur-automatique-prise-eau-installation-1098x1536.webp 1098w, https:\/\/fbprocedes.com\/wp-content\/uploads\/2025\/12\/degrilleur-automatique-prise-eau-installation.webp 1373w\" sizes=\"(max-width: 732px) 100vw, 732px\" \/>\t\t\t\t\t\t\t\t\t\t\t\t\t\t\t<\/div>\n\t\t\t\t<div class=\"elementor-element elementor-element-0129d25 elementor-widget elementor-widget-text-editor\" data-id=\"0129d25\" data-element_type=\"widget\" data-e-type=\"widget\" data-widget_type=\"text-editor.default\">\n\t\t\t\t\t\t\t\t\t<p style=\"text-align: center;\">An XG12 type automatic bar screen installed in a concrete channel at the inlet of a drinking water plant. It is equipped with a 12mm bar spacing screen and can treat up to 2,400 m3\/h. Due to its total height (&gt; 7 meters), it is equipped with a variable speed motor to optimize the cycle time (one descent and one ascent). Finally, to allow easy access to spare parts in the upper section, this bar screen was delivered with an access platform of our design.<\/p>\t\t\t\t\t\t\t\t<\/div>\n\t\t\t\t<\/div>\n\t\t\t\t\t<\/div>\n\t\t\t\t<\/div>\n\t\t<div class=\"elementor-element elementor-element-6354058b e-flex e-con-boxed e-con e-parent\" data-id=\"6354058b\" data-element_type=\"container\" data-e-type=\"container\">\n\t\t\t\t\t<div class=\"e-con-inner\">\n\t\t\t\t<div class=\"elementor-element elementor-element-6fed222e elementor-widget elementor-widget-heading\" data-id=\"6fed222e\" data-element_type=\"widget\" data-e-type=\"widget\" data-widget_type=\"heading.default\">\n\t\t\t\t\t<h2 class=\"elementor-heading-title elementor-size-default\">Related products<\/h2>\t\t\t\t<\/div>\n\t\t\t\t<div class=\"elementor-element elementor-element-449f6d2b elementor-widget-divider--view-line elementor-widget elementor-widget-divider\" data-id=\"449f6d2b\" data-element_type=\"widget\" data-e-type=\"widget\" data-widget_type=\"divider.default\">\n\t\t\t\t\t\t\t<div class=\"elementor-divider\">\n\t\t\t<span class=\"elementor-divider-separator\">\n\t\t\t\t\t\t<\/span>\n\t\t<\/div>\n\t\t\t\t\t\t<\/div>\n\t\t\t\t\t<\/div>\n\t\t\t\t<\/div>\n\t\t<div class=\"elementor-element elementor-element-16c97114 e-grid e-con-boxed e-con e-parent\" data-id=\"16c97114\" data-element_type=\"container\" data-e-type=\"container\">\n\t\t\t\t\t<div class=\"e-con-inner\">\n\t\t<div class=\"elementor-element elementor-element-6db5139c e-con-full e-flex e-con e-child\" data-id=\"6db5139c\" data-element_type=\"container\" data-e-type=\"container\" data-settings=\"{&quot;background_background&quot;:&quot;classic&quot;}\">\n\t\t\t\t<div class=\"elementor-element elementor-element-dc5600c elementor-widget elementor-widget-image\" data-id=\"dc5600c\" data-element_type=\"widget\" data-e-type=\"widget\" data-widget_type=\"image.default\">\n\t\t\t\t\t\t\t\t\t\t\t\t\t\t\t<img loading=\"lazy\" decoding=\"async\" width=\"500\" height=\"500\" src=\"https:\/\/fbprocedes.com\/wp-content\/uploads\/2025\/12\/degrilleur-sg400.jpg\" class=\"attachment-medium_large size-medium_large wp-image-875\" alt=\"3D CAD view of a vertical SG400 Bar Screen\" srcset=\"https:\/\/fbprocedes.com\/wp-content\/uploads\/2025\/12\/degrilleur-sg400.jpg 500w, https:\/\/fbprocedes.com\/wp-content\/uploads\/2025\/12\/degrilleur-sg400-300x300.jpg 300w, https:\/\/fbprocedes.com\/wp-content\/uploads\/2025\/12\/degrilleur-sg400-150x150.jpg 150w\" sizes=\"(max-width: 500px) 100vw, 500px\" \/>\t\t\t\t\t\t\t\t\t\t\t\t\t\t\t<\/div>\n\t\t\t\t<div class=\"elementor-element elementor-element-40e94dcd elementor-widget elementor-widget-heading\" data-id=\"40e94dcd\" data-element_type=\"widget\" data-e-type=\"widget\" data-widget_type=\"heading.default\">\n\t\t\t\t\t<h3 class=\"elementor-heading-title elementor-size-default\">Bar Screen SG400<\/h3>\t\t\t\t<\/div>\n\t\t\t\t<div class=\"elementor-element elementor-element-284fe4b1 elementor-widget elementor-widget-text-editor\" data-id=\"284fe4b1\" data-element_type=\"widget\" data-e-type=\"widget\" data-widget_type=\"text-editor.default\">\n\t\t\t\t\t\t\t\t\t<p style=\"text-align: center;\">400 mm wide automatic vertical bar screen for flow rates up to 120 m3\/h<\/p>\t\t\t\t\t\t\t\t<\/div>\n\t\t\t\t<div class=\"elementor-element elementor-element-511e8ac8 elementor-align-center elementor-widget elementor-widget-button\" data-id=\"511e8ac8\" data-element_type=\"widget\" data-e-type=\"widget\" data-widget_type=\"button.default\">\n\t\t\t\t\t\t\t\t\t\t<a class=\"elementor-button elementor-button-link elementor-size-sm\" href=\"\/en\/bar-screen-sg400\/\">\n\t\t\t\t\t\t<span class=\"elementor-button-content-wrapper\">\n\t\t\t\t\t\t\t\t\t<span class=\"elementor-button-text\">See SG400<\/span>\n\t\t\t\t\t<\/span>\n\t\t\t\t\t<\/a>\n\t\t\t\t\t\t\t\t<\/div>\n\t\t\t\t<\/div>\n\t\t<div class=\"elementor-element elementor-element-6647334f e-con-full e-flex e-con e-child\" data-id=\"6647334f\" data-element_type=\"container\" data-e-type=\"container\" data-settings=\"{&quot;background_background&quot;:&quot;classic&quot;}\">\n\t\t\t\t<div class=\"elementor-element elementor-element-261ae7eb elementor-widget elementor-widget-image\" data-id=\"261ae7eb\" data-element_type=\"widget\" data-e-type=\"widget\" data-widget_type=\"image.default\">\n\t\t\t\t\t\t\t\t\t\t\t\t\t\t\t<img loading=\"lazy\" decoding=\"async\" width=\"500\" height=\"500\" src=\"https:\/\/fbprocedes.com\/wp-content\/uploads\/2025\/12\/degrilleur-ng.jpg\" class=\"attachment-medium_large size-medium_large wp-image-873\" alt=\"3D CAD view of a vertical NG Bar Screen\" srcset=\"https:\/\/fbprocedes.com\/wp-content\/uploads\/2025\/12\/degrilleur-ng.jpg 500w, https:\/\/fbprocedes.com\/wp-content\/uploads\/2025\/12\/degrilleur-ng-300x300.jpg 300w, https:\/\/fbprocedes.com\/wp-content\/uploads\/2025\/12\/degrilleur-ng-150x150.jpg 150w\" sizes=\"(max-width: 500px) 100vw, 500px\" \/>\t\t\t\t\t\t\t\t\t\t\t\t\t\t\t<\/div>\n\t\t\t\t<div class=\"elementor-element elementor-element-31d5704a elementor-widget elementor-widget-heading\" data-id=\"31d5704a\" data-element_type=\"widget\" data-e-type=\"widget\" data-widget_type=\"heading.default\">\n\t\t\t\t\t<h3 class=\"elementor-heading-title elementor-size-default\">Bar Screen NG<\/h3>\t\t\t\t<\/div>\n\t\t\t\t<div class=\"elementor-element elementor-element-537fe043 elementor-widget elementor-widget-text-editor\" data-id=\"537fe043\" data-element_type=\"widget\" data-e-type=\"widget\" data-widget_type=\"text-editor.default\">\n\t\t\t\t\t\t\t\t\t<p style=\"text-align: center;\">Customised automatic vertical bar screen for flow rates up to 6000 m3\/h<\/p>\t\t\t\t\t\t\t\t<\/div>\n\t\t\t\t<div class=\"elementor-element elementor-element-c86a706 elementor-align-center elementor-widget elementor-widget-button\" data-id=\"c86a706\" data-element_type=\"widget\" data-e-type=\"widget\" data-widget_type=\"button.default\">\n\t\t\t\t\t\t\t\t\t\t<a class=\"elementor-button elementor-button-link elementor-size-sm\" href=\"\/en\/bar-screen-ng\/\">\n\t\t\t\t\t\t<span class=\"elementor-button-content-wrapper\">\n\t\t\t\t\t\t\t\t\t<span class=\"elementor-button-text\">See NG<\/span>\n\t\t\t\t\t<\/span>\n\t\t\t\t\t<\/a>\n\t\t\t\t\t\t\t\t<\/div>\n\t\t\t\t<\/div>\n\t\t<div class=\"elementor-element elementor-element-5d56054b e-con-full e-flex e-con e-child\" data-id=\"5d56054b\" data-element_type=\"container\" data-e-type=\"container\" data-settings=\"{&quot;background_background&quot;:&quot;classic&quot;}\">\n\t\t\t\t<div class=\"elementor-element elementor-element-3d194352 elementor-widget elementor-widget-image\" data-id=\"3d194352\" data-element_type=\"widget\" data-e-type=\"widget\" data-widget_type=\"image.default\">\n\t\t\t\t\t\t\t\t\t\t\t\t\t\t\t<img loading=\"lazy\" decoding=\"async\" width=\"500\" height=\"500\" src=\"https:\/\/fbprocedes.com\/wp-content\/uploads\/2025\/12\/degrilleur-xg.jpg\" class=\"attachment-medium_large size-medium_large wp-image-874\" alt=\"3D CAD view of a vertical XG Bar Screen\" srcset=\"https:\/\/fbprocedes.com\/wp-content\/uploads\/2025\/12\/degrilleur-xg.jpg 500w, https:\/\/fbprocedes.com\/wp-content\/uploads\/2025\/12\/degrilleur-xg-300x300.jpg 300w, https:\/\/fbprocedes.com\/wp-content\/uploads\/2025\/12\/degrilleur-xg-150x150.jpg 150w\" sizes=\"(max-width: 500px) 100vw, 500px\" \/>\t\t\t\t\t\t\t\t\t\t\t\t\t\t\t<\/div>\n\t\t\t\t<div class=\"elementor-element elementor-element-6767dd08 elementor-widget elementor-widget-heading\" data-id=\"6767dd08\" data-element_type=\"widget\" data-e-type=\"widget\" data-widget_type=\"heading.default\">\n\t\t\t\t\t<h3 class=\"elementor-heading-title elementor-size-default\">Bar Screen XG<\/h3>\t\t\t\t<\/div>\n\t\t\t\t<div class=\"elementor-element elementor-element-6f3592a5 elementor-widget elementor-widget-text-editor\" data-id=\"6f3592a5\" data-element_type=\"widget\" data-e-type=\"widget\" data-widget_type=\"text-editor.default\">\n\t\t\t\t\t\t\t\t\t<p style=\"text-align: center;\">Customised automatic vertical bar screen for flow rates up to 20,000 m3\/h<\/p>\t\t\t\t\t\t\t\t<\/div>\n\t\t\t\t<div class=\"elementor-element elementor-element-1ac89c82 elementor-align-center elementor-widget elementor-widget-button\" data-id=\"1ac89c82\" data-element_type=\"widget\" data-e-type=\"widget\" data-widget_type=\"button.default\">\n\t\t\t\t\t\t\t\t\t\t<a class=\"elementor-button elementor-button-link elementor-size-sm\" href=\"\/en\/bar-screen-xg\/\">\n\t\t\t\t\t\t<span class=\"elementor-button-content-wrapper\">\n\t\t\t\t\t\t\t\t\t<span class=\"elementor-button-text\">See XG<\/span>\n\t\t\t\t\t<\/span>\n\t\t\t\t\t<\/a>\n\t\t\t\t\t\t\t\t<\/div>\n\t\t\t\t<\/div>\n\t\t\t\t\t<\/div>\n\t\t\t\t<\/div>\n\t\t\t\t<\/div>","protected":false},"excerpt":{"rendered":"<p>D\u00e9grilleur automatique sur prises d&rsquo;eau Les d\u00e9grilleurs automatiques pour prises d\u2019eau assurent l\u2019\u00e9limination continue des d\u00e9chets solides d\u00e8s l\u2019entr\u00e9e du flux, prot\u00e9geant efficacement les installations en aval et garantissant un fonctionnement fiable et durable des ouvrages hydrauliques. Nous contacter Voici un domaine o\u00f9 nos d\u00e9grilleurs automatiques font \u00e9galement \u00ab r\u00e9f\u00e9rence \u00bb et vous donneront pleinement [&hellip;]<\/p>\n","protected":false},"author":1,"featured_media":0,"parent":1025,"menu_order":0,"comment_status":"closed","ping_status":"closed","template":"","meta":{"footnotes":""},"class_list":["post-1031","page","type-page","status-publish","hentry"],"aioseo_notices":[],"_links":{"self":[{"href":"https:\/\/fbprocedes.com\/en\/wp-json\/wp\/v2\/pages\/1031","targetHints":{"allow":["GET"]}}],"collection":[{"href":"https:\/\/fbprocedes.com\/en\/wp-json\/wp\/v2\/pages"}],"about":[{"href":"https:\/\/fbprocedes.com\/en\/wp-json\/wp\/v2\/types\/page"}],"author":[{"embeddable":true,"href":"https:\/\/fbprocedes.com\/en\/wp-json\/wp\/v2\/users\/1"}],"replies":[{"embeddable":true,"href":"https:\/\/fbprocedes.com\/en\/wp-json\/wp\/v2\/comments?post=1031"}],"version-history":[{"count":16,"href":"https:\/\/fbprocedes.com\/en\/wp-json\/wp\/v2\/pages\/1031\/revisions"}],"predecessor-version":[{"id":3727,"href":"https:\/\/fbprocedes.com\/en\/wp-json\/wp\/v2\/pages\/1031\/revisions\/3727"}],"up":[{"embeddable":true,"href":"https:\/\/fbprocedes.com\/en\/wp-json\/wp\/v2\/pages\/1025"}],"wp:attachment":[{"href":"https:\/\/fbprocedes.com\/en\/wp-json\/wp\/v2\/media?parent=1031"}],"curies":[{"name":"wp","href":"https:\/\/api.w.org\/{rel}","templated":true}]}}