{"id":1033,"date":"2025-12-23T17:14:35","date_gmt":"2025-12-23T16:14:35","guid":{"rendered":"https:\/\/fbprocedes.com\/?page_id=1033"},"modified":"2026-01-16T18:44:09","modified_gmt":"2026-01-16T17:44:09","slug":"bar-screen-stormwater-tank-2","status":"publish","type":"page","link":"https:\/\/fbprocedes.com\/en\/applications\/degrilleur-pour-bassin-orage\/","title":{"rendered":"D\u00e9grilleur en bassin d&rsquo;orage"},"content":{"rendered":"<div data-elementor-type=\"wp-page\" data-elementor-id=\"1033\" class=\"elementor elementor-1033\" data-elementor-post-type=\"page\">\n\t\t\t\t<div class=\"elementor-element elementor-element-40dd1f6a e-flex e-con-boxed e-con e-parent\" data-id=\"40dd1f6a\" data-element_type=\"container\" data-e-type=\"container\" data-settings=\"{&quot;background_background&quot;:&quot;classic&quot;}\">\n\t\t\t\t\t<div class=\"e-con-inner\">\n\t\t\t\t<div class=\"elementor-element elementor-element-3591ffe2 elementor-widget elementor-widget-heading\" data-id=\"3591ffe2\" data-element_type=\"widget\" data-e-type=\"widget\" data-widget_type=\"heading.default\">\n\t\t\t\t\t<h1 class=\"elementor-heading-title elementor-size-default\">Bar Screen for stormwater tank<\/h1>\t\t\t\t<\/div>\n\t\t\t\t<div class=\"elementor-element elementor-element-1c6799b elementor-widget elementor-widget-text-editor\" data-id=\"1c6799b\" data-element_type=\"widget\" data-e-type=\"widget\" data-widget_type=\"text-editor.default\">\n\t\t\t\t\t\t\t\t\t<p>Stormwater tank bar screens ensure the effective retention of solid and floating waste during rain events, protecting downstream hydraulic structures and facilitating plant operation.<\/p>\t\t\t\t\t\t\t\t<\/div>\n\t\t\t\t<div class=\"elementor-element elementor-element-30367422 elementor-align-center elementor-widget elementor-widget-button\" data-id=\"30367422\" data-element_type=\"widget\" data-e-type=\"widget\" data-widget_type=\"button.default\">\n\t\t\t\t\t\t\t\t\t\t<a class=\"elementor-button elementor-button-link elementor-size-sm\" href=\"\/en\/contact\/\">\n\t\t\t\t\t\t<span class=\"elementor-button-content-wrapper\">\n\t\t\t\t\t\t\t\t\t<span class=\"elementor-button-text\">Contact us<\/span>\n\t\t\t\t\t<\/span>\n\t\t\t\t\t<\/a>\n\t\t\t\t\t\t\t\t<\/div>\n\t\t\t\t\t<\/div>\n\t\t\t\t<\/div>\n\t\t<div class=\"elementor-element elementor-element-7a4d8ff4 e-flex e-con-boxed e-con e-parent\" data-id=\"7a4d8ff4\" data-element_type=\"container\" data-e-type=\"container\">\n\t\t\t\t\t<div class=\"e-con-inner\">\n\t\t<div class=\"elementor-element elementor-element-6e850029 e-con-full e-flex e-con e-child\" data-id=\"6e850029\" data-element_type=\"container\" data-e-type=\"container\">\n\t\t\t\t<div class=\"elementor-element elementor-element-2ef019a6 elementor-widget elementor-widget-text-editor\" data-id=\"2ef019a6\" data-element_type=\"widget\" data-e-type=\"widget\" data-widget_type=\"text-editor.default\">\n\t\t\t\t\t\t\t\t\t<p>A stormwater basin, retention basin, or storage basin is generally equipped with a bar screen in order to remove the largest debris from the water before they later enter the sewer networks or wastewater treatment plants.<\/p><p>One of the particularities of this retention basin application is that the bar screens are used in bursts, over a generally short period of time, during which they must remove a maximum amount of waste. We will therefore ensure we advise you on the right hydraulic profile but also, in case of significant depth below the installation floor, an optimization of the cycle time.<\/p><p>Our bar screens for retention basins are thus perfectly suitable: robust, efficient, reliable, simple to operate, etc.<\/p>\t\t\t\t\t\t\t\t<\/div>\n\t\t\t\t<\/div>\n\t\t\t\t\t<\/div>\n\t\t\t\t<\/div>\n\t\t<div class=\"elementor-element elementor-element-452f5234 e-flex e-con-boxed e-con e-parent\" data-id=\"452f5234\" data-element_type=\"container\" data-e-type=\"container\">\n\t\t\t\t\t<div class=\"e-con-inner\">\n\t\t<div class=\"elementor-element elementor-element-255158cb e-con-full e-flex e-con e-child\" data-id=\"255158cb\" data-element_type=\"container\" data-e-type=\"container\">\n\t\t\t\t<div class=\"elementor-element elementor-element-7cb9b2a2 elementor-widget elementor-widget-image\" data-id=\"7cb9b2a2\" data-element_type=\"widget\" data-e-type=\"widget\" data-widget_type=\"image.default\">\n\t\t\t\t\t\t\t\t\t\t\t\t\t\t\t<img fetchpriority=\"high\" decoding=\"async\" width=\"800\" height=\"572\" src=\"https:\/\/fbprocedes.com\/wp-content\/uploads\/2025\/12\/degrilleur-bassin-orage-installation-1024x732.webp\" class=\"attachment-large size-large wp-image-2707\" alt=\"Bar screen installed in a stormwater tank for the retention of solid waste\" srcset=\"https:\/\/fbprocedes.com\/wp-content\/uploads\/2025\/12\/degrilleur-bassin-orage-installation-1024x732.webp 1024w, https:\/\/fbprocedes.com\/wp-content\/uploads\/2025\/12\/degrilleur-bassin-orage-installation-300x214.webp 300w, https:\/\/fbprocedes.com\/wp-content\/uploads\/2025\/12\/degrilleur-bassin-orage-installation-768x549.webp 768w, https:\/\/fbprocedes.com\/wp-content\/uploads\/2025\/12\/degrilleur-bassin-orage-installation-1536x1097.webp 1536w, https:\/\/fbprocedes.com\/wp-content\/uploads\/2025\/12\/degrilleur-bassin-orage-installation.webp 1600w\" sizes=\"(max-width: 800px) 100vw, 800px\" \/>\t\t\t\t\t\t\t\t\t\t\t\t\t\t\t<\/div>\n\t\t\t\t<div class=\"elementor-element elementor-element-5bfc6aeb elementor-widget elementor-widget-text-editor\" data-id=\"5bfc6aeb\" data-element_type=\"widget\" data-e-type=\"widget\" data-widget_type=\"text-editor.default\">\n\t\t\t\t\t\t\t\t\t<p style=\"text-align: center;\">Three XG12 type automatic bar screens, equipped with 40mm bar spacing screens, installed in concrete channels 1400mm wide and 4000mm deep. Each line can treat up to 2.4 m3\/s with a well-established hydraulic profile and is equipped with emergency bypasses. Finally, each bar screen has its own FB Proc\u00e9d\u00e9s design electrical cabinet, with operation incorporating variable speed control.<\/p>\t\t\t\t\t\t\t\t<\/div>\n\t\t\t\t<\/div>\n\t\t<div class=\"elementor-element elementor-element-d33e199 e-con-full e-flex e-con e-child\" data-id=\"d33e199\" data-element_type=\"container\" data-e-type=\"container\">\n\t\t\t\t<div class=\"elementor-element elementor-element-1793f8b2 elementor-widget elementor-widget-image\" data-id=\"1793f8b2\" data-element_type=\"widget\" data-e-type=\"widget\" data-widget_type=\"image.default\">\n\t\t\t\t\t\t\t\t\t\t\t\t\t\t\t<img decoding=\"async\" width=\"800\" height=\"572\" src=\"https:\/\/fbprocedes.com\/wp-content\/uploads\/2025\/12\/degrilleur-bassin-orage-fonctionnement-crue-1024x732.webp\" class=\"attachment-large size-large wp-image-2708\" alt=\"Automatic bar screen in operation in a stormwater tank during a rain event\" srcset=\"https:\/\/fbprocedes.com\/wp-content\/uploads\/2025\/12\/degrilleur-bassin-orage-fonctionnement-crue-1024x732.webp 1024w, https:\/\/fbprocedes.com\/wp-content\/uploads\/2025\/12\/degrilleur-bassin-orage-fonctionnement-crue-300x214.webp 300w, https:\/\/fbprocedes.com\/wp-content\/uploads\/2025\/12\/degrilleur-bassin-orage-fonctionnement-crue-768x549.webp 768w, https:\/\/fbprocedes.com\/wp-content\/uploads\/2025\/12\/degrilleur-bassin-orage-fonctionnement-crue-1536x1097.webp 1536w, https:\/\/fbprocedes.com\/wp-content\/uploads\/2025\/12\/degrilleur-bassin-orage-fonctionnement-crue.webp 1600w\" sizes=\"(max-width: 800px) 100vw, 800px\" \/>\t\t\t\t\t\t\t\t\t\t\t\t\t\t\t<\/div>\n\t\t\t\t<div class=\"elementor-element elementor-element-15120ead elementor-widget elementor-widget-text-editor\" data-id=\"15120ead\" data-element_type=\"widget\" data-e-type=\"widget\" data-widget_type=\"text-editor.default\">\n\t\t\t\t\t\t\t\t\t<p style=\"text-align: center;\">An NG21 type vertical automatic bar screen, fixed directly to the wall of a stormwater tank. It is capable of treating more than 1 m3\/s and is not placed directly facing the effluent inlet pipe to protect the screen (40mm bar spacing). Indeed, the effluent hits a stainless steel box before feeding the bar screen from the side. This metallic box is equipped with a manual emergency screen in case of a problem with the automatic screen. Finally, the bar screen and manual screen assembly is accessible via a platform, all of FB Proc\u00e9d\u00e9s design.<\/p>\t\t\t\t\t\t\t\t<\/div>\n\t\t\t\t<\/div>\n\t\t\t\t\t<\/div>\n\t\t\t\t<\/div>\n\t\t<div class=\"elementor-element elementor-element-4d782ef e-flex e-con-boxed e-con e-parent\" data-id=\"4d782ef\" data-element_type=\"container\" data-e-type=\"container\">\n\t\t\t\t\t<div class=\"e-con-inner\">\n\t\t<div class=\"elementor-element elementor-element-e8486d5 e-con-full e-flex e-con e-child\" data-id=\"e8486d5\" data-element_type=\"container\" data-e-type=\"container\">\n\t\t\t\t<div class=\"elementor-element elementor-element-785a99b elementor-widget elementor-widget-image\" data-id=\"785a99b\" data-element_type=\"widget\" data-e-type=\"widget\" data-widget_type=\"image.default\">\n\t\t\t\t\t\t\t\t\t\t\t\t\t\t\t<img decoding=\"async\" width=\"800\" height=\"572\" src=\"https:\/\/fbprocedes.com\/wp-content\/uploads\/2025\/12\/grille-degrilleur-bassin-orage-1024x732.webp\" class=\"attachment-large size-large wp-image-2709\" alt=\"Stormwater tank bar screen ensuring the retention of floating and macro-waste\" srcset=\"https:\/\/fbprocedes.com\/wp-content\/uploads\/2025\/12\/grille-degrilleur-bassin-orage-1024x732.webp 1024w, https:\/\/fbprocedes.com\/wp-content\/uploads\/2025\/12\/grille-degrilleur-bassin-orage-300x214.webp 300w, https:\/\/fbprocedes.com\/wp-content\/uploads\/2025\/12\/grille-degrilleur-bassin-orage-768x549.webp 768w, https:\/\/fbprocedes.com\/wp-content\/uploads\/2025\/12\/grille-degrilleur-bassin-orage-1536x1097.webp 1536w, https:\/\/fbprocedes.com\/wp-content\/uploads\/2025\/12\/grille-degrilleur-bassin-orage.webp 1600w\" sizes=\"(max-width: 800px) 100vw, 800px\" \/>\t\t\t\t\t\t\t\t\t\t\t\t\t\t\t<\/div>\n\t\t\t\t<div class=\"elementor-element elementor-element-6424f7e elementor-widget elementor-widget-text-editor\" data-id=\"6424f7e\" data-element_type=\"widget\" data-e-type=\"widget\" data-widget_type=\"text-editor.default\">\n\t\t\t\t\t\t\t\t\t<p style=\"text-align: center;\">An XG12 type vertical automatic bar screen, equipped with a 25mm bar spacing screen and installed in a 2000mm wide concrete channel. This installation must be able to handle up to 1.30 m3\/s. To achieve this, we have equipped the channel with a weir downstream of the bar screen to optimize the hydraulic profile. The goal is to reduce the effluent flow velocity, thereby improving the \"screening function.\"<\/p>\t\t\t\t\t\t\t\t<\/div>\n\t\t\t\t<\/div>\n\t\t<div class=\"elementor-element elementor-element-1a62e00 e-con-full e-flex e-con e-child\" data-id=\"1a62e00\" data-element_type=\"container\" data-e-type=\"container\">\n\t\t\t\t<div class=\"elementor-element elementor-element-96b6cfd elementor-widget elementor-widget-image\" data-id=\"96b6cfd\" data-element_type=\"widget\" data-e-type=\"widget\" data-widget_type=\"image.default\">\n\t\t\t\t\t\t\t\t\t\t\t\t\t\t\t<img loading=\"lazy\" decoding=\"async\" width=\"800\" height=\"572\" src=\"https:\/\/fbprocedes.com\/wp-content\/uploads\/2025\/12\/degrilleur-bassin-orage-ouvrage-hydraulique-1024x732.webp\" class=\"attachment-large size-large wp-image-2710\" alt=\"Application of a bar screen in an urban stormwater tank for the protection of downstream networks\" srcset=\"https:\/\/fbprocedes.com\/wp-content\/uploads\/2025\/12\/degrilleur-bassin-orage-ouvrage-hydraulique-1024x732.webp 1024w, https:\/\/fbprocedes.com\/wp-content\/uploads\/2025\/12\/degrilleur-bassin-orage-ouvrage-hydraulique-300x215.webp 300w, https:\/\/fbprocedes.com\/wp-content\/uploads\/2025\/12\/degrilleur-bassin-orage-ouvrage-hydraulique-768x549.webp 768w, https:\/\/fbprocedes.com\/wp-content\/uploads\/2025\/12\/degrilleur-bassin-orage-ouvrage-hydraulique-1536x1098.webp 1536w, https:\/\/fbprocedes.com\/wp-content\/uploads\/2025\/12\/degrilleur-bassin-orage-ouvrage-hydraulique.webp 1600w\" sizes=\"(max-width: 800px) 100vw, 800px\" \/>\t\t\t\t\t\t\t\t\t\t\t\t\t\t\t<\/div>\n\t\t\t\t<div class=\"elementor-element elementor-element-449cb39 elementor-widget elementor-widget-text-editor\" data-id=\"449cb39\" data-element_type=\"widget\" data-e-type=\"widget\" data-widget_type=\"text-editor.default\">\n\t\t\t\t\t\t\t\t\t<p style=\"text-align: center;\">Two XG12 type vertical automatic bar screens, 30mm bar spacing, installed in a secure concrete manhole of FB Proc\u00e9d\u00e9s design. This manhole is equipped at the inlet with a baffle wall to break the effluent velocity, two bypasses protected by 50mm bar spacing manual screens, and finally two main channels each with an automatic bar screen. Each line must be able to treat 1.8 m3\/s.<\/p>\t\t\t\t\t\t\t\t<\/div>\n\t\t\t\t<\/div>\n\t\t\t\t\t<\/div>\n\t\t\t\t<\/div>\n\t\t<div class=\"elementor-element elementor-element-32722438 e-flex e-con-boxed e-con e-parent\" data-id=\"32722438\" data-element_type=\"container\" data-e-type=\"container\">\n\t\t\t\t\t<div class=\"e-con-inner\">\n\t\t\t\t<div class=\"elementor-element elementor-element-26d337ad elementor-widget elementor-widget-heading\" data-id=\"26d337ad\" data-element_type=\"widget\" data-e-type=\"widget\" data-widget_type=\"heading.default\">\n\t\t\t\t\t<h2 class=\"elementor-heading-title elementor-size-default\">Related products<\/h2>\t\t\t\t<\/div>\n\t\t\t\t<div class=\"elementor-element elementor-element-56bba8ad elementor-widget-divider--view-line elementor-widget elementor-widget-divider\" data-id=\"56bba8ad\" data-element_type=\"widget\" data-e-type=\"widget\" data-widget_type=\"divider.default\">\n\t\t\t\t\t\t\t<div class=\"elementor-divider\">\n\t\t\t<span class=\"elementor-divider-separator\">\n\t\t\t\t\t\t<\/span>\n\t\t<\/div>\n\t\t\t\t\t\t<\/div>\n\t\t\t\t\t<\/div>\n\t\t\t\t<\/div>\n\t\t<div class=\"elementor-element elementor-element-2f0f1127 e-grid e-con-boxed e-con e-parent\" data-id=\"2f0f1127\" data-element_type=\"container\" data-e-type=\"container\">\n\t\t\t\t\t<div class=\"e-con-inner\">\n\t\t<div class=\"elementor-element elementor-element-76c91cdd e-con-full e-flex e-con e-child\" data-id=\"76c91cdd\" data-element_type=\"container\" data-e-type=\"container\" data-settings=\"{&quot;background_background&quot;:&quot;classic&quot;}\">\n\t\t\t\t<div class=\"elementor-element elementor-element-5beb3c57 elementor-widget elementor-widget-image\" data-id=\"5beb3c57\" data-element_type=\"widget\" data-e-type=\"widget\" data-widget_type=\"image.default\">\n\t\t\t\t\t\t\t\t\t\t\t\t\t\t\t<img loading=\"lazy\" decoding=\"async\" width=\"500\" height=\"500\" src=\"https:\/\/fbprocedes.com\/wp-content\/uploads\/2025\/12\/degrilleur-sg400.jpg\" class=\"attachment-medium_large size-medium_large wp-image-875\" alt=\"3D CAD view of a vertical SG400 Bar Screen\" srcset=\"https:\/\/fbprocedes.com\/wp-content\/uploads\/2025\/12\/degrilleur-sg400.jpg 500w, https:\/\/fbprocedes.com\/wp-content\/uploads\/2025\/12\/degrilleur-sg400-300x300.jpg 300w, https:\/\/fbprocedes.com\/wp-content\/uploads\/2025\/12\/degrilleur-sg400-150x150.jpg 150w\" sizes=\"(max-width: 500px) 100vw, 500px\" \/>\t\t\t\t\t\t\t\t\t\t\t\t\t\t\t<\/div>\n\t\t\t\t<div class=\"elementor-element elementor-element-3e6110f8 elementor-widget elementor-widget-heading\" data-id=\"3e6110f8\" data-element_type=\"widget\" data-e-type=\"widget\" data-widget_type=\"heading.default\">\n\t\t\t\t\t<h3 class=\"elementor-heading-title elementor-size-default\">Bar Screen SG400<\/h3>\t\t\t\t<\/div>\n\t\t\t\t<div class=\"elementor-element elementor-element-56e95b66 elementor-widget elementor-widget-text-editor\" data-id=\"56e95b66\" data-element_type=\"widget\" data-e-type=\"widget\" data-widget_type=\"text-editor.default\">\n\t\t\t\t\t\t\t\t\t<p style=\"text-align: center;\">400 mm wide automatic vertical bar screen for flow rates up to 120 m3\/h<\/p>\t\t\t\t\t\t\t\t<\/div>\n\t\t\t\t<div class=\"elementor-element elementor-element-650d1f70 elementor-align-center elementor-widget elementor-widget-button\" data-id=\"650d1f70\" data-element_type=\"widget\" data-e-type=\"widget\" data-widget_type=\"button.default\">\n\t\t\t\t\t\t\t\t\t\t<a class=\"elementor-button elementor-button-link elementor-size-sm\" href=\"\/en\/bar-screen-sg400\/\">\n\t\t\t\t\t\t<span class=\"elementor-button-content-wrapper\">\n\t\t\t\t\t\t\t\t\t<span class=\"elementor-button-text\">See SG400<\/span>\n\t\t\t\t\t<\/span>\n\t\t\t\t\t<\/a>\n\t\t\t\t\t\t\t\t<\/div>\n\t\t\t\t<\/div>\n\t\t<div class=\"elementor-element elementor-element-41ad32c e-con-full e-flex e-con e-child\" data-id=\"41ad32c\" data-element_type=\"container\" data-e-type=\"container\" data-settings=\"{&quot;background_background&quot;:&quot;classic&quot;}\">\n\t\t\t\t<div class=\"elementor-element elementor-element-76d196af elementor-widget elementor-widget-image\" data-id=\"76d196af\" data-element_type=\"widget\" data-e-type=\"widget\" data-widget_type=\"image.default\">\n\t\t\t\t\t\t\t\t\t\t\t\t\t\t\t<img loading=\"lazy\" decoding=\"async\" width=\"500\" height=\"500\" src=\"https:\/\/fbprocedes.com\/wp-content\/uploads\/2025\/12\/degrilleur-ng.jpg\" class=\"attachment-medium_large size-medium_large wp-image-873\" alt=\"3D CAD view of a vertical NG Bar Screen\" srcset=\"https:\/\/fbprocedes.com\/wp-content\/uploads\/2025\/12\/degrilleur-ng.jpg 500w, https:\/\/fbprocedes.com\/wp-content\/uploads\/2025\/12\/degrilleur-ng-300x300.jpg 300w, https:\/\/fbprocedes.com\/wp-content\/uploads\/2025\/12\/degrilleur-ng-150x150.jpg 150w\" sizes=\"(max-width: 500px) 100vw, 500px\" \/>\t\t\t\t\t\t\t\t\t\t\t\t\t\t\t<\/div>\n\t\t\t\t<div class=\"elementor-element elementor-element-4c3ac291 elementor-widget elementor-widget-heading\" data-id=\"4c3ac291\" data-element_type=\"widget\" data-e-type=\"widget\" data-widget_type=\"heading.default\">\n\t\t\t\t\t<h3 class=\"elementor-heading-title elementor-size-default\">Bar Screen NG<\/h3>\t\t\t\t<\/div>\n\t\t\t\t<div class=\"elementor-element elementor-element-2029f4a9 elementor-widget elementor-widget-text-editor\" data-id=\"2029f4a9\" data-element_type=\"widget\" data-e-type=\"widget\" data-widget_type=\"text-editor.default\">\n\t\t\t\t\t\t\t\t\t<p style=\"text-align: center;\">Customised automatic vertical bar screen for flow rates up to 6000 m3\/h<\/p>\t\t\t\t\t\t\t\t<\/div>\n\t\t\t\t<div class=\"elementor-element elementor-element-1be21b9f elementor-align-center elementor-widget elementor-widget-button\" data-id=\"1be21b9f\" data-element_type=\"widget\" data-e-type=\"widget\" data-widget_type=\"button.default\">\n\t\t\t\t\t\t\t\t\t\t<a class=\"elementor-button elementor-button-link elementor-size-sm\" href=\"\/en\/bar-screen-ng\/\">\n\t\t\t\t\t\t<span class=\"elementor-button-content-wrapper\">\n\t\t\t\t\t\t\t\t\t<span class=\"elementor-button-text\">See NG<\/span>\n\t\t\t\t\t<\/span>\n\t\t\t\t\t<\/a>\n\t\t\t\t\t\t\t\t<\/div>\n\t\t\t\t<\/div>\n\t\t<div class=\"elementor-element elementor-element-62bc4bb4 e-con-full e-flex e-con e-child\" data-id=\"62bc4bb4\" data-element_type=\"container\" data-e-type=\"container\" data-settings=\"{&quot;background_background&quot;:&quot;classic&quot;}\">\n\t\t\t\t<div class=\"elementor-element elementor-element-3871eacd elementor-widget elementor-widget-image\" data-id=\"3871eacd\" data-element_type=\"widget\" data-e-type=\"widget\" data-widget_type=\"image.default\">\n\t\t\t\t\t\t\t\t\t\t\t\t\t\t\t<img loading=\"lazy\" decoding=\"async\" width=\"500\" height=\"500\" src=\"https:\/\/fbprocedes.com\/wp-content\/uploads\/2025\/12\/degrilleur-xg.jpg\" class=\"attachment-medium_large size-medium_large wp-image-874\" alt=\"3D CAD view of a vertical XG Bar Screen\" srcset=\"https:\/\/fbprocedes.com\/wp-content\/uploads\/2025\/12\/degrilleur-xg.jpg 500w, https:\/\/fbprocedes.com\/wp-content\/uploads\/2025\/12\/degrilleur-xg-300x300.jpg 300w, https:\/\/fbprocedes.com\/wp-content\/uploads\/2025\/12\/degrilleur-xg-150x150.jpg 150w\" sizes=\"(max-width: 500px) 100vw, 500px\" \/>\t\t\t\t\t\t\t\t\t\t\t\t\t\t\t<\/div>\n\t\t\t\t<div class=\"elementor-element elementor-element-23c030c6 elementor-widget elementor-widget-heading\" data-id=\"23c030c6\" data-element_type=\"widget\" data-e-type=\"widget\" data-widget_type=\"heading.default\">\n\t\t\t\t\t<h3 class=\"elementor-heading-title elementor-size-default\">Bar Screen XG<\/h3>\t\t\t\t<\/div>\n\t\t\t\t<div class=\"elementor-element elementor-element-30049408 elementor-widget elementor-widget-text-editor\" data-id=\"30049408\" data-element_type=\"widget\" data-e-type=\"widget\" data-widget_type=\"text-editor.default\">\n\t\t\t\t\t\t\t\t\t<p style=\"text-align: center;\">Customised automatic vertical bar screen for flow rates up to 20,000 m3\/h<\/p>\t\t\t\t\t\t\t\t<\/div>\n\t\t\t\t<div class=\"elementor-element elementor-element-676c85eb elementor-align-center elementor-widget elementor-widget-button\" data-id=\"676c85eb\" data-element_type=\"widget\" data-e-type=\"widget\" data-widget_type=\"button.default\">\n\t\t\t\t\t\t\t\t\t\t<a class=\"elementor-button elementor-button-link elementor-size-sm\" href=\"\/en\/bar-screen-xg\/\">\n\t\t\t\t\t\t<span class=\"elementor-button-content-wrapper\">\n\t\t\t\t\t\t\t\t\t<span class=\"elementor-button-text\">See XG<\/span>\n\t\t\t\t\t<\/span>\n\t\t\t\t\t<\/a>\n\t\t\t\t\t\t\t\t<\/div>\n\t\t\t\t<\/div>\n\t\t\t\t\t<\/div>\n\t\t\t\t<\/div>\n\t\t\t\t<\/div>","protected":false},"excerpt":{"rendered":"<p>D\u00e9grilleur en bassin d&rsquo;orage Les d\u00e9grilleurs pour bassins d\u2019orage assurent la r\u00e9tention efficace des d\u00e9chets solides et flottants lors des \u00e9pisodes pluvieux, prot\u00e9geant les ouvrages hydrauliques en aval et facilitant l\u2019exploitation des installations. Nous contacter Un bassin d\u2019orage ou bassin de r\u00e9tention ou de stockage est g\u00e9n\u00e9ralement \u00e9quip\u00e9 d\u2019un d\u00e9grilleur, afin de sortir de l\u2019eau [&hellip;]<\/p>\n","protected":false},"author":1,"featured_media":0,"parent":1025,"menu_order":0,"comment_status":"closed","ping_status":"closed","template":"","meta":{"footnotes":""},"class_list":["post-1033","page","type-page","status-publish","hentry"],"aioseo_notices":[],"_links":{"self":[{"href":"https:\/\/fbprocedes.com\/en\/wp-json\/wp\/v2\/pages\/1033","targetHints":{"allow":["GET"]}}],"collection":[{"href":"https:\/\/fbprocedes.com\/en\/wp-json\/wp\/v2\/pages"}],"about":[{"href":"https:\/\/fbprocedes.com\/en\/wp-json\/wp\/v2\/types\/page"}],"author":[{"embeddable":true,"href":"https:\/\/fbprocedes.com\/en\/wp-json\/wp\/v2\/users\/1"}],"replies":[{"embeddable":true,"href":"https:\/\/fbprocedes.com\/en\/wp-json\/wp\/v2\/comments?post=1033"}],"version-history":[{"count":13,"href":"https:\/\/fbprocedes.com\/en\/wp-json\/wp\/v2\/pages\/1033\/revisions"}],"predecessor-version":[{"id":3730,"href":"https:\/\/fbprocedes.com\/en\/wp-json\/wp\/v2\/pages\/1033\/revisions\/3730"}],"up":[{"embeddable":true,"href":"https:\/\/fbprocedes.com\/en\/wp-json\/wp\/v2\/pages\/1025"}],"wp:attachment":[{"href":"https:\/\/fbprocedes.com\/en\/wp-json\/wp\/v2\/media?parent=1033"}],"curies":[{"name":"wp","href":"https:\/\/api.w.org\/{rel}","templated":true}]}}