{"id":1035,"date":"2025-12-23T17:15:12","date_gmt":"2025-12-23T16:15:12","guid":{"rendered":"https:\/\/fbprocedes.com\/?page_id=1035"},"modified":"2026-01-16T18:45:07","modified_gmt":"2026-01-16T17:45:07","slug":"bar-screen-unloading-station","status":"publish","type":"page","link":"https:\/\/fbprocedes.com\/en\/applications\/degrilleur-poste-de-depotage\/","title":{"rendered":"D\u00e9grilleur sur postes de d\u00e9potage"},"content":{"rendered":"<div data-elementor-type=\"wp-page\" data-elementor-id=\"1035\" class=\"elementor elementor-1035\" data-elementor-post-type=\"page\">\n\t\t\t\t<div class=\"elementor-element elementor-element-78dd717e e-flex e-con-boxed e-con e-parent\" data-id=\"78dd717e\" data-element_type=\"container\" data-e-type=\"container\" data-settings=\"{&quot;background_background&quot;:&quot;classic&quot;}\">\n\t\t\t\t\t<div class=\"e-con-inner\">\n\t\t\t\t<div class=\"elementor-element elementor-element-54dcccaa elementor-widget elementor-widget-heading\" data-id=\"54dcccaa\" data-element_type=\"widget\" data-e-type=\"widget\" data-widget_type=\"heading.default\">\n\t\t\t\t\t<h1 class=\"elementor-heading-title elementor-size-default\">Bar Screen for unloading station<\/h1>\t\t\t\t<\/div>\n\t\t\t\t<div class=\"elementor-element elementor-element-7bd850c9 elementor-widget elementor-widget-text-editor\" data-id=\"7bd850c9\" data-element_type=\"widget\" data-e-type=\"widget\" data-widget_type=\"text-editor.default\">\n\t\t\t\t\t\t\t\t\t<p>Unloading station bar screens ensure the effective separation of solid waste during emptying operations, protecting downstream equipment and guaranteeing clean, safe, and compliant operating conditions.<\/p>\t\t\t\t\t\t\t\t<\/div>\n\t\t\t\t<div class=\"elementor-element elementor-element-2be74db elementor-align-center elementor-widget elementor-widget-button\" data-id=\"2be74db\" data-element_type=\"widget\" data-e-type=\"widget\" data-widget_type=\"button.default\">\n\t\t\t\t\t\t\t\t\t\t<a class=\"elementor-button elementor-button-link elementor-size-sm\" href=\"\/en\/contact\/\">\n\t\t\t\t\t\t<span class=\"elementor-button-content-wrapper\">\n\t\t\t\t\t\t\t\t\t<span class=\"elementor-button-text\">Contact us<\/span>\n\t\t\t\t\t<\/span>\n\t\t\t\t\t<\/a>\n\t\t\t\t\t\t\t\t<\/div>\n\t\t\t\t\t<\/div>\n\t\t\t\t<\/div>\n\t\t<div class=\"elementor-element elementor-element-541a3aeb e-flex e-con-boxed e-con e-parent\" data-id=\"541a3aeb\" data-element_type=\"container\" data-e-type=\"container\">\n\t\t\t\t\t<div class=\"e-con-inner\">\n\t\t<div class=\"elementor-element elementor-element-2a4d1919 e-con-full e-flex e-con e-child\" data-id=\"2a4d1919\" data-element_type=\"container\" data-e-type=\"container\">\n\t\t\t\t<div class=\"elementor-element elementor-element-11b805cb elementor-widget elementor-widget-text-editor\" data-id=\"11b805cb\" data-element_type=\"widget\" data-e-type=\"widget\" data-widget_type=\"text-editor.default\">\n\t\t\t\t\t\t\t\t\t<p>Septage unloading stations are mostly sensitive cases because they are often different in terms of their configuration and very strained in terms of use. Consequently, the design of the civil engineering, the receiving structure for the bar screen, and even the choice of upstream equipment prove to be of the utmost importance.<\/p><p>Depending on the types of materials unloaded, the daily volumes to be treated, or the desired bar spacing, we will offer you different types of bar screens that will satisfy your needs.<\/p>\t\t\t\t\t\t\t\t<\/div>\n\t\t\t\t<\/div>\n\t\t\t\t\t<\/div>\n\t\t\t\t<\/div>\n\t\t<div class=\"elementor-element elementor-element-658ae133 e-flex e-con-boxed e-con e-parent\" data-id=\"658ae133\" data-element_type=\"container\" data-e-type=\"container\">\n\t\t\t\t\t<div class=\"e-con-inner\">\n\t\t<div class=\"elementor-element elementor-element-112f6df e-con-full e-flex e-con e-child\" data-id=\"112f6df\" data-element_type=\"container\" data-e-type=\"container\">\n\t\t\t\t<div class=\"elementor-element elementor-element-7b0fbcac elementor-widget elementor-widget-image\" data-id=\"7b0fbcac\" data-element_type=\"widget\" data-e-type=\"widget\" data-widget_type=\"image.default\">\n\t\t\t\t\t\t\t\t\t\t\t\t\t\t\t<img fetchpriority=\"high\" decoding=\"async\" width=\"731\" height=\"1024\" src=\"https:\/\/fbprocedes.com\/wp-content\/uploads\/2025\/12\/degrilleur-poste-depotage-installation-731x1024.webp\" class=\"attachment-large size-large wp-image-2719\" alt=\"Bar screen installed on an unloading station for the separation of solid waste\" srcset=\"https:\/\/fbprocedes.com\/wp-content\/uploads\/2025\/12\/degrilleur-poste-depotage-installation-731x1024.webp 731w, https:\/\/fbprocedes.com\/wp-content\/uploads\/2025\/12\/degrilleur-poste-depotage-installation-214x300.webp 214w, https:\/\/fbprocedes.com\/wp-content\/uploads\/2025\/12\/degrilleur-poste-depotage-installation-768x1076.webp 768w, https:\/\/fbprocedes.com\/wp-content\/uploads\/2025\/12\/degrilleur-poste-depotage-installation-1097x1536.webp 1097w, https:\/\/fbprocedes.com\/wp-content\/uploads\/2025\/12\/degrilleur-poste-depotage-installation.webp 1371w\" sizes=\"(max-width: 731px) 100vw, 731px\" \/>\t\t\t\t\t\t\t\t\t\t\t\t\t\t\t<\/div>\n\t\t\t\t<div class=\"elementor-element elementor-element-73b3aea2 elementor-widget elementor-widget-text-editor\" data-id=\"73b3aea2\" data-element_type=\"widget\" data-e-type=\"widget\" data-widget_type=\"text-editor.default\">\n\t\t\t\t\t\t\t\t\t<p style=\"text-align: center;\">An NG11 type automatic bar screen installed on an unloading manhole where effluents and waste from pumping tanks or static screens on the network are discharged via tanker trucks. The bar screen is equipped with a 12mm bar spacing screen and a wash spray bar located downstream of the screen. This spray bar allows for the cleaning of the screen and the pulverization of certain types of waste. Finally, two VTP200 type transport screws evacuate the screenings to the desired area, specifically 5 meters in front of the bar screen.<\/p>\t\t\t\t\t\t\t\t<\/div>\n\t\t\t\t<\/div>\n\t\t<div class=\"elementor-element elementor-element-76775ea7 e-con-full e-flex e-con e-child\" data-id=\"76775ea7\" data-element_type=\"container\" data-e-type=\"container\">\n\t\t\t\t<div class=\"elementor-element elementor-element-35676d01 elementor-widget elementor-widget-image\" data-id=\"35676d01\" data-element_type=\"widget\" data-e-type=\"widget\" data-widget_type=\"image.default\">\n\t\t\t\t\t\t\t\t\t\t\t\t\t\t\t<img decoding=\"async\" width=\"731\" height=\"1024\" src=\"https:\/\/fbprocedes.com\/wp-content\/uploads\/2025\/12\/degrilleur-poste-depotage-fonctionnement-731x1024.webp\" class=\"attachment-large size-large wp-image-2720\" alt=\"Bar screen in operation on an unloading station during emptying operations\" srcset=\"https:\/\/fbprocedes.com\/wp-content\/uploads\/2025\/12\/degrilleur-poste-depotage-fonctionnement-731x1024.webp 731w, https:\/\/fbprocedes.com\/wp-content\/uploads\/2025\/12\/degrilleur-poste-depotage-fonctionnement-214x300.webp 214w, https:\/\/fbprocedes.com\/wp-content\/uploads\/2025\/12\/degrilleur-poste-depotage-fonctionnement-768x1076.webp 768w, https:\/\/fbprocedes.com\/wp-content\/uploads\/2025\/12\/degrilleur-poste-depotage-fonctionnement-1097x1536.webp 1097w, https:\/\/fbprocedes.com\/wp-content\/uploads\/2025\/12\/degrilleur-poste-depotage-fonctionnement.webp 1371w\" sizes=\"(max-width: 731px) 100vw, 731px\" \/>\t\t\t\t\t\t\t\t\t\t\t\t\t\t\t<\/div>\n\t\t\t\t<div class=\"elementor-element elementor-element-1cdc7bd3 elementor-widget elementor-widget-text-editor\" data-id=\"1cdc7bd3\" data-element_type=\"widget\" data-e-type=\"widget\" data-widget_type=\"text-editor.default\">\n\t\t\t\t\t\t\t\t\t<p style=\"text-align: center;\">An SG400 type vertical automatic bar screen installed in a metallic box of FB Proc\u00e9d\u00e9s design. It is located on an unloading area for restaurant effluents, loaded with grease, wipes, napkins, etc. The trucks connect to the \"Storz\" (pompier) coupling located upstream of the box and discharge the effluent. The bar screen, with its 10mm bar spacing, extracts a large portion of the waste which, through the adapted discharge hopper, is dropped into a waste bin positioned on the side of the metallic box. In case of issues with the bar screen, the box includes a bypass overflow.<\/p>\t\t\t\t\t\t\t\t<\/div>\n\t\t\t\t<\/div>\n\t\t\t\t\t<\/div>\n\t\t\t\t<\/div>\n\t\t<div class=\"elementor-element elementor-element-89cfffa e-flex e-con-boxed e-con e-parent\" data-id=\"89cfffa\" data-element_type=\"container\" data-e-type=\"container\">\n\t\t\t\t\t<div class=\"e-con-inner\">\n\t\t<div class=\"elementor-element elementor-element-ed05eab e-con-full e-flex e-con e-child\" data-id=\"ed05eab\" data-element_type=\"container\" data-e-type=\"container\">\n\t\t\t\t<div class=\"elementor-element elementor-element-f139d32 elementor-widget elementor-widget-image\" data-id=\"f139d32\" data-element_type=\"widget\" data-e-type=\"widget\" data-widget_type=\"image.default\">\n\t\t\t\t\t\t\t\t\t\t\t\t\t\t\t<img decoding=\"async\" width=\"800\" height=\"572\" src=\"https:\/\/fbprocedes.com\/wp-content\/uploads\/2025\/12\/grille-degrilleur-poste-depotage-1024x732.webp\" class=\"attachment-large size-large wp-image-2721\" alt=\"Unloading station bar screen ensuring the retention of macro-waste\" srcset=\"https:\/\/fbprocedes.com\/wp-content\/uploads\/2025\/12\/grille-degrilleur-poste-depotage-1024x732.webp 1024w, https:\/\/fbprocedes.com\/wp-content\/uploads\/2025\/12\/grille-degrilleur-poste-depotage-300x214.webp 300w, https:\/\/fbprocedes.com\/wp-content\/uploads\/2025\/12\/grille-degrilleur-poste-depotage-768x549.webp 768w, https:\/\/fbprocedes.com\/wp-content\/uploads\/2025\/12\/grille-degrilleur-poste-depotage-1536x1097.webp 1536w, https:\/\/fbprocedes.com\/wp-content\/uploads\/2025\/12\/grille-degrilleur-poste-depotage.webp 1600w\" sizes=\"(max-width: 800px) 100vw, 800px\" \/>\t\t\t\t\t\t\t\t\t\t\t\t\t\t\t<\/div>\n\t\t\t\t<div class=\"elementor-element elementor-element-fee5f9c elementor-widget elementor-widget-text-editor\" data-id=\"fee5f9c\" data-element_type=\"widget\" data-e-type=\"widget\" data-widget_type=\"text-editor.default\">\n\t\t\t\t\t\t\t\t\t<p style=\"text-align: center;\">On this unloading site, we replaced a manual screen with an NG11 type automatic bar screen to treat the effluent from one 10 m3 truck per day. The screenings consist of grease, wipes, stones, etc. The bar screen, with its 10mm bar spacing, is installed at the outlet of the concrete manhole, thus allowing for a significant buffer volume upstream. A deflector of our supply, positioned across the manhole, channels the effluent toward the bar screen (lateral feed). The screenings are then discharged outside the manhole into a waste bin.<\/p>\t\t\t\t\t\t\t\t<\/div>\n\t\t\t\t<\/div>\n\t\t<div class=\"elementor-element elementor-element-fceca7e e-con-full e-flex e-con e-child\" data-id=\"fceca7e\" data-element_type=\"container\" data-e-type=\"container\">\n\t\t\t\t<div class=\"elementor-element elementor-element-aa8a095 elementor-widget elementor-widget-image\" data-id=\"aa8a095\" data-element_type=\"widget\" data-e-type=\"widget\" data-widget_type=\"image.default\">\n\t\t\t\t\t\t\t\t\t\t\t\t\t\t\t<img loading=\"lazy\" decoding=\"async\" width=\"768\" height=\"1024\" src=\"https:\/\/fbprocedes.com\/wp-content\/uploads\/2025\/12\/degrilleur-poste-depotage-application-step-768x1024.webp\" class=\"attachment-large size-large wp-image-2722\" alt=\"Application of a bar screen at an unloading station in a wastewater treatment plant or industrial site.\" srcset=\"https:\/\/fbprocedes.com\/wp-content\/uploads\/2025\/12\/degrilleur-poste-depotage-application-step-768x1024.webp 768w, https:\/\/fbprocedes.com\/wp-content\/uploads\/2025\/12\/degrilleur-poste-depotage-application-step-225x300.webp 225w, https:\/\/fbprocedes.com\/wp-content\/uploads\/2025\/12\/degrilleur-poste-depotage-application-step-1152x1536.webp 1152w, https:\/\/fbprocedes.com\/wp-content\/uploads\/2025\/12\/degrilleur-poste-depotage-application-step.webp 1280w\" sizes=\"(max-width: 768px) 100vw, 768px\" \/>\t\t\t\t\t\t\t\t\t\t\t\t\t\t\t<\/div>\n\t\t\t\t<div class=\"elementor-element elementor-element-8ca5b3b elementor-widget elementor-widget-text-editor\" data-id=\"8ca5b3b\" data-element_type=\"widget\" data-e-type=\"widget\" data-widget_type=\"text-editor.default\">\n\t\t\t\t\t\t\t\t\t<p style=\"text-align: center;\">An XG12 type automatic bar screen, with 10mm bar spacing, installed on an unloading station. The electrical control panel of FB Proc\u00e9d\u00e9s design\u2014fixed to the side of the bar screen\u2014integrates a variable speed drive to optimize the cycle duration (one descent and one ascent of the grab). This is fundamental for this application, as is a significant buffer volume upstream of the bar screen. A VCP200 type screw compactor reduces the volume of the removed waste and discharges it into a bin positioned on the side of the channel.<\/p>\t\t\t\t\t\t\t\t<\/div>\n\t\t\t\t<\/div>\n\t\t\t\t\t<\/div>\n\t\t\t\t<\/div>\n\t\t<div class=\"elementor-element elementor-element-615e28b4 e-flex e-con-boxed e-con e-parent\" data-id=\"615e28b4\" data-element_type=\"container\" data-e-type=\"container\">\n\t\t\t\t\t<div class=\"e-con-inner\">\n\t\t\t\t<div class=\"elementor-element elementor-element-62f5ef58 elementor-widget elementor-widget-heading\" data-id=\"62f5ef58\" data-element_type=\"widget\" data-e-type=\"widget\" data-widget_type=\"heading.default\">\n\t\t\t\t\t<h2 class=\"elementor-heading-title elementor-size-default\">Related products<\/h2>\t\t\t\t<\/div>\n\t\t\t\t<div class=\"elementor-element elementor-element-6c709a4 elementor-widget-divider--view-line elementor-widget elementor-widget-divider\" data-id=\"6c709a4\" data-element_type=\"widget\" data-e-type=\"widget\" data-widget_type=\"divider.default\">\n\t\t\t\t\t\t\t<div class=\"elementor-divider\">\n\t\t\t<span class=\"elementor-divider-separator\">\n\t\t\t\t\t\t<\/span>\n\t\t<\/div>\n\t\t\t\t\t\t<\/div>\n\t\t\t\t\t<\/div>\n\t\t\t\t<\/div>\n\t\t<div class=\"elementor-element elementor-element-684ceefb e-grid e-con-boxed e-con e-parent\" data-id=\"684ceefb\" data-element_type=\"container\" data-e-type=\"container\">\n\t\t\t\t\t<div class=\"e-con-inner\">\n\t\t<div class=\"elementor-element elementor-element-654a15b1 e-con-full e-flex e-con e-child\" data-id=\"654a15b1\" data-element_type=\"container\" data-e-type=\"container\" data-settings=\"{&quot;background_background&quot;:&quot;classic&quot;}\">\n\t\t\t\t<div class=\"elementor-element elementor-element-398f2469 elementor-widget elementor-widget-image\" data-id=\"398f2469\" data-element_type=\"widget\" data-e-type=\"widget\" data-widget_type=\"image.default\">\n\t\t\t\t\t\t\t\t\t\t\t\t\t\t\t<img loading=\"lazy\" decoding=\"async\" width=\"500\" height=\"500\" src=\"https:\/\/fbprocedes.com\/wp-content\/uploads\/2025\/12\/degrilleur-sg400.jpg\" class=\"attachment-medium_large size-medium_large wp-image-875\" alt=\"3D CAD view of a vertical SG400 Bar Screen\" srcset=\"https:\/\/fbprocedes.com\/wp-content\/uploads\/2025\/12\/degrilleur-sg400.jpg 500w, https:\/\/fbprocedes.com\/wp-content\/uploads\/2025\/12\/degrilleur-sg400-300x300.jpg 300w, https:\/\/fbprocedes.com\/wp-content\/uploads\/2025\/12\/degrilleur-sg400-150x150.jpg 150w\" sizes=\"(max-width: 500px) 100vw, 500px\" \/>\t\t\t\t\t\t\t\t\t\t\t\t\t\t\t<\/div>\n\t\t\t\t<div class=\"elementor-element elementor-element-4f9d1650 elementor-widget elementor-widget-heading\" data-id=\"4f9d1650\" data-element_type=\"widget\" data-e-type=\"widget\" data-widget_type=\"heading.default\">\n\t\t\t\t\t<h3 class=\"elementor-heading-title elementor-size-default\">Bar Screen SG400<\/h3>\t\t\t\t<\/div>\n\t\t\t\t<div class=\"elementor-element elementor-element-24042456 elementor-widget elementor-widget-text-editor\" data-id=\"24042456\" data-element_type=\"widget\" data-e-type=\"widget\" data-widget_type=\"text-editor.default\">\n\t\t\t\t\t\t\t\t\t<p style=\"text-align: center;\">400 mm wide automatic vertical bar screen for flow rates up to 120 m3\/h<\/p>\t\t\t\t\t\t\t\t<\/div>\n\t\t\t\t<div class=\"elementor-element elementor-element-4a6825bb elementor-align-center elementor-widget elementor-widget-button\" data-id=\"4a6825bb\" data-element_type=\"widget\" data-e-type=\"widget\" data-widget_type=\"button.default\">\n\t\t\t\t\t\t\t\t\t\t<a class=\"elementor-button elementor-button-link elementor-size-sm\" href=\"\/en\/bar-screen-sg400\/\">\n\t\t\t\t\t\t<span class=\"elementor-button-content-wrapper\">\n\t\t\t\t\t\t\t\t\t<span class=\"elementor-button-text\">See SG400<\/span>\n\t\t\t\t\t<\/span>\n\t\t\t\t\t<\/a>\n\t\t\t\t\t\t\t\t<\/div>\n\t\t\t\t<\/div>\n\t\t<div class=\"elementor-element elementor-element-44482cf5 e-con-full e-flex e-con e-child\" data-id=\"44482cf5\" data-element_type=\"container\" data-e-type=\"container\" data-settings=\"{&quot;background_background&quot;:&quot;classic&quot;}\">\n\t\t\t\t<div class=\"elementor-element elementor-element-43a71266 elementor-widget elementor-widget-image\" data-id=\"43a71266\" data-element_type=\"widget\" data-e-type=\"widget\" data-widget_type=\"image.default\">\n\t\t\t\t\t\t\t\t\t\t\t\t\t\t\t<img loading=\"lazy\" decoding=\"async\" width=\"500\" height=\"500\" src=\"https:\/\/fbprocedes.com\/wp-content\/uploads\/2025\/12\/degrilleur-ng.jpg\" class=\"attachment-medium_large size-medium_large wp-image-873\" alt=\"3D CAD view of a vertical NG Bar Screen\" srcset=\"https:\/\/fbprocedes.com\/wp-content\/uploads\/2025\/12\/degrilleur-ng.jpg 500w, https:\/\/fbprocedes.com\/wp-content\/uploads\/2025\/12\/degrilleur-ng-300x300.jpg 300w, https:\/\/fbprocedes.com\/wp-content\/uploads\/2025\/12\/degrilleur-ng-150x150.jpg 150w\" sizes=\"(max-width: 500px) 100vw, 500px\" \/>\t\t\t\t\t\t\t\t\t\t\t\t\t\t\t<\/div>\n\t\t\t\t<div class=\"elementor-element elementor-element-6f42066b elementor-widget elementor-widget-heading\" data-id=\"6f42066b\" data-element_type=\"widget\" data-e-type=\"widget\" data-widget_type=\"heading.default\">\n\t\t\t\t\t<h3 class=\"elementor-heading-title elementor-size-default\">Bar Screen NG<\/h3>\t\t\t\t<\/div>\n\t\t\t\t<div class=\"elementor-element elementor-element-27f75bda elementor-widget elementor-widget-text-editor\" data-id=\"27f75bda\" data-element_type=\"widget\" data-e-type=\"widget\" data-widget_type=\"text-editor.default\">\n\t\t\t\t\t\t\t\t\t<p style=\"text-align: center;\">Customised automatic vertical bar screen for flow rates up to 6000 m3\/h<\/p>\t\t\t\t\t\t\t\t<\/div>\n\t\t\t\t<div class=\"elementor-element elementor-element-2bb586fe elementor-align-center elementor-widget elementor-widget-button\" data-id=\"2bb586fe\" data-element_type=\"widget\" data-e-type=\"widget\" data-widget_type=\"button.default\">\n\t\t\t\t\t\t\t\t\t\t<a class=\"elementor-button elementor-button-link elementor-size-sm\" href=\"\/en\/bar-screen-ng\/\">\n\t\t\t\t\t\t<span class=\"elementor-button-content-wrapper\">\n\t\t\t\t\t\t\t\t\t<span class=\"elementor-button-text\">See NG<\/span>\n\t\t\t\t\t<\/span>\n\t\t\t\t\t<\/a>\n\t\t\t\t\t\t\t\t<\/div>\n\t\t\t\t<\/div>\n\t\t<div class=\"elementor-element elementor-element-6bfbfde8 e-con-full e-flex e-con e-child\" data-id=\"6bfbfde8\" data-element_type=\"container\" data-e-type=\"container\" data-settings=\"{&quot;background_background&quot;:&quot;classic&quot;}\">\n\t\t\t\t<div class=\"elementor-element elementor-element-290116e4 elementor-widget elementor-widget-image\" data-id=\"290116e4\" data-element_type=\"widget\" data-e-type=\"widget\" data-widget_type=\"image.default\">\n\t\t\t\t\t\t\t\t\t\t\t\t\t\t\t<img loading=\"lazy\" decoding=\"async\" width=\"500\" height=\"500\" src=\"https:\/\/fbprocedes.com\/wp-content\/uploads\/2025\/12\/degrilleur-xg.jpg\" class=\"attachment-medium_large size-medium_large wp-image-874\" alt=\"3D CAD view of a vertical XG Bar Screen\" srcset=\"https:\/\/fbprocedes.com\/wp-content\/uploads\/2025\/12\/degrilleur-xg.jpg 500w, https:\/\/fbprocedes.com\/wp-content\/uploads\/2025\/12\/degrilleur-xg-300x300.jpg 300w, https:\/\/fbprocedes.com\/wp-content\/uploads\/2025\/12\/degrilleur-xg-150x150.jpg 150w\" sizes=\"(max-width: 500px) 100vw, 500px\" \/>\t\t\t\t\t\t\t\t\t\t\t\t\t\t\t<\/div>\n\t\t\t\t<div class=\"elementor-element elementor-element-2cf029e1 elementor-widget elementor-widget-heading\" data-id=\"2cf029e1\" data-element_type=\"widget\" data-e-type=\"widget\" data-widget_type=\"heading.default\">\n\t\t\t\t\t<h3 class=\"elementor-heading-title elementor-size-default\">Bar Screen XG<\/h3>\t\t\t\t<\/div>\n\t\t\t\t<div class=\"elementor-element elementor-element-2ee0693d elementor-widget elementor-widget-text-editor\" data-id=\"2ee0693d\" data-element_type=\"widget\" data-e-type=\"widget\" data-widget_type=\"text-editor.default\">\n\t\t\t\t\t\t\t\t\t<p style=\"text-align: center;\">Customised automatic vertical bar screen for flow rates up to 20,000 m3\/h<\/p>\t\t\t\t\t\t\t\t<\/div>\n\t\t\t\t<div class=\"elementor-element elementor-element-37ef0139 elementor-align-center elementor-widget elementor-widget-button\" data-id=\"37ef0139\" data-element_type=\"widget\" data-e-type=\"widget\" data-widget_type=\"button.default\">\n\t\t\t\t\t\t\t\t\t\t<a class=\"elementor-button elementor-button-link elementor-size-sm\" href=\"\/en\/bar-screen-xg\/\">\n\t\t\t\t\t\t<span class=\"elementor-button-content-wrapper\">\n\t\t\t\t\t\t\t\t\t<span class=\"elementor-button-text\">See XG<\/span>\n\t\t\t\t\t<\/span>\n\t\t\t\t\t<\/a>\n\t\t\t\t\t\t\t\t<\/div>\n\t\t\t\t<\/div>\n\t\t\t\t\t<\/div>\n\t\t\t\t<\/div>\n\t\t\t\t<\/div>","protected":false},"excerpt":{"rendered":"<p>D\u00e9grilleur sur poste de d\u00e9potage Les d\u00e9grilleurs pour postes de d\u00e9potage assurent la s\u00e9paration efficace des d\u00e9chets solides lors des op\u00e9rations de vidange, prot\u00e9geant les \u00e9quipements en aval et garantissant des conditions d\u2019exploitation propres, s\u00fbres et conformes. Nous contacter Les postes de d\u00e9potage de mati\u00e8res de vidange sont la plupart du temps des cas sensibles [&hellip;]<\/p>\n","protected":false},"author":1,"featured_media":0,"parent":1025,"menu_order":0,"comment_status":"closed","ping_status":"closed","template":"","meta":{"footnotes":""},"class_list":["post-1035","page","type-page","status-publish","hentry"],"aioseo_notices":[],"_links":{"self":[{"href":"https:\/\/fbprocedes.com\/en\/wp-json\/wp\/v2\/pages\/1035","targetHints":{"allow":["GET"]}}],"collection":[{"href":"https:\/\/fbprocedes.com\/en\/wp-json\/wp\/v2\/pages"}],"about":[{"href":"https:\/\/fbprocedes.com\/en\/wp-json\/wp\/v2\/types\/page"}],"author":[{"embeddable":true,"href":"https:\/\/fbprocedes.com\/en\/wp-json\/wp\/v2\/users\/1"}],"replies":[{"embeddable":true,"href":"https:\/\/fbprocedes.com\/en\/wp-json\/wp\/v2\/comments?post=1035"}],"version-history":[{"count":16,"href":"https:\/\/fbprocedes.com\/en\/wp-json\/wp\/v2\/pages\/1035\/revisions"}],"predecessor-version":[{"id":3733,"href":"https:\/\/fbprocedes.com\/en\/wp-json\/wp\/v2\/pages\/1035\/revisions\/3733"}],"up":[{"embeddable":true,"href":"https:\/\/fbprocedes.com\/en\/wp-json\/wp\/v2\/pages\/1025"}],"wp:attachment":[{"href":"https:\/\/fbprocedes.com\/en\/wp-json\/wp\/v2\/media?parent=1035"}],"curies":[{"name":"wp","href":"https:\/\/api.w.org\/{rel}","templated":true}]}}