{"id":2745,"date":"2025-12-26T17:53:37","date_gmt":"2025-12-26T16:53:37","guid":{"rendered":"https:\/\/fbprocedes.com\/?page_id=2745"},"modified":"2026-01-22T12:11:14","modified_gmt":"2026-01-22T11:11:14","slug":"legal-notice","status":"publish","type":"page","link":"https:\/\/fbprocedes.com\/en\/mentions-legales\/","title":{"rendered":"Legal Notice"},"content":{"rendered":"<div data-elementor-type=\"wp-page\" data-elementor-id=\"2745\" class=\"elementor elementor-2745\" data-elementor-post-type=\"page\">\n\t\t\t\t<div class=\"elementor-element elementor-element-97d9b61 e-flex e-con-boxed e-con e-parent\" data-id=\"97d9b61\" data-element_type=\"container\" data-e-type=\"container\" data-settings=\"{&quot;background_background&quot;:&quot;classic&quot;}\">\n\t\t\t\t\t<div class=\"e-con-inner\">\n\t\t\t\t<div class=\"elementor-element elementor-element-10301e91 elementor-widget elementor-widget-heading\" data-id=\"10301e91\" data-element_type=\"widget\" data-e-type=\"widget\" data-widget_type=\"heading.default\">\n\t\t\t\t\t<h1 class=\"elementor-heading-title elementor-size-default\">Legal Notice<\/h1>\t\t\t\t<\/div>\n\t\t\t\t\t<\/div>\n\t\t\t\t<\/div>\n\t\t<div class=\"elementor-element elementor-element-58e3767 e-flex e-con-boxed e-con e-parent\" data-id=\"58e3767\" data-element_type=\"container\" data-e-type=\"container\">\n\t\t\t\t\t<div class=\"e-con-inner\">\n\t\t\t\t<div class=\"elementor-element elementor-element-772dbdfb elementor-widget elementor-widget-text-editor\" data-id=\"772dbdfb\" data-element_type=\"widget\" data-e-type=\"widget\" data-widget_type=\"text-editor.default\">\n\t\t\t\t\t\t\t\t\t<p>In accordance with the provisions of Law No. 2004-575 of June 21, 2004, regarding confidence in the digital economy, users of the FB PROCEDES website are informed of the identity of the various parties involved in its creation and maintenance.<\/p>\t\t\t\t\t\t\t\t<\/div>\n\t\t\t\t<div class=\"elementor-element elementor-element-92b026d elementor-widget elementor-widget-heading\" data-id=\"92b026d\" data-element_type=\"widget\" data-e-type=\"widget\" data-widget_type=\"heading.default\">\n\t\t\t\t\t<h2 class=\"elementor-heading-title elementor-size-default\">Website Publishing<\/h2>\t\t\t\t<\/div>\n\t\t\t\t<div class=\"elementor-element elementor-element-0d8226b elementor-widget elementor-widget-text-editor\" data-id=\"0d8226b\" data-element_type=\"widget\" data-e-type=\"widget\" data-widget_type=\"text-editor.default\">\n\t\t\t\t\t\t\t\t\t<p>This website, accessible at the URL https:\/\/fbprocedes.com (the \"Site\"), is published by:<\/p><p>FB PROCEDES SAS, a company with a share capital of 50,000 euros, registered with the NANTES Trade and Companies Register (R.C.S.) under number 383 354 396, whose registered office is located at 6 rue Marcel Dassault 44980 Ste Luce sur Loire Cedex \u2013 France, represented by GUILLAUME DUPR\u00c9, duly authorized.<\/p><p>The publisher's individual VAT number is: FR63383354396.<\/p>\t\t\t\t\t\t\t\t<\/div>\n\t\t\t\t<div class=\"elementor-element elementor-element-162e9b4 elementor-widget elementor-widget-heading\" data-id=\"162e9b4\" data-element_type=\"widget\" data-e-type=\"widget\" data-widget_type=\"heading.default\">\n\t\t\t\t\t<h2 class=\"elementor-heading-title elementor-size-default\">Hosting<\/h2>\t\t\t\t<\/div>\n\t\t\t\t<div class=\"elementor-element elementor-element-c560c7e elementor-widget elementor-widget-text-editor\" data-id=\"c560c7e\" data-element_type=\"widget\" data-e-type=\"widget\" data-widget_type=\"text-editor.default\">\n\t\t\t\t\t\t\t\t\t<p>The Site is hosted by the company Hostinger International LTD, located at [address], (telephone or email contact: https:\/\/www.hostinger.fr\/contact).<\/p>\t\t\t\t\t\t\t\t<\/div>\n\t\t\t\t<div class=\"elementor-element elementor-element-8585d86 elementor-widget elementor-widget-heading\" data-id=\"8585d86\" data-element_type=\"widget\" data-e-type=\"widget\" data-widget_type=\"heading.default\">\n\t\t\t\t\t<h2 class=\"elementor-heading-title elementor-size-default\">Director of Publication<\/h2>\t\t\t\t<\/div>\n\t\t\t\t<div class=\"elementor-element elementor-element-c99b200 elementor-widget elementor-widget-text-editor\" data-id=\"c99b200\" data-element_type=\"widget\" data-e-type=\"widget\" data-widget_type=\"text-editor.default\">\n\t\t\t\t\t\t\t\t\t<p><span style=\"font-weight: 400;\">The Director of Publication of the site is Mr. Guillaume Dupr\u00e9.<\/span><\/p>\t\t\t\t\t\t\t\t<\/div>\n\t\t\t\t<div class=\"elementor-element elementor-element-e3dc43d elementor-widget elementor-widget-heading\" data-id=\"e3dc43d\" data-element_type=\"widget\" data-e-type=\"widget\" data-widget_type=\"heading.default\">\n\t\t\t\t\t<h2 class=\"elementor-heading-title elementor-size-default\">Contact us<\/h2>\t\t\t\t<\/div>\n\t\t\t\t<div class=\"elementor-element elementor-element-0541a76 elementor-widget elementor-widget-text-editor\" data-id=\"0541a76\" data-element_type=\"widget\" data-e-type=\"widget\" data-widget_type=\"text-editor.default\">\n\t\t\t\t\t\t\t\t\t<p>By telephone: +33240258677<\/p><p>By email : contact@fbprocedes.fr<\/p><p>By mail: FB Proc\u00e9d\u00e9s \u2013 6 rue Marcel Dassault 44980 Ste Luce sur Loire Cedex France<\/p>\t\t\t\t\t\t\t\t<\/div>\n\t\t\t\t<div class=\"elementor-element elementor-element-76ca0ba elementor-widget elementor-widget-heading\" data-id=\"76ca0ba\" data-element_type=\"widget\" data-e-type=\"widget\" data-widget_type=\"heading.default\">\n\t\t\t\t\t<h2 class=\"elementor-heading-title elementor-size-default\">Personal Data<\/h2>\t\t\t\t<\/div>\n\t\t\t\t<div class=\"elementor-element elementor-element-878e6aa elementor-widget elementor-widget-text-editor\" data-id=\"878e6aa\" data-element_type=\"widget\" data-e-type=\"widget\" data-widget_type=\"text-editor.default\">\n\t\t\t\t\t\t\t\t\t<p>The processing of your personal data is governed by our Privacy Charter, available in the \"Personal Data Protection Charter\" section, in accordance with the General Data Protection Regulation 2016\/679 of April 27, 2016 (\"GDPR\").<\/p>\t\t\t\t\t\t\t\t<\/div>\n\t\t\t\t\t<\/div>\n\t\t\t\t<\/div>\n\t\t\t\t<\/div>","protected":false},"excerpt":{"rendered":"<p>Mentions l\u00e9gales Conform\u00e9ment aux dispositions de la loi n\u00b0 2004-575 du 21 juin 2004 pour la confiance en l&rsquo;\u00e9conomie num\u00e9rique, il est pr\u00e9cis\u00e9 aux utilisateurs du site FB PROCEDES l&rsquo;identit\u00e9 des diff\u00e9rents intervenants dans le cadre de sa r\u00e9alisation et de son suivi. Edition du site Le pr\u00e9sent site, accessible \u00e0 l\u2019URL https:\/\/fbprocedes.com (le \u00ab [&hellip;]<\/p>\n","protected":false},"author":1,"featured_media":0,"parent":0,"menu_order":0,"comment_status":"closed","ping_status":"closed","template":"","meta":{"footnotes":""},"class_list":["post-2745","page","type-page","status-publish","hentry"],"aioseo_notices":[],"_links":{"self":[{"href":"https:\/\/fbprocedes.com\/en\/wp-json\/wp\/v2\/pages\/2745","targetHints":{"allow":["GET"]}}],"collection":[{"href":"https:\/\/fbprocedes.com\/en\/wp-json\/wp\/v2\/pages"}],"about":[{"href":"https:\/\/fbprocedes.com\/en\/wp-json\/wp\/v2\/types\/page"}],"author":[{"embeddable":true,"href":"https:\/\/fbprocedes.com\/en\/wp-json\/wp\/v2\/users\/1"}],"replies":[{"embeddable":true,"href":"https:\/\/fbprocedes.com\/en\/wp-json\/wp\/v2\/comments?post=2745"}],"version-history":[{"count":13,"href":"https:\/\/fbprocedes.com\/en\/wp-json\/wp\/v2\/pages\/2745\/revisions"}],"predecessor-version":[{"id":3889,"href":"https:\/\/fbprocedes.com\/en\/wp-json\/wp\/v2\/pages\/2745\/revisions\/3889"}],"wp:attachment":[{"href":"https:\/\/fbprocedes.com\/en\/wp-json\/wp\/v2\/media?parent=2745"}],"curies":[{"name":"wp","href":"https:\/\/api.w.org\/{rel}","templated":true}]}}