{"id":3761,"date":"2026-01-16T19:18:42","date_gmt":"2026-01-16T18:18:42","guid":{"rendered":"https:\/\/fbprocedes.com\/?page_id=3761"},"modified":"2026-01-19T10:50:32","modified_gmt":"2026-01-19T09:50:32","slug":"drum-screen-promel","status":"publish","type":"page","link":"https:\/\/fbprocedes.com\/en\/produits\/tamis-rotatif-promel\/","title":{"rendered":"Tamis rotatif PROMEL"},"content":{"rendered":"<div data-elementor-type=\"wp-page\" data-elementor-id=\"3761\" class=\"elementor elementor-3761\" data-elementor-post-type=\"page\">\n\t\t\t\t<div class=\"elementor-element elementor-element-bd622ff e-flex e-con-boxed e-con e-parent\" data-id=\"bd622ff\" data-element_type=\"container\" data-e-type=\"container\" data-settings=\"{&quot;background_background&quot;:&quot;classic&quot;}\">\n\t\t\t\t\t<div class=\"e-con-inner\">\n\t\t\t\t<div class=\"elementor-element elementor-element-2f0eb1ed elementor-widget elementor-widget-heading\" data-id=\"2f0eb1ed\" data-element_type=\"widget\" data-e-type=\"widget\" data-widget_type=\"heading.default\">\n\t\t\t\t\t<h1 class=\"elementor-heading-title elementor-size-default\">Drum Screen PROMEL: fine filtration from 0.8 to 3 mm<\/h1>\t\t\t\t<\/div>\n\t\t\t\t<div class=\"elementor-element elementor-element-6c815111 elementor-widget elementor-widget-text-editor\" data-id=\"6c815111\" data-element_type=\"widget\" data-e-type=\"widget\" data-widget_type=\"text-editor.default\">\n\t\t\t\t\t\t\t\t\tThe PROMEL model is an internally fed rotary drum screen designed for the mechanical pretreatment of wastewater. Specifically engineered for liquid-solid separation, it provides fine and precise filtration to protect your treatment facilities.\t\t\t\t\t\t\t\t<\/div>\n\t\t\t\t<div class=\"elementor-element elementor-element-45412b2e elementor-align-center elementor-widget elementor-widget-button\" data-id=\"45412b2e\" data-element_type=\"widget\" data-e-type=\"widget\" data-widget_type=\"button.default\">\n\t\t\t\t\t\t\t\t\t\t<a class=\"elementor-button elementor-button-link elementor-size-sm\" href=\"\/en\/contact\/\">\n\t\t\t\t\t\t<span class=\"elementor-button-content-wrapper\">\n\t\t\t\t\t\t\t\t\t<span class=\"elementor-button-text\">Contact us<\/span>\n\t\t\t\t\t<\/span>\n\t\t\t\t\t<\/a>\n\t\t\t\t\t\t\t\t<\/div>\n\t\t\t\t\t<\/div>\n\t\t\t\t<\/div>\n\t\t<div class=\"elementor-element elementor-element-e03d60e e-flex e-con-boxed e-con e-parent\" data-id=\"e03d60e\" data-element_type=\"container\" data-e-type=\"container\">\n\t\t\t\t\t<div class=\"e-con-inner\">\n\t\t\t\t<div class=\"elementor-element elementor-element-d5709c6 elementor-widget elementor-widget-heading\" data-id=\"d5709c6\" data-element_type=\"widget\" data-e-type=\"widget\" data-widget_type=\"heading.default\">\n\t\t\t\t\t<h2 class=\"elementor-heading-title elementor-size-default\">What is a rotary drum screen?<\/h2>\t\t\t\t<\/div>\n\t\t\t\t<div class=\"elementor-element elementor-element-0237b61 elementor-widget-divider--view-line elementor-widget elementor-widget-divider\" data-id=\"0237b61\" data-element_type=\"widget\" data-e-type=\"widget\" data-widget_type=\"divider.default\">\n\t\t\t\t\t\t\t<div class=\"elementor-divider\">\n\t\t\t<span class=\"elementor-divider-separator\">\n\t\t\t\t\t\t<\/span>\n\t\t<\/div>\n\t\t\t\t\t\t<\/div>\n\t\t\t\t<div class=\"elementor-element elementor-element-3f249908 elementor-widget elementor-widget-text-editor\" data-id=\"3f249908\" data-element_type=\"widget\" data-e-type=\"widget\" data-widget_type=\"text-editor.default\">\n\t\t\t\t\t\t\t\t\t<p>A rotary drum screen is a mechanical filtration equipment designed for continuous liquid-solid separation. Used for the pre-treatment of urban wastewater or industrial effluents, it captures fine particles and suspended solids (SS) that are not removed by simple screening.<\/p><p>The operation of the PROMEL model is based on a rotating filter drum: the effluent passes through the screen (the mesh of which varies according to the fine filtration requirements), while solid waste is captured on the surface and then automatically discharged by a washing system. This technology guarantees continuous self-cleaning, ensuring a constant flow rate and reduced maintenance.<\/p>\t\t\t\t\t\t\t\t<\/div>\n\t\t\t\t\t<\/div>\n\t\t\t\t<\/div>\n\t\t<div class=\"elementor-element elementor-element-f9c73c8 e-flex e-con-boxed e-con e-parent\" data-id=\"f9c73c8\" data-element_type=\"container\" data-e-type=\"container\">\n\t\t\t\t\t<div class=\"e-con-inner\">\n\t\t<div class=\"elementor-element elementor-element-671a09f e-con-full e-flex e-con e-child\" data-id=\"671a09f\" data-element_type=\"container\" data-e-type=\"container\">\n\t\t\t\t<div class=\"elementor-element elementor-element-e10a053 elementor-widget elementor-widget-image\" data-id=\"e10a053\" data-element_type=\"widget\" data-e-type=\"widget\" data-widget_type=\"image.default\">\n\t\t\t\t\t\t\t\t\t\t\t\t\t\t\t<img fetchpriority=\"high\" decoding=\"async\" width=\"1024\" height=\"1024\" src=\"https:\/\/fbprocedes.com\/wp-content\/uploads\/2026\/01\/tamis-rotatif-promel.jpg\" class=\"attachment-full size-full wp-image-3779\" alt=\"Tamis rotatif promel sur une station d&#039;\u00e9puration\" srcset=\"https:\/\/fbprocedes.com\/wp-content\/uploads\/2026\/01\/tamis-rotatif-promel.jpg 1024w, https:\/\/fbprocedes.com\/wp-content\/uploads\/2026\/01\/tamis-rotatif-promel-300x300.jpg 300w, https:\/\/fbprocedes.com\/wp-content\/uploads\/2026\/01\/tamis-rotatif-promel-150x150.jpg 150w, https:\/\/fbprocedes.com\/wp-content\/uploads\/2026\/01\/tamis-rotatif-promel-768x768.jpg 768w, https:\/\/fbprocedes.com\/wp-content\/uploads\/2026\/01\/tamis-rotatif-promel-12x12.jpg 12w\" sizes=\"(max-width: 1024px) 100vw, 1024px\" \/>\t\t\t\t\t\t\t\t\t\t\t\t\t\t\t<\/div>\n\t\t\t\t<\/div>\n\t\t<div class=\"elementor-element elementor-element-80afe40 e-con-full e-flex e-con e-child\" data-id=\"80afe40\" data-element_type=\"container\" data-e-type=\"container\">\n\t\t\t\t<div class=\"elementor-element elementor-element-b12d1bd elementor-widget elementor-widget-heading\" data-id=\"b12d1bd\" data-element_type=\"widget\" data-e-type=\"widget\" data-widget_type=\"heading.default\">\n\t\t\t\t\t<h2 class=\"elementor-heading-title elementor-size-default\">A robust stainless steel design for pretreatment<\/h2>\t\t\t\t<\/div>\n\t\t\t\t<div class=\"elementor-element elementor-element-8e70f2c elementor-widget-divider--view-line elementor-widget elementor-widget-divider\" data-id=\"8e70f2c\" data-element_type=\"widget\" data-e-type=\"widget\" data-widget_type=\"divider.default\">\n\t\t\t\t\t\t\t<div class=\"elementor-divider\">\n\t\t\t<span class=\"elementor-divider-separator\">\n\t\t\t\t\t\t<\/span>\n\t\t<\/div>\n\t\t\t\t\t\t<\/div>\n\t\t\t\t<div class=\"elementor-element elementor-element-7382e71 elementor-widget elementor-widget-text-editor\" data-id=\"7382e71\" data-element_type=\"widget\" data-e-type=\"widget\" data-widget_type=\"text-editor.default\">\n\t\t\t\t\t\t\t\t\t<p>The PROMEL model is an internally fed drum screen designed to ensure efficient liquid-solid separation. Entirely manufactured in 304L or 316L stainless steel, it guarantees optimal resistance in the most demanding environments.<\/p><ul><li>Maximum flow rate: Up to 100 m\u00b3\/h.<\/li><li>Filtration mesh: From 0.8 to 3.0 mm for increased precision.<\/li><li>High-performance drum: Diameter from 400 to 640 mm with a 5\u00b0 inclination.<\/li><\/ul>\t\t\t\t\t\t\t\t<\/div>\n\t\t\t\t<\/div>\n\t\t\t\t\t<\/div>\n\t\t\t\t<\/div>\n\t\t<div class=\"elementor-element elementor-element-5bb2e2a e-flex e-con-boxed e-con e-parent\" data-id=\"5bb2e2a\" data-element_type=\"container\" data-e-type=\"container\">\n\t\t\t\t\t<div class=\"e-con-inner\">\n\t\t<div class=\"elementor-element elementor-element-7a25fb27 e-con-full e-flex e-con e-child\" data-id=\"7a25fb27\" data-element_type=\"container\" data-e-type=\"container\">\n\t\t\t\t<div class=\"elementor-element elementor-element-e7ff21d elementor-widget elementor-widget-heading\" data-id=\"e7ff21d\" data-element_type=\"widget\" data-e-type=\"widget\" data-widget_type=\"heading.default\">\n\t\t\t\t\t<h2 class=\"elementor-heading-title elementor-size-default\">A self-cleaning rotation operating principle<\/h2>\t\t\t\t<\/div>\n\t\t\t\t<div class=\"elementor-element elementor-element-00b0ecd elementor-widget-divider--view-line elementor-widget elementor-widget-divider\" data-id=\"00b0ecd\" data-element_type=\"widget\" data-e-type=\"widget\" data-widget_type=\"divider.default\">\n\t\t\t\t\t\t\t<div class=\"elementor-divider\">\n\t\t\t<span class=\"elementor-divider-separator\">\n\t\t\t\t\t\t<\/span>\n\t\t<\/div>\n\t\t\t\t\t\t<\/div>\n\t\t\t\t<div class=\"elementor-element elementor-element-26f6ee3 elementor-widget elementor-widget-text-editor\" data-id=\"26f6ee3\" data-element_type=\"widget\" data-e-type=\"widget\" data-widget_type=\"text-editor.default\">\n\t\t\t\t\t\t\t\t\t<p>The effluent enters the drum where the water passes through the perforated plate while the waste is retained.<\/p><ul><li>Waste transfer: An internal screw flight directs the solids toward the discharge hopper by rotation.<\/li><li>Anti-clogging system: A rotary brush and a spray bar (flow rate 27 L\/min at 4 bar) ensure continuous cleanliness of the drum.<\/li><li>Reliable motorization: Equipped with a <a href=\"https:\/\/www.nord.com\/\">NORD gear motor<\/a> from 0.25 to 0.75 kW.<\/li><\/ul>\t\t\t\t\t\t\t\t<\/div>\n\t\t\t\t<\/div>\n\t\t<div class=\"elementor-element elementor-element-35e89ad e-con-full e-flex e-con e-child\" data-id=\"35e89ad\" data-element_type=\"container\" data-e-type=\"container\">\n\t\t\t\t<div class=\"elementor-element elementor-element-944576c elementor-widget elementor-widget-image\" data-id=\"944576c\" data-element_type=\"widget\" data-e-type=\"widget\" data-widget_type=\"image.default\">\n\t\t\t\t\t\t\t\t\t\t\t\t\t\t\t<img decoding=\"async\" width=\"800\" height=\"602\" src=\"https:\/\/fbprocedes.com\/wp-content\/uploads\/2026\/01\/tamis-rotatif-pretraitement-promel.jpg\" class=\"attachment-large size-large wp-image-3778\" alt=\"Vue 3D du tamis rotatif promel de fb proc\u00e9d\u00e9s\" srcset=\"https:\/\/fbprocedes.com\/wp-content\/uploads\/2026\/01\/tamis-rotatif-pretraitement-promel.jpg 1024w, https:\/\/fbprocedes.com\/wp-content\/uploads\/2026\/01\/tamis-rotatif-pretraitement-promel-300x226.jpg 300w, https:\/\/fbprocedes.com\/wp-content\/uploads\/2026\/01\/tamis-rotatif-pretraitement-promel-768x578.jpg 768w, https:\/\/fbprocedes.com\/wp-content\/uploads\/2026\/01\/tamis-rotatif-pretraitement-promel-16x12.jpg 16w\" sizes=\"(max-width: 800px) 100vw, 800px\" \/>\t\t\t\t\t\t\t\t\t\t\t\t\t\t\t<\/div>\n\t\t\t\t<\/div>\n\t\t\t\t\t<\/div>\n\t\t\t\t<\/div>\n\t\t<div class=\"elementor-element elementor-element-1936f732 e-flex e-con-boxed e-con e-parent\" data-id=\"1936f732\" data-element_type=\"container\" data-e-type=\"container\" data-settings=\"{&quot;background_background&quot;:&quot;classic&quot;}\">\n\t\t\t\t\t<div class=\"e-con-inner\">\n\t\t<div class=\"elementor-element elementor-element-57fb0133 e-con-full e-flex e-con e-child\" data-id=\"57fb0133\" data-element_type=\"container\" data-e-type=\"container\">\n\t\t\t\t<div class=\"elementor-element elementor-element-4776a232 elementor-widget elementor-widget-heading\" data-id=\"4776a232\" data-element_type=\"widget\" data-e-type=\"widget\" data-widget_type=\"heading.default\">\n\t\t\t\t\t<h2 class=\"elementor-heading-title elementor-size-default\">Simplified and secure maintenance<\/h2>\t\t\t\t<\/div>\n\t\t\t\t<div class=\"elementor-element elementor-element-75a6b3f7 elementor-widget-divider--view-line elementor-widget elementor-widget-divider\" data-id=\"75a6b3f7\" data-element_type=\"widget\" data-e-type=\"widget\" data-widget_type=\"divider.default\">\n\t\t\t\t\t\t\t<div class=\"elementor-divider\">\n\t\t\t<span class=\"elementor-divider-separator\">\n\t\t\t\t\t\t<\/span>\n\t\t<\/div>\n\t\t\t\t\t\t<\/div>\n\t\t\t\t<div class=\"elementor-element elementor-element-3845e56c elementor-widget elementor-widget-text-editor\" data-id=\"3845e56c\" data-element_type=\"widget\" data-e-type=\"widget\" data-widget_type=\"text-editor.default\">\n\t\t\t\t\t\t\t\t\t<p>The PROMEL has been designed to reduce downtime thanks to optimized ergonomics:<\/p><ul><li>Full access: Hinged top cover and removable side panels with 1\/4-turn key.<\/li><li>Intuitive control: Control box with \"forward-reverse\" functions, \"forced rinse\", and emergency stop.<\/li><li>Maximum safety: Safety switches connected to the cover and the hopper.<\/li><\/ul>\t\t\t\t\t\t\t\t<\/div>\n\t\t\t\t<\/div>\n\t\t<div class=\"elementor-element elementor-element-6015425c e-con-full e-flex e-con e-child\" data-id=\"6015425c\" data-element_type=\"container\" data-e-type=\"container\">\n\t\t\t\t<div class=\"elementor-element elementor-element-32aaf8dc elementor-widget elementor-widget-heading\" data-id=\"32aaf8dc\" data-element_type=\"widget\" data-e-type=\"widget\" data-widget_type=\"heading.default\">\n\t\t\t\t\t<h2 class=\"elementor-heading-title elementor-size-default\">Options and modularity for your installations<\/h2>\t\t\t\t<\/div>\n\t\t\t\t<div class=\"elementor-element elementor-element-5649564 elementor-widget-divider--view-line elementor-widget elementor-widget-divider\" data-id=\"5649564\" data-element_type=\"widget\" data-e-type=\"widget\" data-widget_type=\"divider.default\">\n\t\t\t\t\t\t\t<div class=\"elementor-divider\">\n\t\t\t<span class=\"elementor-divider-separator\">\n\t\t\t\t\t\t<\/span>\n\t\t<\/div>\n\t\t\t\t\t\t<\/div>\n\t\t\t\t<div class=\"elementor-element elementor-element-66e6868b elementor-widget elementor-widget-text-editor\" data-id=\"66e6868b\" data-element_type=\"widget\" data-e-type=\"widget\" data-widget_type=\"text-editor.default\">\n\t\t\t\t\t\t\t\t\t<p>To adapt to your configuration, FB Proc\u00e9d\u00e9s offers various options:<\/p><ul><li>Overflow protection in case of accidental clogging.<\/li><li>Frame with adjustable support legs for perfect leveling.<\/li><li>Possibility of direct coupling with our screw compactors or presses.<\/li><li>Extensions, adaptation chutes, and custom-made electrical control panels.<\/li><li><span data-teams=\"true\">Bypass with metal channel equipped with a manual screen.<\/span><\/li><\/ul>\t\t\t\t\t\t\t\t<\/div>\n\t\t\t\t<\/div>\n\t\t\t\t\t<\/div>\n\t\t\t\t<\/div>\n\t\t<div class=\"elementor-element elementor-element-5cb28fe3 e-flex e-con-boxed e-con e-parent\" data-id=\"5cb28fe3\" data-element_type=\"container\" data-e-type=\"container\">\n\t\t\t\t\t<div class=\"e-con-inner\">\n\t\t\t\t<div class=\"elementor-element elementor-element-2ffb1641 elementor-widget elementor-widget-button\" data-id=\"2ffb1641\" data-element_type=\"widget\" data-e-type=\"widget\" data-widget_type=\"button.default\">\n\t\t\t\t\t\t\t\t\t\t<a class=\"elementor-button elementor-button-link elementor-size-sm\" href=\"https:\/\/fbprocedes.com\/wp-content\/uploads\/2026\/01\/Fiche-Produit-Tamis-PROMEL-FR.pdf\">\n\t\t\t\t\t\t<span class=\"elementor-button-content-wrapper\">\n\t\t\t\t\t\t\t\t\t<span class=\"elementor-button-text\">Download the product datasheet<\/span>\n\t\t\t\t\t<\/span>\n\t\t\t\t\t<\/a>\n\t\t\t\t\t\t\t\t<\/div>\n\t\t\t\t\t<\/div>\n\t\t\t\t<\/div>\n\t\t<div class=\"elementor-element elementor-element-292f4e95 e-flex e-con-boxed e-con e-parent\" data-id=\"292f4e95\" data-element_type=\"container\" data-e-type=\"container\">\n\t\t\t\t\t<div class=\"e-con-inner\">\n\t\t\t\t<div class=\"elementor-element elementor-element-1af7e008 elementor-widget elementor-widget-heading\" data-id=\"1af7e008\" data-element_type=\"widget\" data-e-type=\"widget\" data-widget_type=\"heading.default\">\n\t\t\t\t\t<h2 class=\"elementor-heading-title elementor-size-default\">Our other pretreatment solutions<\/h2>\t\t\t\t<\/div>\n\t\t\t\t<div class=\"elementor-element elementor-element-5a5c5ca8 elementor-widget-divider--view-line elementor-widget elementor-widget-divider\" data-id=\"5a5c5ca8\" data-element_type=\"widget\" data-e-type=\"widget\" data-widget_type=\"divider.default\">\n\t\t\t\t\t\t\t<div class=\"elementor-divider\">\n\t\t\t<span class=\"elementor-divider-separator\">\n\t\t\t\t\t\t<\/span>\n\t\t<\/div>\n\t\t\t\t\t\t<\/div>\n\t\t\t\t\t<\/div>\n\t\t\t\t<\/div>\n\t\t<div class=\"elementor-element elementor-element-7bac89c2 e-grid e-con-boxed e-con e-parent\" data-id=\"7bac89c2\" data-element_type=\"container\" data-e-type=\"container\">\n\t\t\t\t\t<div class=\"e-con-inner\">\n\t\t<div class=\"elementor-element elementor-element-27165a86 e-con-full e-flex e-con e-child\" data-id=\"27165a86\" data-element_type=\"container\" data-e-type=\"container\" data-settings=\"{&quot;background_background&quot;:&quot;classic&quot;}\">\n\t\t\t\t<div class=\"elementor-element elementor-element-620caa01 elementor-widget elementor-widget-image\" data-id=\"620caa01\" data-element_type=\"widget\" data-e-type=\"widget\" data-widget_type=\"image.default\">\n\t\t\t\t\t\t\t\t\t\t\t\t\t\t\t<img decoding=\"async\" width=\"500\" height=\"500\" src=\"https:\/\/fbprocedes.com\/wp-content\/uploads\/2025\/12\/degrilleur-sg400.jpg\" class=\"attachment-medium_large size-medium_large wp-image-875\" alt=\"3D CAD view of a vertical SG400 Bar Screen\" srcset=\"https:\/\/fbprocedes.com\/wp-content\/uploads\/2025\/12\/degrilleur-sg400.jpg 500w, https:\/\/fbprocedes.com\/wp-content\/uploads\/2025\/12\/degrilleur-sg400-300x300.jpg 300w, https:\/\/fbprocedes.com\/wp-content\/uploads\/2025\/12\/degrilleur-sg400-150x150.jpg 150w\" sizes=\"(max-width: 500px) 100vw, 500px\" \/>\t\t\t\t\t\t\t\t\t\t\t\t\t\t\t<\/div>\n\t\t\t\t<div class=\"elementor-element elementor-element-4c982229 elementor-widget elementor-widget-heading\" data-id=\"4c982229\" data-element_type=\"widget\" data-e-type=\"widget\" data-widget_type=\"heading.default\">\n\t\t\t\t\t<h3 class=\"elementor-heading-title elementor-size-default\">Bar Screen SG400<\/h3>\t\t\t\t<\/div>\n\t\t\t\t<div class=\"elementor-element elementor-element-34b45d2a elementor-widget elementor-widget-text-editor\" data-id=\"34b45d2a\" data-element_type=\"widget\" data-e-type=\"widget\" data-widget_type=\"text-editor.default\">\n\t\t\t\t\t\t\t\t\t<p style=\"text-align: center;\">400 mm wide automatic vertical bar screen for flow rates up to 120 m3\/h<\/p>\t\t\t\t\t\t\t\t<\/div>\n\t\t\t\t<div class=\"elementor-element elementor-element-f21dca3 elementor-align-center elementor-widget elementor-widget-button\" data-id=\"f21dca3\" data-element_type=\"widget\" data-e-type=\"widget\" data-widget_type=\"button.default\">\n\t\t\t\t\t\t\t\t\t\t<a class=\"elementor-button elementor-button-link elementor-size-sm\" href=\"\/en\/bar-screen-sg400\/\">\n\t\t\t\t\t\t<span class=\"elementor-button-content-wrapper\">\n\t\t\t\t\t\t\t\t\t<span class=\"elementor-button-text\">See<\/span>\n\t\t\t\t\t<\/span>\n\t\t\t\t\t<\/a>\n\t\t\t\t\t\t\t\t<\/div>\n\t\t\t\t<\/div>\n\t\t<div class=\"elementor-element elementor-element-893c66e e-con-full e-flex e-con e-child\" data-id=\"893c66e\" data-element_type=\"container\" data-e-type=\"container\" data-settings=\"{&quot;background_background&quot;:&quot;classic&quot;}\">\n\t\t\t\t<div class=\"elementor-element elementor-element-2137867a elementor-widget elementor-widget-image\" data-id=\"2137867a\" data-element_type=\"widget\" data-e-type=\"widget\" data-widget_type=\"image.default\">\n\t\t\t\t\t\t\t\t\t\t\t\t\t\t\t<img loading=\"lazy\" decoding=\"async\" width=\"500\" height=\"500\" src=\"https:\/\/fbprocedes.com\/wp-content\/uploads\/2025\/12\/degrilleur-ng.jpg\" class=\"attachment-medium_large size-medium_large wp-image-873\" alt=\"3D CAD view of a vertical NG Bar Screen\" srcset=\"https:\/\/fbprocedes.com\/wp-content\/uploads\/2025\/12\/degrilleur-ng.jpg 500w, https:\/\/fbprocedes.com\/wp-content\/uploads\/2025\/12\/degrilleur-ng-300x300.jpg 300w, https:\/\/fbprocedes.com\/wp-content\/uploads\/2025\/12\/degrilleur-ng-150x150.jpg 150w\" sizes=\"(max-width: 500px) 100vw, 500px\" \/>\t\t\t\t\t\t\t\t\t\t\t\t\t\t\t<\/div>\n\t\t\t\t<div class=\"elementor-element elementor-element-2136e144 elementor-widget elementor-widget-heading\" data-id=\"2136e144\" data-element_type=\"widget\" data-e-type=\"widget\" data-widget_type=\"heading.default\">\n\t\t\t\t\t<h3 class=\"elementor-heading-title elementor-size-default\">Bar Screen NG<\/h3>\t\t\t\t<\/div>\n\t\t\t\t<div class=\"elementor-element elementor-element-78f902ca elementor-widget elementor-widget-text-editor\" data-id=\"78f902ca\" data-element_type=\"widget\" data-e-type=\"widget\" data-widget_type=\"text-editor.default\">\n\t\t\t\t\t\t\t\t\t<p style=\"text-align: center;\">Customised automatic vertical bar screen for flow rates up to 6000 m3\/h<\/p>\t\t\t\t\t\t\t\t<\/div>\n\t\t\t\t<div class=\"elementor-element elementor-element-316ac623 elementor-align-center elementor-widget elementor-widget-button\" data-id=\"316ac623\" data-element_type=\"widget\" data-e-type=\"widget\" data-widget_type=\"button.default\">\n\t\t\t\t\t\t\t\t\t\t<a class=\"elementor-button elementor-button-link elementor-size-sm\" href=\"\/en\/bar-screen-ng\/\">\n\t\t\t\t\t\t<span class=\"elementor-button-content-wrapper\">\n\t\t\t\t\t\t\t\t\t<span class=\"elementor-button-text\">See<\/span>\n\t\t\t\t\t<\/span>\n\t\t\t\t\t<\/a>\n\t\t\t\t\t\t\t\t<\/div>\n\t\t\t\t<\/div>\n\t\t<div class=\"elementor-element elementor-element-38237d42 e-con-full e-flex e-con e-child\" data-id=\"38237d42\" data-element_type=\"container\" data-e-type=\"container\" data-settings=\"{&quot;background_background&quot;:&quot;classic&quot;}\">\n\t\t\t\t<div class=\"elementor-element elementor-element-33b906d0 elementor-widget elementor-widget-image\" data-id=\"33b906d0\" data-element_type=\"widget\" data-e-type=\"widget\" data-widget_type=\"image.default\">\n\t\t\t\t\t\t\t\t\t\t\t\t\t\t\t<img loading=\"lazy\" decoding=\"async\" width=\"500\" height=\"500\" src=\"https:\/\/fbprocedes.com\/wp-content\/uploads\/2025\/12\/degrilleur-xg.jpg\" class=\"attachment-medium_large size-medium_large wp-image-874\" alt=\"3D CAD view of a vertical XG Bar Screen\" srcset=\"https:\/\/fbprocedes.com\/wp-content\/uploads\/2025\/12\/degrilleur-xg.jpg 500w, https:\/\/fbprocedes.com\/wp-content\/uploads\/2025\/12\/degrilleur-xg-300x300.jpg 300w, https:\/\/fbprocedes.com\/wp-content\/uploads\/2025\/12\/degrilleur-xg-150x150.jpg 150w\" sizes=\"(max-width: 500px) 100vw, 500px\" \/>\t\t\t\t\t\t\t\t\t\t\t\t\t\t\t<\/div>\n\t\t\t\t<div class=\"elementor-element elementor-element-2319d98c elementor-widget elementor-widget-heading\" data-id=\"2319d98c\" data-element_type=\"widget\" data-e-type=\"widget\" data-widget_type=\"heading.default\">\n\t\t\t\t\t<h3 class=\"elementor-heading-title elementor-size-default\">Bar Screen XG<\/h3>\t\t\t\t<\/div>\n\t\t\t\t<div class=\"elementor-element elementor-element-629e836c elementor-widget elementor-widget-text-editor\" data-id=\"629e836c\" data-element_type=\"widget\" data-e-type=\"widget\" data-widget_type=\"text-editor.default\">\n\t\t\t\t\t\t\t\t\t<p style=\"text-align: center;\">Customised automatic vertical bar screen for flow rates up to 20,000 m3\/h<\/p>\t\t\t\t\t\t\t\t<\/div>\n\t\t\t\t<div class=\"elementor-element elementor-element-6f691a74 elementor-align-center elementor-widget elementor-widget-button\" data-id=\"6f691a74\" data-element_type=\"widget\" data-e-type=\"widget\" data-widget_type=\"button.default\">\n\t\t\t\t\t\t\t\t\t\t<a class=\"elementor-button elementor-button-link elementor-size-sm\" href=\"\/en\/bar-screen-xg\/\">\n\t\t\t\t\t\t<span class=\"elementor-button-content-wrapper\">\n\t\t\t\t\t\t\t\t\t<span class=\"elementor-button-text\">See<\/span>\n\t\t\t\t\t<\/span>\n\t\t\t\t\t<\/a>\n\t\t\t\t\t\t\t\t<\/div>\n\t\t\t\t<\/div>\n\t\t\t\t\t<\/div>\n\t\t\t\t<\/div>\n\t\t\t\t<\/div>","protected":false},"excerpt":{"rendered":"<p>Tamis rotatif PROMEL : filtration fine de 0,8 \u00e0 3 mm Le mod\u00e8le PROMEL est un tamis rotatif \u00e0 alimentation interne con\u00e7u pour le pr\u00e9traitement m\u00e9canique des eaux us\u00e9es. Sp\u00e9cialement \u00e9tudi\u00e9 pour la s\u00e9paration liquide-solide, il permet une filtration fine et pr\u00e9cise pour prot\u00e9ger vos installations de traitement. Nous contacter Qu&rsquo;est-ce qu&rsquo;un tamis rotatif ? [&hellip;]<\/p>\n","protected":false},"author":1,"featured_media":0,"parent":901,"menu_order":0,"comment_status":"closed","ping_status":"closed","template":"","meta":{"footnotes":""},"class_list":["post-3761","page","type-page","status-publish","hentry"],"aioseo_notices":[],"_links":{"self":[{"href":"https:\/\/fbprocedes.com\/en\/wp-json\/wp\/v2\/pages\/3761","targetHints":{"allow":["GET"]}}],"collection":[{"href":"https:\/\/fbprocedes.com\/en\/wp-json\/wp\/v2\/pages"}],"about":[{"href":"https:\/\/fbprocedes.com\/en\/wp-json\/wp\/v2\/types\/page"}],"author":[{"embeddable":true,"href":"https:\/\/fbprocedes.com\/en\/wp-json\/wp\/v2\/users\/1"}],"replies":[{"embeddable":true,"href":"https:\/\/fbprocedes.com\/en\/wp-json\/wp\/v2\/comments?post=3761"}],"version-history":[{"count":37,"href":"https:\/\/fbprocedes.com\/en\/wp-json\/wp\/v2\/pages\/3761\/revisions"}],"predecessor-version":[{"id":3861,"href":"https:\/\/fbprocedes.com\/en\/wp-json\/wp\/v2\/pages\/3761\/revisions\/3861"}],"up":[{"embeddable":true,"href":"https:\/\/fbprocedes.com\/en\/wp-json\/wp\/v2\/pages\/901"}],"wp:attachment":[{"href":"https:\/\/fbprocedes.com\/en\/wp-json\/wp\/v2\/media?parent=3761"}],"curies":[{"name":"wp","href":"https:\/\/api.w.org\/{rel}","templated":true}]}}