{"id":379,"date":"2025-11-26T14:02:02","date_gmt":"2025-11-26T13:02:02","guid":{"rendered":"https:\/\/fbprocedes.com\/?page_id=379"},"modified":"2026-04-03T09:47:59","modified_gmt":"2026-04-03T07:47:59","slug":"expertise","status":"publish","type":"page","link":"https:\/\/fbprocedes.com\/en\/notre-savoir-faire\/","title":{"rendered":"Our expertise"},"content":{"rendered":"<div data-elementor-type=\"wp-page\" data-elementor-id=\"379\" class=\"elementor elementor-379\" data-elementor-post-type=\"page\">\n\t\t\t\t<div class=\"elementor-element elementor-element-3be1a7c3 e-flex e-con-boxed e-con e-parent\" data-id=\"3be1a7c3\" data-element_type=\"container\" data-e-type=\"container\" data-settings=\"{&quot;background_background&quot;:&quot;classic&quot;}\">\n\t\t\t\t\t<div class=\"e-con-inner\">\n\t\t\t\t<div class=\"elementor-element elementor-element-6a21ba01 elementor-widget elementor-widget-heading\" data-id=\"6a21ba01\" data-element_type=\"widget\" data-e-type=\"widget\" data-widget_type=\"heading.default\">\n\t\t\t\t\t<h1 class=\"elementor-heading-title elementor-size-default\">Our expertise<\/h1>\t\t\t\t<\/div>\n\t\t\t\t<div class=\"elementor-element elementor-element-67ff503f elementor-widget elementor-widget-text-editor\" data-id=\"67ff503f\" data-element_type=\"widget\" data-e-type=\"widget\" data-widget_type=\"text-editor.default\">\n\t\t\t\t\t\t\t\t\t<p>Made up of 55 employees, the FB Proc\u00e9d\u00e9s team manages its entire product range, from design through to on-site installation.<\/p>\t\t\t\t\t\t\t\t<\/div>\n\t\t\t\t<div class=\"elementor-element elementor-element-5e71ade5 elementor-align-center elementor-widget elementor-widget-button\" data-id=\"5e71ade5\" data-element_type=\"widget\" data-e-type=\"widget\" data-widget_type=\"button.default\">\n\t\t\t\t\t\t\t\t\t\t<a class=\"elementor-button elementor-button-link elementor-size-sm\" href=\"\/en\/contact\/\">\n\t\t\t\t\t\t<span class=\"elementor-button-content-wrapper\">\n\t\t\t\t\t\t\t\t\t<span class=\"elementor-button-text\">Contact us<\/span>\n\t\t\t\t\t<\/span>\n\t\t\t\t\t<\/a>\n\t\t\t\t\t\t\t\t<\/div>\n\t\t\t\t\t<\/div>\n\t\t\t\t<\/div>\n\t\t<div class=\"elementor-element elementor-element-77b5e6a e-flex e-con-boxed e-con e-parent\" data-id=\"77b5e6a\" data-element_type=\"container\" data-e-type=\"container\">\n\t\t\t\t\t<div class=\"e-con-inner\">\n\t\t<div class=\"elementor-element elementor-element-9a33391 e-con-full e-flex e-con e-child\" data-id=\"9a33391\" data-element_type=\"container\" data-e-type=\"container\">\n\t\t\t\t<div class=\"elementor-element elementor-element-5a85e77 elementor-widget elementor-widget-text-editor\" data-id=\"5a85e77\" data-element_type=\"widget\" data-e-type=\"widget\" data-widget_type=\"text-editor.default\">\n\t\t\t\t\t\t\t\t\t<p>Our specialty: vertical automatic Bar Screens. Depending on requirements, we combine them with our own screw conveyors or compaction screws.<\/p><p>We also have proven expertise in the design and manufacture of rotary distributors for trickling filters.<\/p><p>Today, several thousand Bar Screens are installed in France and abroad. With steady growth, nearly 40 Bar Screens leave our workshops each month.<\/p><p>For wastewater, natural water, stormwater, or industrial water applications, FB Proc\u00e9d\u00e9s Bar Screens benefit from 35 years of experience in water treatment and are now recognized as a reference.<\/p><p>Experience, professionalism, and availability will guarantee a solution tailored to your needs.<\/p>\t\t\t\t\t\t\t\t<\/div>\n\t\t\t\t<\/div>\n\t\t\t\t\t<\/div>\n\t\t\t\t<\/div>\n\t\t<div class=\"elementor-element elementor-element-3456ab1 e-flex e-con-boxed e-con e-parent\" data-id=\"3456ab1\" data-element_type=\"container\" data-e-type=\"container\">\n\t\t\t\t\t<div class=\"e-con-inner\">\n\t\t<div class=\"elementor-element elementor-element-6fbf230 e-con-full e-flex e-con e-child\" data-id=\"6fbf230\" data-element_type=\"container\" data-e-type=\"container\">\n\t\t\t\t<div class=\"elementor-element elementor-element-e8f1269 elementor-widget elementor-widget-heading\" data-id=\"e8f1269\" data-element_type=\"widget\" data-e-type=\"widget\" data-widget_type=\"heading.default\">\n\t\t\t\t\t<h2 class=\"elementor-heading-title elementor-size-default\">Design and engineering: the expertise of our engineering department<\/h2>\t\t\t\t<\/div>\n\t\t\t\t<div class=\"elementor-element elementor-element-9252602 elementor-widget__width-initial elementor-widget-divider--view-line elementor-widget elementor-widget-divider\" data-id=\"9252602\" data-element_type=\"widget\" data-e-type=\"widget\" data-widget_type=\"divider.default\">\n\t\t\t\t\t\t\t<div class=\"elementor-divider\">\n\t\t\t<span class=\"elementor-divider-separator\">\n\t\t\t\t\t\t<\/span>\n\t\t<\/div>\n\t\t\t\t\t\t<\/div>\n\t\t\t\t<\/div>\n\t\t\t\t\t<\/div>\n\t\t\t\t<\/div>\n\t\t<div class=\"elementor-element elementor-element-81c8a78 e-flex e-con-boxed e-con e-parent\" data-id=\"81c8a78\" data-element_type=\"container\" data-e-type=\"container\">\n\t\t\t\t\t<div class=\"e-con-inner\">\n\t\t<div class=\"elementor-element elementor-element-125d4da e-con-full e-flex e-con e-child\" data-id=\"125d4da\" data-element_type=\"container\" data-e-type=\"container\">\n\t\t\t\t<div class=\"elementor-element elementor-element-7afed85 elementor-widget elementor-widget-text-editor\" data-id=\"7afed85\" data-element_type=\"widget\" data-e-type=\"widget\" data-widget_type=\"text-editor.default\">\n\t\t\t\t\t\t\t\t\t<p>Our engineering department is at the heart of innovation and technical design for our projects, with particular expertise in Bar Screening systems.<\/p><p>Made up of experienced engineers and technicians, it is committed to developing custom-designed Bar Screen solutions, tailored to the specific needs of each customer for wastewater treatment. From initial analysis to 3D modeling, including technical calculations, our team supports every stage of the process to ensure reliable, high-performance equipment that complies with current standards.<\/p><p>With a strong focus on innovation, our engineering department continuously explores new techniques and technologies to deliver ever more optimized and efficient Bar Screening solutions.<\/p>\t\t\t\t\t\t\t\t<\/div>\n\t\t\t\t<\/div>\n\t\t<div class=\"elementor-element elementor-element-2653e56 e-con-full e-flex e-con e-child\" data-id=\"2653e56\" data-element_type=\"container\" data-e-type=\"container\">\n\t\t\t\t<div class=\"elementor-element elementor-element-2c5d340 elementor-widget elementor-widget-image\" data-id=\"2c5d340\" data-element_type=\"widget\" data-e-type=\"widget\" data-widget_type=\"image.default\">\n\t\t\t\t\t\t\t\t\t\t\t\t\t\t\t<img fetchpriority=\"high\" decoding=\"async\" width=\"800\" height=\"492\" src=\"https:\/\/fbprocedes.com\/wp-content\/uploads\/2025\/11\/bureau-etudes-degrilleurs-1.webp\" class=\"attachment-large size-large wp-image-424\" alt=\"3D view of an automatic Bar Screen designed using CAD\" srcset=\"https:\/\/fbprocedes.com\/wp-content\/uploads\/2025\/11\/bureau-etudes-degrilleurs-1.webp 1000w, https:\/\/fbprocedes.com\/wp-content\/uploads\/2025\/11\/bureau-etudes-degrilleurs-1-300x185.webp 300w, https:\/\/fbprocedes.com\/wp-content\/uploads\/2025\/11\/bureau-etudes-degrilleurs-1-768x472.webp 768w\" sizes=\"(max-width: 800px) 100vw, 800px\" \/>\t\t\t\t\t\t\t\t\t\t\t\t\t\t\t<\/div>\n\t\t\t\t<\/div>\n\t\t\t\t\t<\/div>\n\t\t\t\t<\/div>\n\t\t<div class=\"elementor-element elementor-element-5008aa1 e-flex e-con-boxed e-con e-parent\" data-id=\"5008aa1\" data-element_type=\"container\" data-e-type=\"container\">\n\t\t\t\t\t<div class=\"e-con-inner\">\n\t\t<div class=\"elementor-element elementor-element-e8f342c e-con-full e-flex e-con e-child\" data-id=\"e8f342c\" data-element_type=\"container\" data-e-type=\"container\">\n\t\t\t\t<div class=\"elementor-element elementor-element-02c07b8 elementor-widget elementor-widget-heading\" data-id=\"02c07b8\" data-element_type=\"widget\" data-e-type=\"widget\" data-widget_type=\"heading.default\">\n\t\t\t\t\t<h2 class=\"elementor-heading-title elementor-size-default\">100% French manufacturing in our own workshops<\/h2>\t\t\t\t<\/div>\n\t\t\t\t<div class=\"elementor-element elementor-element-8625825 elementor-widget__width-initial elementor-widget-divider--view-line elementor-widget elementor-widget-divider\" data-id=\"8625825\" data-element_type=\"widget\" data-e-type=\"widget\" data-widget_type=\"divider.default\">\n\t\t\t\t\t\t\t<div class=\"elementor-divider\">\n\t\t\t<span class=\"elementor-divider-separator\">\n\t\t\t\t\t\t<\/span>\n\t\t<\/div>\n\t\t\t\t\t\t<\/div>\n\t\t\t\t<\/div>\n\t\t\t\t\t<\/div>\n\t\t\t\t<\/div>\n\t\t<div class=\"elementor-element elementor-element-f2db4c5 e-flex e-con-boxed e-con e-parent\" data-id=\"f2db4c5\" data-element_type=\"container\" data-e-type=\"container\">\n\t\t\t\t\t<div class=\"e-con-inner\">\n\t\t<div class=\"elementor-element elementor-element-010d8c6 e-con-full e-flex e-con e-child\" data-id=\"010d8c6\" data-element_type=\"container\" data-e-type=\"container\">\n\t\t\t\t<div class=\"elementor-element elementor-element-8e63371 elementor-widget elementor-widget-image\" data-id=\"8e63371\" data-element_type=\"widget\" data-e-type=\"widget\" data-widget_type=\"image.default\">\n\t\t\t\t\t\t\t\t\t\t\t\t\t\t\t<img decoding=\"async\" width=\"800\" height=\"534\" src=\"https:\/\/fbprocedes.com\/wp-content\/uploads\/2026\/04\/technicien-fbprocedes-montage-degrilleur.jpg\" class=\"attachment-large size-large wp-image-215292\" alt=\"FB Process Technician assembling a bar screen\" srcset=\"https:\/\/fbprocedes.com\/wp-content\/uploads\/2026\/04\/technicien-fbprocedes-montage-degrilleur.jpg 1024w, https:\/\/fbprocedes.com\/wp-content\/uploads\/2026\/04\/technicien-fbprocedes-montage-degrilleur-300x200.jpg 300w, https:\/\/fbprocedes.com\/wp-content\/uploads\/2026\/04\/technicien-fbprocedes-montage-degrilleur-768x512.jpg 768w, https:\/\/fbprocedes.com\/wp-content\/uploads\/2026\/04\/technicien-fbprocedes-montage-degrilleur-18x12.jpg 18w\" sizes=\"(max-width: 800px) 100vw, 800px\" \/>\t\t\t\t\t\t\t\t\t\t\t\t\t\t\t<\/div>\n\t\t\t\t<\/div>\n\t\t<div class=\"elementor-element elementor-element-a7d97e0 e-con-full e-flex e-con e-child\" data-id=\"a7d97e0\" data-element_type=\"container\" data-e-type=\"container\">\n\t\t\t\t<div class=\"elementor-element elementor-element-a5bbd2a elementor-widget elementor-widget-text-editor\" data-id=\"a5bbd2a\" data-element_type=\"widget\" data-e-type=\"widget\" data-widget_type=\"text-editor.default\">\n\t\t\t\t\t\t\t\t\t<p>All products in the FB Proc\u00e9d\u00e9s range are manufactured in our own workshops, benefiting from the experience and know-how of a skilled workforce, as well as from state-of-the-art technology (laser cutting, CNC press brakes, TIG and MAG welding stations, stainless steel pickling and passivation facilities, etc.).<\/p><p>A real added value in our preparation process, all Bar Screens are adjusted and tested in a pit with a diameter of 2,500 mm and a depth of 7,000 mm, located directly within our workshops. This allows us to check all mechanical and electrical aspects of each unit.<\/p><p>The objective is to eliminate any unforeseen issues during commissioning.<\/p>\t\t\t\t\t\t\t\t<\/div>\n\t\t\t\t<\/div>\n\t\t\t\t\t<\/div>\n\t\t\t\t<\/div>\n\t\t<div class=\"elementor-element elementor-element-74eed48 e-flex e-con-boxed e-con e-parent\" data-id=\"74eed48\" data-element_type=\"container\" data-e-type=\"container\" data-settings=\"{&quot;background_background&quot;:&quot;classic&quot;}\">\n\t\t\t\t\t<div class=\"e-con-inner\">\n\t\t<div class=\"elementor-element elementor-element-5d8ac40 e-con-full e-flex e-con e-child\" data-id=\"5d8ac40\" data-element_type=\"container\" data-e-type=\"container\">\n\t\t\t\t<div class=\"elementor-element elementor-element-4e934bf elementor-widget elementor-widget-heading\" data-id=\"4e934bf\" data-element_type=\"widget\" data-e-type=\"widget\" data-widget_type=\"heading.default\">\n\t\t\t\t\t<h2 class=\"elementor-heading-title elementor-size-default\">From our production site to your project site<\/h2>\t\t\t\t<\/div>\n\t\t\t\t<div class=\"elementor-element elementor-element-0b2fb5f elementor-widget__width-initial elementor-widget-divider--view-line elementor-widget elementor-widget-divider\" data-id=\"0b2fb5f\" data-element_type=\"widget\" data-e-type=\"widget\" data-widget_type=\"divider.default\">\n\t\t\t\t\t\t\t<div class=\"elementor-divider\">\n\t\t\t<span class=\"elementor-divider-separator\">\n\t\t\t\t\t\t<\/span>\n\t\t<\/div>\n\t\t\t\t\t\t<\/div>\n\t\t\t\t<\/div>\n\t\t\t\t\t<\/div>\n\t\t\t\t<\/div>\n\t\t<div class=\"elementor-element elementor-element-616ef53 e-flex e-con-boxed e-con e-parent\" data-id=\"616ef53\" data-element_type=\"container\" data-e-type=\"container\" data-settings=\"{&quot;background_background&quot;:&quot;classic&quot;}\">\n\t\t\t\t\t<div class=\"e-con-inner\">\n\t\t<div class=\"elementor-element elementor-element-02a740a e-con-full e-flex e-con e-child\" data-id=\"02a740a\" data-element_type=\"container\" data-e-type=\"container\">\n\t\t\t\t<div class=\"elementor-element elementor-element-abddf59 elementor-widget elementor-widget-text-editor\" data-id=\"abddf59\" data-element_type=\"widget\" data-e-type=\"widget\" data-widget_type=\"text-editor.default\">\n\t\t\t\t\t\t\t\t\t<p>Upon leaving our workshops, our products are made available wrapped in plastic film and secured on wooden pallets (or in open crates for certain export destinations).<\/p><p>The installation of this equipment can be carried out by our technicians, regardless of the location. In most cases, the installation of our products does not exceed one day. It is also often an opportunity to train operating personnel.<\/p><p>Maintenance can also be entrusted to us through a maintenance contract.<\/p>\t\t\t\t\t\t\t\t<\/div>\n\t\t\t\t<\/div>\n\t\t<div class=\"elementor-element elementor-element-cbec6ec e-con-full e-flex e-con e-child\" data-id=\"cbec6ec\" data-element_type=\"container\" data-e-type=\"container\">\n\t\t\t\t<div class=\"elementor-element elementor-element-a94fef9 elementor-widget elementor-widget-image\" data-id=\"a94fef9\" data-element_type=\"widget\" data-e-type=\"widget\" data-widget_type=\"image.default\">\n\t\t\t\t\t\t\t\t\t\t\t\t\t\t\t<img decoding=\"async\" width=\"800\" height=\"658\" src=\"https:\/\/fbprocedes.com\/wp-content\/uploads\/2025\/11\/transport-degrilleur.webp\" class=\"attachment-large size-large wp-image-425\" alt=\"Transport of a packaged Bar Screen using a forklift\" srcset=\"https:\/\/fbprocedes.com\/wp-content\/uploads\/2025\/11\/transport-degrilleur.webp 1000w, https:\/\/fbprocedes.com\/wp-content\/uploads\/2025\/11\/transport-degrilleur-300x247.webp 300w, https:\/\/fbprocedes.com\/wp-content\/uploads\/2025\/11\/transport-degrilleur-768x632.webp 768w\" sizes=\"(max-width: 800px) 100vw, 800px\" \/>\t\t\t\t\t\t\t\t\t\t\t\t\t\t\t<\/div>\n\t\t\t\t<\/div>\n\t\t\t\t\t<\/div>\n\t\t\t\t<\/div>\n\t\t<div class=\"elementor-element elementor-element-df81d02 e-flex e-con-boxed e-con e-parent\" data-id=\"df81d02\" data-element_type=\"container\" data-e-type=\"container\">\n\t\t\t\t\t<div class=\"e-con-inner\">\n\t\t<div class=\"elementor-element elementor-element-e1cdac8 e-con-full e-flex e-con e-child\" data-id=\"e1cdac8\" data-element_type=\"container\" data-e-type=\"container\">\n\t\t\t\t<div class=\"elementor-element elementor-element-d5c2d0d elementor-widget elementor-widget-heading\" data-id=\"d5c2d0d\" data-element_type=\"widget\" data-e-type=\"widget\" data-widget_type=\"heading.default\">\n\t\t\t\t\t<h2 class=\"elementor-heading-title elementor-size-default\">A strong on-site presence for enhanced customer relations<\/h2>\t\t\t\t<\/div>\n\t\t\t\t<div class=\"elementor-element elementor-element-cdacbfe elementor-widget__width-initial elementor-widget-divider--view-line elementor-widget elementor-widget-divider\" data-id=\"cdacbfe\" data-element_type=\"widget\" data-e-type=\"widget\" data-widget_type=\"divider.default\">\n\t\t\t\t\t\t\t<div class=\"elementor-divider\">\n\t\t\t<span class=\"elementor-divider-separator\">\n\t\t\t\t\t\t<\/span>\n\t\t<\/div>\n\t\t\t\t\t\t<\/div>\n\t\t\t\t<\/div>\n\t\t\t\t\t<\/div>\n\t\t\t\t<\/div>\n\t\t<div class=\"elementor-element elementor-element-6300088 e-flex e-con-boxed e-con e-parent\" data-id=\"6300088\" data-element_type=\"container\" data-e-type=\"container\">\n\t\t\t\t\t<div class=\"e-con-inner\">\n\t\t<div class=\"elementor-element elementor-element-753bd3f e-con-full e-flex e-con e-child\" data-id=\"753bd3f\" data-element_type=\"container\" data-e-type=\"container\">\n\t\t\t\t<div class=\"elementor-element elementor-element-907e4d0 elementor-widget elementor-widget-image\" data-id=\"907e4d0\" data-element_type=\"widget\" data-e-type=\"widget\" data-widget_type=\"image.default\">\n\t\t\t\t\t\t\t\t\t\t\t\t\t\t\t<img loading=\"lazy\" decoding=\"async\" width=\"800\" height=\"534\" src=\"https:\/\/fbprocedes.com\/wp-content\/uploads\/2025\/11\/service-commercial.webp\" class=\"attachment-large size-large wp-image-426\" alt=\"Photo of a Bar Screen sales representative\" srcset=\"https:\/\/fbprocedes.com\/wp-content\/uploads\/2025\/11\/service-commercial.webp 1000w, https:\/\/fbprocedes.com\/wp-content\/uploads\/2025\/11\/service-commercial-300x200.webp 300w, https:\/\/fbprocedes.com\/wp-content\/uploads\/2025\/11\/service-commercial-768x512.webp 768w\" sizes=\"(max-width: 800px) 100vw, 800px\" \/>\t\t\t\t\t\t\t\t\t\t\t\t\t\t\t<\/div>\n\t\t\t\t<\/div>\n\t\t<div class=\"elementor-element elementor-element-ff3f283 e-con-full e-flex e-con e-child\" data-id=\"ff3f283\" data-element_type=\"container\" data-e-type=\"container\">\n\t\t\t\t<div class=\"elementor-element elementor-element-c7e1075 elementor-widget elementor-widget-text-editor\" data-id=\"c7e1075\" data-element_type=\"widget\" data-e-type=\"widget\" data-widget_type=\"text-editor.default\">\n\t\t\t\t\t\t\t\t\t<p>Our sales team is at your disposal for all your requests and will advise you in order to propose the equipment best suited to your needs.<\/p><p>Our sales managers, covering the entire French territory, can meet you on site to discuss your requirements, suggest an installation layout, take measurements for a specific project, or simply present our product range.<\/p><p>A team of design engineers, based in Nantes, handles all enquiries and is committed to providing you with our best technical and financial proposals as quickly as possible.<\/p><p>Finally, since 2010, we have been actively working to develop our international presence. Results followed quickly, with Bar Screens installed for example in North Africa and in the United States.<\/p>\t\t\t\t\t\t\t\t<\/div>\n\t\t\t\t<\/div>\n\t\t\t\t\t<\/div>\n\t\t\t\t<\/div>\n\t\t\t\t<\/div>","protected":false},"excerpt":{"rendered":"<p>Notre savoir-faire Constitu\u00e9e de 55 collaborateurs, l\u2019\u00e9quipe FB Proc\u00e9d\u00e9s g\u00e8re de la conception \u00e0 l\u2019installation sur site toute sa gamme de produits. Nous contacter Notre sp\u00e9cialit\u00e9\u00a0:\u00a0les d\u00e9grilleurs automatiques verticaux. Nous les associons, suivant les demandes, \u00e0 nos propres vis de transport ou de compactage. Nous poss\u00e9dons \u00e9galement un r\u00e9el savoir-faire dans la conception et la [&hellip;]<\/p>\n","protected":false},"author":1,"featured_media":0,"parent":0,"menu_order":0,"comment_status":"closed","ping_status":"closed","template":"","meta":{"footnotes":""},"class_list":["post-379","page","type-page","status-publish","hentry"],"aioseo_notices":[],"_links":{"self":[{"href":"https:\/\/fbprocedes.com\/en\/wp-json\/wp\/v2\/pages\/379","targetHints":{"allow":["GET"]}}],"collection":[{"href":"https:\/\/fbprocedes.com\/en\/wp-json\/wp\/v2\/pages"}],"about":[{"href":"https:\/\/fbprocedes.com\/en\/wp-json\/wp\/v2\/types\/page"}],"author":[{"embeddable":true,"href":"https:\/\/fbprocedes.com\/en\/wp-json\/wp\/v2\/users\/1"}],"replies":[{"embeddable":true,"href":"https:\/\/fbprocedes.com\/en\/wp-json\/wp\/v2\/comments?post=379"}],"version-history":[{"count":70,"href":"https:\/\/fbprocedes.com\/en\/wp-json\/wp\/v2\/pages\/379\/revisions"}],"predecessor-version":[{"id":215295,"href":"https:\/\/fbprocedes.com\/en\/wp-json\/wp\/v2\/pages\/379\/revisions\/215295"}],"wp:attachment":[{"href":"https:\/\/fbprocedes.com\/en\/wp-json\/wp\/v2\/media?parent=379"}],"curies":[{"name":"wp","href":"https:\/\/api.w.org\/{rel}","templated":true}]}}