{"id":475,"date":"2025-11-26T14:50:45","date_gmt":"2025-11-26T13:50:45","guid":{"rendered":"https:\/\/fbprocedes.com\/?page_id=475"},"modified":"2026-01-16T16:13:12","modified_gmt":"2026-01-16T15:13:12","slug":"screening-technology","status":"publish","type":"page","link":"https:\/\/fbprocedes.com\/en\/produits\/degrilleurs\/technologie-de-degrillage\/","title":{"rendered":"Screening Technology"},"content":{"rendered":"<div data-elementor-type=\"wp-page\" data-elementor-id=\"475\" class=\"elementor elementor-475\" data-elementor-post-type=\"page\">\n\t\t\t\t<div class=\"elementor-element elementor-element-3ce84037 e-flex e-con-boxed e-con e-parent\" data-id=\"3ce84037\" data-element_type=\"container\" data-e-type=\"container\" data-settings=\"{&quot;background_background&quot;:&quot;classic&quot;}\">\n\t\t\t\t\t<div class=\"e-con-inner\">\n\t\t\t\t<div class=\"elementor-element elementor-element-1d24ce3c elementor-widget elementor-widget-heading\" data-id=\"1d24ce3c\" data-element_type=\"widget\" data-e-type=\"widget\" data-widget_type=\"heading.default\">\n\t\t\t\t\t<h1 class=\"elementor-heading-title elementor-size-default\">Screening Technology<\/h1>\t\t\t\t<\/div>\n\t\t\t\t<div class=\"elementor-element elementor-element-4ab0e2f8 elementor-widget elementor-widget-text-editor\" data-id=\"4ab0e2f8\" data-element_type=\"widget\" data-e-type=\"widget\" data-widget_type=\"text-editor.default\">\n\t\t\t\t\t\t\t\t\t<p>Our gravity-based operating principle is applied to all our Bar Screens, regardless of their width or depth.<\/p>\t\t\t\t\t\t\t\t<\/div>\n\t\t\t\t<div class=\"elementor-element elementor-element-57a8e436 elementor-align-center elementor-widget elementor-widget-button\" data-id=\"57a8e436\" data-element_type=\"widget\" data-e-type=\"widget\" data-widget_type=\"button.default\">\n\t\t\t\t\t\t\t\t\t\t<a class=\"elementor-button elementor-button-link elementor-size-sm\" href=\"\/en\/products\/bar-screens\/\">\n\t\t\t\t\t\t<span class=\"elementor-button-content-wrapper\">\n\t\t\t\t\t\t\t\t\t<span class=\"elementor-button-text\">Discover our Bar Screens<\/span>\n\t\t\t\t\t<\/span>\n\t\t\t\t\t<\/a>\n\t\t\t\t\t\t\t\t<\/div>\n\t\t\t\t\t<\/div>\n\t\t\t\t<\/div>\n\t\t<div class=\"elementor-element elementor-element-59eb8606 e-flex e-con-boxed e-con e-parent\" data-id=\"59eb8606\" data-element_type=\"container\" data-e-type=\"container\">\n\t\t\t\t\t<div class=\"e-con-inner\">\n\t\t<div class=\"elementor-element elementor-element-4bbc2ba1 e-con-full e-flex e-con e-child\" data-id=\"4bbc2ba1\" data-element_type=\"container\" data-e-type=\"container\">\n\t\t\t\t<div class=\"elementor-element elementor-element-78df4e4c elementor-widget elementor-widget-text-editor\" data-id=\"78df4e4c\" data-element_type=\"widget\" data-e-type=\"widget\" data-widget_type=\"text-editor.default\">\n\t\t\t\t\t\t\t\t\t<p style=\"text-align: center;\">Our specialty: vertical automatic Bar Screens. Depending on requirements, we combine them with our own screw conveyors or compaction screws.<\/p><p style=\"text-align: center;\">We also have proven expertise in the design and manufacture of rotary distributors for trickling filters.<\/p><p style=\"text-align: center;\">Today, several thousand Bar Screens are installed in France and abroad. With steady growth, nearly 40 Bar Screens leave our workshops each month.<\/p><p style=\"text-align: center;\">For wastewater, natural water, stormwater, or industrial water applications, FB Proc\u00e9d\u00e9s Bar Screens benefit from 35 years of experience in water treatment and are now recognized as a reference.<\/p>\t\t\t\t\t\t\t\t<\/div>\n\t\t\t\t<\/div>\n\t\t\t\t\t<\/div>\n\t\t\t\t<\/div>\n\t\t<div class=\"elementor-element elementor-element-9179acb e-flex e-con-boxed e-con e-parent\" data-id=\"9179acb\" data-element_type=\"container\" data-e-type=\"container\">\n\t\t\t\t\t<div class=\"e-con-inner\">\n\t\t<div class=\"elementor-element elementor-element-23770286 e-con-full e-flex e-con e-child\" data-id=\"23770286\" data-element_type=\"container\" data-e-type=\"container\">\n\t\t\t\t<div class=\"elementor-element elementor-element-05c15dc elementor-widget elementor-widget-heading\" data-id=\"05c15dc\" data-element_type=\"widget\" data-e-type=\"widget\" data-widget_type=\"heading.default\">\n\t\t\t\t\t<h2 class=\"elementor-heading-title elementor-size-default\">Design and engineering: the expertise of our engineering department<\/h2>\t\t\t\t<\/div>\n\t\t\t\t<div class=\"elementor-element elementor-element-389568ed elementor-widget__width-initial elementor-widget-divider--view-line elementor-widget elementor-widget-divider\" data-id=\"389568ed\" data-element_type=\"widget\" data-e-type=\"widget\" data-widget_type=\"divider.default\">\n\t\t\t\t\t\t\t<div class=\"elementor-divider\">\n\t\t\t<span class=\"elementor-divider-separator\">\n\t\t\t\t\t\t<\/span>\n\t\t<\/div>\n\t\t\t\t\t\t<\/div>\n\t\t\t\t<\/div>\n\t\t\t\t\t<\/div>\n\t\t\t\t<\/div>\n\t\t<div class=\"elementor-element elementor-element-3daddc3 e-flex e-con-boxed e-con e-parent\" data-id=\"3daddc3\" data-element_type=\"container\" data-e-type=\"container\">\n\t\t\t\t\t<div class=\"e-con-inner\">\n\t\t<div class=\"elementor-element elementor-element-6529a0f e-con-full e-flex e-con e-child\" data-id=\"6529a0f\" data-element_type=\"container\" data-e-type=\"container\">\n\t\t\t\t<div class=\"elementor-element elementor-element-6d58a612 elementor-widget elementor-widget-text-editor\" data-id=\"6d58a612\" data-element_type=\"widget\" data-e-type=\"widget\" data-widget_type=\"text-editor.default\">\n\t\t\t\t\t\t\t\t\t<p>Our engineering department is at the heart of innovation and technical design for our projects, with particular expertise in Bar Screening systems.<\/p><p>Made up of experienced engineers and technicians, it is committed to developing custom-designed Bar Screen solutions, tailored to the specific needs of each customer for wastewater treatment. From initial analysis to 3D modeling, including technical calculations, our team supports every stage of the process to ensure reliable, high-performance equipment that complies with current standards.<\/p><p>With a strong focus on innovation, our engineering department continuously explores new techniques and technologies to deliver ever more optimized and efficient Bar Screening solutions.<\/p>\t\t\t\t\t\t\t\t<\/div>\n\t\t\t\t<\/div>\n\t\t<div class=\"elementor-element elementor-element-6b1aa413 e-con-full e-flex e-con e-child\" data-id=\"6b1aa413\" data-element_type=\"container\" data-e-type=\"container\">\n\t\t\t\t<div class=\"elementor-element elementor-element-1777e619 elementor-widget elementor-widget-image\" data-id=\"1777e619\" data-element_type=\"widget\" data-e-type=\"widget\" data-widget_type=\"image.default\">\n\t\t\t\t\t\t\t\t\t\t\t\t\t\t\t<img fetchpriority=\"high\" decoding=\"async\" width=\"800\" height=\"492\" src=\"https:\/\/fbprocedes.com\/wp-content\/uploads\/2025\/11\/bureau-etudes-degrilleurs-1.webp\" class=\"attachment-large size-large wp-image-424\" alt=\"3D view of an automatic Bar Screen designed using CAD\" srcset=\"https:\/\/fbprocedes.com\/wp-content\/uploads\/2025\/11\/bureau-etudes-degrilleurs-1.webp 1000w, https:\/\/fbprocedes.com\/wp-content\/uploads\/2025\/11\/bureau-etudes-degrilleurs-1-300x185.webp 300w, https:\/\/fbprocedes.com\/wp-content\/uploads\/2025\/11\/bureau-etudes-degrilleurs-1-768x472.webp 768w\" sizes=\"(max-width: 800px) 100vw, 800px\" \/>\t\t\t\t\t\t\t\t\t\t\t\t\t\t\t<\/div>\n\t\t\t\t<\/div>\n\t\t\t\t\t<\/div>\n\t\t\t\t<\/div>\n\t\t<div class=\"elementor-element elementor-element-67705512 e-flex e-con-boxed e-con e-parent\" data-id=\"67705512\" data-element_type=\"container\" data-e-type=\"container\">\n\t\t\t\t\t<div class=\"e-con-inner\">\n\t\t<div class=\"elementor-element elementor-element-ae5dad8 e-con-full e-flex e-con e-child\" data-id=\"ae5dad8\" data-element_type=\"container\" data-e-type=\"container\">\n\t\t\t\t<div class=\"elementor-element elementor-element-b9370a0 elementor-widget elementor-widget-heading\" data-id=\"b9370a0\" data-element_type=\"widget\" data-e-type=\"widget\" data-widget_type=\"heading.default\">\n\t\t\t\t\t<h2 class=\"elementor-heading-title elementor-size-default\">100% French manufacturing in our own workshops<\/h2>\t\t\t\t<\/div>\n\t\t\t\t<div class=\"elementor-element elementor-element-2cb4d738 elementor-widget__width-initial elementor-widget-divider--view-line elementor-widget elementor-widget-divider\" data-id=\"2cb4d738\" data-element_type=\"widget\" data-e-type=\"widget\" data-widget_type=\"divider.default\">\n\t\t\t\t\t\t\t<div class=\"elementor-divider\">\n\t\t\t<span class=\"elementor-divider-separator\">\n\t\t\t\t\t\t<\/span>\n\t\t<\/div>\n\t\t\t\t\t\t<\/div>\n\t\t\t\t<\/div>\n\t\t\t\t\t<\/div>\n\t\t\t\t<\/div>\n\t\t<div class=\"elementor-element elementor-element-acafb26 e-flex e-con-boxed e-con e-parent\" data-id=\"acafb26\" data-element_type=\"container\" data-e-type=\"container\">\n\t\t\t\t\t<div class=\"e-con-inner\">\n\t\t<div class=\"elementor-element elementor-element-226b7bec e-con-full e-flex e-con e-child\" data-id=\"226b7bec\" data-element_type=\"container\" data-e-type=\"container\">\n\t\t\t\t<div class=\"elementor-element elementor-element-143510c3 elementor-widget elementor-widget-image\" data-id=\"143510c3\" data-element_type=\"widget\" data-e-type=\"widget\" data-widget_type=\"image.default\">\n\t\t\t\t\t\t\t\t\t\t\t\t\t\t\t<img decoding=\"async\" width=\"800\" height=\"600\" src=\"https:\/\/fbprocedes.com\/wp-content\/uploads\/2025\/11\/fabrication-degrilleur.webp\" class=\"attachment-large size-large wp-image-430\" alt=\"Technician assembling a Bar Screen in the production workshop\" srcset=\"https:\/\/fbprocedes.com\/wp-content\/uploads\/2025\/11\/fabrication-degrilleur.webp 1000w, https:\/\/fbprocedes.com\/wp-content\/uploads\/2025\/11\/fabrication-degrilleur-300x225.webp 300w, https:\/\/fbprocedes.com\/wp-content\/uploads\/2025\/11\/fabrication-degrilleur-768x576.webp 768w\" sizes=\"(max-width: 800px) 100vw, 800px\" \/>\t\t\t\t\t\t\t\t\t\t\t\t\t\t\t<\/div>\n\t\t\t\t<\/div>\n\t\t<div class=\"elementor-element elementor-element-5da27df7 e-con-full e-flex e-con e-child\" data-id=\"5da27df7\" data-element_type=\"container\" data-e-type=\"container\">\n\t\t\t\t<div class=\"elementor-element elementor-element-11310618 elementor-widget elementor-widget-text-editor\" data-id=\"11310618\" data-element_type=\"widget\" data-e-type=\"widget\" data-widget_type=\"text-editor.default\">\n\t\t\t\t\t\t\t\t\t<p>All products in the FB Proc\u00e9d\u00e9s range are manufactured in our own workshops, benefiting from the experience and know-how of a skilled workforce, as well as from state-of-the-art technology (laser cutting, CNC press brakes, TIG and MAG welding stations, stainless steel pickling and passivation facilities, etc.).<\/p><p>A real added value in our preparation process, all Bar Screens are adjusted and tested in a pit with a diameter of 2,500 mm and a depth of 7,000 mm, located directly within our workshops. This allows us to check all mechanical and electrical aspects of each unit.<\/p><p>The objective is to eliminate any unforeseen issues during commissioning.<\/p>\t\t\t\t\t\t\t\t<\/div>\n\t\t\t\t<\/div>\n\t\t\t\t\t<\/div>\n\t\t\t\t<\/div>\n\t\t<div class=\"elementor-element elementor-element-1244ae61 e-flex e-con-boxed e-con e-parent\" data-id=\"1244ae61\" data-element_type=\"container\" data-e-type=\"container\">\n\t\t\t\t\t<div class=\"e-con-inner\">\n\t\t<div class=\"elementor-element elementor-element-3e775006 e-con-full e-flex e-con e-child\" data-id=\"3e775006\" data-element_type=\"container\" data-e-type=\"container\">\n\t\t\t\t<div class=\"elementor-element elementor-element-bf621cd elementor-widget elementor-widget-heading\" data-id=\"bf621cd\" data-element_type=\"widget\" data-e-type=\"widget\" data-widget_type=\"heading.default\">\n\t\t\t\t\t<h2 class=\"elementor-heading-title elementor-size-default\">From our production site to your project site<\/h2>\t\t\t\t<\/div>\n\t\t\t\t<div class=\"elementor-element elementor-element-5c8cc2cd elementor-widget__width-initial elementor-widget-divider--view-line elementor-widget elementor-widget-divider\" data-id=\"5c8cc2cd\" data-element_type=\"widget\" data-e-type=\"widget\" data-widget_type=\"divider.default\">\n\t\t\t\t\t\t\t<div class=\"elementor-divider\">\n\t\t\t<span class=\"elementor-divider-separator\">\n\t\t\t\t\t\t<\/span>\n\t\t<\/div>\n\t\t\t\t\t\t<\/div>\n\t\t\t\t<\/div>\n\t\t\t\t\t<\/div>\n\t\t\t\t<\/div>\n\t\t<div class=\"elementor-element elementor-element-31a4b55c e-flex e-con-boxed e-con e-parent\" data-id=\"31a4b55c\" data-element_type=\"container\" data-e-type=\"container\">\n\t\t\t\t\t<div class=\"e-con-inner\">\n\t\t<div class=\"elementor-element elementor-element-6d4c1db1 e-con-full e-flex e-con e-child\" data-id=\"6d4c1db1\" data-element_type=\"container\" data-e-type=\"container\">\n\t\t\t\t<div class=\"elementor-element elementor-element-84c911 elementor-widget elementor-widget-text-editor\" data-id=\"84c911\" data-element_type=\"widget\" data-e-type=\"widget\" data-widget_type=\"text-editor.default\">\n\t\t\t\t\t\t\t\t\t<p>Upon leaving our workshops, our products are made available wrapped in plastic film and secured on wooden pallets (or in open crates for certain export destinations).<\/p><p>The installation of this equipment can be carried out by our technicians, regardless of the location. In most cases, the installation of our products does not exceed one day. It is also often an opportunity to train operating personnel.<\/p><p>Maintenance can also be entrusted to us through a maintenance contract.<\/p>\t\t\t\t\t\t\t\t<\/div>\n\t\t\t\t<\/div>\n\t\t<div class=\"elementor-element elementor-element-792cf58b e-con-full e-flex e-con e-child\" data-id=\"792cf58b\" data-element_type=\"container\" data-e-type=\"container\">\n\t\t\t\t<div class=\"elementor-element elementor-element-65db3ac3 elementor-widget elementor-widget-image\" data-id=\"65db3ac3\" data-element_type=\"widget\" data-e-type=\"widget\" data-widget_type=\"image.default\">\n\t\t\t\t\t\t\t\t\t\t\t\t\t\t\t<img decoding=\"async\" width=\"800\" height=\"658\" src=\"https:\/\/fbprocedes.com\/wp-content\/uploads\/2025\/11\/transport-degrilleur.webp\" class=\"attachment-large size-large wp-image-425\" alt=\"Transport of a packaged Bar Screen using a forklift\" srcset=\"https:\/\/fbprocedes.com\/wp-content\/uploads\/2025\/11\/transport-degrilleur.webp 1000w, https:\/\/fbprocedes.com\/wp-content\/uploads\/2025\/11\/transport-degrilleur-300x247.webp 300w, https:\/\/fbprocedes.com\/wp-content\/uploads\/2025\/11\/transport-degrilleur-768x632.webp 768w\" sizes=\"(max-width: 800px) 100vw, 800px\" \/>\t\t\t\t\t\t\t\t\t\t\t\t\t\t\t<\/div>\n\t\t\t\t<\/div>\n\t\t\t\t\t<\/div>\n\t\t\t\t<\/div>\n\t\t<div class=\"elementor-element elementor-element-5a87fc72 e-flex e-con-boxed e-con e-parent\" data-id=\"5a87fc72\" data-element_type=\"container\" data-e-type=\"container\">\n\t\t\t\t\t<div class=\"e-con-inner\">\n\t\t<div class=\"elementor-element elementor-element-7e82e9aa e-con-full e-flex e-con e-child\" data-id=\"7e82e9aa\" data-element_type=\"container\" data-e-type=\"container\">\n\t\t\t\t<div class=\"elementor-element elementor-element-66ef6a5 elementor-widget elementor-widget-heading\" data-id=\"66ef6a5\" data-element_type=\"widget\" data-e-type=\"widget\" data-widget_type=\"heading.default\">\n\t\t\t\t\t<h2 class=\"elementor-heading-title elementor-size-default\">A strong on-site presence for enhanced customer relations<\/h2>\t\t\t\t<\/div>\n\t\t\t\t<div class=\"elementor-element elementor-element-666dcb77 elementor-widget__width-initial elementor-widget-divider--view-line elementor-widget elementor-widget-divider\" data-id=\"666dcb77\" data-element_type=\"widget\" data-e-type=\"widget\" data-widget_type=\"divider.default\">\n\t\t\t\t\t\t\t<div class=\"elementor-divider\">\n\t\t\t<span class=\"elementor-divider-separator\">\n\t\t\t\t\t\t<\/span>\n\t\t<\/div>\n\t\t\t\t\t\t<\/div>\n\t\t\t\t<\/div>\n\t\t\t\t\t<\/div>\n\t\t\t\t<\/div>\n\t\t<div class=\"elementor-element elementor-element-92890d e-flex e-con-boxed e-con e-parent\" data-id=\"92890d\" data-element_type=\"container\" data-e-type=\"container\">\n\t\t\t\t\t<div class=\"e-con-inner\">\n\t\t<div class=\"elementor-element elementor-element-41e5decd e-con-full e-flex e-con e-child\" data-id=\"41e5decd\" data-element_type=\"container\" data-e-type=\"container\">\n\t\t\t\t<div class=\"elementor-element elementor-element-68c210af elementor-widget elementor-widget-image\" data-id=\"68c210af\" data-element_type=\"widget\" data-e-type=\"widget\" data-widget_type=\"image.default\">\n\t\t\t\t\t\t\t\t\t\t\t\t\t\t\t<img loading=\"lazy\" decoding=\"async\" width=\"800\" height=\"534\" src=\"https:\/\/fbprocedes.com\/wp-content\/uploads\/2025\/11\/service-commercial.webp\" class=\"attachment-large size-large wp-image-426\" alt=\"Photo of a Bar Screen sales representative\" srcset=\"https:\/\/fbprocedes.com\/wp-content\/uploads\/2025\/11\/service-commercial.webp 1000w, https:\/\/fbprocedes.com\/wp-content\/uploads\/2025\/11\/service-commercial-300x200.webp 300w, https:\/\/fbprocedes.com\/wp-content\/uploads\/2025\/11\/service-commercial-768x512.webp 768w\" sizes=\"(max-width: 800px) 100vw, 800px\" \/>\t\t\t\t\t\t\t\t\t\t\t\t\t\t\t<\/div>\n\t\t\t\t<\/div>\n\t\t<div class=\"elementor-element elementor-element-4a10eee e-con-full e-flex e-con e-child\" data-id=\"4a10eee\" data-element_type=\"container\" data-e-type=\"container\">\n\t\t\t\t<div class=\"elementor-element elementor-element-bee9ed5 elementor-widget elementor-widget-text-editor\" data-id=\"bee9ed5\" data-element_type=\"widget\" data-e-type=\"widget\" data-widget_type=\"text-editor.default\">\n\t\t\t\t\t\t\t\t\t<p>Our sales team is at your disposal for all your requests and will advise you in order to propose the equipment best suited to your needs.<\/p><p>Our sales managers, covering the entire French territory, can meet you on site to discuss your requirements, suggest an installation layout, take measurements for a specific project, or simply present our product range.<\/p><p>A team of design engineers, based in Nantes, handles all enquiries and is committed to providing you with our best technical and financial proposals as quickly as possible.<\/p><p>Finally, since 2010, we have been actively working to develop our international presence. Results followed quickly, with Bar Screens installed for example in North Africa and in the United States.<\/p>\t\t\t\t\t\t\t\t<\/div>\n\t\t\t\t<\/div>\n\t\t\t\t\t<\/div>\n\t\t\t\t<\/div>\n\t\t\t\t<\/div>","protected":false},"excerpt":{"rendered":"<p>Technologie de d\u00e9grillage Notre principe de fonctionnement par gravit\u00e9 est appliqu\u00e9 sur tous nos d\u00e9grilleurs et ce, quelles que soient leurs largeurs et leurs profondeurs. Voir nos d\u00e9grilleurs Notre sp\u00e9cialit\u00e9\u00a0:\u00a0les d\u00e9grilleurs automatiques verticaux. Nous les associons, suivant les demandes, \u00e0 nos propres vis de transport ou de compactage. Nous poss\u00e9dons \u00e9galement un r\u00e9el savoir-faire dans [&hellip;]<\/p>\n","protected":false},"author":1,"featured_media":0,"parent":444,"menu_order":0,"comment_status":"closed","ping_status":"closed","template":"","meta":{"footnotes":""},"class_list":["post-475","page","type-page","status-publish","hentry"],"aioseo_notices":[],"_links":{"self":[{"href":"https:\/\/fbprocedes.com\/en\/wp-json\/wp\/v2\/pages\/475","targetHints":{"allow":["GET"]}}],"collection":[{"href":"https:\/\/fbprocedes.com\/en\/wp-json\/wp\/v2\/pages"}],"about":[{"href":"https:\/\/fbprocedes.com\/en\/wp-json\/wp\/v2\/types\/page"}],"author":[{"embeddable":true,"href":"https:\/\/fbprocedes.com\/en\/wp-json\/wp\/v2\/users\/1"}],"replies":[{"embeddable":true,"href":"https:\/\/fbprocedes.com\/en\/wp-json\/wp\/v2\/comments?post=475"}],"version-history":[{"count":34,"href":"https:\/\/fbprocedes.com\/en\/wp-json\/wp\/v2\/pages\/475\/revisions"}],"predecessor-version":[{"id":3676,"href":"https:\/\/fbprocedes.com\/en\/wp-json\/wp\/v2\/pages\/475\/revisions\/3676"}],"up":[{"embeddable":true,"href":"https:\/\/fbprocedes.com\/en\/wp-json\/wp\/v2\/pages\/444"}],"wp:attachment":[{"href":"https:\/\/fbprocedes.com\/en\/wp-json\/wp\/v2\/media?parent=475"}],"curies":[{"name":"wp","href":"https:\/\/api.w.org\/{rel}","templated":true}]}}