{"id":483,"date":"2025-11-26T14:52:52","date_gmt":"2025-11-26T13:52:52","guid":{"rendered":"https:\/\/fbprocedes.com\/?page_id=483"},"modified":"2026-01-16T16:13:55","modified_gmt":"2026-01-16T15:13:55","slug":"bar-screen-installation","status":"publish","type":"page","link":"https:\/\/fbprocedes.com\/en\/produits\/degrilleurs\/implantations-degrilleurs\/","title":{"rendered":"Installation"},"content":{"rendered":"<div data-elementor-type=\"wp-page\" data-elementor-id=\"483\" class=\"elementor elementor-483\" data-elementor-post-type=\"page\">\n\t\t\t\t<div class=\"elementor-element elementor-element-604c7c2 e-flex e-con-boxed e-con e-parent\" data-id=\"604c7c2\" data-element_type=\"container\" data-e-type=\"container\" data-settings=\"{&quot;background_background&quot;:&quot;classic&quot;}\">\n\t\t\t\t\t<div class=\"e-con-inner\">\n\t\t\t\t<div class=\"elementor-element elementor-element-eb0e1dc elementor-widget elementor-widget-heading\" data-id=\"eb0e1dc\" data-element_type=\"widget\" data-e-type=\"widget\" data-widget_type=\"heading.default\">\n\t\t\t\t\t<h1 class=\"elementor-heading-title elementor-size-default\">Bar Screen installations<\/h1>\t\t\t\t<\/div>\n\t\t\t\t<div class=\"elementor-element elementor-element-2bf31b elementor-widget elementor-widget-text-editor\" data-id=\"2bf31b\" data-element_type=\"widget\" data-e-type=\"widget\" data-widget_type=\"text-editor.default\">\n\t\t\t\t\t\t\t\t\t<p>Each project presents specific constraints: hydraulic, civil engineering, operation, maintenance, safety, or scalability. That is why FB PROC\u00c9D\u00c9S supports its customers from the design phase onward in order to define the most appropriate installation, whether in a pumping station or in a channel.<\/p>\t\t\t\t\t\t\t\t<\/div>\n\t\t\t\t<div class=\"elementor-element elementor-element-56c6091b elementor-align-center elementor-widget elementor-widget-button\" data-id=\"56c6091b\" data-element_type=\"widget\" data-e-type=\"widget\" data-widget_type=\"button.default\">\n\t\t\t\t\t\t\t\t\t\t<a class=\"elementor-button elementor-button-link elementor-size-sm\" href=\"\/en\/contact\/\">\n\t\t\t\t\t\t<span class=\"elementor-button-content-wrapper\">\n\t\t\t\t\t\t\t\t\t<span class=\"elementor-button-text\">Contact us<\/span>\n\t\t\t\t\t<\/span>\n\t\t\t\t\t<\/a>\n\t\t\t\t\t\t\t\t<\/div>\n\t\t\t\t\t<\/div>\n\t\t\t\t<\/div>\n\t\t<div class=\"elementor-element elementor-element-2fb67109 e-flex e-con-boxed e-con e-parent\" data-id=\"2fb67109\" data-element_type=\"container\" data-e-type=\"container\">\n\t\t\t\t\t<div class=\"e-con-inner\">\n\t\t<div class=\"elementor-element elementor-element-70bf1482 e-con-full e-flex e-con e-child\" data-id=\"70bf1482\" data-element_type=\"container\" data-e-type=\"container\">\n\t\t\t\t<div class=\"elementor-element elementor-element-38ea3976 elementor-widget elementor-widget-text-editor\" data-id=\"38ea3976\" data-element_type=\"widget\" data-e-type=\"widget\" data-widget_type=\"text-editor.default\">\n\t\t\t\t\t\t\t\t\t<p>The installation of equipment is a decisive step in the performance, reliability, and durability of a treatment facility. Depending on site configuration, hydraulic constraints, and operational objectives, two main installation solutions are possible: installation in a pumping station and installation in a channel.<\/p><p>FB PROC\u00c9D\u00c9S designs and supplies solutions perfectly adapted to each configuration, integrating operational, maintenance, and safety constraints from the study phase onward.<\/p>\t\t\t\t\t\t\t\t<\/div>\n\t\t\t\t<\/div>\n\t\t\t\t\t<\/div>\n\t\t\t\t<\/div>\n\t\t<div class=\"elementor-element elementor-element-8e90764 e-flex e-con-boxed e-con e-parent\" data-id=\"8e90764\" data-element_type=\"container\" data-e-type=\"container\">\n\t\t\t\t\t<div class=\"e-con-inner\">\n\t\t\t\t<div class=\"elementor-element elementor-element-25147e12 elementor-widget elementor-widget-heading\" data-id=\"25147e12\" data-element_type=\"widget\" data-e-type=\"widget\" data-widget_type=\"heading.default\">\n\t\t\t\t\t<h2 class=\"elementor-heading-title elementor-size-default\">Installation of a Bar Screen in a channel\n<\/h2>\t\t\t\t<\/div>\n\t\t\t\t<div class=\"elementor-element elementor-element-6789ba3d elementor-widget-divider--view-line elementor-widget elementor-widget-divider\" data-id=\"6789ba3d\" data-element_type=\"widget\" data-e-type=\"widget\" data-widget_type=\"divider.default\">\n\t\t\t\t\t\t\t<div class=\"elementor-divider\">\n\t\t\t<span class=\"elementor-divider-separator\">\n\t\t\t\t\t\t<\/span>\n\t\t<\/div>\n\t\t\t\t\t\t<\/div>\n\t\t\t\t\t<\/div>\n\t\t\t\t<\/div>\n\t\t<div class=\"elementor-element elementor-element-d40d35c e-flex e-con-boxed e-con e-parent\" data-id=\"d40d35c\" data-element_type=\"container\" data-e-type=\"container\">\n\t\t\t\t\t<div class=\"e-con-inner\">\n\t\t<div class=\"elementor-element elementor-element-bbb169b e-con-full e-flex e-con e-child\" data-id=\"bbb169b\" data-element_type=\"container\" data-e-type=\"container\">\n\t\t\t\t<div class=\"elementor-element elementor-element-a1d2ff9 elementor-widget elementor-widget-image\" data-id=\"a1d2ff9\" data-element_type=\"widget\" data-e-type=\"widget\" data-widget_type=\"image.default\">\n\t\t\t\t\t\t\t\t\t\t\t\t\t\t\t<img fetchpriority=\"high\" decoding=\"async\" width=\"504\" height=\"1280\" src=\"https:\/\/fbprocedes.com\/wp-content\/uploads\/2025\/12\/implantation-degrilleur-canal.webp\" class=\"attachment-medium_large size-medium_large wp-image-837\" alt=\"3D view of the installation of a Bar Screen in a channel\" srcset=\"https:\/\/fbprocedes.com\/wp-content\/uploads\/2025\/12\/implantation-degrilleur-canal.webp 504w, https:\/\/fbprocedes.com\/wp-content\/uploads\/2025\/12\/implantation-degrilleur-canal-118x300.webp 118w, https:\/\/fbprocedes.com\/wp-content\/uploads\/2025\/12\/implantation-degrilleur-canal-403x1024.webp 403w\" sizes=\"(max-width: 504px) 100vw, 504px\" \/>\t\t\t\t\t\t\t\t\t\t\t\t\t\t\t<\/div>\n\t\t\t\t<\/div>\n\t\t<div class=\"elementor-element elementor-element-6c8244e e-con-full e-flex e-con e-child\" data-id=\"6c8244e\" data-element_type=\"container\" data-e-type=\"container\">\n\t\t\t\t<div class=\"elementor-element elementor-element-16a5cd7 elementor-widget elementor-widget-heading\" data-id=\"16a5cd7\" data-element_type=\"widget\" data-e-type=\"widget\" data-widget_type=\"heading.default\">\n\t\t\t\t\t<h3 class=\"elementor-heading-title elementor-size-default\">Principle<\/h3>\t\t\t\t<\/div>\n\t\t\t\t<div class=\"elementor-element elementor-element-ca7bee0 elementor-widget elementor-widget-text-editor\" data-id=\"ca7bee0\" data-element_type=\"widget\" data-e-type=\"widget\" data-widget_type=\"text-editor.default\">\n\t\t\t\t\t\t\t\t\t<p>The automatic Bar Screen is installed across the effluent, with upstream or downstream discharge depending on the model.<\/p><p>Depending on the flow rate and technical specifications, the Bar Screen may either span the full width of the channel or have a smaller width, in which case a side deflector is installed.<\/p><p>The Bar Screen is fixed at two points:<\/p><ul><li>At the bottom of the upper section, on top of the channel walls, by chemical anchoring.<\/li><li>At the lower section, at the level of the approach channel inlet, fixed to the channel walls by mechanical anchoring.<\/li><\/ul><p>\u00a0<\/p><p>For installation in existing civil works\u2014whether for a first installation or to replace an existing Bar Screen\u2014FB Proc\u00e9d\u00e9s Bar Screens are designed to perfectly adapt to the existing structures, thereby avoiding any modification to the civil works.<\/p>\t\t\t\t\t\t\t\t<\/div>\n\t\t\t\t<\/div>\n\t\t\t\t\t<\/div>\n\t\t\t\t<\/div>\n\t\t<div class=\"elementor-element elementor-element-207ecab e-flex e-con-boxed e-con e-parent\" data-id=\"207ecab\" data-element_type=\"container\" data-e-type=\"container\">\n\t\t\t\t\t<div class=\"e-con-inner\">\n\t\t\t\t<div class=\"elementor-element elementor-element-420b61c elementor-widget elementor-widget-heading\" data-id=\"420b61c\" data-element_type=\"widget\" data-e-type=\"widget\" data-widget_type=\"heading.default\">\n\t\t\t\t\t<h2 class=\"elementor-heading-title elementor-size-default\">Installation of a Bar Screen in a straight or circular pumping station<\/h2>\t\t\t\t<\/div>\n\t\t\t\t<div class=\"elementor-element elementor-element-cb197b5 elementor-widget-divider--view-line elementor-widget elementor-widget-divider\" data-id=\"cb197b5\" data-element_type=\"widget\" data-e-type=\"widget\" data-widget_type=\"divider.default\">\n\t\t\t\t\t\t\t<div class=\"elementor-divider\">\n\t\t\t<span class=\"elementor-divider-separator\">\n\t\t\t\t\t\t<\/span>\n\t\t<\/div>\n\t\t\t\t\t\t<\/div>\n\t\t\t\t\t<\/div>\n\t\t\t\t<\/div>\n\t\t<div class=\"elementor-element elementor-element-53b2560d e-flex e-con-boxed e-con e-parent\" data-id=\"53b2560d\" data-element_type=\"container\" data-e-type=\"container\">\n\t\t\t\t\t<div class=\"e-con-inner\">\n\t\t<div class=\"elementor-element elementor-element-1c8a96e7 e-con-full e-flex e-con e-child\" data-id=\"1c8a96e7\" data-element_type=\"container\" data-e-type=\"container\">\n\t\t\t\t<div class=\"elementor-element elementor-element-222994b0 elementor-widget elementor-widget-image\" data-id=\"222994b0\" data-element_type=\"widget\" data-e-type=\"widget\" data-widget_type=\"image.default\">\n\t\t\t\t\t\t\t\t\t\t\t\t\t\t\t<img decoding=\"async\" width=\"506\" height=\"1024\" src=\"https:\/\/fbprocedes.com\/wp-content\/uploads\/2025\/12\/implantation-degrilleur-poste-506x1024.webp\" class=\"attachment-large size-large wp-image-836\" alt=\"installation of a screen in a station\" srcset=\"https:\/\/fbprocedes.com\/wp-content\/uploads\/2025\/12\/implantation-degrilleur-poste-506x1024.webp 506w, https:\/\/fbprocedes.com\/wp-content\/uploads\/2025\/12\/implantation-degrilleur-poste-148x300.webp 148w, https:\/\/fbprocedes.com\/wp-content\/uploads\/2025\/12\/implantation-degrilleur-poste.webp 632w\" sizes=\"(max-width: 506px) 100vw, 506px\" \/>\t\t\t\t\t\t\t\t\t\t\t\t\t\t\t<\/div>\n\t\t\t\t<\/div>\n\t\t<div class=\"elementor-element elementor-element-2ef4c2ab e-con-full e-flex e-con e-child\" data-id=\"2ef4c2ab\" data-element_type=\"container\" data-e-type=\"container\">\n\t\t\t\t<div class=\"elementor-element elementor-element-8b80450 elementor-widget elementor-widget-heading\" data-id=\"8b80450\" data-element_type=\"widget\" data-e-type=\"widget\" data-widget_type=\"heading.default\">\n\t\t\t\t\t<h3 class=\"elementor-heading-title elementor-size-default\">Principle<\/h3>\t\t\t\t<\/div>\n\t\t\t\t<div class=\"elementor-element elementor-element-6acd4aec elementor-widget elementor-widget-text-editor\" data-id=\"6acd4aec\" data-element_type=\"widget\" data-e-type=\"widget\" data-widget_type=\"text-editor.default\">\n\t\t\t\t\t\t\t\t\t<p>The main advantage of FB Proc\u00e9d\u00e9s vertical Bar Screens is that they take up very little space. This feature makes our Bar Screens the best solution for installation in a straight or circular station.<\/p><p>The bar screen in a straight or circular station is custom-designed according to the depth of the water line and the diameter of the station. The bar screen is then simply attached to the wall of the station.<\/p><p>This configuration minimises the space taken up by the bar screen, leaving enough room to access the station, which is particularly useful for a lifting station, in order to be able to access the pumps easily and safely.<\/p><p>The Bar Screen is fixed at two points:<\/p><ul><li>at the bottom of the upper part, on top of the station using chemical anchoring<\/li><li>at the bottom against the wall of the station using mechanical anchoring<\/li><\/ul>\t\t\t\t\t\t\t\t<\/div>\n\t\t\t\t<\/div>\n\t\t\t\t\t<\/div>\n\t\t\t\t<\/div>\n\t\t<div class=\"elementor-element elementor-element-ae6cd6c e-flex e-con-boxed e-con e-parent\" data-id=\"ae6cd6c\" data-element_type=\"container\" data-e-type=\"container\">\n\t\t\t\t\t<div class=\"e-con-inner\">\n\t\t\t\t<div class=\"elementor-element elementor-element-1ac4056 elementor-widget elementor-widget-heading\" data-id=\"1ac4056\" data-element_type=\"widget\" data-e-type=\"widget\" data-widget_type=\"heading.default\">\n\t\t\t\t\t<h2 class=\"elementor-heading-title elementor-size-default\">Related products<\/h2>\t\t\t\t<\/div>\n\t\t\t\t<div class=\"elementor-element elementor-element-71e66d8 elementor-widget-divider--view-line elementor-widget elementor-widget-divider\" data-id=\"71e66d8\" data-element_type=\"widget\" data-e-type=\"widget\" data-widget_type=\"divider.default\">\n\t\t\t\t\t\t\t<div class=\"elementor-divider\">\n\t\t\t<span class=\"elementor-divider-separator\">\n\t\t\t\t\t\t<\/span>\n\t\t<\/div>\n\t\t\t\t\t\t<\/div>\n\t\t\t\t\t<\/div>\n\t\t\t\t<\/div>\n\t\t<div class=\"elementor-element elementor-element-9750dc0 e-grid e-con-boxed e-con e-parent\" data-id=\"9750dc0\" data-element_type=\"container\" data-e-type=\"container\">\n\t\t\t\t\t<div class=\"e-con-inner\">\n\t\t<div class=\"elementor-element elementor-element-10a69e67 e-con-full e-flex e-con e-child\" data-id=\"10a69e67\" data-element_type=\"container\" data-e-type=\"container\" data-settings=\"{&quot;background_background&quot;:&quot;classic&quot;}\">\n\t\t\t\t<div class=\"elementor-element elementor-element-67578e6d elementor-widget elementor-widget-image\" data-id=\"67578e6d\" data-element_type=\"widget\" data-e-type=\"widget\" data-widget_type=\"image.default\">\n\t\t\t\t\t\t\t\t\t\t\t\t\t\t\t<img decoding=\"async\" width=\"500\" height=\"500\" src=\"https:\/\/fbprocedes.com\/wp-content\/uploads\/2025\/12\/degrilleur-sg400.jpg\" class=\"attachment-medium_large size-medium_large wp-image-875\" alt=\"3D CAD view of a vertical SG400 Bar Screen\" srcset=\"https:\/\/fbprocedes.com\/wp-content\/uploads\/2025\/12\/degrilleur-sg400.jpg 500w, https:\/\/fbprocedes.com\/wp-content\/uploads\/2025\/12\/degrilleur-sg400-300x300.jpg 300w, https:\/\/fbprocedes.com\/wp-content\/uploads\/2025\/12\/degrilleur-sg400-150x150.jpg 150w\" sizes=\"(max-width: 500px) 100vw, 500px\" \/>\t\t\t\t\t\t\t\t\t\t\t\t\t\t\t<\/div>\n\t\t\t\t<div class=\"elementor-element elementor-element-189f626 elementor-widget elementor-widget-heading\" data-id=\"189f626\" data-element_type=\"widget\" data-e-type=\"widget\" data-widget_type=\"heading.default\">\n\t\t\t\t\t<h3 class=\"elementor-heading-title elementor-size-default\">Bar Screen SG400<\/h3>\t\t\t\t<\/div>\n\t\t\t\t<div class=\"elementor-element elementor-element-79054991 elementor-widget elementor-widget-text-editor\" data-id=\"79054991\" data-element_type=\"widget\" data-e-type=\"widget\" data-widget_type=\"text-editor.default\">\n\t\t\t\t\t\t\t\t\t<p style=\"text-align: center;\">400 mm wide automatic vertical bar screen for flow rates up to 120 m3\/h<\/p>\t\t\t\t\t\t\t\t<\/div>\n\t\t\t\t<div class=\"elementor-element elementor-element-6f1ee3b7 elementor-align-center elementor-widget elementor-widget-button\" data-id=\"6f1ee3b7\" data-element_type=\"widget\" data-e-type=\"widget\" data-widget_type=\"button.default\">\n\t\t\t\t\t\t\t\t\t\t<a class=\"elementor-button elementor-button-link elementor-size-sm\" href=\"\/en\/bar-screen-sg400\/\">\n\t\t\t\t\t\t<span class=\"elementor-button-content-wrapper\">\n\t\t\t\t\t\t\t\t\t<span class=\"elementor-button-text\">See<\/span>\n\t\t\t\t\t<\/span>\n\t\t\t\t\t<\/a>\n\t\t\t\t\t\t\t\t<\/div>\n\t\t\t\t<\/div>\n\t\t<div class=\"elementor-element elementor-element-32b51b36 e-con-full e-flex e-con e-child\" data-id=\"32b51b36\" data-element_type=\"container\" data-e-type=\"container\" data-settings=\"{&quot;background_background&quot;:&quot;classic&quot;}\">\n\t\t\t\t<div class=\"elementor-element elementor-element-fd25e3a elementor-widget elementor-widget-image\" data-id=\"fd25e3a\" data-element_type=\"widget\" data-e-type=\"widget\" data-widget_type=\"image.default\">\n\t\t\t\t\t\t\t\t\t\t\t\t\t\t\t<img loading=\"lazy\" decoding=\"async\" width=\"500\" height=\"500\" src=\"https:\/\/fbprocedes.com\/wp-content\/uploads\/2025\/12\/degrilleur-ng.jpg\" class=\"attachment-medium_large size-medium_large wp-image-873\" alt=\"3D CAD view of a vertical NG Bar Screen\" srcset=\"https:\/\/fbprocedes.com\/wp-content\/uploads\/2025\/12\/degrilleur-ng.jpg 500w, https:\/\/fbprocedes.com\/wp-content\/uploads\/2025\/12\/degrilleur-ng-300x300.jpg 300w, https:\/\/fbprocedes.com\/wp-content\/uploads\/2025\/12\/degrilleur-ng-150x150.jpg 150w\" sizes=\"(max-width: 500px) 100vw, 500px\" \/>\t\t\t\t\t\t\t\t\t\t\t\t\t\t\t<\/div>\n\t\t\t\t<div class=\"elementor-element elementor-element-7330ac78 elementor-widget elementor-widget-heading\" data-id=\"7330ac78\" data-element_type=\"widget\" data-e-type=\"widget\" data-widget_type=\"heading.default\">\n\t\t\t\t\t<h3 class=\"elementor-heading-title elementor-size-default\">Bar Screen NG<\/h3>\t\t\t\t<\/div>\n\t\t\t\t<div class=\"elementor-element elementor-element-10a390cd elementor-widget elementor-widget-text-editor\" data-id=\"10a390cd\" data-element_type=\"widget\" data-e-type=\"widget\" data-widget_type=\"text-editor.default\">\n\t\t\t\t\t\t\t\t\t<p style=\"text-align: center;\">Customised automatic vertical bar screen for flow rates up to 6000 m3\/h<\/p>\t\t\t\t\t\t\t\t<\/div>\n\t\t\t\t<div class=\"elementor-element elementor-element-165b0194 elementor-align-center elementor-widget elementor-widget-button\" data-id=\"165b0194\" data-element_type=\"widget\" data-e-type=\"widget\" data-widget_type=\"button.default\">\n\t\t\t\t\t\t\t\t\t\t<a class=\"elementor-button elementor-button-link elementor-size-sm\" href=\"\/en\/bar-screen-ng\/\">\n\t\t\t\t\t\t<span class=\"elementor-button-content-wrapper\">\n\t\t\t\t\t\t\t\t\t<span class=\"elementor-button-text\">See<\/span>\n\t\t\t\t\t<\/span>\n\t\t\t\t\t<\/a>\n\t\t\t\t\t\t\t\t<\/div>\n\t\t\t\t<\/div>\n\t\t<div class=\"elementor-element elementor-element-38fc81cb e-con-full e-flex e-con e-child\" data-id=\"38fc81cb\" data-element_type=\"container\" data-e-type=\"container\" data-settings=\"{&quot;background_background&quot;:&quot;classic&quot;}\">\n\t\t\t\t<div class=\"elementor-element elementor-element-40192f95 elementor-widget elementor-widget-image\" data-id=\"40192f95\" data-element_type=\"widget\" data-e-type=\"widget\" data-widget_type=\"image.default\">\n\t\t\t\t\t\t\t\t\t\t\t\t\t\t\t<img loading=\"lazy\" decoding=\"async\" width=\"500\" height=\"500\" src=\"https:\/\/fbprocedes.com\/wp-content\/uploads\/2025\/12\/degrilleur-xg.jpg\" class=\"attachment-medium_large size-medium_large wp-image-874\" alt=\"3D CAD view of a vertical XG Bar Screen\" srcset=\"https:\/\/fbprocedes.com\/wp-content\/uploads\/2025\/12\/degrilleur-xg.jpg 500w, https:\/\/fbprocedes.com\/wp-content\/uploads\/2025\/12\/degrilleur-xg-300x300.jpg 300w, https:\/\/fbprocedes.com\/wp-content\/uploads\/2025\/12\/degrilleur-xg-150x150.jpg 150w\" sizes=\"(max-width: 500px) 100vw, 500px\" \/>\t\t\t\t\t\t\t\t\t\t\t\t\t\t\t<\/div>\n\t\t\t\t<div class=\"elementor-element elementor-element-5e8ae8d elementor-widget elementor-widget-heading\" data-id=\"5e8ae8d\" data-element_type=\"widget\" data-e-type=\"widget\" data-widget_type=\"heading.default\">\n\t\t\t\t\t<h3 class=\"elementor-heading-title elementor-size-default\">Bar Screen XG<\/h3>\t\t\t\t<\/div>\n\t\t\t\t<div class=\"elementor-element elementor-element-6e5845a3 elementor-widget elementor-widget-text-editor\" data-id=\"6e5845a3\" data-element_type=\"widget\" data-e-type=\"widget\" data-widget_type=\"text-editor.default\">\n\t\t\t\t\t\t\t\t\t<p style=\"text-align: center;\">Customised automatic vertical bar screen for flow rates up to 20,000 m3\/h<\/p>\t\t\t\t\t\t\t\t<\/div>\n\t\t\t\t<div class=\"elementor-element elementor-element-5a2e5ed7 elementor-align-center elementor-widget elementor-widget-button\" data-id=\"5a2e5ed7\" data-element_type=\"widget\" data-e-type=\"widget\" data-widget_type=\"button.default\">\n\t\t\t\t\t\t\t\t\t\t<a class=\"elementor-button elementor-button-link elementor-size-sm\" href=\"\/en\/bar-screen-xg\/\">\n\t\t\t\t\t\t<span class=\"elementor-button-content-wrapper\">\n\t\t\t\t\t\t\t\t\t<span class=\"elementor-button-text\">See<\/span>\n\t\t\t\t\t<\/span>\n\t\t\t\t\t<\/a>\n\t\t\t\t\t\t\t\t<\/div>\n\t\t\t\t<\/div>\n\t\t\t\t\t<\/div>\n\t\t\t\t<\/div>\n\t\t\t\t<\/div>","protected":false},"excerpt":{"rendered":"<p>Implantations des d\u00e9grilleurs Chaque projet pr\u00e9sente des contraintes sp\u00e9cifiques : hydraulique, g\u00e9nie civil, exploitation, maintenance, s\u00e9curit\u00e9 ou \u00e9volutivit\u00e9. C\u2019est pourquoi FB PROC\u00c9D\u00c9S accompagne ses clients d\u00e8s la phase de conception afin de d\u00e9finir l\u2019implantation la plus pertinente, qu\u2019il s\u2019agisse d\u2019une solution en poste ou en canal. Nous contacter L\u2019implantation des \u00e9quipements est une \u00e9tape d\u00e9terminante [&hellip;]<\/p>\n","protected":false},"author":1,"featured_media":0,"parent":444,"menu_order":0,"comment_status":"closed","ping_status":"closed","template":"","meta":{"footnotes":""},"class_list":["post-483","page","type-page","status-publish","hentry"],"aioseo_notices":[],"_links":{"self":[{"href":"https:\/\/fbprocedes.com\/en\/wp-json\/wp\/v2\/pages\/483","targetHints":{"allow":["GET"]}}],"collection":[{"href":"https:\/\/fbprocedes.com\/en\/wp-json\/wp\/v2\/pages"}],"about":[{"href":"https:\/\/fbprocedes.com\/en\/wp-json\/wp\/v2\/types\/page"}],"author":[{"embeddable":true,"href":"https:\/\/fbprocedes.com\/en\/wp-json\/wp\/v2\/users\/1"}],"replies":[{"embeddable":true,"href":"https:\/\/fbprocedes.com\/en\/wp-json\/wp\/v2\/comments?post=483"}],"version-history":[{"count":46,"href":"https:\/\/fbprocedes.com\/en\/wp-json\/wp\/v2\/pages\/483\/revisions"}],"predecessor-version":[{"id":3679,"href":"https:\/\/fbprocedes.com\/en\/wp-json\/wp\/v2\/pages\/483\/revisions\/3679"}],"up":[{"embeddable":true,"href":"https:\/\/fbprocedes.com\/en\/wp-json\/wp\/v2\/pages\/444"}],"wp:attachment":[{"href":"https:\/\/fbprocedes.com\/en\/wp-json\/wp\/v2\/media?parent=483"}],"curies":[{"name":"wp","href":"https:\/\/api.w.org\/{rel}","templated":true}]}}