{"id":487,"date":"2025-11-26T14:55:19","date_gmt":"2025-11-26T13:55:19","guid":{"rendered":"https:\/\/fbprocedes.com\/?page_id=487"},"modified":"2026-01-16T16:16:26","modified_gmt":"2026-01-16T15:16:26","slug":"step-screen-prostep","status":"publish","type":"page","link":"https:\/\/fbprocedes.com\/en\/produits\/degrilleurs\/step-screen-prostep\/","title":{"rendered":"Step Screen Prostep"},"content":{"rendered":"<div data-elementor-type=\"wp-page\" data-elementor-id=\"487\" class=\"elementor elementor-487\" data-elementor-post-type=\"page\">\n\t\t\t\t<div class=\"elementor-element elementor-element-75c72d8d e-flex e-con-boxed e-con e-parent\" data-id=\"75c72d8d\" data-element_type=\"container\" data-e-type=\"container\" data-settings=\"{&quot;background_background&quot;:&quot;classic&quot;}\">\n\t\t\t\t\t<div class=\"e-con-inner\">\n\t\t\t\t<div class=\"elementor-element elementor-element-6cad73ee elementor-widget elementor-widget-heading\" data-id=\"6cad73ee\" data-element_type=\"widget\" data-e-type=\"widget\" data-widget_type=\"heading.default\">\n\t\t\t\t\t<h1 class=\"elementor-heading-title elementor-size-default\">Step Screen PROSTEP<\/h1>\t\t\t\t<\/div>\n\t\t\t\t<div class=\"elementor-element elementor-element-78d9678a elementor-widget elementor-widget-text-editor\" data-id=\"78d9678a\" data-element_type=\"widget\" data-e-type=\"widget\" data-widget_type=\"text-editor.default\">\n\t\t\t\t\t\t\t\t\t<p>Innovative Step Screen: 100% of the submerged components are made of stainless steel, in order to minimize maintenance costs. A robust and reliable screening solution.<\/p>\t\t\t\t\t\t\t\t<\/div>\n\t\t\t\t<div class=\"elementor-element elementor-element-6712d307 elementor-align-center elementor-widget elementor-widget-button\" data-id=\"6712d307\" data-element_type=\"widget\" data-e-type=\"widget\" data-widget_type=\"button.default\">\n\t\t\t\t\t\t\t\t\t\t<a class=\"elementor-button elementor-button-link elementor-size-sm\" href=\"\/en\/contact\/\">\n\t\t\t\t\t\t<span class=\"elementor-button-content-wrapper\">\n\t\t\t\t\t\t\t\t\t<span class=\"elementor-button-text\">Contact us<\/span>\n\t\t\t\t\t<\/span>\n\t\t\t\t\t<\/a>\n\t\t\t\t\t\t\t\t<\/div>\n\t\t\t\t\t<\/div>\n\t\t\t\t<\/div>\n\t\t<div class=\"elementor-element elementor-element-22e7ffdf e-flex e-con-boxed e-con e-parent\" data-id=\"22e7ffdf\" data-element_type=\"container\" data-e-type=\"container\">\n\t\t\t\t\t<div class=\"e-con-inner\">\n\t\t<div class=\"elementor-element elementor-element-1002fdcc e-con-full e-flex e-con e-child\" data-id=\"1002fdcc\" data-element_type=\"container\" data-e-type=\"container\">\n\t\t\t\t<div class=\"elementor-element elementor-element-f3cc828 elementor-widget elementor-widget-image\" data-id=\"f3cc828\" data-element_type=\"widget\" data-e-type=\"widget\" data-widget_type=\"image.default\">\n\t\t\t\t\t\t\t\t\t\t\t\t\t\t\t<img fetchpriority=\"high\" decoding=\"async\" width=\"800\" height=\"400\" src=\"https:\/\/fbprocedes.com\/wp-content\/uploads\/2025\/12\/degrilleur-a-escalier-eaux-usees.webp\" class=\"attachment-full size-full wp-image-969\" alt=\"Step Screen in a wastewater treatment plant\" srcset=\"https:\/\/fbprocedes.com\/wp-content\/uploads\/2025\/12\/degrilleur-a-escalier-eaux-usees.webp 800w, https:\/\/fbprocedes.com\/wp-content\/uploads\/2025\/12\/degrilleur-a-escalier-eaux-usees-300x150.webp 300w, https:\/\/fbprocedes.com\/wp-content\/uploads\/2025\/12\/degrilleur-a-escalier-eaux-usees-768x384.webp 768w\" sizes=\"(max-width: 800px) 100vw, 800px\" \/>\t\t\t\t\t\t\t\t\t\t\t\t\t\t\t<\/div>\n\t\t\t\t<\/div>\n\t\t<div class=\"elementor-element elementor-element-4f8e20bb e-con-full e-flex e-con e-child\" data-id=\"4f8e20bb\" data-element_type=\"container\" data-e-type=\"container\">\n\t\t\t\t<div class=\"elementor-element elementor-element-5ed8c1a6 elementor-widget elementor-widget-text-editor\" data-id=\"5ed8c1a6\" data-element_type=\"widget\" data-e-type=\"widget\" data-widget_type=\"text-editor.default\">\n\t\t\t\t\t\t\t\t\t<p>The step Bar Screen, or stair-type Bar Screen (also known as a Step Screen), PROSTEP type, is the result of 30 years of expertise in screening. More than just an innovative fine Bar Screen, it has been developed and designed to meet the most demanding expectations of operators.<\/p><p>This step Bar Screen was entirely designed with the objective of providing an efficient, robust, and reliable screening solution, while minimizing maintenance and operating costs.<\/p>\t\t\t\t\t\t\t\t<\/div>\n\t\t\t\t<\/div>\n\t\t\t\t\t<\/div>\n\t\t\t\t<\/div>\n\t\t<div class=\"elementor-element elementor-element-88d9275 e-flex e-con-boxed e-con e-parent\" data-id=\"88d9275\" data-element_type=\"container\" data-e-type=\"container\">\n\t\t\t\t\t<div class=\"e-con-inner\">\n\t\t\t\t<div class=\"elementor-element elementor-element-b554483 elementor-widget elementor-widget-text-editor\" data-id=\"b554483\" data-element_type=\"widget\" data-e-type=\"widget\" data-widget_type=\"text-editor.default\">\n\t\t\t\t\t\t\t\t\t<p>An FB Proc\u00e9d\u00e9s innovation: 100% of the submerged components are made of stainless steel, avoiding the use of plastic spacers, which are less reliable and more costly. The stainless-steel spacers of the PROSTEP Step Screen provide longer service life and lower maintenance costs.<\/p><p>The design and unique shape of the screen bars were specifically developed to improve debris capture and prevent waste from falling back into the channel.<\/p><p>Thanks to an exclusive in-house developed process, the screen design minimizes head losses as much as possible.<\/p><p>Innovative and reliable in design, the PROSTEP Step Screen is assembled with the same high level of standards as the entire range of FB Proc\u00e9d\u00e9s Bar Screens.<\/p><p>Thanks to its adaptability, numerous options, and custom design for each project, the PROSTEP Step Screen enables fine screening (bar spacing from 2 to 6 mm).<\/p>\t\t\t\t\t\t\t\t<\/div>\n\t\t\t\t\t<\/div>\n\t\t\t\t<\/div>\n\t\t<div class=\"elementor-element elementor-element-f22b1f7 e-flex e-con-boxed e-con e-parent\" data-id=\"f22b1f7\" data-element_type=\"container\" data-e-type=\"container\">\n\t\t\t\t\t<div class=\"e-con-inner\">\n\t\t\t\t<div class=\"elementor-element elementor-element-3dd95038 elementor-widget elementor-widget-image\" data-id=\"3dd95038\" data-element_type=\"widget\" data-e-type=\"widget\" data-widget_type=\"image.default\">\n\t\t\t\t\t\t\t\t\t\t\t\t\t\t\t<img decoding=\"async\" width=\"500\" height=\"500\" src=\"https:\/\/fbprocedes.com\/wp-content\/uploads\/2025\/12\/degrilleur-escalier-prostep.jpg\" class=\"attachment-large size-large wp-image-905\" alt=\"3D CAD view of a PROSTEP step Bar Screen\" srcset=\"https:\/\/fbprocedes.com\/wp-content\/uploads\/2025\/12\/degrilleur-escalier-prostep.jpg 500w, https:\/\/fbprocedes.com\/wp-content\/uploads\/2025\/12\/degrilleur-escalier-prostep-300x300.jpg 300w, https:\/\/fbprocedes.com\/wp-content\/uploads\/2025\/12\/degrilleur-escalier-prostep-150x150.jpg 150w\" sizes=\"(max-width: 500px) 100vw, 500px\" \/>\t\t\t\t\t\t\t\t\t\t\t\t\t\t\t<\/div>\n\t\t\t\t\t<\/div>\n\t\t\t\t<\/div>\n\t\t<div class=\"elementor-element elementor-element-f4e47cc e-flex e-con-boxed e-con e-parent\" data-id=\"f4e47cc\" data-element_type=\"container\" data-e-type=\"container\" data-settings=\"{&quot;background_background&quot;:&quot;classic&quot;}\">\n\t\t\t\t\t<div class=\"e-con-inner\">\n\t\t<div class=\"elementor-element elementor-element-23189b7 e-con-full e-flex e-con e-child\" data-id=\"23189b7\" data-element_type=\"container\" data-e-type=\"container\">\n\t\t\t\t<div class=\"elementor-element elementor-element-1582c64 elementor-widget elementor-widget-heading\" data-id=\"1582c64\" data-element_type=\"widget\" data-e-type=\"widget\" data-widget_type=\"heading.default\">\n\t\t\t\t\t<h2 class=\"elementor-heading-title elementor-size-default\">Advantages of the Step Screen<\/h2>\t\t\t\t<\/div>\n\t\t\t\t<div class=\"elementor-element elementor-element-e95f4b8 elementor-widget-divider--view-line elementor-widget elementor-widget-divider\" data-id=\"e95f4b8\" data-element_type=\"widget\" data-e-type=\"widget\" data-widget_type=\"divider.default\">\n\t\t\t\t\t\t\t<div class=\"elementor-divider\">\n\t\t\t<span class=\"elementor-divider-separator\">\n\t\t\t\t\t\t<\/span>\n\t\t<\/div>\n\t\t\t\t\t\t<\/div>\n\t\t\t\t<div class=\"elementor-element elementor-element-b5c8869 elementor-widget elementor-widget-text-editor\" data-id=\"b5c8869\" data-element_type=\"widget\" data-e-type=\"widget\" data-widget_type=\"text-editor.default\">\n\t\t\t\t\t\t\t\t\t<ul><li>Fine bar spacing: from 2 to 6 mm<\/li><li>Luz de paso fina: de 2 a 6 mm<\/li><li>Easy access to wear parts<\/li><li>Surface screening at high flow rates<\/li><li>Optimized debris capture<\/li><li>Custom-made design<\/li><li>Reduced head losses<\/li><li>Minimal noise emissions (less than 50 dB)<\/li><\/ul>\t\t\t\t\t\t\t\t<\/div>\n\t\t\t\t<\/div>\n\t\t<div class=\"elementor-element elementor-element-926a888 e-con-full e-flex e-con e-child\" data-id=\"926a888\" data-element_type=\"container\" data-e-type=\"container\">\n\t\t\t\t<div class=\"elementor-element elementor-element-c75c0b3 elementor-widget elementor-widget-heading\" data-id=\"c75c0b3\" data-element_type=\"widget\" data-e-type=\"widget\" data-widget_type=\"heading.default\">\n\t\t\t\t\t<h2 class=\"elementor-heading-title elementor-size-default\">Technical data of the Step Screen<\/h2>\t\t\t\t<\/div>\n\t\t\t\t<div class=\"elementor-element elementor-element-c82c1f7 elementor-widget-divider--view-line elementor-widget elementor-widget-divider\" data-id=\"c82c1f7\" data-element_type=\"widget\" data-e-type=\"widget\" data-widget_type=\"divider.default\">\n\t\t\t\t\t\t\t<div class=\"elementor-divider\">\n\t\t\t<span class=\"elementor-divider-separator\">\n\t\t\t\t\t\t<\/span>\n\t\t<\/div>\n\t\t\t\t\t\t<\/div>\n\t\t\t\t<div class=\"elementor-element elementor-element-f6a321f elementor-widget elementor-widget-text-editor\" data-id=\"f6a321f\" data-element_type=\"widget\" data-e-type=\"widget\" data-widget_type=\"text-editor.default\">\n\t\t\t\t\t\t\t\t\t<ul><li>Maximum flow rate: 1,000 m\u00b3\/h<\/li><li>Bar spacing: 2 to 6 mm<\/li><li>Width: 300 to 2,000 mm<\/li><li>Maximum depth below installation level: 2,000 mm<\/li><li>Discharge: downstream<\/li><li>Inclination: 45\u00b0<\/li><li>Material: stainless steel 304L or 316L<\/li><\/ul>\t\t\t\t\t\t\t\t<\/div>\n\t\t\t\t<\/div>\n\t\t\t\t\t<\/div>\n\t\t\t\t<\/div>\n\t\t<div class=\"elementor-element elementor-element-89a9518 e-flex e-con-boxed e-con e-parent\" data-id=\"89a9518\" data-element_type=\"container\" data-e-type=\"container\">\n\t\t\t\t\t<div class=\"e-con-inner\">\n\t\t\t\t<div class=\"elementor-element elementor-element-8a23e36 elementor-widget elementor-widget-button\" data-id=\"8a23e36\" data-element_type=\"widget\" data-e-type=\"widget\" data-widget_type=\"button.default\">\n\t\t\t\t\t\t\t\t\t\t<a class=\"elementor-button elementor-button-link elementor-size-sm\" href=\"https:\/\/fbprocedes.com\/wp-content\/uploads\/2026\/01\/Product-Sheet-Step-Screen-Prostep-EN.pdf\">\n\t\t\t\t\t\t<span class=\"elementor-button-content-wrapper\">\n\t\t\t\t\t\t\t\t\t<span class=\"elementor-button-text\">Download the product datasheet<\/span>\n\t\t\t\t\t<\/span>\n\t\t\t\t\t<\/a>\n\t\t\t\t\t\t\t\t<\/div>\n\t\t\t\t\t<\/div>\n\t\t\t\t<\/div>\n\t\t<div class=\"elementor-element elementor-element-21c26a3a e-flex e-con-boxed e-con e-parent\" data-id=\"21c26a3a\" data-element_type=\"container\" data-e-type=\"container\">\n\t\t\t\t\t<div class=\"e-con-inner\">\n\t\t\t\t<div class=\"elementor-element elementor-element-7b13d9 elementor-widget elementor-widget-heading\" data-id=\"7b13d9\" data-element_type=\"widget\" data-e-type=\"widget\" data-widget_type=\"heading.default\">\n\t\t\t\t\t<h2 class=\"elementor-heading-title elementor-size-default\">Examples of Step Screen PROSTEP installations<\/h2>\t\t\t\t<\/div>\n\t\t\t\t<div class=\"elementor-element elementor-element-f5baf20 elementor-widget-divider--view-line elementor-widget elementor-widget-divider\" data-id=\"f5baf20\" data-element_type=\"widget\" data-e-type=\"widget\" data-widget_type=\"divider.default\">\n\t\t\t\t\t\t\t<div class=\"elementor-divider\">\n\t\t\t<span class=\"elementor-divider-separator\">\n\t\t\t\t\t\t<\/span>\n\t\t<\/div>\n\t\t\t\t\t\t<\/div>\n\t\t\t\t\t<\/div>\n\t\t\t\t<\/div>\n\t\t<div class=\"elementor-element elementor-element-2e0524a e-flex e-con-boxed e-con e-parent\" data-id=\"2e0524a\" data-element_type=\"container\" data-e-type=\"container\">\n\t\t\t\t\t<div class=\"e-con-inner\">\n\t\t\t\t<div class=\"elementor-element elementor-element-fada7d2 elementor-widget elementor-widget-image\" data-id=\"fada7d2\" data-element_type=\"widget\" data-e-type=\"widget\" data-widget_type=\"image.default\">\n\t\t\t\t\t\t\t\t\t\t\t\t\t\t\t\t<a href=\"https:\/\/fbprocedes.com\/wp-content\/uploads\/2026\/01\/step-screen-traitement-eau.jpg\" data-elementor-open-lightbox=\"yes\" data-e-action-hash=\"#elementor-action%3Aaction%3Dlightbox%26settings%3DeyJpZCI6MzQ4NSwidXJsIjoiaHR0cHM6XC9cL2ZicHJvY2VkZXMuY29tXC93cC1jb250ZW50XC91cGxvYWRzXC8yMDI2XC8wMVwvc3RlcC1zY3JlZW4tdHJhaXRlbWVudC1lYXUuanBnIn0%3D\">\n\t\t\t\t\t\t\t<img decoding=\"async\" width=\"800\" height=\"600\" src=\"https:\/\/fbprocedes.com\/wp-content\/uploads\/2026\/01\/step-screen-traitement-eau.jpg\" class=\"elementor-animation-grow attachment-large size-large wp-image-3485\" alt=\"step screen for wastewater treatment\" srcset=\"https:\/\/fbprocedes.com\/wp-content\/uploads\/2026\/01\/step-screen-traitement-eau.jpg 1024w, https:\/\/fbprocedes.com\/wp-content\/uploads\/2026\/01\/step-screen-traitement-eau-300x225.jpg 300w, https:\/\/fbprocedes.com\/wp-content\/uploads\/2026\/01\/step-screen-traitement-eau-768x576.jpg 768w, https:\/\/fbprocedes.com\/wp-content\/uploads\/2026\/01\/step-screen-traitement-eau-16x12.jpg 16w\" sizes=\"(max-width: 800px) 100vw, 800px\" \/>\t\t\t\t\t\t\t\t<\/a>\n\t\t\t\t\t\t\t\t\t\t\t\t\t\t\t<\/div>\n\t\t\t\t<div class=\"elementor-element elementor-element-3b5b900 elementor-widget elementor-widget-image\" data-id=\"3b5b900\" data-element_type=\"widget\" data-e-type=\"widget\" data-widget_type=\"image.default\">\n\t\t\t\t\t\t\t\t\t\t\t\t\t\t\t<img loading=\"lazy\" decoding=\"async\" width=\"800\" height=\"600\" src=\"https:\/\/fbprocedes.com\/wp-content\/uploads\/2026\/01\/step-screen-station-epuration.jpg\" class=\"elementor-animation-grow attachment-large size-large wp-image-3484\" alt=\"Step Screen in a wastewater treatment plant\" srcset=\"https:\/\/fbprocedes.com\/wp-content\/uploads\/2026\/01\/step-screen-station-epuration.jpg 1024w, https:\/\/fbprocedes.com\/wp-content\/uploads\/2026\/01\/step-screen-station-epuration-300x225.jpg 300w, https:\/\/fbprocedes.com\/wp-content\/uploads\/2026\/01\/step-screen-station-epuration-768x576.jpg 768w, https:\/\/fbprocedes.com\/wp-content\/uploads\/2026\/01\/step-screen-station-epuration-16x12.jpg 16w\" sizes=\"(max-width: 800px) 100vw, 800px\" \/>\t\t\t\t\t\t\t\t\t\t\t\t\t\t\t<\/div>\n\t\t\t\t<div class=\"elementor-element elementor-element-b38c63c elementor-widget elementor-widget-image\" data-id=\"b38c63c\" data-element_type=\"widget\" data-e-type=\"widget\" data-widget_type=\"image.default\">\n\t\t\t\t\t\t\t\t\t\t\t\t\t\t\t<img loading=\"lazy\" decoding=\"async\" width=\"800\" height=\"600\" src=\"https:\/\/fbprocedes.com\/wp-content\/uploads\/2026\/01\/step-screen-armoire-electrique.jpg\" class=\"elementor-animation-grow attachment-large size-large wp-image-3483\" alt=\"Step Screen with its electrical control cabinet\" srcset=\"https:\/\/fbprocedes.com\/wp-content\/uploads\/2026\/01\/step-screen-armoire-electrique.jpg 1024w, https:\/\/fbprocedes.com\/wp-content\/uploads\/2026\/01\/step-screen-armoire-electrique-300x225.jpg 300w, https:\/\/fbprocedes.com\/wp-content\/uploads\/2026\/01\/step-screen-armoire-electrique-768x576.jpg 768w, https:\/\/fbprocedes.com\/wp-content\/uploads\/2026\/01\/step-screen-armoire-electrique-16x12.jpg 16w\" sizes=\"(max-width: 800px) 100vw, 800px\" \/>\t\t\t\t\t\t\t\t\t\t\t\t\t\t\t<\/div>\n\t\t\t\t<div class=\"elementor-element elementor-element-9a8e349 elementor-widget elementor-widget-image\" data-id=\"9a8e349\" data-element_type=\"widget\" data-e-type=\"widget\" data-widget_type=\"image.default\">\n\t\t\t\t\t\t\t\t\t\t\t\t\t\t\t<img loading=\"lazy\" decoding=\"async\" width=\"800\" height=\"600\" src=\"https:\/\/fbprocedes.com\/wp-content\/uploads\/2026\/01\/degrilleur-escalier-vis-transport.jpg\" class=\"elementor-animation-grow attachment-large size-large wp-image-3482\" alt=\"Step Screen with a screw conveyor\" srcset=\"https:\/\/fbprocedes.com\/wp-content\/uploads\/2026\/01\/degrilleur-escalier-vis-transport.jpg 1024w, https:\/\/fbprocedes.com\/wp-content\/uploads\/2026\/01\/degrilleur-escalier-vis-transport-300x225.jpg 300w, https:\/\/fbprocedes.com\/wp-content\/uploads\/2026\/01\/degrilleur-escalier-vis-transport-768x576.jpg 768w, https:\/\/fbprocedes.com\/wp-content\/uploads\/2026\/01\/degrilleur-escalier-vis-transport-16x12.jpg 16w\" sizes=\"(max-width: 800px) 100vw, 800px\" \/>\t\t\t\t\t\t\t\t\t\t\t\t\t\t\t<\/div>\n\t\t\t\t\t<\/div>\n\t\t\t\t<\/div>\n\t\t<div class=\"elementor-element elementor-element-79cc846e e-flex e-con-boxed e-con e-parent\" data-id=\"79cc846e\" data-element_type=\"container\" data-e-type=\"container\">\n\t\t\t\t\t<div class=\"e-con-inner\">\n\t\t\t\t<div class=\"elementor-element elementor-element-367c100e elementor-widget elementor-widget-heading\" data-id=\"367c100e\" data-element_type=\"widget\" data-e-type=\"widget\" data-widget_type=\"heading.default\">\n\t\t\t\t\t<h2 class=\"elementor-heading-title elementor-size-default\">Complementary solutions<\/h2>\t\t\t\t<\/div>\n\t\t\t\t<div class=\"elementor-element elementor-element-2439f505 elementor-widget-divider--view-line elementor-widget elementor-widget-divider\" data-id=\"2439f505\" data-element_type=\"widget\" data-e-type=\"widget\" data-widget_type=\"divider.default\">\n\t\t\t\t\t\t\t<div class=\"elementor-divider\">\n\t\t\t<span class=\"elementor-divider-separator\">\n\t\t\t\t\t\t<\/span>\n\t\t<\/div>\n\t\t\t\t\t\t<\/div>\n\t\t\t\t\t<\/div>\n\t\t\t\t<\/div>\n\t\t<div class=\"elementor-element elementor-element-662f6f64 e-grid e-con-boxed e-con e-parent\" data-id=\"662f6f64\" data-element_type=\"container\" data-e-type=\"container\">\n\t\t\t\t\t<div class=\"e-con-inner\">\n\t\t<div class=\"elementor-element elementor-element-15eef532 e-con-full e-flex e-con e-child\" data-id=\"15eef532\" data-element_type=\"container\" data-e-type=\"container\" data-settings=\"{&quot;background_background&quot;:&quot;classic&quot;}\">\n\t\t\t\t<div class=\"elementor-element elementor-element-4fa2fe7 elementor-widget elementor-widget-image\" data-id=\"4fa2fe7\" data-element_type=\"widget\" data-e-type=\"widget\" data-widget_type=\"image.default\">\n\t\t\t\t\t\t\t\t\t\t\t\t\t\t\t<img loading=\"lazy\" decoding=\"async\" width=\"500\" height=\"400\" src=\"https:\/\/fbprocedes.com\/wp-content\/uploads\/2026\/01\/vis-de-transport-pour-dechets.jpg\" class=\"attachment-medium_large size-medium_large wp-image-3285\" alt=\"Screw conveyor for the conveyance of screenings\" srcset=\"https:\/\/fbprocedes.com\/wp-content\/uploads\/2026\/01\/vis-de-transport-pour-dechets.jpg 500w, https:\/\/fbprocedes.com\/wp-content\/uploads\/2026\/01\/vis-de-transport-pour-dechets-300x240.jpg 300w, https:\/\/fbprocedes.com\/wp-content\/uploads\/2026\/01\/vis-de-transport-pour-dechets-15x12.jpg 15w\" sizes=\"(max-width: 500px) 100vw, 500px\" \/>\t\t\t\t\t\t\t\t\t\t\t\t\t\t\t<\/div>\n\t\t\t\t<div class=\"elementor-element elementor-element-2213ab45 elementor-widget elementor-widget-heading\" data-id=\"2213ab45\" data-element_type=\"widget\" data-e-type=\"widget\" data-widget_type=\"heading.default\">\n\t\t\t\t\t<h3 class=\"elementor-heading-title elementor-size-default\">Screw Conveyor<\/h3>\t\t\t\t<\/div>\n\t\t\t\t<div class=\"elementor-element elementor-element-6be4ab0d elementor-widget elementor-widget-text-editor\" data-id=\"6be4ab0d\" data-element_type=\"widget\" data-e-type=\"widget\" data-widget_type=\"text-editor.default\">\n\t\t\t\t\t\t\t\t\t<p style=\"text-align: center;\">Screw conveyor for conveying the waste collected by the Bar Screens to a bin or skip.<\/p>\t\t\t\t\t\t\t\t<\/div>\n\t\t\t\t<div class=\"elementor-element elementor-element-3cc20e45 elementor-align-center elementor-widget elementor-widget-button\" data-id=\"3cc20e45\" data-element_type=\"widget\" data-e-type=\"widget\" data-widget_type=\"button.default\">\n\t\t\t\t\t\t\t\t\t\t<a class=\"elementor-button elementor-button-link elementor-size-sm\" href=\"\/en\/screw-conveyor\/\">\n\t\t\t\t\t\t<span class=\"elementor-button-content-wrapper\">\n\t\t\t\t\t\t\t\t\t<span class=\"elementor-button-text\">See<\/span>\n\t\t\t\t\t<\/span>\n\t\t\t\t\t<\/a>\n\t\t\t\t\t\t\t\t<\/div>\n\t\t\t\t<\/div>\n\t\t<div class=\"elementor-element elementor-element-4d020a68 e-con-full e-flex e-con e-child\" data-id=\"4d020a68\" data-element_type=\"container\" data-e-type=\"container\" data-settings=\"{&quot;background_background&quot;:&quot;classic&quot;}\">\n\t\t\t\t<div class=\"elementor-element elementor-element-195daab5 elementor-widget elementor-widget-image\" data-id=\"195daab5\" data-element_type=\"widget\" data-e-type=\"widget\" data-widget_type=\"image.default\">\n\t\t\t\t\t\t\t\t\t\t\t\t\t\t\t<img loading=\"lazy\" decoding=\"async\" width=\"500\" height=\"400\" src=\"https:\/\/fbprocedes.com\/wp-content\/uploads\/2025\/12\/vis-de-compactage.jpg\" class=\"attachment-medium_large size-medium_large wp-image-705\" alt=\"Compaction screw for reducing the volume of screenings\" srcset=\"https:\/\/fbprocedes.com\/wp-content\/uploads\/2025\/12\/vis-de-compactage.jpg 500w, https:\/\/fbprocedes.com\/wp-content\/uploads\/2025\/12\/vis-de-compactage-300x240.jpg 300w\" sizes=\"(max-width: 500px) 100vw, 500px\" \/>\t\t\t\t\t\t\t\t\t\t\t\t\t\t\t<\/div>\n\t\t\t\t<div class=\"elementor-element elementor-element-596fbc9d elementor-widget elementor-widget-heading\" data-id=\"596fbc9d\" data-element_type=\"widget\" data-e-type=\"widget\" data-widget_type=\"heading.default\">\n\t\t\t\t\t<h3 class=\"elementor-heading-title elementor-size-default\">Screw Compactor<\/h3>\t\t\t\t<\/div>\n\t\t\t\t<div class=\"elementor-element elementor-element-65407d6 elementor-widget elementor-widget-text-editor\" data-id=\"65407d6\" data-element_type=\"widget\" data-e-type=\"widget\" data-widget_type=\"text-editor.default\">\n\t\t\t\t\t\t\t\t\t<p style=\"text-align: center;\">Compaction screw to reduce the volume of waste collected by the Bar Screen<\/p>\t\t\t\t\t\t\t\t<\/div>\n\t\t\t\t<div class=\"elementor-element elementor-element-1649a09c elementor-align-center elementor-widget elementor-widget-button\" data-id=\"1649a09c\" data-element_type=\"widget\" data-e-type=\"widget\" data-widget_type=\"button.default\">\n\t\t\t\t\t\t\t\t\t\t<a class=\"elementor-button elementor-button-link elementor-size-sm\" href=\"\/en\/screw-compactor\/\">\n\t\t\t\t\t\t<span class=\"elementor-button-content-wrapper\">\n\t\t\t\t\t\t\t\t\t<span class=\"elementor-button-text\">See<\/span>\n\t\t\t\t\t<\/span>\n\t\t\t\t\t<\/a>\n\t\t\t\t\t\t\t\t<\/div>\n\t\t\t\t<\/div>\n\t\t<div class=\"elementor-element elementor-element-31c4c0f5 e-con-full e-flex e-con e-child\" data-id=\"31c4c0f5\" data-element_type=\"container\" data-e-type=\"container\" data-settings=\"{&quot;background_background&quot;:&quot;classic&quot;}\">\n\t\t\t\t<div class=\"elementor-element elementor-element-29ba3850 elementor-widget elementor-widget-image\" data-id=\"29ba3850\" data-element_type=\"widget\" data-e-type=\"widget\" data-widget_type=\"image.default\">\n\t\t\t\t\t\t\t\t\t\t\t\t\t\t\t<img loading=\"lazy\" decoding=\"async\" width=\"500\" height=\"400\" src=\"https:\/\/fbprocedes.com\/wp-content\/uploads\/2025\/12\/presse-laveuse.jpg\" class=\"attachment-medium_large size-medium_large wp-image-706\" alt=\"3D view of the PROPRESS Wash Press\" srcset=\"https:\/\/fbprocedes.com\/wp-content\/uploads\/2025\/12\/presse-laveuse.jpg 500w, https:\/\/fbprocedes.com\/wp-content\/uploads\/2025\/12\/presse-laveuse-300x240.jpg 300w\" sizes=\"(max-width: 500px) 100vw, 500px\" \/>\t\t\t\t\t\t\t\t\t\t\t\t\t\t\t<\/div>\n\t\t\t\t<div class=\"elementor-element elementor-element-335e11ba elementor-widget elementor-widget-heading\" data-id=\"335e11ba\" data-element_type=\"widget\" data-e-type=\"widget\" data-widget_type=\"heading.default\">\n\t\t\t\t\t<h3 class=\"elementor-heading-title elementor-size-default\">Wash Press<\/h3>\t\t\t\t<\/div>\n\t\t\t\t<div class=\"elementor-element elementor-element-7e9b5dd8 elementor-widget elementor-widget-text-editor\" data-id=\"7e9b5dd8\" data-element_type=\"widget\" data-e-type=\"widget\" data-widget_type=\"text-editor.default\">\n\t\t\t\t\t\t\t\t\t<p style=\"text-align: center;\">The PROPRESS Wash Press is the optimal solution for washing and compacting screenings.<\/p>\t\t\t\t\t\t\t\t<\/div>\n\t\t\t\t<div class=\"elementor-element elementor-element-b6f055f elementor-align-center elementor-widget elementor-widget-button\" data-id=\"b6f055f\" data-element_type=\"widget\" data-e-type=\"widget\" data-widget_type=\"button.default\">\n\t\t\t\t\t\t\t\t\t\t<a class=\"elementor-button elementor-button-link elementor-size-sm\" href=\"\/en\/wash-press-propress\/\">\n\t\t\t\t\t\t<span class=\"elementor-button-content-wrapper\">\n\t\t\t\t\t\t\t\t\t<span class=\"elementor-button-text\">See<\/span>\n\t\t\t\t\t<\/span>\n\t\t\t\t\t<\/a>\n\t\t\t\t\t\t\t\t<\/div>\n\t\t\t\t<\/div>\n\t\t\t\t\t<\/div>\n\t\t\t\t<\/div>\n\t\t\t\t<\/div>","protected":false},"excerpt":{"rendered":"<p>Step Screen PROSTEP Step Screen (D\u00e9grilleur escalier) innovant: 100% des pi\u00e8ces immerg\u00e9es sont en acier inoxydable, afin de minimiser les co\u00fbts de maintenance. Une solution de d\u00e9grillage robuste et fiable. Nous contacter Le d\u00e9grilleur step ou d\u00e9grilleur \u00e0 escalier (aussi appel\u00e9 Step Screen) type PROSTEP est le r\u00e9sultat de 30 ann\u00e9es d\u2019expertise en mati\u00e8re de [&hellip;]<\/p>\n","protected":false},"author":1,"featured_media":0,"parent":444,"menu_order":0,"comment_status":"closed","ping_status":"closed","template":"","meta":{"footnotes":""},"class_list":["post-487","page","type-page","status-publish","hentry"],"aioseo_notices":[],"_links":{"self":[{"href":"https:\/\/fbprocedes.com\/en\/wp-json\/wp\/v2\/pages\/487","targetHints":{"allow":["GET"]}}],"collection":[{"href":"https:\/\/fbprocedes.com\/en\/wp-json\/wp\/v2\/pages"}],"about":[{"href":"https:\/\/fbprocedes.com\/en\/wp-json\/wp\/v2\/types\/page"}],"author":[{"embeddable":true,"href":"https:\/\/fbprocedes.com\/en\/wp-json\/wp\/v2\/users\/1"}],"replies":[{"embeddable":true,"href":"https:\/\/fbprocedes.com\/en\/wp-json\/wp\/v2\/comments?post=487"}],"version-history":[{"count":50,"href":"https:\/\/fbprocedes.com\/en\/wp-json\/wp\/v2\/pages\/487\/revisions"}],"predecessor-version":[{"id":3685,"href":"https:\/\/fbprocedes.com\/en\/wp-json\/wp\/v2\/pages\/487\/revisions\/3685"}],"up":[{"embeddable":true,"href":"https:\/\/fbprocedes.com\/en\/wp-json\/wp\/v2\/pages\/444"}],"wp:attachment":[{"href":"https:\/\/fbprocedes.com\/en\/wp-json\/wp\/v2\/media?parent=487"}],"curies":[{"name":"wp","href":"https:\/\/api.w.org\/{rel}","templated":true}]}}