{"id":496,"date":"2025-11-26T14:57:53","date_gmt":"2025-11-26T13:57:53","guid":{"rendered":"https:\/\/fbprocedes.com\/?page_id=496"},"modified":"2026-01-16T16:19:29","modified_gmt":"2026-01-16T15:19:29","slug":"bar-screen-xg","status":"publish","type":"page","link":"https:\/\/fbprocedes.com\/en\/produits\/degrilleurs\/degrilleur-vertical-xg\/","title":{"rendered":"Vertical Bar Screen XG"},"content":{"rendered":"<div data-elementor-type=\"wp-page\" data-elementor-id=\"496\" class=\"elementor elementor-496\" data-elementor-post-type=\"page\">\n\t\t\t\t<div class=\"elementor-element elementor-element-66dc1dfa e-flex e-con-boxed e-con e-parent\" data-id=\"66dc1dfa\" data-element_type=\"container\" data-e-type=\"container\" data-settings=\"{&quot;background_background&quot;:&quot;classic&quot;}\">\n\t\t\t\t\t<div class=\"e-con-inner\">\n\t\t\t\t<div class=\"elementor-element elementor-element-23d43504 elementor-widget elementor-widget-heading\" data-id=\"23d43504\" data-element_type=\"widget\" data-e-type=\"widget\" data-widget_type=\"heading.default\">\n\t\t\t\t\t<h1 class=\"elementor-heading-title elementor-size-default\">Vertical Bar Screen XG<\/h1>\t\t\t\t<\/div>\n\t\t\t\t<div class=\"elementor-element elementor-element-59e0d7a2 elementor-widget elementor-widget-text-editor\" data-id=\"59e0d7a2\" data-element_type=\"widget\" data-e-type=\"widget\" data-widget_type=\"text-editor.default\">\n\t\t\t\t\t\t\t\t\t<p>Width up to 2,000 mm, flow rate up to 20,000 m\u00b3\/h. A vertical automatic Bar Screen with downstream discharge, fully custom-designed.<\/p>\t\t\t\t\t\t\t\t<\/div>\n\t\t\t\t<div class=\"elementor-element elementor-element-7dab0e32 elementor-align-center elementor-widget elementor-widget-button\" data-id=\"7dab0e32\" data-element_type=\"widget\" data-e-type=\"widget\" data-widget_type=\"button.default\">\n\t\t\t\t\t\t\t\t\t\t<a class=\"elementor-button elementor-button-link elementor-size-sm\" href=\"\/en\/contact\/\">\n\t\t\t\t\t\t<span class=\"elementor-button-content-wrapper\">\n\t\t\t\t\t\t\t\t\t<span class=\"elementor-button-text\">Contact us<\/span>\n\t\t\t\t\t<\/span>\n\t\t\t\t\t<\/a>\n\t\t\t\t\t\t\t\t<\/div>\n\t\t\t\t\t<\/div>\n\t\t\t\t<\/div>\n\t\t<div class=\"elementor-element elementor-element-4fa14e00 e-flex e-con-boxed e-con e-parent\" data-id=\"4fa14e00\" data-element_type=\"container\" data-e-type=\"container\">\n\t\t\t\t\t<div class=\"e-con-inner\">\n\t\t<div class=\"elementor-element elementor-element-3eb6f635 e-con-full e-flex e-con e-child\" data-id=\"3eb6f635\" data-element_type=\"container\" data-e-type=\"container\">\n\t\t\t\t<div class=\"elementor-element elementor-element-439855da elementor-widget elementor-widget-image\" data-id=\"439855da\" data-element_type=\"widget\" data-e-type=\"widget\" data-widget_type=\"image.default\">\n\t\t\t\t\t\t\t\t\t\t\t\t\t\t\t<img fetchpriority=\"high\" decoding=\"async\" width=\"800\" height=\"572\" src=\"https:\/\/fbprocedes.com\/wp-content\/uploads\/2025\/12\/degrilleur-automatique-xg.jpg\" class=\"attachment-full size-full wp-image-784\" alt=\"D\u00e9grilleurs grossiers verticaux FB Proc\u00e9d\u00e9s dans une station d&#039;\u00e9puration\" srcset=\"https:\/\/fbprocedes.com\/wp-content\/uploads\/2025\/12\/degrilleur-automatique-xg.jpg 800w, https:\/\/fbprocedes.com\/wp-content\/uploads\/2025\/12\/degrilleur-automatique-xg-300x215.jpg 300w, https:\/\/fbprocedes.com\/wp-content\/uploads\/2025\/12\/degrilleur-automatique-xg-768x549.jpg 768w\" sizes=\"(max-width: 800px) 100vw, 800px\" \/>\t\t\t\t\t\t\t\t\t\t\t\t\t\t\t<\/div>\n\t\t\t\t<\/div>\n\t\t<div class=\"elementor-element elementor-element-13f32536 e-con-full e-flex e-con e-child\" data-id=\"13f32536\" data-element_type=\"container\" data-e-type=\"container\">\n\t\t\t\t<div class=\"elementor-element elementor-element-238a32ae elementor-widget elementor-widget-text-editor\" data-id=\"238a32ae\" data-element_type=\"widget\" data-e-type=\"widget\" data-widget_type=\"text-editor.default\">\n\t\t\t\t\t\t\t\t\t<p>The XG-type automatic Bar Screen is characterized by its downstream discharge of screenings. It is a vertical automatic Bar Screen that uses a single central belt as the traction element for the screening rake\u2014a feature common to the entire FB Proc\u00e9d\u00e9s Bar Screen range.<\/p><p>This automatic Bar Screen is suitable for new or existing structures, whether in channels or pumping stations.<\/p><p>Thanks to its adaptability, numerous options, and custom design for each project, the XG-type automatic Bar Screen enables fine or coarse screening (bar spacing from 3 to 60 mm) in a wide variety of installations (width from 450 to 2,000 mm, depth up to 17,000 mm).<\/p>\t\t\t\t\t\t\t\t<\/div>\n\t\t\t\t<\/div>\n\t\t\t\t\t<\/div>\n\t\t\t\t<\/div>\n\t\t<div class=\"elementor-element elementor-element-7cbf63a8 e-flex e-con-boxed e-con e-parent\" data-id=\"7cbf63a8\" data-element_type=\"container\" data-e-type=\"container\">\n\t\t\t\t\t<div class=\"e-con-inner\">\n\t\t<div class=\"elementor-element elementor-element-f152eeb e-con-full e-flex e-con e-child\" data-id=\"f152eeb\" data-element_type=\"container\" data-e-type=\"container\">\n\t\t\t\t<div class=\"elementor-element elementor-element-6d9ce74f elementor-widget elementor-widget-image\" data-id=\"6d9ce74f\" data-element_type=\"widget\" data-e-type=\"widget\" data-widget_type=\"image.default\">\n\t\t\t\t\t\t\t\t\t\t\t\t\t\t\t<img decoding=\"async\" width=\"310\" height=\"800\" src=\"https:\/\/fbprocedes.com\/wp-content\/uploads\/2025\/12\/degrilleur-automatique-xg-1.jpg\" class=\"attachment-large size-large wp-image-788\" alt=\"3D view of a vertical FB Proc\u00e9d\u00e9s Bar Screen\" srcset=\"https:\/\/fbprocedes.com\/wp-content\/uploads\/2025\/12\/degrilleur-automatique-xg-1.jpg 310w, https:\/\/fbprocedes.com\/wp-content\/uploads\/2025\/12\/degrilleur-automatique-xg-1-116x300.jpg 116w\" sizes=\"(max-width: 310px) 100vw, 310px\" \/>\t\t\t\t\t\t\t\t\t\t\t\t\t\t\t<\/div>\n\t\t\t\t<\/div>\n\t\t<div class=\"elementor-element elementor-element-33d9ebb e-con-full e-flex e-con e-child\" data-id=\"33d9ebb\" data-element_type=\"container\" data-e-type=\"container\">\n\t\t\t\t<div class=\"elementor-element elementor-element-74b1a655 elementor-widget elementor-widget-heading\" data-id=\"74b1a655\" data-element_type=\"widget\" data-e-type=\"widget\" data-widget_type=\"heading.default\">\n\t\t\t\t\t<h2 class=\"elementor-heading-title elementor-size-default\">Advantages of the vertical Bar Screen<\/h2>\t\t\t\t<\/div>\n\t\t\t\t<div class=\"elementor-element elementor-element-7edb9a33 elementor-widget-divider--view-line elementor-widget elementor-widget-divider\" data-id=\"7edb9a33\" data-element_type=\"widget\" data-e-type=\"widget\" data-widget_type=\"divider.default\">\n\t\t\t\t\t\t\t<div class=\"elementor-divider\">\n\t\t\t<span class=\"elementor-divider-separator\">\n\t\t\t\t\t\t<\/span>\n\t\t<\/div>\n\t\t\t\t\t\t<\/div>\n\t\t\t\t<div class=\"elementor-element elementor-element-64c4b1b elementor-widget elementor-widget-text-editor\" data-id=\"64c4b1b\" data-element_type=\"widget\" data-e-type=\"widget\" data-widget_type=\"text-editor.default\">\n\t\t\t\t\t\t\t\t\t<ul><li>Downstream discharge of screenings<\/li><li>Unlimited screen height<\/li><li>Adaptable to all types of new or existing structures (channel, pumping station, etc.)<\/li><li>Simple design = long-term reliability<\/li><li>Custom-made design<\/li><li>Low operating costs and easy maintenance<\/li><li>CE compliant<\/li><li>Wear parts and electrical equipment located out of the water (accessible from the installation level)<\/li><li>Screenings collected directly into a skip or other container<\/li><\/ul>\t\t\t\t\t\t\t\t<\/div>\n\t\t\t\t<div class=\"elementor-element elementor-element-3aedbf4a elementor-widget elementor-widget-heading\" data-id=\"3aedbf4a\" data-element_type=\"widget\" data-e-type=\"widget\" data-widget_type=\"heading.default\">\n\t\t\t\t\t<h2 class=\"elementor-heading-title elementor-size-default\">Technical data of the vertical Bar Screen<\/h2>\t\t\t\t<\/div>\n\t\t\t\t<div class=\"elementor-element elementor-element-454b516e elementor-widget-divider--view-line elementor-widget elementor-widget-divider\" data-id=\"454b516e\" data-element_type=\"widget\" data-e-type=\"widget\" data-widget_type=\"divider.default\">\n\t\t\t\t\t\t\t<div class=\"elementor-divider\">\n\t\t\t<span class=\"elementor-divider-separator\">\n\t\t\t\t\t\t<\/span>\n\t\t<\/div>\n\t\t\t\t\t\t<\/div>\n\t\t\t\t<div class=\"elementor-element elementor-element-6ab20c4 elementor-widget elementor-widget-text-editor\" data-id=\"6ab20c4\" data-element_type=\"widget\" data-e-type=\"widget\" data-widget_type=\"text-editor.default\">\n\t\t\t\t\t\t\t\t\t<ul><li>Maximum flow rate: 20,000 m\u00b3\/h<\/li><li>Bar Spacing : 3 to 60 mm<\/li><li>Width: 450 to 2,000 mm<\/li><li>Maximum depth below installation level: 17,000 mm<\/li><li>Maximum overall height: 21,000 mm<\/li><li>Discharge : downstream<\/li><li>Inclination \/ vertical: 0\u00b0<\/li><li>Material = 304L, 316L, or mixed<\/li><\/ul>\t\t\t\t\t\t\t\t<\/div>\n\t\t\t\t<div class=\"elementor-element elementor-element-640c227d elementor-widget elementor-widget-button\" data-id=\"640c227d\" data-element_type=\"widget\" data-e-type=\"widget\" data-widget_type=\"button.default\">\n\t\t\t\t\t\t\t\t\t\t<a class=\"elementor-button elementor-button-link elementor-size-sm\" href=\"https:\/\/fbprocedes.com\/wp-content\/uploads\/2026\/01\/Product-Sheet-Bar-Screen-XG-EN.pdf\">\n\t\t\t\t\t\t<span class=\"elementor-button-content-wrapper\">\n\t\t\t\t\t\t\t\t\t<span class=\"elementor-button-text\">Download the product datasheet<\/span>\n\t\t\t\t\t<\/span>\n\t\t\t\t\t<\/a>\n\t\t\t\t\t\t\t\t<\/div>\n\t\t\t\t<\/div>\n\t\t\t\t\t<\/div>\n\t\t\t\t<\/div>\n\t\t<div class=\"elementor-element elementor-element-5adffd6e e-flex e-con-boxed e-con e-parent\" data-id=\"5adffd6e\" data-element_type=\"container\" data-e-type=\"container\">\n\t\t\t\t\t<div class=\"e-con-inner\">\n\t\t\t\t<div class=\"elementor-element elementor-element-25eaa236 elementor-widget elementor-widget-heading\" data-id=\"25eaa236\" data-element_type=\"widget\" data-e-type=\"widget\" data-widget_type=\"heading.default\">\n\t\t\t\t\t<h2 class=\"elementor-heading-title elementor-size-default\">Examples of vertical Bar Screen installations<\/h2>\t\t\t\t<\/div>\n\t\t\t\t<div class=\"elementor-element elementor-element-5bbe6b17 elementor-widget-divider--view-line elementor-widget elementor-widget-divider\" data-id=\"5bbe6b17\" data-element_type=\"widget\" data-e-type=\"widget\" data-widget_type=\"divider.default\">\n\t\t\t\t\t\t\t<div class=\"elementor-divider\">\n\t\t\t<span class=\"elementor-divider-separator\">\n\t\t\t\t\t\t<\/span>\n\t\t<\/div>\n\t\t\t\t\t\t<\/div>\n\t\t\t\t\t<\/div>\n\t\t\t\t<\/div>\n\t\t<div class=\"elementor-element elementor-element-6745527 e-flex e-con-boxed e-con e-parent\" data-id=\"6745527\" data-element_type=\"container\" data-e-type=\"container\">\n\t\t\t\t\t<div class=\"e-con-inner\">\n\t\t\t\t<div class=\"elementor-element elementor-element-050a2bf elementor-widget elementor-widget-image\" data-id=\"050a2bf\" data-element_type=\"widget\" data-e-type=\"widget\" data-widget_type=\"image.default\">\n\t\t\t\t\t\t\t\t\t\t\t\t\t\t\t\t<a href=\"https:\/\/fbprocedes.com\/wp-content\/uploads\/2026\/01\/degrilleur-vertical-pretraitement-eaux-usees.jpg\" data-elementor-open-lightbox=\"yes\" data-e-action-hash=\"#elementor-action%3Aaction%3Dlightbox%26settings%3DeyJpZCI6MzUwMiwidXJsIjoiaHR0cHM6XC9cL2ZicHJvY2VkZXMuY29tXC93cC1jb250ZW50XC91cGxvYWRzXC8yMDI2XC8wMVwvZGVncmlsbGV1ci12ZXJ0aWNhbC1wcmV0cmFpdGVtZW50LWVhdXgtdXNlZXMuanBnIn0%3D\">\n\t\t\t\t\t\t\t<img decoding=\"async\" width=\"800\" height=\"600\" src=\"https:\/\/fbprocedes.com\/wp-content\/uploads\/2026\/01\/degrilleur-vertical-pretraitement-eaux-usees.jpg\" class=\"elementor-animation-grow attachment-large size-large wp-image-3502\" alt=\"Vertical Bar Screen for wastewater pretreatment\" srcset=\"https:\/\/fbprocedes.com\/wp-content\/uploads\/2026\/01\/degrilleur-vertical-pretraitement-eaux-usees.jpg 1024w, https:\/\/fbprocedes.com\/wp-content\/uploads\/2026\/01\/degrilleur-vertical-pretraitement-eaux-usees-300x225.jpg 300w, https:\/\/fbprocedes.com\/wp-content\/uploads\/2026\/01\/degrilleur-vertical-pretraitement-eaux-usees-768x576.jpg 768w, https:\/\/fbprocedes.com\/wp-content\/uploads\/2026\/01\/degrilleur-vertical-pretraitement-eaux-usees-16x12.jpg 16w\" sizes=\"(max-width: 800px) 100vw, 800px\" \/>\t\t\t\t\t\t\t\t<\/a>\n\t\t\t\t\t\t\t\t\t\t\t\t\t\t\t<\/div>\n\t\t\t\t<div class=\"elementor-element elementor-element-dd67f4d elementor-widget elementor-widget-image\" data-id=\"dd67f4d\" data-element_type=\"widget\" data-e-type=\"widget\" data-widget_type=\"image.default\">\n\t\t\t\t\t\t\t\t\t\t\t\t\t\t\t\t<a href=\"https:\/\/fbprocedes.com\/wp-content\/uploads\/2026\/01\/degrilleurs-verticaux-station-epuration.jpg\" data-elementor-open-lightbox=\"yes\" data-e-action-hash=\"#elementor-action%3Aaction%3Dlightbox%26settings%3DeyJpZCI6MzUwMywidXJsIjoiaHR0cHM6XC9cL2ZicHJvY2VkZXMuY29tXC93cC1jb250ZW50XC91cGxvYWRzXC8yMDI2XC8wMVwvZGVncmlsbGV1cnMtdmVydGljYXV4LXN0YXRpb24tZXB1cmF0aW9uLmpwZyJ9\">\n\t\t\t\t\t\t\t<img loading=\"lazy\" decoding=\"async\" width=\"800\" height=\"600\" src=\"https:\/\/fbprocedes.com\/wp-content\/uploads\/2026\/01\/degrilleurs-verticaux-station-epuration.jpg\" class=\"elementor-animation-grow attachment-large size-large wp-image-3503\" alt=\"Vertical Bar Screens in a wastewater treatment plant\" srcset=\"https:\/\/fbprocedes.com\/wp-content\/uploads\/2026\/01\/degrilleurs-verticaux-station-epuration.jpg 1024w, https:\/\/fbprocedes.com\/wp-content\/uploads\/2026\/01\/degrilleurs-verticaux-station-epuration-300x225.jpg 300w, https:\/\/fbprocedes.com\/wp-content\/uploads\/2026\/01\/degrilleurs-verticaux-station-epuration-768x576.jpg 768w, https:\/\/fbprocedes.com\/wp-content\/uploads\/2026\/01\/degrilleurs-verticaux-station-epuration-16x12.jpg 16w\" sizes=\"(max-width: 800px) 100vw, 800px\" \/>\t\t\t\t\t\t\t\t<\/a>\n\t\t\t\t\t\t\t\t\t\t\t\t\t\t\t<\/div>\n\t\t\t\t<div class=\"elementor-element elementor-element-8c42564 elementor-widget elementor-widget-image\" data-id=\"8c42564\" data-element_type=\"widget\" data-e-type=\"widget\" data-widget_type=\"image.default\">\n\t\t\t\t\t\t\t\t\t\t\t\t\t\t\t\t<a href=\"https:\/\/fbprocedes.com\/wp-content\/uploads\/2026\/01\/degrilleurs-verticaux-vis-transport.jpg\" data-elementor-open-lightbox=\"yes\" data-e-action-hash=\"#elementor-action%3Aaction%3Dlightbox%26settings%3DeyJpZCI6MzUwNCwidXJsIjoiaHR0cHM6XC9cL2ZicHJvY2VkZXMuY29tXC93cC1jb250ZW50XC91cGxvYWRzXC8yMDI2XC8wMVwvZGVncmlsbGV1cnMtdmVydGljYXV4LXZpcy10cmFuc3BvcnQuanBnIn0%3D\">\n\t\t\t\t\t\t\t<img loading=\"lazy\" decoding=\"async\" width=\"800\" height=\"600\" src=\"https:\/\/fbprocedes.com\/wp-content\/uploads\/2026\/01\/degrilleurs-verticaux-vis-transport.jpg\" class=\"elementor-animation-grow attachment-large size-large wp-image-3504\" alt=\"Vertical Bar Screens with screw conveyors\" srcset=\"https:\/\/fbprocedes.com\/wp-content\/uploads\/2026\/01\/degrilleurs-verticaux-vis-transport.jpg 1024w, https:\/\/fbprocedes.com\/wp-content\/uploads\/2026\/01\/degrilleurs-verticaux-vis-transport-300x225.jpg 300w, https:\/\/fbprocedes.com\/wp-content\/uploads\/2026\/01\/degrilleurs-verticaux-vis-transport-768x576.jpg 768w, https:\/\/fbprocedes.com\/wp-content\/uploads\/2026\/01\/degrilleurs-verticaux-vis-transport-16x12.jpg 16w\" sizes=\"(max-width: 800px) 100vw, 800px\" \/>\t\t\t\t\t\t\t\t<\/a>\n\t\t\t\t\t\t\t\t\t\t\t\t\t\t\t<\/div>\n\t\t\t\t\t<\/div>\n\t\t\t\t<\/div>\n\t\t<div class=\"elementor-element elementor-element-35e1fe5d e-flex e-con-boxed e-con e-parent\" data-id=\"35e1fe5d\" data-element_type=\"container\" data-e-type=\"container\">\n\t\t\t\t\t<div class=\"e-con-inner\">\n\t\t\t\t<div class=\"elementor-element elementor-element-139d913b elementor-widget elementor-widget-heading\" data-id=\"139d913b\" data-element_type=\"widget\" data-e-type=\"widget\" data-widget_type=\"heading.default\">\n\t\t\t\t\t<h2 class=\"elementor-heading-title elementor-size-default\">Complementary solutions<\/h2>\t\t\t\t<\/div>\n\t\t\t\t<div class=\"elementor-element elementor-element-b990617 elementor-widget-divider--view-line elementor-widget elementor-widget-divider\" data-id=\"b990617\" data-element_type=\"widget\" data-e-type=\"widget\" data-widget_type=\"divider.default\">\n\t\t\t\t\t\t\t<div class=\"elementor-divider\">\n\t\t\t<span class=\"elementor-divider-separator\">\n\t\t\t\t\t\t<\/span>\n\t\t<\/div>\n\t\t\t\t\t\t<\/div>\n\t\t\t\t\t<\/div>\n\t\t\t\t<\/div>\n\t\t<div class=\"elementor-element elementor-element-2d5b9dbf e-grid e-con-boxed e-con e-parent\" data-id=\"2d5b9dbf\" data-element_type=\"container\" data-e-type=\"container\">\n\t\t\t\t\t<div class=\"e-con-inner\">\n\t\t<div class=\"elementor-element elementor-element-6f4a188a e-con-full e-flex e-con e-child\" data-id=\"6f4a188a\" data-element_type=\"container\" data-e-type=\"container\" data-settings=\"{&quot;background_background&quot;:&quot;classic&quot;}\">\n\t\t\t\t<div class=\"elementor-element elementor-element-5d1485ae elementor-widget elementor-widget-image\" data-id=\"5d1485ae\" data-element_type=\"widget\" data-e-type=\"widget\" data-widget_type=\"image.default\">\n\t\t\t\t\t\t\t\t\t\t\t\t\t\t\t<img loading=\"lazy\" decoding=\"async\" width=\"500\" height=\"400\" src=\"https:\/\/fbprocedes.com\/wp-content\/uploads\/2026\/01\/vis-de-transport-pour-dechets.jpg\" class=\"attachment-medium_large size-medium_large wp-image-3285\" alt=\"Screw conveyor for the conveyance of screenings\" srcset=\"https:\/\/fbprocedes.com\/wp-content\/uploads\/2026\/01\/vis-de-transport-pour-dechets.jpg 500w, https:\/\/fbprocedes.com\/wp-content\/uploads\/2026\/01\/vis-de-transport-pour-dechets-300x240.jpg 300w, https:\/\/fbprocedes.com\/wp-content\/uploads\/2026\/01\/vis-de-transport-pour-dechets-15x12.jpg 15w\" sizes=\"(max-width: 500px) 100vw, 500px\" \/>\t\t\t\t\t\t\t\t\t\t\t\t\t\t\t<\/div>\n\t\t\t\t<div class=\"elementor-element elementor-element-de9b1d9 elementor-widget elementor-widget-heading\" data-id=\"de9b1d9\" data-element_type=\"widget\" data-e-type=\"widget\" data-widget_type=\"heading.default\">\n\t\t\t\t\t<h3 class=\"elementor-heading-title elementor-size-default\">Screw Conveyor<\/h3>\t\t\t\t<\/div>\n\t\t\t\t<div class=\"elementor-element elementor-element-7d79caf8 elementor-widget elementor-widget-text-editor\" data-id=\"7d79caf8\" data-element_type=\"widget\" data-e-type=\"widget\" data-widget_type=\"text-editor.default\">\n\t\t\t\t\t\t\t\t\t<p style=\"text-align: center;\">Screw conveyor for conveying the waste collected by the Bar Screens to a bin or skip.<\/p>\t\t\t\t\t\t\t\t<\/div>\n\t\t\t\t<div class=\"elementor-element elementor-element-709e7a7c elementor-align-center elementor-widget elementor-widget-button\" data-id=\"709e7a7c\" data-element_type=\"widget\" data-e-type=\"widget\" data-widget_type=\"button.default\">\n\t\t\t\t\t\t\t\t\t\t<a class=\"elementor-button elementor-button-link elementor-size-sm\" href=\"\/en\/screw-conveyor\/\">\n\t\t\t\t\t\t<span class=\"elementor-button-content-wrapper\">\n\t\t\t\t\t\t\t\t\t<span class=\"elementor-button-text\">See<\/span>\n\t\t\t\t\t<\/span>\n\t\t\t\t\t<\/a>\n\t\t\t\t\t\t\t\t<\/div>\n\t\t\t\t<\/div>\n\t\t<div class=\"elementor-element elementor-element-60ab7aea e-con-full e-flex e-con e-child\" data-id=\"60ab7aea\" data-element_type=\"container\" data-e-type=\"container\" data-settings=\"{&quot;background_background&quot;:&quot;classic&quot;}\">\n\t\t\t\t<div class=\"elementor-element elementor-element-6a0d9fc7 elementor-widget elementor-widget-image\" data-id=\"6a0d9fc7\" data-element_type=\"widget\" data-e-type=\"widget\" data-widget_type=\"image.default\">\n\t\t\t\t\t\t\t\t\t\t\t\t\t\t\t<img loading=\"lazy\" decoding=\"async\" width=\"500\" height=\"400\" src=\"https:\/\/fbprocedes.com\/wp-content\/uploads\/2025\/12\/vis-de-compactage.jpg\" class=\"attachment-medium_large size-medium_large wp-image-705\" alt=\"Compaction screw for reducing the volume of screenings\" srcset=\"https:\/\/fbprocedes.com\/wp-content\/uploads\/2025\/12\/vis-de-compactage.jpg 500w, https:\/\/fbprocedes.com\/wp-content\/uploads\/2025\/12\/vis-de-compactage-300x240.jpg 300w\" sizes=\"(max-width: 500px) 100vw, 500px\" \/>\t\t\t\t\t\t\t\t\t\t\t\t\t\t\t<\/div>\n\t\t\t\t<div class=\"elementor-element elementor-element-4f529d4a elementor-widget elementor-widget-heading\" data-id=\"4f529d4a\" data-element_type=\"widget\" data-e-type=\"widget\" data-widget_type=\"heading.default\">\n\t\t\t\t\t<h3 class=\"elementor-heading-title elementor-size-default\">Screw Compactor<\/h3>\t\t\t\t<\/div>\n\t\t\t\t<div class=\"elementor-element elementor-element-75f4fd85 elementor-widget elementor-widget-text-editor\" data-id=\"75f4fd85\" data-element_type=\"widget\" data-e-type=\"widget\" data-widget_type=\"text-editor.default\">\n\t\t\t\t\t\t\t\t\t<p style=\"text-align: center;\">Compaction screw to reduce the volume of waste collected by the Bar Screen<\/p>\t\t\t\t\t\t\t\t<\/div>\n\t\t\t\t<div class=\"elementor-element elementor-element-61e74584 elementor-align-center elementor-widget elementor-widget-button\" data-id=\"61e74584\" data-element_type=\"widget\" data-e-type=\"widget\" data-widget_type=\"button.default\">\n\t\t\t\t\t\t\t\t\t\t<a class=\"elementor-button elementor-button-link elementor-size-sm\" href=\"\/en\/screw-compactor\/\">\n\t\t\t\t\t\t<span class=\"elementor-button-content-wrapper\">\n\t\t\t\t\t\t\t\t\t<span class=\"elementor-button-text\">See<\/span>\n\t\t\t\t\t<\/span>\n\t\t\t\t\t<\/a>\n\t\t\t\t\t\t\t\t<\/div>\n\t\t\t\t<\/div>\n\t\t<div class=\"elementor-element elementor-element-7918e4fe e-con-full e-flex e-con e-child\" data-id=\"7918e4fe\" data-element_type=\"container\" data-e-type=\"container\" data-settings=\"{&quot;background_background&quot;:&quot;classic&quot;}\">\n\t\t\t\t<div class=\"elementor-element elementor-element-3659534b elementor-widget elementor-widget-image\" data-id=\"3659534b\" data-element_type=\"widget\" data-e-type=\"widget\" data-widget_type=\"image.default\">\n\t\t\t\t\t\t\t\t\t\t\t\t\t\t\t<img loading=\"lazy\" decoding=\"async\" width=\"500\" height=\"400\" src=\"https:\/\/fbprocedes.com\/wp-content\/uploads\/2025\/12\/presse-laveuse.jpg\" class=\"attachment-medium_large size-medium_large wp-image-706\" alt=\"3D view of the PROPRESS Wash Press\" srcset=\"https:\/\/fbprocedes.com\/wp-content\/uploads\/2025\/12\/presse-laveuse.jpg 500w, https:\/\/fbprocedes.com\/wp-content\/uploads\/2025\/12\/presse-laveuse-300x240.jpg 300w\" sizes=\"(max-width: 500px) 100vw, 500px\" \/>\t\t\t\t\t\t\t\t\t\t\t\t\t\t\t<\/div>\n\t\t\t\t<div class=\"elementor-element elementor-element-59dbe824 elementor-widget elementor-widget-heading\" data-id=\"59dbe824\" data-element_type=\"widget\" data-e-type=\"widget\" data-widget_type=\"heading.default\">\n\t\t\t\t\t<h3 class=\"elementor-heading-title elementor-size-default\">Wash Press<\/h3>\t\t\t\t<\/div>\n\t\t\t\t<div class=\"elementor-element elementor-element-79ffec94 elementor-widget elementor-widget-text-editor\" data-id=\"79ffec94\" data-element_type=\"widget\" data-e-type=\"widget\" data-widget_type=\"text-editor.default\">\n\t\t\t\t\t\t\t\t\t<p style=\"text-align: center;\">The PROPRESS Wash Press is the optimal solution for washing and compacting screenings.<\/p>\t\t\t\t\t\t\t\t<\/div>\n\t\t\t\t<div class=\"elementor-element elementor-element-13b53fdd elementor-align-center elementor-widget elementor-widget-button\" data-id=\"13b53fdd\" data-element_type=\"widget\" data-e-type=\"widget\" data-widget_type=\"button.default\">\n\t\t\t\t\t\t\t\t\t\t<a class=\"elementor-button elementor-button-link elementor-size-sm\" href=\"\/en\/wash-press-propress\/\">\n\t\t\t\t\t\t<span class=\"elementor-button-content-wrapper\">\n\t\t\t\t\t\t\t\t\t<span class=\"elementor-button-text\">See<\/span>\n\t\t\t\t\t<\/span>\n\t\t\t\t\t<\/a>\n\t\t\t\t\t\t\t\t<\/div>\n\t\t\t\t<\/div>\n\t\t\t\t\t<\/div>\n\t\t\t\t<\/div>\n\t\t\t\t<\/div>","protected":false},"excerpt":{"rendered":"<p>D\u00e9grilleur automatique Type XG Largeur jusqu\u2019\u00e0 2000mm, d\u00e9bit jusqu\u2019\u00e0 20000 m3\/h. Le d\u00e9grilleur automatique vertical \u00e0 d\u00e9versement aval, r\u00e9alis\u00e9 enti\u00e8rement sur mesure. Nous contacter Le d\u00e9grilleur automatique type XG a comme sp\u00e9cificit\u00e9 de d\u00e9charger les d\u00e9chets \u00e0 l\u2019aval. C\u2019est un d\u00e9grilleur automatique vertical, qui utilise comme \u00e9l\u00e9ment de traction du grappin de d\u00e9grillage une sangle [&hellip;]<\/p>\n","protected":false},"author":1,"featured_media":0,"parent":444,"menu_order":0,"comment_status":"closed","ping_status":"closed","template":"","meta":{"footnotes":""},"class_list":["post-496","page","type-page","status-publish","hentry"],"aioseo_notices":[],"_links":{"self":[{"href":"https:\/\/fbprocedes.com\/en\/wp-json\/wp\/v2\/pages\/496","targetHints":{"allow":["GET"]}}],"collection":[{"href":"https:\/\/fbprocedes.com\/en\/wp-json\/wp\/v2\/pages"}],"about":[{"href":"https:\/\/fbprocedes.com\/en\/wp-json\/wp\/v2\/types\/page"}],"author":[{"embeddable":true,"href":"https:\/\/fbprocedes.com\/en\/wp-json\/wp\/v2\/users\/1"}],"replies":[{"embeddable":true,"href":"https:\/\/fbprocedes.com\/en\/wp-json\/wp\/v2\/comments?post=496"}],"version-history":[{"count":31,"href":"https:\/\/fbprocedes.com\/en\/wp-json\/wp\/v2\/pages\/496\/revisions"}],"predecessor-version":[{"id":3700,"href":"https:\/\/fbprocedes.com\/en\/wp-json\/wp\/v2\/pages\/496\/revisions\/3700"}],"up":[{"embeddable":true,"href":"https:\/\/fbprocedes.com\/en\/wp-json\/wp\/v2\/pages\/444"}],"wp:attachment":[{"href":"https:\/\/fbprocedes.com\/en\/wp-json\/wp\/v2\/media?parent=496"}],"curies":[{"name":"wp","href":"https:\/\/api.w.org\/{rel}","templated":true}]}}