{"id":822,"date":"2025-12-15T19:17:50","date_gmt":"2025-12-15T18:17:50","guid":{"rendered":"https:\/\/fbprocedes.com\/?page_id=822"},"modified":"2026-01-16T16:12:21","modified_gmt":"2026-01-16T15:12:21","slug":"bar-screen-definition","status":"publish","type":"page","link":"https:\/\/fbprocedes.com\/en\/produits\/degrilleurs\/degrilleur-definition\/","title":{"rendered":"D\u00e9grilleur &#8211; D\u00e9finition"},"content":{"rendered":"<div data-elementor-type=\"wp-page\" data-elementor-id=\"822\" class=\"elementor elementor-822\" data-elementor-post-type=\"page\">\n\t\t\t\t<div class=\"elementor-element elementor-element-296c9675 e-flex e-con-boxed e-con e-parent\" data-id=\"296c9675\" data-element_type=\"container\" data-e-type=\"container\" data-settings=\"{&quot;background_background&quot;:&quot;classic&quot;}\">\n\t\t\t\t\t<div class=\"e-con-inner\">\n\t\t\t\t<div class=\"elementor-element elementor-element-5fd20e8d elementor-widget elementor-widget-heading\" data-id=\"5fd20e8d\" data-element_type=\"widget\" data-e-type=\"widget\" data-widget_type=\"heading.default\">\n\t\t\t\t\t<h1 class=\"elementor-heading-title elementor-size-default\">Bar Screen - Definition<\/h1>\t\t\t\t<\/div>\n\t\t\t\t<div class=\"elementor-element elementor-element-28d86056 elementor-widget elementor-widget-text-editor\" data-id=\"28d86056\" data-element_type=\"widget\" data-e-type=\"widget\" data-widget_type=\"text-editor.default\">\n\t\t\t\t\t\t\t\t\t<p>A Bar Screen is a pretreatment piece of equipment used in wastewater treatment plants to retain coarse debris present in wastewater.<\/p>\t\t\t\t\t\t\t\t<\/div>\n\t\t\t\t<div class=\"elementor-element elementor-element-22528c14 elementor-align-center elementor-widget elementor-widget-button\" data-id=\"22528c14\" data-element_type=\"widget\" data-e-type=\"widget\" data-widget_type=\"button.default\">\n\t\t\t\t\t\t\t\t\t\t<a class=\"elementor-button elementor-button-link elementor-size-sm\" href=\"\/en\/contact\/\">\n\t\t\t\t\t\t<span class=\"elementor-button-content-wrapper\">\n\t\t\t\t\t\t\t\t\t<span class=\"elementor-button-text\">Contact us<\/span>\n\t\t\t\t\t<\/span>\n\t\t\t\t\t<\/a>\n\t\t\t\t\t\t\t\t<\/div>\n\t\t\t\t\t<\/div>\n\t\t\t\t<\/div>\n\t\t<div class=\"elementor-element elementor-element-435a7aa e-flex e-con-boxed e-con e-parent\" data-id=\"435a7aa\" data-element_type=\"container\" data-e-type=\"container\">\n\t\t\t\t\t<div class=\"e-con-inner\">\n\t\t\t\t<div class=\"elementor-element elementor-element-aac707a elementor-widget elementor-widget-heading\" data-id=\"aac707a\" data-element_type=\"widget\" data-e-type=\"widget\" data-widget_type=\"heading.default\">\n\t\t\t\t\t<h2 class=\"elementor-heading-title elementor-size-default\">Definition of a Bar Screen<\/h2>\t\t\t\t<\/div>\n\t\t\t\t<div class=\"elementor-element elementor-element-3d93e270 elementor-widget-divider--view-line elementor-widget elementor-widget-divider\" data-id=\"3d93e270\" data-element_type=\"widget\" data-e-type=\"widget\" data-widget_type=\"divider.default\">\n\t\t\t\t\t\t\t<div class=\"elementor-divider\">\n\t\t\t<span class=\"elementor-divider-separator\">\n\t\t\t\t\t\t<\/span>\n\t\t<\/div>\n\t\t\t\t\t\t<\/div>\n\t\t\t\t<div class=\"elementor-element elementor-element-227e294 elementor-widget elementor-widget-text-editor\" data-id=\"227e294\" data-element_type=\"widget\" data-e-type=\"widget\" data-widget_type=\"text-editor.default\">\n\t\t\t\t\t\t\t\t\t<p>An automatic Bar Screen is a machine designed to retain bulky materials and all kinds of debris contained in wastewater. It is a wastewater pretreatment device that forms part of the liquid\/solid separation process.<\/p>\t\t\t\t\t\t\t\t<\/div>\n\t\t\t\t<div class=\"elementor-element elementor-element-7eec122 elementor-widget elementor-widget-heading\" data-id=\"7eec122\" data-element_type=\"widget\" data-e-type=\"widget\" data-widget_type=\"heading.default\">\n\t\t\t\t\t<h2 class=\"elementor-heading-title elementor-size-default\">Wastewater pretreatment<\/h2>\t\t\t\t<\/div>\n\t\t\t\t<div class=\"elementor-element elementor-element-9a7f6df elementor-widget-divider--view-line elementor-widget elementor-widget-divider\" data-id=\"9a7f6df\" data-element_type=\"widget\" data-e-type=\"widget\" data-widget_type=\"divider.default\">\n\t\t\t\t\t\t\t<div class=\"elementor-divider\">\n\t\t\t<span class=\"elementor-divider-separator\">\n\t\t\t\t\t\t<\/span>\n\t\t<\/div>\n\t\t\t\t\t\t<\/div>\n\t\t\t\t<div class=\"elementor-element elementor-element-271b31f elementor-widget elementor-widget-text-editor\" data-id=\"271b31f\" data-element_type=\"widget\" data-e-type=\"widget\" data-widget_type=\"text-editor.default\">\n\t\t\t\t\t\t\t\t\t<p>Pretreatment consists of removing certain materials from wastewater, such as solid matter, fats, oils, or sand. It is a crucial step, because if pretreatment is not properly carried out, the entire wastewater treatment process is affected.<\/p><p>The first stage of pretreatment is the so-called screening stage. Wastewater, laden with solid materials, passes through a screen, where the solids are trapped. Screening consists of manually or automatically removing these materials from the screen and collecting them in a container, such as a bin or a waste hopper.<\/p><p>Manual screening consists of placing a screen across the effluent, with a person manually collecting the waste using, for example, a simple rake or a manually lifted screening basket operated by a cable. This is an archaic process that quickly reaches its limits as soon as flow rates or the amount of debris increase. It is also an operation that can be hazardous for the person carrying it out.<\/p>\t\t\t\t\t\t\t\t<\/div>\n\t\t\t\t<div class=\"elementor-element elementor-element-02f375f elementor-widget elementor-widget-heading\" data-id=\"02f375f\" data-element_type=\"widget\" data-e-type=\"widget\" data-widget_type=\"heading.default\">\n\t\t\t\t\t<h2 class=\"elementor-heading-title elementor-size-default\">Problems encountered<\/h2>\t\t\t\t<\/div>\n\t\t\t\t<div class=\"elementor-element elementor-element-1e37b9d elementor-widget-divider--view-line elementor-widget elementor-widget-divider\" data-id=\"1e37b9d\" data-element_type=\"widget\" data-e-type=\"widget\" data-widget_type=\"divider.default\">\n\t\t\t\t\t\t\t<div class=\"elementor-divider\">\n\t\t\t<span class=\"elementor-divider-separator\">\n\t\t\t\t\t\t<\/span>\n\t\t<\/div>\n\t\t\t\t\t\t<\/div>\n\t\t\t\t<div class=\"elementor-element elementor-element-211b89b elementor-widget elementor-widget-text-editor\" data-id=\"211b89b\" data-element_type=\"widget\" data-e-type=\"widget\" data-widget_type=\"text-editor.default\">\n\t\t\t\t\t\t\t\t\t<ul><li>Clogged lifting pumps<\/li><li>Clogged manual basket<\/li><li>Saturated fine screens<\/li><li>Clogged aeration manifolds<\/li><li>Rags on the grease remover<\/li><\/ul>\t\t\t\t\t\t\t\t<\/div>\n\t\t\t\t\t<\/div>\n\t\t\t\t<\/div>\n\t\t<div class=\"elementor-element elementor-element-ce3d57b e-flex e-con-boxed e-con e-parent\" data-id=\"ce3d57b\" data-element_type=\"container\" data-e-type=\"container\" data-settings=\"{&quot;background_background&quot;:&quot;classic&quot;}\">\n\t\t\t\t\t<div class=\"e-con-inner\">\n\t\t\t\t<div class=\"elementor-element elementor-element-d389b41 elementor-widget elementor-widget-heading\" data-id=\"d389b41\" data-element_type=\"widget\" data-e-type=\"widget\" data-widget_type=\"heading.default\">\n\t\t\t\t\t<h2 class=\"elementor-heading-title elementor-size-default\">The solution: the automatic Bar Screen<\/h2>\t\t\t\t<\/div>\n\t\t\t\t<div class=\"elementor-element elementor-element-31ee685 elementor-widget-divider--view-line elementor-widget elementor-widget-divider\" data-id=\"31ee685\" data-element_type=\"widget\" data-e-type=\"widget\" data-widget_type=\"divider.default\">\n\t\t\t\t\t\t\t<div class=\"elementor-divider\">\n\t\t\t<span class=\"elementor-divider-separator\">\n\t\t\t\t\t\t<\/span>\n\t\t<\/div>\n\t\t\t\t\t\t<\/div>\n\t\t\t\t<div class=\"elementor-element elementor-element-d6386e6 elementor-widget elementor-widget-text-editor\" data-id=\"d6386e6\" data-element_type=\"widget\" data-e-type=\"widget\" data-widget_type=\"text-editor.default\">\n\t\t\t\t\t\t\t\t\t<p>A device known as an automatic Bar Screen is installed across the effluent. Waste is still retained by a screen, but this screen is automatically cleaned by the Bar Screen, which collects the solid materials and discharges them directly into a waste bin or into a screw conveyor\/compactor. This ensures optimal screening under all conditions, at both low and high flow rates, and eliminates the need for personnel to carry out this operation.<\/p>\t\t\t\t\t\t\t\t<\/div>\n\t\t\t\t\t<\/div>\n\t\t\t\t<\/div>\n\t\t<div class=\"elementor-element elementor-element-24cd6c2 e-flex e-con-boxed e-con e-parent\" data-id=\"24cd6c2\" data-element_type=\"container\" data-e-type=\"container\" data-settings=\"{&quot;background_background&quot;:&quot;classic&quot;}\">\n\t\t\t\t\t<div class=\"e-con-inner\">\n\t\t<div class=\"elementor-element elementor-element-b49fb10 e-con-full e-flex e-con e-child\" data-id=\"b49fb10\" data-element_type=\"container\" data-e-type=\"container\">\n\t\t\t\t<div class=\"elementor-element elementor-element-c4f9291 elementor-widget elementor-widget-image\" data-id=\"c4f9291\" data-element_type=\"widget\" data-e-type=\"widget\" data-widget_type=\"image.default\">\n\t\t\t\t\t\t\t\t\t\t\t\t\t\t\t<img fetchpriority=\"high\" decoding=\"async\" width=\"640\" height=\"800\" src=\"https:\/\/fbprocedes.com\/wp-content\/uploads\/2026\/01\/degrilleur-vertical-canal.jpg\" class=\"attachment-large size-large wp-image-3253\" alt=\"Vertical Bar Screen discharging into a waste bin\" srcset=\"https:\/\/fbprocedes.com\/wp-content\/uploads\/2026\/01\/degrilleur-vertical-canal.jpg 640w, https:\/\/fbprocedes.com\/wp-content\/uploads\/2026\/01\/degrilleur-vertical-canal-240x300.jpg 240w, https:\/\/fbprocedes.com\/wp-content\/uploads\/2026\/01\/degrilleur-vertical-canal-10x12.jpg 10w\" sizes=\"(max-width: 640px) 100vw, 640px\" \/>\t\t\t\t\t\t\t\t\t\t\t\t\t\t\t<\/div>\n\t\t\t\t<\/div>\n\t\t<div class=\"elementor-element elementor-element-74f5d9c e-con-full e-flex e-con e-child\" data-id=\"74f5d9c\" data-element_type=\"container\" data-e-type=\"container\">\n\t\t\t\t<div class=\"elementor-element elementor-element-90f71de elementor-widget elementor-widget-text-editor\" data-id=\"90f71de\" data-element_type=\"widget\" data-e-type=\"widget\" data-widget_type=\"text-editor.default\">\n\t\t\t\t\t\t\t\t\t<p>FB Proc\u00e9d\u00e9s offers a complete range of automatic Bar Screens that fully meet all the efficiency and quality criteria required for optimal pretreatment and screening:<\/p><ul><li>Effective protection of pumps<\/li><li>Reduces the load on treatment processes at the plant<\/li><li>Takes up no more space than a manual basket<\/li><li>Not all debris is retained, unlike manual baskets<\/li><li>Little or no modification of existing structures required<\/li><li>Debris lifted out of the pumping station and discharged directly into a bin<\/li><li>Can be adapted to all types of installations<\/li><li>Direct installation inside the pumping station, surface-mounted against the vertical wall<\/li><li>Bar Screen maintenance carried out exclusively outside the pumping station<\/li><\/ul>\t\t\t\t\t\t\t\t<\/div>\n\t\t\t\t<\/div>\n\t\t\t\t\t<\/div>\n\t\t\t\t<\/div>\n\t\t<div class=\"elementor-element elementor-element-b3f50f2 e-flex e-con-boxed e-con e-parent\" data-id=\"b3f50f2\" data-element_type=\"container\" data-e-type=\"container\" data-settings=\"{&quot;background_background&quot;:&quot;classic&quot;}\">\n\t\t\t\t\t<div class=\"e-con-inner\">\n\t\t\t\t<div class=\"elementor-element elementor-element-b873642 elementor-align-center elementor-widget elementor-widget-button\" data-id=\"b873642\" data-element_type=\"widget\" data-e-type=\"widget\" data-widget_type=\"button.default\">\n\t\t\t\t\t\t\t\t\t\t<a class=\"elementor-button elementor-button-link elementor-size-sm\" href=\"\/en\/products\/bar-screens\/\">\n\t\t\t\t\t\t<span class=\"elementor-button-content-wrapper\">\n\t\t\t\t\t\t\t\t\t<span class=\"elementor-button-text\">Discover our Bar Screens<\/span>\n\t\t\t\t\t<\/span>\n\t\t\t\t\t<\/a>\n\t\t\t\t\t\t\t\t<\/div>\n\t\t\t\t\t<\/div>\n\t\t\t\t<\/div>\n\t\t\t\t<\/div>","protected":false},"excerpt":{"rendered":"<p>D\u00e9grilleur &#8211; D\u00e9finition Le d\u00e9grilleur est un \u00e9quipement de pr\u00e9traitement utilis\u00e9 en station d\u2019\u00e9puration pour retenir les d\u00e9chets grossiers pr\u00e9sents dans les eaux us\u00e9es. Nous contacter D\u00e9finition d&rsquo;un d\u00e9grilleur Un d\u00e9grilleur automatique est une machine destin\u00e9e \u00e0 retenir les mati\u00e8res volumineuses et d\u00e9chets de toutes sortes contenus dans les eaux us\u00e9es. C\u2019est un appareil de [&hellip;]<\/p>\n","protected":false},"author":1,"featured_media":0,"parent":444,"menu_order":0,"comment_status":"closed","ping_status":"closed","template":"","meta":{"footnotes":""},"class_list":["post-822","page","type-page","status-publish","hentry"],"aioseo_notices":[],"_links":{"self":[{"href":"https:\/\/fbprocedes.com\/en\/wp-json\/wp\/v2\/pages\/822","targetHints":{"allow":["GET"]}}],"collection":[{"href":"https:\/\/fbprocedes.com\/en\/wp-json\/wp\/v2\/pages"}],"about":[{"href":"https:\/\/fbprocedes.com\/en\/wp-json\/wp\/v2\/types\/page"}],"author":[{"embeddable":true,"href":"https:\/\/fbprocedes.com\/en\/wp-json\/wp\/v2\/users\/1"}],"replies":[{"embeddable":true,"href":"https:\/\/fbprocedes.com\/en\/wp-json\/wp\/v2\/comments?post=822"}],"version-history":[{"count":22,"href":"https:\/\/fbprocedes.com\/en\/wp-json\/wp\/v2\/pages\/822\/revisions"}],"predecessor-version":[{"id":3673,"href":"https:\/\/fbprocedes.com\/en\/wp-json\/wp\/v2\/pages\/822\/revisions\/3673"}],"up":[{"embeddable":true,"href":"https:\/\/fbprocedes.com\/en\/wp-json\/wp\/v2\/pages\/444"}],"wp:attachment":[{"href":"https:\/\/fbprocedes.com\/en\/wp-json\/wp\/v2\/media?parent=822"}],"curies":[{"name":"wp","href":"https:\/\/api.w.org\/{rel}","templated":true}]}}