{"id":861,"date":"2025-12-17T18:52:49","date_gmt":"2025-12-17T17:52:49","guid":{"rendered":"https:\/\/fbprocedes.com\/?page_id=861"},"modified":"2026-02-28T18:04:06","modified_gmt":"2026-02-28T17:04:06","slug":"screw-conveyor","status":"publish","type":"page","link":"https:\/\/fbprocedes.com\/en\/produits\/vis-refus-degrillage\/vis-de-transport\/","title":{"rendered":"Screw Conveyor"},"content":{"rendered":"<div data-elementor-type=\"wp-page\" data-elementor-id=\"861\" class=\"elementor elementor-861\" data-elementor-post-type=\"page\">\n\t\t\t\t<div class=\"elementor-element elementor-element-6c49e66c e-flex e-con-boxed e-con e-parent\" data-id=\"6c49e66c\" data-element_type=\"container\" data-e-type=\"container\" data-settings=\"{&quot;background_background&quot;:&quot;classic&quot;}\">\n\t\t\t\t\t<div class=\"e-con-inner\">\n\t\t\t\t<div class=\"elementor-element elementor-element-24bd0844 elementor-widget elementor-widget-heading\" data-id=\"24bd0844\" data-element_type=\"widget\" data-e-type=\"widget\" data-widget_type=\"heading.default\">\n\t\t\t\t\t<h1 class=\"elementor-heading-title elementor-size-default\">Screw Conveyor<\/h1>\t\t\t\t<\/div>\n\t\t\t\t<div class=\"elementor-element elementor-element-7275214 elementor-widget elementor-widget-text-editor\" data-id=\"7275214\" data-element_type=\"widget\" data-e-type=\"widget\" data-widget_type=\"text-editor.default\">\n\t\t\t\t\t\t\t\t\t<p>The VTP Screw Conveyor is designed to provide a solution for conveying screening waste from FB Proc\u00e9d\u00e9s Automatic Bar Screens.<\/p>\t\t\t\t\t\t\t\t<\/div>\n\t\t\t\t<div class=\"elementor-element elementor-element-4331b79 elementor-align-center elementor-widget elementor-widget-button\" data-id=\"4331b79\" data-element_type=\"widget\" data-e-type=\"widget\" data-widget_type=\"button.default\">\n\t\t\t\t\t\t\t\t\t\t<a class=\"elementor-button elementor-button-link elementor-size-sm\" href=\"\/en\/contact\/\">\n\t\t\t\t\t\t<span class=\"elementor-button-content-wrapper\">\n\t\t\t\t\t\t\t\t\t<span class=\"elementor-button-text\">Contact us<\/span>\n\t\t\t\t\t<\/span>\n\t\t\t\t\t<\/a>\n\t\t\t\t\t\t\t\t<\/div>\n\t\t\t\t\t<\/div>\n\t\t\t\t<\/div>\n\t\t<div class=\"elementor-element elementor-element-31cf0ec7 e-flex e-con-boxed e-con e-parent\" data-id=\"31cf0ec7\" data-element_type=\"container\" data-e-type=\"container\">\n\t\t\t\t\t<div class=\"e-con-inner\">\n\t\t<div class=\"elementor-element elementor-element-54ef5a91 e-con-full e-flex e-con e-child\" data-id=\"54ef5a91\" data-element_type=\"container\" data-e-type=\"container\">\n\t\t\t\t<div class=\"elementor-element elementor-element-5f73b785 elementor-widget elementor-widget-image\" data-id=\"5f73b785\" data-element_type=\"widget\" data-e-type=\"widget\" data-widget_type=\"image.default\">\n\t\t\t\t\t\t\t\t\t\t\t\t\t\t\t<img fetchpriority=\"high\" decoding=\"async\" width=\"650\" height=\"500\" src=\"https:\/\/fbprocedes.com\/wp-content\/uploads\/2025\/12\/vis-de-transport-3.webp\" class=\"attachment-full size-full wp-image-866\" alt=\"Two bar screens combined with a screw compactor\" srcset=\"https:\/\/fbprocedes.com\/wp-content\/uploads\/2025\/12\/vis-de-transport-3.webp 650w, https:\/\/fbprocedes.com\/wp-content\/uploads\/2025\/12\/vis-de-transport-3-300x231.webp 300w\" sizes=\"(max-width: 650px) 100vw, 650px\" \/>\t\t\t\t\t\t\t\t\t\t\t\t\t\t\t<\/div>\n\t\t\t\t<\/div>\n\t\t<div class=\"elementor-element elementor-element-19cbd220 e-con-full e-flex e-con e-child\" data-id=\"19cbd220\" data-element_type=\"container\" data-e-type=\"container\">\n\t\t\t\t<div class=\"elementor-element elementor-element-40b18b9f elementor-widget elementor-widget-text-editor\" data-id=\"40b18b9f\" data-element_type=\"widget\" data-e-type=\"widget\" data-widget_type=\"text-editor.default\">\n\t\t\t\t\t\t\t\t\t<p>In the same philosophy as the bar screens, the conveying screw features a simple and robust design to ensure reliability and low operating costs.<\/p><p>Choosing an FB Proc\u00e9d\u00e9s bar screen equipped with the Type VTP conveying screw means selecting a complete screening and screenings conveying solution, in which both machines operate in full complementarity.<\/p><p>The bar screen control and automation panel manages both machines simultaneously, facilitating installation and operation of the complete screening system.<\/p><p>This vertical Bar Screen is suitable for new or existing structures, in channels or pumping stations.<\/p><p>With very high reliability and ease of operation, this automatic vertical Bar Screen is perfectly suited for installations with flow rates of up to 120 m\u00b3\/h.<\/p><p>To adapt to all types of installations, several options are available for this vertical Bar Screen, such as side deflectors, a lateral manual emergency basket, acoustic insulation, a heating element, etc.<\/p>\t\t\t\t\t\t\t\t<\/div>\n\t\t\t\t<\/div>\n\t\t\t\t\t<\/div>\n\t\t\t\t<\/div>\n\t\t<div class=\"elementor-element elementor-element-a1dd494 e-flex e-con-boxed e-con e-parent\" data-id=\"a1dd494\" data-element_type=\"container\" data-e-type=\"container\">\n\t\t\t\t\t<div class=\"e-con-inner\">\n\t\t\t\t<div class=\"elementor-element elementor-element-77fd1b elementor-widget elementor-widget-image\" data-id=\"77fd1b\" data-element_type=\"widget\" data-e-type=\"widget\" data-widget_type=\"image.default\">\n\t\t\t\t\t\t\t\t\t\t\t\t\t\t\t<img decoding=\"async\" width=\"500\" height=\"375\" src=\"https:\/\/fbprocedes.com\/wp-content\/uploads\/2025\/12\/vis-de-transport-3.jpg\" class=\"attachment-large size-large wp-image-948\" alt=\"Screw conveyor for the conveyance of screenings\" srcset=\"https:\/\/fbprocedes.com\/wp-content\/uploads\/2025\/12\/vis-de-transport-3.jpg 500w, https:\/\/fbprocedes.com\/wp-content\/uploads\/2025\/12\/vis-de-transport-3-300x225.jpg 300w, https:\/\/fbprocedes.com\/wp-content\/uploads\/2025\/12\/vis-de-transport-3-16x12.jpg 16w\" sizes=\"(max-width: 500px) 100vw, 500px\" \/>\t\t\t\t\t\t\t\t\t\t\t\t\t\t\t<\/div>\n\t\t\t\t\t<\/div>\n\t\t\t\t<\/div>\n\t\t<div class=\"elementor-element elementor-element-25d695c e-flex e-con-boxed e-con e-parent\" data-id=\"25d695c\" data-element_type=\"container\" data-e-type=\"container\" data-settings=\"{&quot;background_background&quot;:&quot;classic&quot;}\">\n\t\t\t\t\t<div class=\"e-con-inner\">\n\t\t<div class=\"elementor-element elementor-element-769e434a e-con-full e-flex e-con e-child\" data-id=\"769e434a\" data-element_type=\"container\" data-e-type=\"container\">\n\t\t\t\t<div class=\"elementor-element elementor-element-acf0eee elementor-widget elementor-widget-heading\" data-id=\"acf0eee\" data-element_type=\"widget\" data-e-type=\"widget\" data-widget_type=\"heading.default\">\n\t\t\t\t\t<h2 class=\"elementor-heading-title elementor-size-default\">Advantages of the VTP Screw Conveyor<\/h2>\t\t\t\t<\/div>\n\t\t\t\t<div class=\"elementor-element elementor-element-5bfcfd6e elementor-widget-divider--view-line elementor-widget elementor-widget-divider\" data-id=\"5bfcfd6e\" data-element_type=\"widget\" data-e-type=\"widget\" data-widget_type=\"divider.default\">\n\t\t\t\t\t\t\t<div class=\"elementor-divider\">\n\t\t\t<span class=\"elementor-divider-separator\">\n\t\t\t\t\t\t<\/span>\n\t\t<\/div>\n\t\t\t\t\t\t<\/div>\n\t\t\t\t<div class=\"elementor-element elementor-element-3ca1d107 elementor-widget elementor-widget-text-editor\" data-id=\"3ca1d107\" data-element_type=\"widget\" data-e-type=\"widget\" data-widget_type=\"text-editor.default\">\n\t\t\t\t\t\t\t\t\t<ul><li>Convey bar screen screenings over a given distance from the bar screen.<\/li><li>Custom-made design (inclination, length, inlet hopper dimensions, etc.).<\/li><li>Can be combined with our entire range of bar screens.<\/li><li>Simple design, low operating costs, and easy maintenance.<\/li><\/ul>\t\t\t\t\t\t\t\t<\/div>\n\t\t\t\t<\/div>\n\t\t<div class=\"elementor-element elementor-element-38cc232c e-con-full e-flex e-con e-child\" data-id=\"38cc232c\" data-element_type=\"container\" data-e-type=\"container\">\n\t\t\t\t<div class=\"elementor-element elementor-element-1309d3a9 elementor-widget elementor-widget-heading\" data-id=\"1309d3a9\" data-element_type=\"widget\" data-e-type=\"widget\" data-widget_type=\"heading.default\">\n\t\t\t\t\t<h2 class=\"elementor-heading-title elementor-size-default\">Technical data of the VTP Screw Conveyor<\/h2>\t\t\t\t<\/div>\n\t\t\t\t<div class=\"elementor-element elementor-element-108a1a9a elementor-widget-divider--view-line elementor-widget elementor-widget-divider\" data-id=\"108a1a9a\" data-element_type=\"widget\" data-e-type=\"widget\" data-widget_type=\"divider.default\">\n\t\t\t\t\t\t\t<div class=\"elementor-divider\">\n\t\t\t<span class=\"elementor-divider-separator\">\n\t\t\t\t\t\t<\/span>\n\t\t<\/div>\n\t\t\t\t\t\t<\/div>\n\t\t\t\t<div class=\"elementor-element elementor-element-37683a26 elementor-widget elementor-widget-text-editor\" data-id=\"37683a26\" data-element_type=\"widget\" data-e-type=\"widget\" data-widget_type=\"text-editor.default\">\n\t\t\t\t\t\t\t\t\t<ul><li>Maximum flow rate: 0.5 to 2.0 m\u00b3\/h<\/li><li>Maximum inclination (\u00b0): 20 to 25\u00b0<\/li><li>Maximum length (mm): 3,000 to 10,000<\/li><li>Construction: Stainless steel 304L or 316L<\/li><li>Electrical protection: Current monitoring relay<\/li><\/ul>\t\t\t\t\t\t\t\t<\/div>\n\t\t\t\t<\/div>\n\t\t\t\t\t<\/div>\n\t\t\t\t<\/div>\n\t\t<div class=\"elementor-element elementor-element-324f979 e-flex e-con-boxed e-con e-parent\" data-id=\"324f979\" data-element_type=\"container\" data-e-type=\"container\">\n\t\t\t\t\t<div class=\"e-con-inner\">\n\t\t\t\t<div class=\"elementor-element elementor-element-849d074 elementor-widget elementor-widget-button\" data-id=\"849d074\" data-element_type=\"widget\" data-e-type=\"widget\" data-widget_type=\"button.default\">\n\t\t\t\t\t\t\t\t\t\t<a class=\"elementor-button elementor-button-link elementor-size-sm\" href=\"https:\/\/fbprocedes.com\/wp-content\/uploads\/2026\/01\/Product-Sheet-Screw-Conveyor-VTP-EN.pdf\">\n\t\t\t\t\t\t<span class=\"elementor-button-content-wrapper\">\n\t\t\t\t\t\t\t\t\t<span class=\"elementor-button-text\">Download the product datasheet<\/span>\n\t\t\t\t\t<\/span>\n\t\t\t\t\t<\/a>\n\t\t\t\t\t\t\t\t<\/div>\n\t\t\t\t\t<\/div>\n\t\t\t\t<\/div>\n\t\t<div class=\"elementor-element elementor-element-4458ad4d e-flex e-con-boxed e-con e-parent\" data-id=\"4458ad4d\" data-element_type=\"container\" data-e-type=\"container\">\n\t\t\t\t\t<div class=\"e-con-inner\">\n\t\t\t\t<div class=\"elementor-element elementor-element-37045ac0 elementor-widget elementor-widget-heading\" data-id=\"37045ac0\" data-element_type=\"widget\" data-e-type=\"widget\" data-widget_type=\"heading.default\">\n\t\t\t\t\t<h2 class=\"elementor-heading-title elementor-size-default\">Complementary solutions<\/h2>\t\t\t\t<\/div>\n\t\t\t\t<div class=\"elementor-element elementor-element-7cfbfb9c elementor-widget-divider--view-line elementor-widget elementor-widget-divider\" data-id=\"7cfbfb9c\" data-element_type=\"widget\" data-e-type=\"widget\" data-widget_type=\"divider.default\">\n\t\t\t\t\t\t\t<div class=\"elementor-divider\">\n\t\t\t<span class=\"elementor-divider-separator\">\n\t\t\t\t\t\t<\/span>\n\t\t<\/div>\n\t\t\t\t\t\t<\/div>\n\t\t\t\t\t<\/div>\n\t\t\t\t<\/div>\n\t\t<div class=\"elementor-element elementor-element-1b69ac67 e-grid e-con-boxed e-con e-parent\" data-id=\"1b69ac67\" data-element_type=\"container\" data-e-type=\"container\">\n\t\t\t\t\t<div class=\"e-con-inner\">\n\t\t<div class=\"elementor-element elementor-element-3b51dea8 e-con-full e-flex e-con e-child\" data-id=\"3b51dea8\" data-element_type=\"container\" data-e-type=\"container\" data-settings=\"{&quot;background_background&quot;:&quot;classic&quot;}\">\n\t\t\t\t<div class=\"elementor-element elementor-element-6d876172 elementor-widget elementor-widget-image\" data-id=\"6d876172\" data-element_type=\"widget\" data-e-type=\"widget\" data-widget_type=\"image.default\">\n\t\t\t\t\t\t\t\t\t\t\t\t\t\t\t<img decoding=\"async\" width=\"500\" height=\"500\" src=\"https:\/\/fbprocedes.com\/wp-content\/uploads\/2025\/12\/degrilleur-sg400.jpg\" class=\"attachment-medium_large size-medium_large wp-image-875\" alt=\"3D CAD view of a vertical SG400 Bar Screen\" srcset=\"https:\/\/fbprocedes.com\/wp-content\/uploads\/2025\/12\/degrilleur-sg400.jpg 500w, https:\/\/fbprocedes.com\/wp-content\/uploads\/2025\/12\/degrilleur-sg400-300x300.jpg 300w, https:\/\/fbprocedes.com\/wp-content\/uploads\/2025\/12\/degrilleur-sg400-150x150.jpg 150w\" sizes=\"(max-width: 500px) 100vw, 500px\" \/>\t\t\t\t\t\t\t\t\t\t\t\t\t\t\t<\/div>\n\t\t\t\t<div class=\"elementor-element elementor-element-438cd7ac elementor-widget elementor-widget-heading\" data-id=\"438cd7ac\" data-element_type=\"widget\" data-e-type=\"widget\" data-widget_type=\"heading.default\">\n\t\t\t\t\t<h3 class=\"elementor-heading-title elementor-size-default\">Bar Screen SG400<\/h3>\t\t\t\t<\/div>\n\t\t\t\t<div class=\"elementor-element elementor-element-48b3b26d elementor-widget elementor-widget-text-editor\" data-id=\"48b3b26d\" data-element_type=\"widget\" data-e-type=\"widget\" data-widget_type=\"text-editor.default\">\n\t\t\t\t\t\t\t\t\t<p style=\"text-align: center;\">400 mm wide automatic vertical bar screen for flow rates up to 120 m3\/h<\/p>\t\t\t\t\t\t\t\t<\/div>\n\t\t\t\t<div class=\"elementor-element elementor-element-18c35e4a elementor-align-center elementor-widget elementor-widget-button\" data-id=\"18c35e4a\" data-element_type=\"widget\" data-e-type=\"widget\" data-widget_type=\"button.default\">\n\t\t\t\t\t\t\t\t\t\t<a class=\"elementor-button elementor-button-link elementor-size-sm\" href=\"\/en\/bar-screen-sg400\/\">\n\t\t\t\t\t\t<span class=\"elementor-button-content-wrapper\">\n\t\t\t\t\t\t\t\t\t<span class=\"elementor-button-text\">See<\/span>\n\t\t\t\t\t<\/span>\n\t\t\t\t\t<\/a>\n\t\t\t\t\t\t\t\t<\/div>\n\t\t\t\t<\/div>\n\t\t<div class=\"elementor-element elementor-element-2d64e90d e-con-full e-flex e-con e-child\" data-id=\"2d64e90d\" data-element_type=\"container\" data-e-type=\"container\" data-settings=\"{&quot;background_background&quot;:&quot;classic&quot;}\">\n\t\t\t\t<div class=\"elementor-element elementor-element-43814d28 elementor-widget elementor-widget-image\" data-id=\"43814d28\" data-element_type=\"widget\" data-e-type=\"widget\" data-widget_type=\"image.default\">\n\t\t\t\t\t\t\t\t\t\t\t\t\t\t\t<img loading=\"lazy\" decoding=\"async\" width=\"500\" height=\"500\" src=\"https:\/\/fbprocedes.com\/wp-content\/uploads\/2025\/12\/degrilleur-ng.jpg\" class=\"attachment-medium_large size-medium_large wp-image-873\" alt=\"3D CAD view of a vertical NG Bar Screen\" srcset=\"https:\/\/fbprocedes.com\/wp-content\/uploads\/2025\/12\/degrilleur-ng.jpg 500w, https:\/\/fbprocedes.com\/wp-content\/uploads\/2025\/12\/degrilleur-ng-300x300.jpg 300w, https:\/\/fbprocedes.com\/wp-content\/uploads\/2025\/12\/degrilleur-ng-150x150.jpg 150w\" sizes=\"(max-width: 500px) 100vw, 500px\" \/>\t\t\t\t\t\t\t\t\t\t\t\t\t\t\t<\/div>\n\t\t\t\t<div class=\"elementor-element elementor-element-411352a1 elementor-widget elementor-widget-heading\" data-id=\"411352a1\" data-element_type=\"widget\" data-e-type=\"widget\" data-widget_type=\"heading.default\">\n\t\t\t\t\t<h3 class=\"elementor-heading-title elementor-size-default\">Bar Screen NG<\/h3>\t\t\t\t<\/div>\n\t\t\t\t<div class=\"elementor-element elementor-element-5aff972 elementor-widget elementor-widget-text-editor\" data-id=\"5aff972\" data-element_type=\"widget\" data-e-type=\"widget\" data-widget_type=\"text-editor.default\">\n\t\t\t\t\t\t\t\t\t<p style=\"text-align: center;\">Customised automatic vertical bar screen for flow rates up to 6000 m3\/h<\/p>\t\t\t\t\t\t\t\t<\/div>\n\t\t\t\t<div class=\"elementor-element elementor-element-2372b943 elementor-align-center elementor-widget elementor-widget-button\" data-id=\"2372b943\" data-element_type=\"widget\" data-e-type=\"widget\" data-widget_type=\"button.default\">\n\t\t\t\t\t\t\t\t\t\t<a class=\"elementor-button elementor-button-link elementor-size-sm\" href=\"\/en\/bar-screen-ng\/\">\n\t\t\t\t\t\t<span class=\"elementor-button-content-wrapper\">\n\t\t\t\t\t\t\t\t\t<span class=\"elementor-button-text\">See<\/span>\n\t\t\t\t\t<\/span>\n\t\t\t\t\t<\/a>\n\t\t\t\t\t\t\t\t<\/div>\n\t\t\t\t<\/div>\n\t\t<div class=\"elementor-element elementor-element-17af9848 e-con-full e-flex e-con e-child\" data-id=\"17af9848\" data-element_type=\"container\" data-e-type=\"container\" data-settings=\"{&quot;background_background&quot;:&quot;classic&quot;}\">\n\t\t\t\t<div class=\"elementor-element elementor-element-5e7715ab elementor-widget elementor-widget-image\" data-id=\"5e7715ab\" data-element_type=\"widget\" data-e-type=\"widget\" data-widget_type=\"image.default\">\n\t\t\t\t\t\t\t\t\t\t\t\t\t\t\t<img loading=\"lazy\" decoding=\"async\" width=\"500\" height=\"500\" src=\"https:\/\/fbprocedes.com\/wp-content\/uploads\/2025\/12\/degrilleur-xg.jpg\" class=\"attachment-medium_large size-medium_large wp-image-874\" alt=\"3D CAD view of a vertical XG Bar Screen\" srcset=\"https:\/\/fbprocedes.com\/wp-content\/uploads\/2025\/12\/degrilleur-xg.jpg 500w, https:\/\/fbprocedes.com\/wp-content\/uploads\/2025\/12\/degrilleur-xg-300x300.jpg 300w, https:\/\/fbprocedes.com\/wp-content\/uploads\/2025\/12\/degrilleur-xg-150x150.jpg 150w\" sizes=\"(max-width: 500px) 100vw, 500px\" \/>\t\t\t\t\t\t\t\t\t\t\t\t\t\t\t<\/div>\n\t\t\t\t<div class=\"elementor-element elementor-element-2eda8725 elementor-widget elementor-widget-heading\" data-id=\"2eda8725\" data-element_type=\"widget\" data-e-type=\"widget\" data-widget_type=\"heading.default\">\n\t\t\t\t\t<h3 class=\"elementor-heading-title elementor-size-default\">Bar Screen XG<\/h3>\t\t\t\t<\/div>\n\t\t\t\t<div class=\"elementor-element elementor-element-69a5c441 elementor-widget elementor-widget-text-editor\" data-id=\"69a5c441\" data-element_type=\"widget\" data-e-type=\"widget\" data-widget_type=\"text-editor.default\">\n\t\t\t\t\t\t\t\t\t<p style=\"text-align: center;\">Customised automatic vertical bar screen for flow rates up to 20,000 m3\/h<\/p>\t\t\t\t\t\t\t\t<\/div>\n\t\t\t\t<div class=\"elementor-element elementor-element-7479748f elementor-align-center elementor-widget elementor-widget-button\" data-id=\"7479748f\" data-element_type=\"widget\" data-e-type=\"widget\" data-widget_type=\"button.default\">\n\t\t\t\t\t\t\t\t\t\t<a class=\"elementor-button elementor-button-link elementor-size-sm\" href=\"\/en\/bar-screen-xg\/\">\n\t\t\t\t\t\t<span class=\"elementor-button-content-wrapper\">\n\t\t\t\t\t\t\t\t\t<span class=\"elementor-button-text\">See<\/span>\n\t\t\t\t\t<\/span>\n\t\t\t\t\t<\/a>\n\t\t\t\t\t\t\t\t<\/div>\n\t\t\t\t<\/div>\n\t\t\t\t\t<\/div>\n\t\t\t\t<\/div>\n\t\t\t\t<\/div>","protected":false},"excerpt":{"rendered":"<p>Vis de transport La vis de transport Type VTP a \u00e9t\u00e9 con\u00e7ue pour offrir une solution d\u2019acheminement des refus de d\u00e9grillage des d\u00e9grilleurs FB Proc\u00e9d\u00e9s. Nous contacter Dans la m\u00eame philosophie que les d\u00e9grilleurs, la vis de transport est de conception simple et robuste, pour garantir fiabilit\u00e9 et faible co\u00fbt d\u2019exploitation. Choisir un d\u00e9grilleur FB [&hellip;]<\/p>\n","protected":false},"author":1,"featured_media":0,"parent":848,"menu_order":0,"comment_status":"closed","ping_status":"closed","template":"","meta":{"footnotes":""},"class_list":["post-861","page","type-page","status-publish","hentry"],"aioseo_notices":[],"_links":{"self":[{"href":"https:\/\/fbprocedes.com\/en\/wp-json\/wp\/v2\/pages\/861","targetHints":{"allow":["GET"]}}],"collection":[{"href":"https:\/\/fbprocedes.com\/en\/wp-json\/wp\/v2\/pages"}],"about":[{"href":"https:\/\/fbprocedes.com\/en\/wp-json\/wp\/v2\/types\/page"}],"author":[{"embeddable":true,"href":"https:\/\/fbprocedes.com\/en\/wp-json\/wp\/v2\/users\/1"}],"replies":[{"embeddable":true,"href":"https:\/\/fbprocedes.com\/en\/wp-json\/wp\/v2\/comments?post=861"}],"version-history":[{"count":55,"href":"https:\/\/fbprocedes.com\/en\/wp-json\/wp\/v2\/pages\/861\/revisions"}],"predecessor-version":[{"id":215027,"href":"https:\/\/fbprocedes.com\/en\/wp-json\/wp\/v2\/pages\/861\/revisions\/215027"}],"up":[{"embeddable":true,"href":"https:\/\/fbprocedes.com\/en\/wp-json\/wp\/v2\/pages\/848"}],"wp:attachment":[{"href":"https:\/\/fbprocedes.com\/en\/wp-json\/wp\/v2\/media?parent=861"}],"curies":[{"name":"wp","href":"https:\/\/api.w.org\/{rel}","templated":true}]}}