{"id":1009,"date":"2025-12-23T16:59:33","date_gmt":"2025-12-23T15:59:33","guid":{"rendered":"https:\/\/fbprocedes.com\/?page_id=1009"},"modified":"2026-01-16T16:24:47","modified_gmt":"2026-01-16T15:24:47","slug":"distribuidor-rotativo-lechos-bacterianos","status":"publish","type":"page","link":"https:\/\/fbprocedes.com\/es\/produits\/sprinklers-pour-lits-bacteriens\/","title":{"rendered":"Distribuidores Rotativos par lechos bacterianos"},"content":{"rendered":"<div data-elementor-type=\"wp-page\" data-elementor-id=\"1009\" class=\"elementor elementor-1009\" data-elementor-post-type=\"page\">\n\t\t\t\t<div class=\"elementor-element elementor-element-66daa3b4 e-flex e-con-boxed e-con e-parent\" data-id=\"66daa3b4\" data-element_type=\"container\" data-e-type=\"container\" data-settings=\"{&quot;background_background&quot;:&quot;classic&quot;}\">\n\t\t\t\t\t<div class=\"e-con-inner\">\n\t\t\t\t<div class=\"elementor-element elementor-element-4921e295 elementor-widget elementor-widget-heading\" data-id=\"4921e295\" data-element_type=\"widget\" data-e-type=\"widget\" data-widget_type=\"heading.default\">\n\t\t\t\t\t<h1 class=\"elementor-heading-title elementor-size-default\">Distribuidores Rotativos par lechos bacterianos<\/h1>\t\t\t\t<\/div>\n\t\t\t\t<div class=\"elementor-element elementor-element-7111b372 elementor-widget elementor-widget-text-editor\" data-id=\"7111b372\" data-element_type=\"widget\" data-e-type=\"widget\" data-widget_type=\"text-editor.default\">\n\t\t\t\t\t\t\t\t\t<p>Optimizada durante m\u00e1s de 30 a\u00f1os, la tecnolog\u00eda de nuestros distribuidores rotativos para lechos bacterianos se basa en la simplicidad, la eficacia y la fiabilidad.<\/p>\t\t\t\t\t\t\t\t<\/div>\n\t\t\t\t<div class=\"elementor-element elementor-element-6f5800c9 elementor-align-center elementor-widget elementor-widget-button\" data-id=\"6f5800c9\" data-element_type=\"widget\" data-e-type=\"widget\" data-widget_type=\"button.default\">\n\t\t\t\t\t\t\t\t\t\t<a class=\"elementor-button elementor-button-link elementor-size-sm\" href=\"\/es\/contacto\/\">\n\t\t\t\t\t\t<span class=\"elementor-button-content-wrapper\">\n\t\t\t\t\t\t\t\t\t<span class=\"elementor-button-text\">Cont\u00e1ctenos<\/span>\n\t\t\t\t\t<\/span>\n\t\t\t\t\t<\/a>\n\t\t\t\t\t\t\t\t<\/div>\n\t\t\t\t\t<\/div>\n\t\t\t\t<\/div>\n\t\t<div class=\"elementor-element elementor-element-3e666c04 e-flex e-con-boxed e-con e-parent\" data-id=\"3e666c04\" data-element_type=\"container\" data-e-type=\"container\">\n\t\t\t\t\t<div class=\"e-con-inner\">\n\t\t<div class=\"elementor-element elementor-element-44cc87a6 e-con-full e-flex e-con e-child\" data-id=\"44cc87a6\" data-element_type=\"container\" data-e-type=\"container\">\n\t\t\t\t<div class=\"elementor-element elementor-element-3f60e06c elementor-widget elementor-widget-image\" data-id=\"3f60e06c\" data-element_type=\"widget\" data-e-type=\"widget\" data-widget_type=\"image.default\">\n\t\t\t\t\t\t\t\t\t\t\t\t\t\t\t<img fetchpriority=\"high\" decoding=\"async\" width=\"600\" height=\"450\" src=\"https:\/\/fbprocedes.com\/wp-content\/uploads\/2025\/12\/sprinkler-lit-bacterien.jpg\" class=\"attachment-full size-full wp-image-1015\" alt=\"Distribuidor rotativo sobre un lecho bacteriano con brazos abiertos\" srcset=\"https:\/\/fbprocedes.com\/wp-content\/uploads\/2025\/12\/sprinkler-lit-bacterien.jpg 600w, https:\/\/fbprocedes.com\/wp-content\/uploads\/2025\/12\/sprinkler-lit-bacterien-300x225.jpg 300w\" sizes=\"(max-width: 600px) 100vw, 600px\" \/>\t\t\t\t\t\t\t\t\t\t\t\t\t\t\t<\/div>\n\t\t\t\t<\/div>\n\t\t<div class=\"elementor-element elementor-element-27644a1a e-con-full e-flex e-con e-child\" data-id=\"27644a1a\" data-element_type=\"container\" data-e-type=\"container\">\n\t\t\t\t<div class=\"elementor-element elementor-element-540c3367 elementor-widget elementor-widget-text-editor\" data-id=\"540c3367\" data-element_type=\"widget\" data-e-type=\"widget\" data-widget_type=\"text-editor.default\">\n\t\t\t\t\t\t\t\t\t<p>Desde hace m\u00e1s de 30 a\u00f1os, FB PROC\u00c9D\u00c9S dise\u00f1a, fabrica e instala distribuidores rotativos destinados a los lechos bacterianos, apoy\u00e1ndose en los valores fundamentales que constituyen nuestra reputaci\u00f3n: simplicidad, eficacia y fiabilidad.<\/p><p>Dado que cada instalaci\u00f3n es \u00fanica, nuestros distribuidores rotativos se estudian y dimensionan a medida \u2014en funci\u00f3n del di\u00e1metro del lecho, el caudal requerido y las limitaciones hidr\u00e1ulicas y estructurales\u2014 con el fin de garantizar una distribuci\u00f3n homog\u00e9nea del agua sobre el relleno y un funcionamiento \u00f3ptimo, tanto en proyectos nuevos como en rehabilitaciones.<\/p>\t\t\t\t\t\t\t\t<\/div>\n\t\t\t\t<\/div>\n\t\t\t\t\t<\/div>\n\t\t\t\t<\/div>\n\t\t<div class=\"elementor-element elementor-element-1c08d8b0 e-flex e-con-boxed e-con e-parent\" data-id=\"1c08d8b0\" data-element_type=\"container\" data-e-type=\"container\">\n\t\t\t\t\t<div class=\"e-con-inner\">\n\t\t<div class=\"elementor-element elementor-element-26745f3e e-con-full e-flex e-con e-child\" data-id=\"26745f3e\" data-element_type=\"container\" data-e-type=\"container\">\n\t\t\t\t<div class=\"elementor-element elementor-element-67d9aec3 elementor-widget elementor-widget-image\" data-id=\"67d9aec3\" data-element_type=\"widget\" data-e-type=\"widget\" data-widget_type=\"image.default\">\n\t\t\t\t\t\t\t\t\t\t\t\t\t\t\t<img decoding=\"async\" width=\"650\" height=\"465\" src=\"https:\/\/fbprocedes.com\/wp-content\/uploads\/2025\/12\/sprinkler-motorise-bras-ouvert.webp\" class=\"attachment-large size-large wp-image-1012\" alt=\"Distribuci\u00f3n de las aguas residuales mediante un brazo de distribuidor rotativo sobre un lecho bacteriano\" srcset=\"https:\/\/fbprocedes.com\/wp-content\/uploads\/2025\/12\/sprinkler-motorise-bras-ouvert.webp 650w, https:\/\/fbprocedes.com\/wp-content\/uploads\/2025\/12\/sprinkler-motorise-bras-ouvert-300x215.webp 300w\" sizes=\"(max-width: 650px) 100vw, 650px\" \/>\t\t\t\t\t\t\t\t\t\t\t\t\t\t\t<\/div>\n\t\t\t\t<\/div>\n\t\t<div class=\"elementor-element elementor-element-d54b6dd e-con-full e-flex e-con e-child\" data-id=\"d54b6dd\" data-element_type=\"container\" data-e-type=\"container\">\n\t\t\t\t<div class=\"elementor-element elementor-element-2a11fb81 elementor-widget elementor-widget-heading\" data-id=\"2a11fb81\" data-element_type=\"widget\" data-e-type=\"widget\" data-widget_type=\"heading.default\">\n\t\t\t\t\t<h2 class=\"elementor-heading-title elementor-size-default\">Caudal variable de los distribuidores rotativos para lechos bacterianos<\/h2>\t\t\t\t<\/div>\n\t\t\t\t<div class=\"elementor-element elementor-element-684c20a4 elementor-widget-divider--view-line elementor-widget elementor-widget-divider\" data-id=\"684c20a4\" data-element_type=\"widget\" data-e-type=\"widget\" data-widget_type=\"divider.default\">\n\t\t\t\t\t\t\t<div class=\"elementor-divider\">\n\t\t\t<span class=\"elementor-divider-separator\">\n\t\t\t\t\t\t<\/span>\n\t\t<\/div>\n\t\t\t\t\t\t<\/div>\n\t\t\t\t<div class=\"elementor-element elementor-element-158ae123 elementor-widget elementor-widget-text-editor\" data-id=\"158ae123\" data-element_type=\"widget\" data-e-type=\"widget\" data-widget_type=\"text-editor.default\">\n\t\t\t\t\t\t\t\t\t<p>Manteniendo una excelente distribuci\u00f3n, el caudal del distribuidor rotativo puede ser variable, incluso en rangos amplios, por ejemplo para responder a necesidades estacionales (como absorber la temporada tur\u00edstica), variaciones diarias (gesti\u00f3n de caudales nocturnos reducidos), o para hacer frente a situaciones evolutivas a medio y largo plazo.<\/p><p>Estas variaciones de caudal se gestionan internamente en los distribuidores rotativos y de forma autom\u00e1tica.<\/p>\t\t\t\t\t\t\t\t<\/div>\n\t\t\t\t<\/div>\n\t\t\t\t\t<\/div>\n\t\t\t\t<\/div>\n\t\t<div class=\"elementor-element elementor-element-e8b84bb e-flex e-con-boxed e-con e-parent\" data-id=\"e8b84bb\" data-element_type=\"container\" data-e-type=\"container\">\n\t\t\t\t\t<div class=\"e-con-inner\">\n\t\t<div class=\"elementor-element elementor-element-8ab7832 e-con-full e-flex e-con e-child\" data-id=\"8ab7832\" data-element_type=\"container\" data-e-type=\"container\">\n\t\t\t\t<div class=\"elementor-element elementor-element-e1a7bf7 elementor-widget elementor-widget-heading\" data-id=\"e1a7bf7\" data-element_type=\"widget\" data-e-type=\"widget\" data-widget_type=\"heading.default\">\n\t\t\t\t\t<h2 class=\"elementor-heading-title elementor-size-default\">Alimentaci\u00f3n superior o inferior<\/h2>\t\t\t\t<\/div>\n\t\t\t\t<div class=\"elementor-element elementor-element-1243fe8 elementor-widget-divider--view-line elementor-widget elementor-widget-divider\" data-id=\"1243fe8\" data-element_type=\"widget\" data-e-type=\"widget\" data-widget_type=\"divider.default\">\n\t\t\t\t\t\t\t<div class=\"elementor-divider\">\n\t\t\t<span class=\"elementor-divider-separator\">\n\t\t\t\t\t\t<\/span>\n\t\t<\/div>\n\t\t\t\t\t\t<\/div>\n\t\t\t\t<div class=\"elementor-element elementor-element-5e1eb95 elementor-widget elementor-widget-text-editor\" data-id=\"5e1eb95\" data-element_type=\"widget\" data-e-type=\"widget\" data-widget_type=\"text-editor.default\">\n\t\t\t\t\t\t\t\t\t<p>Todas las configuraciones de implantaci\u00f3n son posibles, con una o varias entradas de efluentes por la parte superior o inferior, e incluso ambas simult\u00e1neamente en el caso de un distribuidor rotativo apoyado.<\/p><p>El distribuidor rotativo, solidario a una brida de espera, puede instalarse apoyado o suspendido.<\/p><p>En las versiones suspendidas, la estructura de vigas suele suministrarse junto con el distribuidor rotativo, lo que permite optimizar la fijaci\u00f3n de las canalizaciones de entrada.<\/p>\t\t\t\t\t\t\t\t<\/div>\n\t\t\t\t<\/div>\n\t\t<div class=\"elementor-element elementor-element-2e7ea49 e-con-full e-flex e-con e-child\" data-id=\"2e7ea49\" data-element_type=\"container\" data-e-type=\"container\">\n\t\t\t\t<div class=\"elementor-element elementor-element-e876844 elementor-widget elementor-widget-image\" data-id=\"e876844\" data-element_type=\"widget\" data-e-type=\"widget\" data-widget_type=\"image.default\">\n\t\t\t\t\t\t\t\t\t\t\t\t\t\t\t<img decoding=\"async\" width=\"650\" height=\"465\" src=\"https:\/\/fbprocedes.com\/wp-content\/uploads\/2025\/12\/sprinkler-motorise-pour-lit-bacterien.webp\" class=\"attachment-large size-large wp-image-1014\" alt=\"Distribuidor rotativo motorizado para un lecho bacteriano con brazos tubulares sobre un filtro de grava\" srcset=\"https:\/\/fbprocedes.com\/wp-content\/uploads\/2025\/12\/sprinkler-motorise-pour-lit-bacterien.webp 650w, https:\/\/fbprocedes.com\/wp-content\/uploads\/2025\/12\/sprinkler-motorise-pour-lit-bacterien-300x215.webp 300w\" sizes=\"(max-width: 650px) 100vw, 650px\" \/>\t\t\t\t\t\t\t\t\t\t\t\t\t\t\t<\/div>\n\t\t\t\t<\/div>\n\t\t\t\t\t<\/div>\n\t\t\t\t<\/div>\n\t\t<div class=\"elementor-element elementor-element-7a85589 e-flex e-con-boxed e-con e-parent\" data-id=\"7a85589\" data-element_type=\"container\" data-e-type=\"container\">\n\t\t\t\t\t<div class=\"e-con-inner\">\n\t\t<div class=\"elementor-element elementor-element-1d36ebc e-con-full e-flex e-con e-child\" data-id=\"1d36ebc\" data-element_type=\"container\" data-e-type=\"container\">\n\t\t\t\t<div class=\"elementor-element elementor-element-ce81115 elementor-widget elementor-widget-image\" data-id=\"ce81115\" data-element_type=\"widget\" data-e-type=\"widget\" data-widget_type=\"image.default\">\n\t\t\t\t\t\t\t\t\t\t\t\t\t\t\t<img loading=\"lazy\" decoding=\"async\" width=\"650\" height=\"465\" src=\"https:\/\/fbprocedes.com\/wp-content\/uploads\/2025\/12\/sprinkler-epuration-eaux-usees.webp\" class=\"attachment-large size-large wp-image-1013\" alt=\"Motor de distribuidor rotativo para lecho bacteriano\" srcset=\"https:\/\/fbprocedes.com\/wp-content\/uploads\/2025\/12\/sprinkler-epuration-eaux-usees.webp 650w, https:\/\/fbprocedes.com\/wp-content\/uploads\/2025\/12\/sprinkler-epuration-eaux-usees-300x215.webp 300w\" sizes=\"(max-width: 650px) 100vw, 650px\" \/>\t\t\t\t\t\t\t\t\t\t\t\t\t\t\t<\/div>\n\t\t\t\t<\/div>\n\t\t<div class=\"elementor-element elementor-element-c5d68e2 e-con-full e-flex e-con e-child\" data-id=\"c5d68e2\" data-element_type=\"container\" data-e-type=\"container\">\n\t\t\t\t<div class=\"elementor-element elementor-element-5f533ea elementor-widget elementor-widget-heading\" data-id=\"5f533ea\" data-element_type=\"widget\" data-e-type=\"widget\" data-widget_type=\"heading.default\">\n\t\t\t\t\t<h2 class=\"elementor-heading-title elementor-size-default\">Distribuidor rotativo con o sin motorizaci\u00f3n<\/h2>\t\t\t\t<\/div>\n\t\t\t\t<div class=\"elementor-element elementor-element-2a7c976 elementor-widget-divider--view-line elementor-widget elementor-widget-divider\" data-id=\"2a7c976\" data-element_type=\"widget\" data-e-type=\"widget\" data-widget_type=\"divider.default\">\n\t\t\t\t\t\t\t<div class=\"elementor-divider\">\n\t\t\t<span class=\"elementor-divider-separator\">\n\t\t\t\t\t\t<\/span>\n\t\t<\/div>\n\t\t\t\t\t\t<\/div>\n\t\t\t\t<div class=\"elementor-element elementor-element-42c6da6 elementor-widget elementor-widget-text-editor\" data-id=\"42c6da6\" data-element_type=\"widget\" data-e-type=\"widget\" data-widget_type=\"text-editor.default\">\n\t\t\t\t\t\t\t\t\t<p>Tanto si est\u00e1n apoyados como suspendidos, los distribuidores rotativos pueden estar motorizados, lo que permite una variaci\u00f3n de la velocidad a distancia en funci\u00f3n del Sk requerido. Incluso los distribuidores rotativos motorizados pueden volver a un funcionamiento por gravedad en caso de problemas el\u00e9ctricos. Esto supone una garant\u00eda absoluta para el explotador.<\/p>\t\t\t\t\t\t\t\t<\/div>\n\t\t\t\t<\/div>\n\t\t\t\t\t<\/div>\n\t\t\t\t<\/div>\n\t\t<div class=\"elementor-element elementor-element-52cde51 e-flex e-con-boxed e-con e-parent\" data-id=\"52cde51\" data-element_type=\"container\" data-e-type=\"container\">\n\t\t\t\t\t<div class=\"e-con-inner\">\n\t\t<div class=\"elementor-element elementor-element-318de33 e-con-full e-flex e-con e-child\" data-id=\"318de33\" data-element_type=\"container\" data-e-type=\"container\">\n\t\t\t\t<div class=\"elementor-element elementor-element-5ce5c25 elementor-widget elementor-widget-heading\" data-id=\"5ce5c25\" data-element_type=\"widget\" data-e-type=\"widget\" data-widget_type=\"heading.default\">\n\t\t\t\t\t<h2 class=\"elementor-heading-title elementor-size-default\">Distribuci\u00f3n uniforme<\/h2>\t\t\t\t<\/div>\n\t\t\t\t<div class=\"elementor-element elementor-element-31aadc2 elementor-widget-divider--view-line elementor-widget elementor-widget-divider\" data-id=\"31aadc2\" data-element_type=\"widget\" data-e-type=\"widget\" data-widget_type=\"divider.default\">\n\t\t\t\t\t\t\t<div class=\"elementor-divider\">\n\t\t\t<span class=\"elementor-divider-separator\">\n\t\t\t\t\t\t<\/span>\n\t\t<\/div>\n\t\t\t\t\t\t<\/div>\n\t\t\t\t<div class=\"elementor-element elementor-element-d1af9f7 elementor-widget elementor-widget-text-editor\" data-id=\"d1af9f7\" data-element_type=\"widget\" data-e-type=\"widget\" data-widget_type=\"text-editor.default\">\n\t\t\t\t\t\t\t\t\t<p>Es fundamental lograr una distribuci\u00f3n lo m\u00e1s uniforme posible. Por ello, cada orificio de reparto tiene una posici\u00f3n \u00fanica, y el c\u00e1lculo del conjunto de orificios se distribuye en 2, 4 o 6 brazos.<\/p><p>En el caso de un caudal variable con una relaci\u00f3n mayor o igual a 2 y un distribuidor rotativo de 4 brazos, y con el fin de garantizar una distribuci\u00f3n uniforme manteniendo una buena motricidad, un primer caudal alimenta \u00fanicamente 2 brazos, mientras que un caudal superior alimenta los 4 brazos. El paso de una alimentaci\u00f3n de 2 a 4 brazos se realiza de forma autom\u00e1tica mediante un umbral regulable. Esto garantiza una distribuci\u00f3n uniforme a todos los caudales.<\/p>\t\t\t\t\t\t\t\t<\/div>\n\t\t\t\t<\/div>\n\t\t<div class=\"elementor-element elementor-element-16ec67e e-con-full e-flex e-con e-child\" data-id=\"16ec67e\" data-element_type=\"container\" data-e-type=\"container\">\n\t\t\t\t<div class=\"elementor-element elementor-element-bbedb8f elementor-widget elementor-widget-image\" data-id=\"bbedb8f\" data-element_type=\"widget\" data-e-type=\"widget\" data-widget_type=\"image.default\">\n\t\t\t\t\t\t\t\t\t\t\t\t\t\t\t<img loading=\"lazy\" decoding=\"async\" width=\"500\" height=\"332\" src=\"https:\/\/fbprocedes.com\/wp-content\/uploads\/2025\/12\/sprinkler.jpg\" class=\"attachment-large size-large wp-image-1016\" alt=\"Lechos bacterianos en una estaci\u00f3n de tratamiento de aguas residuales\" srcset=\"https:\/\/fbprocedes.com\/wp-content\/uploads\/2025\/12\/sprinkler.jpg 500w, https:\/\/fbprocedes.com\/wp-content\/uploads\/2025\/12\/sprinkler-300x199.jpg 300w\" sizes=\"(max-width: 500px) 100vw, 500px\" \/>\t\t\t\t\t\t\t\t\t\t\t\t\t\t\t<\/div>\n\t\t\t\t<\/div>\n\t\t\t\t\t<\/div>\n\t\t\t\t<\/div>\n\t\t<div class=\"elementor-element elementor-element-55d2938 e-flex e-con-boxed e-con e-parent\" data-id=\"55d2938\" data-element_type=\"container\" data-e-type=\"container\">\n\t\t\t\t\t<div class=\"e-con-inner\">\n\t\t\t\t<div class=\"elementor-element elementor-element-72d595f elementor-widget elementor-widget-heading\" data-id=\"72d595f\" data-element_type=\"widget\" data-e-type=\"widget\" data-widget_type=\"heading.default\">\n\t\t\t\t\t<h2 class=\"elementor-heading-title elementor-size-default\">Autres produits<\/h2>\t\t\t\t<\/div>\n\t\t\t\t<div class=\"elementor-element elementor-element-163119b elementor-widget-divider--view-line elementor-widget elementor-widget-divider\" data-id=\"163119b\" data-element_type=\"widget\" data-e-type=\"widget\" data-widget_type=\"divider.default\">\n\t\t\t\t\t\t\t<div class=\"elementor-divider\">\n\t\t\t<span class=\"elementor-divider-separator\">\n\t\t\t\t\t\t<\/span>\n\t\t<\/div>\n\t\t\t\t\t\t<\/div>\n\t\t\t\t\t<\/div>\n\t\t\t\t<\/div>\n\t\t<div class=\"elementor-element elementor-element-72297ee9 e-grid e-con-boxed e-con e-parent\" data-id=\"72297ee9\" data-element_type=\"container\" data-e-type=\"container\">\n\t\t\t\t\t<div class=\"e-con-inner\">\n\t\t<div class=\"elementor-element elementor-element-6d4548cd e-con-full e-flex e-con e-child\" data-id=\"6d4548cd\" data-element_type=\"container\" data-e-type=\"container\" data-settings=\"{&quot;background_background&quot;:&quot;classic&quot;}\">\n\t\t\t\t<div class=\"elementor-element elementor-element-55fb5751 elementor-widget elementor-widget-image\" data-id=\"55fb5751\" data-element_type=\"widget\" data-e-type=\"widget\" data-widget_type=\"image.default\">\n\t\t\t\t\t\t\t\t\t\t\t\t\t\t\t<img loading=\"lazy\" decoding=\"async\" width=\"500\" height=\"500\" src=\"https:\/\/fbprocedes.com\/wp-content\/uploads\/2025\/12\/degrilleur-sg400.jpg\" class=\"attachment-medium_large size-medium_large wp-image-875\" alt=\"Vista 3D en CAD de una reja de desbaste vertical SG400\" srcset=\"https:\/\/fbprocedes.com\/wp-content\/uploads\/2025\/12\/degrilleur-sg400.jpg 500w, https:\/\/fbprocedes.com\/wp-content\/uploads\/2025\/12\/degrilleur-sg400-300x300.jpg 300w, https:\/\/fbprocedes.com\/wp-content\/uploads\/2025\/12\/degrilleur-sg400-150x150.jpg 150w\" sizes=\"(max-width: 500px) 100vw, 500px\" \/>\t\t\t\t\t\t\t\t\t\t\t\t\t\t\t<\/div>\n\t\t\t\t<div class=\"elementor-element elementor-element-be63402 elementor-widget elementor-widget-heading\" data-id=\"be63402\" data-element_type=\"widget\" data-e-type=\"widget\" data-widget_type=\"heading.default\">\n\t\t\t\t\t<h3 class=\"elementor-heading-title elementor-size-default\">Reja de desbaste SG400<\/h3>\t\t\t\t<\/div>\n\t\t\t\t<div class=\"elementor-element elementor-element-58abdab1 elementor-widget elementor-widget-text-editor\" data-id=\"58abdab1\" data-element_type=\"widget\" data-e-type=\"widget\" data-widget_type=\"text-editor.default\">\n\t\t\t\t\t\t\t\t\t<p style=\"text-align: center;\">Reja autom\u00e1tica vertical de 400 mm de ancho para caudales de hasta 120 m3\/h<\/p>\t\t\t\t\t\t\t\t<\/div>\n\t\t\t\t<div class=\"elementor-element elementor-element-6dd731ef elementor-align-center elementor-widget elementor-widget-button\" data-id=\"6dd731ef\" data-element_type=\"widget\" data-e-type=\"widget\" data-widget_type=\"button.default\">\n\t\t\t\t\t\t\t\t\t\t<a class=\"elementor-button elementor-button-link elementor-size-sm\" href=\"\/es\/reja-de-desbaste-sg400\/\">\n\t\t\t\t\t\t<span class=\"elementor-button-content-wrapper\">\n\t\t\t\t\t\t\t\t\t<span class=\"elementor-button-text\">Ver<\/span>\n\t\t\t\t\t<\/span>\n\t\t\t\t\t<\/a>\n\t\t\t\t\t\t\t\t<\/div>\n\t\t\t\t<\/div>\n\t\t<div class=\"elementor-element elementor-element-7b9e8bc2 e-con-full e-flex e-con e-child\" data-id=\"7b9e8bc2\" data-element_type=\"container\" data-e-type=\"container\" data-settings=\"{&quot;background_background&quot;:&quot;classic&quot;}\">\n\t\t\t\t<div class=\"elementor-element elementor-element-7aaeeca1 elementor-widget elementor-widget-image\" data-id=\"7aaeeca1\" data-element_type=\"widget\" data-e-type=\"widget\" data-widget_type=\"image.default\">\n\t\t\t\t\t\t\t\t\t\t\t\t\t\t\t<img loading=\"lazy\" decoding=\"async\" width=\"500\" height=\"500\" src=\"https:\/\/fbprocedes.com\/wp-content\/uploads\/2025\/12\/degrilleur-ng.jpg\" class=\"attachment-medium_large size-medium_large wp-image-873\" alt=\"Vista 3D en CAD de una reja de desbaste vertical NG\" srcset=\"https:\/\/fbprocedes.com\/wp-content\/uploads\/2025\/12\/degrilleur-ng.jpg 500w, https:\/\/fbprocedes.com\/wp-content\/uploads\/2025\/12\/degrilleur-ng-300x300.jpg 300w, https:\/\/fbprocedes.com\/wp-content\/uploads\/2025\/12\/degrilleur-ng-150x150.jpg 150w\" sizes=\"(max-width: 500px) 100vw, 500px\" \/>\t\t\t\t\t\t\t\t\t\t\t\t\t\t\t<\/div>\n\t\t\t\t<div class=\"elementor-element elementor-element-514447f9 elementor-widget elementor-widget-heading\" data-id=\"514447f9\" data-element_type=\"widget\" data-e-type=\"widget\" data-widget_type=\"heading.default\">\n\t\t\t\t\t<h3 class=\"elementor-heading-title elementor-size-default\">Reja de desbaste NG<\/h3>\t\t\t\t<\/div>\n\t\t\t\t<div class=\"elementor-element elementor-element-22dcd94e elementor-widget elementor-widget-text-editor\" data-id=\"22dcd94e\" data-element_type=\"widget\" data-e-type=\"widget\" data-widget_type=\"text-editor.default\">\n\t\t\t\t\t\t\t\t\t<p style=\"text-align: center;\">Desarenador autom\u00e1tico vertical a medida para caudales de hasta 6000 m3\/h<\/p>\t\t\t\t\t\t\t\t<\/div>\n\t\t\t\t<div class=\"elementor-element elementor-element-3a47443d elementor-align-center elementor-widget elementor-widget-button\" data-id=\"3a47443d\" data-element_type=\"widget\" data-e-type=\"widget\" data-widget_type=\"button.default\">\n\t\t\t\t\t\t\t\t\t\t<a class=\"elementor-button elementor-button-link elementor-size-sm\" href=\"\/es\/reja-de-desbaste-ng\/\">\n\t\t\t\t\t\t<span class=\"elementor-button-content-wrapper\">\n\t\t\t\t\t\t\t\t\t<span class=\"elementor-button-text\">Ver<\/span>\n\t\t\t\t\t<\/span>\n\t\t\t\t\t<\/a>\n\t\t\t\t\t\t\t\t<\/div>\n\t\t\t\t<\/div>\n\t\t<div class=\"elementor-element elementor-element-69f1f187 e-con-full e-flex e-con e-child\" data-id=\"69f1f187\" data-element_type=\"container\" data-e-type=\"container\" data-settings=\"{&quot;background_background&quot;:&quot;classic&quot;}\">\n\t\t\t\t<div class=\"elementor-element elementor-element-5bf23e23 elementor-widget elementor-widget-image\" data-id=\"5bf23e23\" data-element_type=\"widget\" data-e-type=\"widget\" data-widget_type=\"image.default\">\n\t\t\t\t\t\t\t\t\t\t\t\t\t\t\t<img loading=\"lazy\" decoding=\"async\" width=\"500\" height=\"500\" src=\"https:\/\/fbprocedes.com\/wp-content\/uploads\/2025\/12\/degrilleur-xg.jpg\" class=\"attachment-medium_large size-medium_large wp-image-874\" alt=\"Vista 3D en CAD de una reja de desbaste vertical XG\" srcset=\"https:\/\/fbprocedes.com\/wp-content\/uploads\/2025\/12\/degrilleur-xg.jpg 500w, https:\/\/fbprocedes.com\/wp-content\/uploads\/2025\/12\/degrilleur-xg-300x300.jpg 300w, https:\/\/fbprocedes.com\/wp-content\/uploads\/2025\/12\/degrilleur-xg-150x150.jpg 150w\" sizes=\"(max-width: 500px) 100vw, 500px\" \/>\t\t\t\t\t\t\t\t\t\t\t\t\t\t\t<\/div>\n\t\t\t\t<div class=\"elementor-element elementor-element-4eebc300 elementor-widget elementor-widget-heading\" data-id=\"4eebc300\" data-element_type=\"widget\" data-e-type=\"widget\" data-widget_type=\"heading.default\">\n\t\t\t\t\t<h3 class=\"elementor-heading-title elementor-size-default\">Reja de desbaste XG<\/h3>\t\t\t\t<\/div>\n\t\t\t\t<div class=\"elementor-element elementor-element-75be6939 elementor-widget elementor-widget-text-editor\" data-id=\"75be6939\" data-element_type=\"widget\" data-e-type=\"widget\" data-widget_type=\"text-editor.default\">\n\t\t\t\t\t\t\t\t\t<p style=\"text-align: center;\">Desarenador autom\u00e1tico vertical a medida para caudales de hasta 20 000 m3\/h<\/p>\t\t\t\t\t\t\t\t<\/div>\n\t\t\t\t<div class=\"elementor-element elementor-element-18afe663 elementor-align-center elementor-widget elementor-widget-button\" data-id=\"18afe663\" data-element_type=\"widget\" data-e-type=\"widget\" data-widget_type=\"button.default\">\n\t\t\t\t\t\t\t\t\t\t<a class=\"elementor-button elementor-button-link elementor-size-sm\" href=\"\/es\/reja-de-desbaste-xg\/\">\n\t\t\t\t\t\t<span class=\"elementor-button-content-wrapper\">\n\t\t\t\t\t\t\t\t\t<span class=\"elementor-button-text\">Ver<\/span>\n\t\t\t\t\t<\/span>\n\t\t\t\t\t<\/a>\n\t\t\t\t\t\t\t\t<\/div>\n\t\t\t\t<\/div>\n\t\t\t\t\t<\/div>\n\t\t\t\t<\/div>\n\t\t\t\t<\/div>","protected":false},"excerpt":{"rendered":"<p>Sprinklers pour lits bact\u00e9riens Optimis\u00e9e pendant plus de 30 ann\u00e9es, la technologie de nos sprinklers pour lits bact\u00e9riens est bas\u00e9e sur la simplicit\u00e9, l\u2019efficacit\u00e9 et la fiabilit\u00e9. Nous contacter Depuis plus de 30 ans, FB PROC\u00c9D\u00c9S con\u00e7oit, fabrique et installe des sprinklers destin\u00e9s aux lits bact\u00e9riens, en s\u2019appuyant sur les valeurs fondamentales qui font notre [&hellip;]<\/p>\n","protected":false},"author":1,"featured_media":0,"parent":901,"menu_order":0,"comment_status":"closed","ping_status":"closed","template":"","meta":{"footnotes":""},"class_list":["post-1009","page","type-page","status-publish","hentry"],"aioseo_notices":[],"_links":{"self":[{"href":"https:\/\/fbprocedes.com\/es\/wp-json\/wp\/v2\/pages\/1009","targetHints":{"allow":["GET"]}}],"collection":[{"href":"https:\/\/fbprocedes.com\/es\/wp-json\/wp\/v2\/pages"}],"about":[{"href":"https:\/\/fbprocedes.com\/es\/wp-json\/wp\/v2\/types\/page"}],"author":[{"embeddable":true,"href":"https:\/\/fbprocedes.com\/es\/wp-json\/wp\/v2\/users\/1"}],"replies":[{"embeddable":true,"href":"https:\/\/fbprocedes.com\/es\/wp-json\/wp\/v2\/comments?post=1009"}],"version-history":[{"count":28,"href":"https:\/\/fbprocedes.com\/es\/wp-json\/wp\/v2\/pages\/1009\/revisions"}],"predecessor-version":[{"id":3718,"href":"https:\/\/fbprocedes.com\/es\/wp-json\/wp\/v2\/pages\/1009\/revisions\/3718"}],"up":[{"embeddable":true,"href":"https:\/\/fbprocedes.com\/es\/wp-json\/wp\/v2\/pages\/901"}],"wp:attachment":[{"href":"https:\/\/fbprocedes.com\/es\/wp-json\/wp\/v2\/media?parent=1009"}],"curies":[{"name":"wp","href":"https:\/\/api.w.org\/{rel}","templated":true}]}}