{"id":1025,"date":"2025-12-23T17:11:36","date_gmt":"2025-12-23T16:11:36","guid":{"rendered":"https:\/\/fbprocedes.com\/?page_id=1025"},"modified":"2026-01-16T16:01:26","modified_gmt":"2026-01-16T15:01:26","slug":"aplicaciones","status":"publish","type":"page","link":"https:\/\/fbprocedes.com\/es\/applications\/","title":{"rendered":"Aplicaciones"},"content":{"rendered":"<div data-elementor-type=\"wp-page\" data-elementor-id=\"1025\" class=\"elementor elementor-1025\" data-elementor-post-type=\"page\">\n\t\t\t\t<div class=\"elementor-element elementor-element-5a2999b0 e-flex e-con-boxed e-con e-parent\" data-id=\"5a2999b0\" data-element_type=\"container\" data-e-type=\"container\" data-settings=\"{&quot;background_background&quot;:&quot;classic&quot;}\">\n\t\t\t\t\t<div class=\"e-con-inner\">\n\t\t\t\t<div class=\"elementor-element elementor-element-577029e3 elementor-widget elementor-widget-heading\" data-id=\"577029e3\" data-element_type=\"widget\" data-e-type=\"widget\" data-widget_type=\"heading.default\">\n\t\t\t\t\t<h1 class=\"elementor-heading-title elementor-size-default\">Aplicaciones de las soluciones FB Proc\u00e9d\u00e9s<\/h1>\t\t\t\t<\/div>\n\t\t\t\t<div class=\"elementor-element elementor-element-24bd8b4 elementor-widget elementor-widget-text-editor\" data-id=\"24bd8b4\" data-element_type=\"widget\" data-e-type=\"widget\" data-widget_type=\"text-editor.default\">\n\t\t\t\t\t\t\t\t\t<p>Soluciones de desbaste autom\u00e1tico adaptadas a cada configuraci\u00f3n de tratamiento de aguas, para proteger de forma duradera sus instalaciones.<\/p>\t\t\t\t\t\t\t\t<\/div>\n\t\t\t\t<div class=\"elementor-element elementor-element-3285bf99 elementor-align-center elementor-widget elementor-widget-button\" data-id=\"3285bf99\" data-element_type=\"widget\" data-e-type=\"widget\" data-widget_type=\"button.default\">\n\t\t\t\t\t\t\t\t\t\t<a class=\"elementor-button elementor-button-link elementor-size-sm\" href=\"\/es\/contacto\/\">\n\t\t\t\t\t\t<span class=\"elementor-button-content-wrapper\">\n\t\t\t\t\t\t\t\t\t<span class=\"elementor-button-text\">Cont\u00e1ctenos<\/span>\n\t\t\t\t\t<\/span>\n\t\t\t\t\t<\/a>\n\t\t\t\t\t\t\t\t<\/div>\n\t\t\t\t\t<\/div>\n\t\t\t\t<\/div>\n\t\t<div class=\"elementor-element elementor-element-3a8e97d e-flex e-con-boxed e-con e-parent\" data-id=\"3a8e97d\" data-element_type=\"container\" data-e-type=\"container\">\n\t\t\t\t\t<div class=\"e-con-inner\">\n\t\t\t\t<div class=\"elementor-element elementor-element-cf3e0ad elementor-widget elementor-widget-text-editor\" data-id=\"cf3e0ad\" data-element_type=\"widget\" data-e-type=\"widget\" data-widget_type=\"text-editor.default\">\n\t\t\t\t\t\t\t\t\t<p>FB Proc\u00e9d\u00e9s dise\u00f1a y suministra soluciones de desbaste autom\u00e1tico adaptadas a una amplia gama de aplicaciones en el tratamiento y la gesti\u00f3n del agua. Las rejas autom\u00e1ticas FB Proc\u00e9d\u00e9s protegen eficazmente los equipos y garantizan un funcionamiento \u00f3ptimo de las instalaciones hidr\u00e1ulicas, ya sea en estaciones de tratamiento de aguas residuales, tomas de agua, estaciones de bombeo u otras obras espec\u00edficas.<\/p>\t\t\t\t\t\t\t\t<\/div>\n\t\t\t\t\t<\/div>\n\t\t\t\t<\/div>\n\t\t<div class=\"elementor-element elementor-element-379e999 e-flex e-con-boxed e-con e-parent\" data-id=\"379e999\" data-element_type=\"container\" data-e-type=\"container\">\n\t\t\t\t\t<div class=\"e-con-inner\">\n\t\t<div class=\"elementor-element elementor-element-39977ca e-con-full e-flex e-con e-child\" data-id=\"39977ca\" data-element_type=\"container\" data-e-type=\"container\">\n\t\t\t\t<div class=\"elementor-element elementor-element-21c20e1 elementor-widget elementor-widget-image\" data-id=\"21c20e1\" data-element_type=\"widget\" data-e-type=\"widget\" data-widget_type=\"image.default\">\n\t\t\t\t\t\t\t\t\t\t\t\t\t\t\t<img fetchpriority=\"high\" decoding=\"async\" width=\"800\" height=\"600\" src=\"https:\/\/fbprocedes.com\/wp-content\/uploads\/2026\/01\/station-epuration.jpg\" class=\"attachment-large size-large wp-image-3606\" alt=\"Estaci\u00f3n depuradora\" srcset=\"https:\/\/fbprocedes.com\/wp-content\/uploads\/2026\/01\/station-epuration.jpg 800w, https:\/\/fbprocedes.com\/wp-content\/uploads\/2026\/01\/station-epuration-300x225.jpg 300w, https:\/\/fbprocedes.com\/wp-content\/uploads\/2026\/01\/station-epuration-768x576.jpg 768w, https:\/\/fbprocedes.com\/wp-content\/uploads\/2026\/01\/station-epuration-16x12.jpg 16w\" sizes=\"(max-width: 800px) 100vw, 800px\" \/>\t\t\t\t\t\t\t\t\t\t\t\t\t\t\t<\/div>\n\t\t\t\t<\/div>\n\t\t<div class=\"elementor-element elementor-element-09b2c20 e-con-full e-flex e-con e-child\" data-id=\"09b2c20\" data-element_type=\"container\" data-e-type=\"container\">\n\t\t\t\t<div class=\"elementor-element elementor-element-754a0ffb elementor-widget elementor-widget-heading\" data-id=\"754a0ffb\" data-element_type=\"widget\" data-e-type=\"widget\" data-widget_type=\"heading.default\">\n\t\t\t\t\t<h2 class=\"elementor-heading-title elementor-size-default\">Rejas de desbaste para estaciones depuradoras<\/h2>\t\t\t\t<\/div>\n\t\t\t\t<div class=\"elementor-element elementor-element-585410ee elementor-widget-divider--view-line elementor-widget elementor-widget-divider\" data-id=\"585410ee\" data-element_type=\"widget\" data-e-type=\"widget\" data-widget_type=\"divider.default\">\n\t\t\t\t\t\t\t<div class=\"elementor-divider\">\n\t\t\t<span class=\"elementor-divider-separator\">\n\t\t\t\t\t\t<\/span>\n\t\t<\/div>\n\t\t\t\t\t\t<\/div>\n\t\t\t\t<div class=\"elementor-element elementor-element-6bdac057 elementor-widget elementor-widget-text-editor\" data-id=\"6bdac057\" data-element_type=\"widget\" data-e-type=\"widget\" data-widget_type=\"text-editor.default\">\n\t\t\t\t\t\t\t\t\t<ul><li>Funci\u00f3n de la reja en el pretratamiento de las aguas residuales<\/li><li>Descripci\u00f3n de sus funciones: eliminaci\u00f3n de los residuos s\u00f3lidos en la entrada de la estaci\u00f3n.<\/li><li>Ventajas: protecci\u00f3n de los equipos, mejora de la eficacia del tratamiento, reducci\u00f3n de los costes de mantenimiento.<\/li><li>Implantaci\u00f3n y ejemplos de configuraciones realizadas por FB Proc\u00e9d\u00e9s.<\/li><\/ul>\t\t\t\t\t\t\t\t<\/div>\n\t\t\t\t<div class=\"elementor-element elementor-element-72d97be elementor-widget elementor-widget-button\" data-id=\"72d97be\" data-element_type=\"widget\" data-e-type=\"widget\" data-widget_type=\"button.default\">\n\t\t\t\t\t\t\t\t\t\t<a class=\"elementor-button elementor-button-link elementor-size-sm\" href=\"\/es\/reja-estacion-tratamiento-aguas-residuales\/\">\n\t\t\t\t\t\t<span class=\"elementor-button-content-wrapper\">\n\t\t\t\t\t\t\t\t\t<span class=\"elementor-button-text\">Ver EDAR<\/span>\n\t\t\t\t\t<\/span>\n\t\t\t\t\t<\/a>\n\t\t\t\t\t\t\t\t<\/div>\n\t\t\t\t<\/div>\n\t\t\t\t\t<\/div>\n\t\t\t\t<\/div>\n\t\t<div class=\"elementor-element elementor-element-3a2835b e-flex e-con-boxed e-con e-parent\" data-id=\"3a2835b\" data-element_type=\"container\" data-e-type=\"container\">\n\t\t\t\t\t<div class=\"e-con-inner\">\n\t\t<div class=\"elementor-element elementor-element-552facf e-con-full e-flex e-con e-child\" data-id=\"552facf\" data-element_type=\"container\" data-e-type=\"container\">\n\t\t\t\t<div class=\"elementor-element elementor-element-e9fc190 elementor-widget elementor-widget-image\" data-id=\"e9fc190\" data-element_type=\"widget\" data-e-type=\"widget\" data-widget_type=\"image.default\">\n\t\t\t\t\t\t\t\t\t\t\t\t\t\t\t<img decoding=\"async\" width=\"800\" height=\"600\" src=\"https:\/\/fbprocedes.com\/wp-content\/uploads\/2026\/01\/degrilleur-prise-eau.jpg\" class=\"attachment-large size-large wp-image-3610\" alt=\"Reja en una toma de agua\" srcset=\"https:\/\/fbprocedes.com\/wp-content\/uploads\/2026\/01\/degrilleur-prise-eau.jpg 800w, https:\/\/fbprocedes.com\/wp-content\/uploads\/2026\/01\/degrilleur-prise-eau-300x225.jpg 300w, https:\/\/fbprocedes.com\/wp-content\/uploads\/2026\/01\/degrilleur-prise-eau-768x576.jpg 768w, https:\/\/fbprocedes.com\/wp-content\/uploads\/2026\/01\/degrilleur-prise-eau-16x12.jpg 16w\" sizes=\"(max-width: 800px) 100vw, 800px\" \/>\t\t\t\t\t\t\t\t\t\t\t\t\t\t\t<\/div>\n\t\t\t\t<\/div>\n\t\t<div class=\"elementor-element elementor-element-148fb55 e-con-full e-flex e-con e-child\" data-id=\"148fb55\" data-element_type=\"container\" data-e-type=\"container\">\n\t\t\t\t<div class=\"elementor-element elementor-element-321f048 elementor-widget elementor-widget-heading\" data-id=\"321f048\" data-element_type=\"widget\" data-e-type=\"widget\" data-widget_type=\"heading.default\">\n\t\t\t\t\t<h2 class=\"elementor-heading-title elementor-size-default\">Reja autom\u00e1tica para tomas de agua<\/h2>\t\t\t\t<\/div>\n\t\t\t\t<div class=\"elementor-element elementor-element-ad4df38 elementor-widget-divider--view-line elementor-widget elementor-widget-divider\" data-id=\"ad4df38\" data-element_type=\"widget\" data-e-type=\"widget\" data-widget_type=\"divider.default\">\n\t\t\t\t\t\t\t<div class=\"elementor-divider\">\n\t\t\t<span class=\"elementor-divider-separator\">\n\t\t\t\t\t\t<\/span>\n\t\t<\/div>\n\t\t\t\t\t\t<\/div>\n\t\t\t\t<div class=\"elementor-element elementor-element-a2f724e elementor-widget elementor-widget-text-editor\" data-id=\"a2f724e\" data-element_type=\"widget\" data-e-type=\"widget\" data-widget_type=\"text-editor.default\">\n\t\t\t\t\t\t\t\t\t<ul><li>Objetivo: proteger las instalaciones de toma de agua (r\u00edo, canal) reteniendo hojas, pl\u00e1sticos, madera y otros residuos.<\/li><li>Importancia de elegir un sistema fiable capaz de funcionar de manera aut\u00f3noma.<\/li><li>Ejemplos de configuraciones de rejas adaptadas a diferentes caudales y entornos hidr\u00e1ulicos.<\/li><\/ul>\t\t\t\t\t\t\t\t<\/div>\n\t\t\t\t<div class=\"elementor-element elementor-element-9afe57b elementor-widget elementor-widget-button\" data-id=\"9afe57b\" data-element_type=\"widget\" data-e-type=\"widget\" data-widget_type=\"button.default\">\n\t\t\t\t\t\t\t\t\t\t<a class=\"elementor-button elementor-button-link elementor-size-sm\" href=\"\/es\/reja-de-desbaste-toma-de-agua\/\">\n\t\t\t\t\t\t<span class=\"elementor-button-content-wrapper\">\n\t\t\t\t\t\t\t\t\t<span class=\"elementor-button-text\">Ver tomas de agua<\/span>\n\t\t\t\t\t<\/span>\n\t\t\t\t\t<\/a>\n\t\t\t\t\t\t\t\t<\/div>\n\t\t\t\t<\/div>\n\t\t\t\t\t<\/div>\n\t\t\t\t<\/div>\n\t\t<div class=\"elementor-element elementor-element-5b5fc2f e-flex e-con-boxed e-con e-parent\" data-id=\"5b5fc2f\" data-element_type=\"container\" data-e-type=\"container\">\n\t\t\t\t\t<div class=\"e-con-inner\">\n\t\t<div class=\"elementor-element elementor-element-9281c7b e-con-full e-flex e-con e-child\" data-id=\"9281c7b\" data-element_type=\"container\" data-e-type=\"container\">\n\t\t\t\t<div class=\"elementor-element elementor-element-7ece536 elementor-widget elementor-widget-image\" data-id=\"7ece536\" data-element_type=\"widget\" data-e-type=\"widget\" data-widget_type=\"image.default\">\n\t\t\t\t\t\t\t\t\t\t\t\t\t\t\t<img decoding=\"async\" width=\"800\" height=\"600\" src=\"https:\/\/fbprocedes.com\/wp-content\/uploads\/2026\/01\/degrilleur-poste-relevage-1.jpg\" class=\"attachment-large size-large wp-image-3614\" alt=\"Reja en una estaci\u00f3n de bombeo\" srcset=\"https:\/\/fbprocedes.com\/wp-content\/uploads\/2026\/01\/degrilleur-poste-relevage-1.jpg 800w, https:\/\/fbprocedes.com\/wp-content\/uploads\/2026\/01\/degrilleur-poste-relevage-1-300x225.jpg 300w, https:\/\/fbprocedes.com\/wp-content\/uploads\/2026\/01\/degrilleur-poste-relevage-1-768x576.jpg 768w, https:\/\/fbprocedes.com\/wp-content\/uploads\/2026\/01\/degrilleur-poste-relevage-1-16x12.jpg 16w\" sizes=\"(max-width: 800px) 100vw, 800px\" \/>\t\t\t\t\t\t\t\t\t\t\t\t\t\t\t<\/div>\n\t\t\t\t<\/div>\n\t\t<div class=\"elementor-element elementor-element-f560e83 e-con-full e-flex e-con e-child\" data-id=\"f560e83\" data-element_type=\"container\" data-e-type=\"container\">\n\t\t\t\t<div class=\"elementor-element elementor-element-cce3ed6 elementor-widget elementor-widget-heading\" data-id=\"cce3ed6\" data-element_type=\"widget\" data-e-type=\"widget\" data-widget_type=\"heading.default\">\n\t\t\t\t\t<h2 class=\"elementor-heading-title elementor-size-default\">Rejas de desbaste para estaciones de bombeo<\/h2>\t\t\t\t<\/div>\n\t\t\t\t<div class=\"elementor-element elementor-element-a75d1fa elementor-widget-divider--view-line elementor-widget elementor-widget-divider\" data-id=\"a75d1fa\" data-element_type=\"widget\" data-e-type=\"widget\" data-widget_type=\"divider.default\">\n\t\t\t\t\t\t\t<div class=\"elementor-divider\">\n\t\t\t<span class=\"elementor-divider-separator\">\n\t\t\t\t\t\t<\/span>\n\t\t<\/div>\n\t\t\t\t\t\t<\/div>\n\t\t\t\t<div class=\"elementor-element elementor-element-702df50 elementor-widget elementor-widget-text-editor\" data-id=\"702df50\" data-element_type=\"widget\" data-e-type=\"widget\" data-widget_type=\"text-editor.default\">\n\t\t\t\t\t\t\t\t\t<ul><li>Aplicaci\u00f3n en estaciones de bombeo para proteger las bombas contra el colmatado por residuos.<\/li><li>Ventajas frente a las soluciones manuales: mayor eficacia, menos intervenciones humanas.<\/li><li>Soluciones adaptables a numerosos tipos de obras (hormig\u00f3n, poli\u00e9ster, estaciones cil\u00edndricas).<\/li><\/ul>\t\t\t\t\t\t\t\t<\/div>\n\t\t\t\t<div class=\"elementor-element elementor-element-77457c7 elementor-widget elementor-widget-button\" data-id=\"77457c7\" data-element_type=\"widget\" data-e-type=\"widget\" data-widget_type=\"button.default\">\n\t\t\t\t\t\t\t\t\t\t<a class=\"elementor-button elementor-button-link elementor-size-sm\" href=\"\/es\/reja-de-desbaste-estacion-de-bombeo\/\">\n\t\t\t\t\t\t<span class=\"elementor-button-content-wrapper\">\n\t\t\t\t\t\t\t\t\t<span class=\"elementor-button-text\">Ver Estaci\u00f3n de bombeo<\/span>\n\t\t\t\t\t<\/span>\n\t\t\t\t\t<\/a>\n\t\t\t\t\t\t\t\t<\/div>\n\t\t\t\t<\/div>\n\t\t\t\t\t<\/div>\n\t\t\t\t<\/div>\n\t\t<div class=\"elementor-element elementor-element-b759a6c e-flex e-con-boxed e-con e-parent\" data-id=\"b759a6c\" data-element_type=\"container\" data-e-type=\"container\">\n\t\t\t\t\t<div class=\"e-con-inner\">\n\t\t<div class=\"elementor-element elementor-element-4ed91ca e-con-full e-flex e-con e-child\" data-id=\"4ed91ca\" data-element_type=\"container\" data-e-type=\"container\">\n\t\t\t\t<div class=\"elementor-element elementor-element-6328ad3 elementor-widget elementor-widget-image\" data-id=\"6328ad3\" data-element_type=\"widget\" data-e-type=\"widget\" data-widget_type=\"image.default\">\n\t\t\t\t\t\t\t\t\t\t\t\t\t\t\t<img loading=\"lazy\" decoding=\"async\" width=\"800\" height=\"600\" src=\"https:\/\/fbprocedes.com\/wp-content\/uploads\/2026\/01\/degrilleur-poste-depotage.jpg\" class=\"attachment-large size-large wp-image-3616\" alt=\"Reja en un puesto de descarga de lodos\" srcset=\"https:\/\/fbprocedes.com\/wp-content\/uploads\/2026\/01\/degrilleur-poste-depotage.jpg 800w, https:\/\/fbprocedes.com\/wp-content\/uploads\/2026\/01\/degrilleur-poste-depotage-300x225.jpg 300w, https:\/\/fbprocedes.com\/wp-content\/uploads\/2026\/01\/degrilleur-poste-depotage-768x576.jpg 768w, https:\/\/fbprocedes.com\/wp-content\/uploads\/2026\/01\/degrilleur-poste-depotage-16x12.jpg 16w\" sizes=\"(max-width: 800px) 100vw, 800px\" \/>\t\t\t\t\t\t\t\t\t\t\t\t\t\t\t<\/div>\n\t\t\t\t<\/div>\n\t\t<div class=\"elementor-element elementor-element-c663cbd e-con-full e-flex e-con e-child\" data-id=\"c663cbd\" data-element_type=\"container\" data-e-type=\"container\">\n\t\t\t\t<div class=\"elementor-element elementor-element-5364551 elementor-widget elementor-widget-heading\" data-id=\"5364551\" data-element_type=\"widget\" data-e-type=\"widget\" data-widget_type=\"heading.default\">\n\t\t\t\t\t<h2 class=\"elementor-heading-title elementor-size-default\">Reja autom\u00e1tica para estaciones de descarga de lodos<\/h2>\t\t\t\t<\/div>\n\t\t\t\t<div class=\"elementor-element elementor-element-a2ad643 elementor-widget-divider--view-line elementor-widget elementor-widget-divider\" data-id=\"a2ad643\" data-element_type=\"widget\" data-e-type=\"widget\" data-widget_type=\"divider.default\">\n\t\t\t\t\t\t\t<div class=\"elementor-divider\">\n\t\t\t<span class=\"elementor-divider-separator\">\n\t\t\t\t\t\t<\/span>\n\t\t<\/div>\n\t\t\t\t\t\t<\/div>\n\t\t\t\t<div class=\"elementor-element elementor-element-c9c2a40 elementor-widget elementor-widget-text-editor\" data-id=\"c9c2a40\" data-element_type=\"widget\" data-e-type=\"widget\" data-widget_type=\"text-editor.default\">\n\t\t\t\t\t\t\t\t\t<ul><li>Ejemplo de aplicaci\u00f3n para la recuperaci\u00f3n de los efluentes de un cami\u00f3n de deslodado.<\/li><li>Remplacement de grilles manuelles par des syst\u00e8mes automatiques de d\u00e9grillage.<\/li><\/ul>\t\t\t\t\t\t\t\t<\/div>\n\t\t\t\t<div class=\"elementor-element elementor-element-e5b4516 elementor-widget elementor-widget-button\" data-id=\"e5b4516\" data-element_type=\"widget\" data-e-type=\"widget\" data-widget_type=\"button.default\">\n\t\t\t\t\t\t\t\t\t\t<a class=\"elementor-button elementor-button-link elementor-size-sm\" href=\"\/es\/reja-desbaste-estacion-descarga\/\">\n\t\t\t\t\t\t<span class=\"elementor-button-content-wrapper\">\n\t\t\t\t\t\t\t\t\t<span class=\"elementor-button-text\">Ver Estaci\u00f3n de descarga<\/span>\n\t\t\t\t\t<\/span>\n\t\t\t\t\t<\/a>\n\t\t\t\t\t\t\t\t<\/div>\n\t\t\t\t<\/div>\n\t\t\t\t\t<\/div>\n\t\t\t\t<\/div>\n\t\t<div class=\"elementor-element elementor-element-1d9aec8 e-flex e-con-boxed e-con e-parent\" data-id=\"1d9aec8\" data-element_type=\"container\" data-e-type=\"container\">\n\t\t\t\t\t<div class=\"e-con-inner\">\n\t\t<div class=\"elementor-element elementor-element-92db24a e-con-full e-flex e-con e-child\" data-id=\"92db24a\" data-element_type=\"container\" data-e-type=\"container\">\n\t\t\t\t<div class=\"elementor-element elementor-element-3f72536 elementor-widget elementor-widget-image\" data-id=\"3f72536\" data-element_type=\"widget\" data-e-type=\"widget\" data-widget_type=\"image.default\">\n\t\t\t\t\t\t\t\t\t\t\t\t\t\t\t<img loading=\"lazy\" decoding=\"async\" width=\"800\" height=\"600\" src=\"https:\/\/fbprocedes.com\/wp-content\/uploads\/2026\/01\/degrilleur-bassin-orage.jpg\" class=\"attachment-large size-large wp-image-3617\" alt=\"Reja en un tanque de tormenta\" srcset=\"https:\/\/fbprocedes.com\/wp-content\/uploads\/2026\/01\/degrilleur-bassin-orage.jpg 800w, https:\/\/fbprocedes.com\/wp-content\/uploads\/2026\/01\/degrilleur-bassin-orage-300x225.jpg 300w, https:\/\/fbprocedes.com\/wp-content\/uploads\/2026\/01\/degrilleur-bassin-orage-768x576.jpg 768w, https:\/\/fbprocedes.com\/wp-content\/uploads\/2026\/01\/degrilleur-bassin-orage-16x12.jpg 16w\" sizes=\"(max-width: 800px) 100vw, 800px\" \/>\t\t\t\t\t\t\t\t\t\t\t\t\t\t\t<\/div>\n\t\t\t\t<\/div>\n\t\t<div class=\"elementor-element elementor-element-08cccf4 e-con-full e-flex e-con e-child\" data-id=\"08cccf4\" data-element_type=\"container\" data-e-type=\"container\">\n\t\t\t\t<div class=\"elementor-element elementor-element-0f3ccb5 elementor-widget elementor-widget-heading\" data-id=\"0f3ccb5\" data-element_type=\"widget\" data-e-type=\"widget\" data-widget_type=\"heading.default\">\n\t\t\t\t\t<h2 class=\"elementor-heading-title elementor-size-default\">Reja autom\u00e1tica para cuencas de retenci\u00f3n de aguas pluviales<\/h2>\t\t\t\t<\/div>\n\t\t\t\t<div class=\"elementor-element elementor-element-9ef548a elementor-widget-divider--view-line elementor-widget elementor-widget-divider\" data-id=\"9ef548a\" data-element_type=\"widget\" data-e-type=\"widget\" data-widget_type=\"divider.default\">\n\t\t\t\t\t\t\t<div class=\"elementor-divider\">\n\t\t\t<span class=\"elementor-divider-separator\">\n\t\t\t\t\t\t<\/span>\n\t\t<\/div>\n\t\t\t\t\t\t<\/div>\n\t\t\t\t<div class=\"elementor-element elementor-element-8b19621 elementor-widget elementor-widget-text-editor\" data-id=\"8b19621\" data-element_type=\"widget\" data-e-type=\"widget\" data-widget_type=\"text-editor.default\">\n\t\t\t\t\t\t\t\t\t<p>Un tanque de tormenta, cuenca de retenci\u00f3n o de almacenamiento suele estar equipado con una reja, con el fin de extraer del agua los residuos de mayor tama\u00f1o antes de que posteriormente lleguen a las redes o a las estaciones de tratamiento de aguas residuales.<\/p>\t\t\t\t\t\t\t\t<\/div>\n\t\t\t\t<div class=\"elementor-element elementor-element-213d444 elementor-widget elementor-widget-button\" data-id=\"213d444\" data-element_type=\"widget\" data-e-type=\"widget\" data-widget_type=\"button.default\">\n\t\t\t\t\t\t\t\t\t\t<a class=\"elementor-button elementor-button-link elementor-size-sm\" href=\"\/es\/reja-desbaste-tanque-de-tormentas\/\">\n\t\t\t\t\t\t<span class=\"elementor-button-content-wrapper\">\n\t\t\t\t\t\t\t\t\t<span class=\"elementor-button-text\">Ver Tanque de tormentas<\/span>\n\t\t\t\t\t<\/span>\n\t\t\t\t\t<\/a>\n\t\t\t\t\t\t\t\t<\/div>\n\t\t\t\t<\/div>\n\t\t\t\t\t<\/div>\n\t\t\t\t<\/div>\n\t\t<div class=\"elementor-element elementor-element-d1b1dc5 e-flex e-con-boxed e-con e-parent\" data-id=\"d1b1dc5\" data-element_type=\"container\" data-e-type=\"container\">\n\t\t\t\t\t<div class=\"e-con-inner\">\n\t\t<div class=\"elementor-element elementor-element-c743048 e-con-full e-flex e-con e-child\" data-id=\"c743048\" data-element_type=\"container\" data-e-type=\"container\">\n\t\t\t\t<div class=\"elementor-element elementor-element-caed15b elementor-widget elementor-widget-image\" data-id=\"caed15b\" data-element_type=\"widget\" data-e-type=\"widget\" data-widget_type=\"image.default\">\n\t\t\t\t\t\t\t\t\t\t\t\t\t\t\t<img loading=\"lazy\" decoding=\"async\" width=\"800\" height=\"600\" src=\"https:\/\/fbprocedes.com\/wp-content\/uploads\/2026\/01\/degrilleur-remplacement-degrilleur-courbe.jpg\" class=\"attachment-large size-large wp-image-3618\" alt=\"Reja vertical en sustituci\u00f3n de una reja curva\" srcset=\"https:\/\/fbprocedes.com\/wp-content\/uploads\/2026\/01\/degrilleur-remplacement-degrilleur-courbe.jpg 800w, https:\/\/fbprocedes.com\/wp-content\/uploads\/2026\/01\/degrilleur-remplacement-degrilleur-courbe-300x225.jpg 300w, https:\/\/fbprocedes.com\/wp-content\/uploads\/2026\/01\/degrilleur-remplacement-degrilleur-courbe-768x576.jpg 768w, https:\/\/fbprocedes.com\/wp-content\/uploads\/2026\/01\/degrilleur-remplacement-degrilleur-courbe-16x12.jpg 16w\" sizes=\"(max-width: 800px) 100vw, 800px\" \/>\t\t\t\t\t\t\t\t\t\t\t\t\t\t\t<\/div>\n\t\t\t\t<\/div>\n\t\t<div class=\"elementor-element elementor-element-cba34f8 e-con-full e-flex e-con e-child\" data-id=\"cba34f8\" data-element_type=\"container\" data-e-type=\"container\">\n\t\t\t\t<div class=\"elementor-element elementor-element-9155eea elementor-widget elementor-widget-heading\" data-id=\"9155eea\" data-element_type=\"widget\" data-e-type=\"widget\" data-widget_type=\"heading.default\">\n\t\t\t\t\t<h2 class=\"elementor-heading-title elementor-size-default\">Reja en sustituci\u00f3n de una reja curva<\/h2>\t\t\t\t<\/div>\n\t\t\t\t<div class=\"elementor-element elementor-element-8b9395d elementor-widget-divider--view-line elementor-widget elementor-widget-divider\" data-id=\"8b9395d\" data-element_type=\"widget\" data-e-type=\"widget\" data-widget_type=\"divider.default\">\n\t\t\t\t\t\t\t<div class=\"elementor-divider\">\n\t\t\t<span class=\"elementor-divider-separator\">\n\t\t\t\t\t\t<\/span>\n\t\t<\/div>\n\t\t\t\t\t\t<\/div>\n\t\t\t\t<div class=\"elementor-element elementor-element-d7bef57 elementor-widget elementor-widget-text-editor\" data-id=\"d7bef57\" data-element_type=\"widget\" data-e-type=\"widget\" data-widget_type=\"text-editor.default\">\n\t\t\t\t\t\t\t\t\t<p>La sustituci\u00f3n de una reja curva permite modernizar las instalaciones existentes, mejorar la fiabilidad del desbaste y reducir las limitaciones de explotaci\u00f3n, adapt\u00e1ndose al mismo tiempo a las obras existentes.<\/p>\t\t\t\t\t\t\t\t<\/div>\n\t\t\t\t<div class=\"elementor-element elementor-element-44b980d elementor-widget elementor-widget-button\" data-id=\"44b980d\" data-element_type=\"widget\" data-e-type=\"widget\" data-widget_type=\"button.default\">\n\t\t\t\t\t\t\t\t\t\t<a class=\"elementor-button elementor-button-link elementor-size-sm\" href=\"\/es\/reja-de-desbaste-curva\/\">\n\t\t\t\t\t\t<span class=\"elementor-button-content-wrapper\">\n\t\t\t\t\t\t\t\t\t<span class=\"elementor-button-text\">Ver Reja de desbaste curva<\/span>\n\t\t\t\t\t<\/span>\n\t\t\t\t\t<\/a>\n\t\t\t\t\t\t\t\t<\/div>\n\t\t\t\t<\/div>\n\t\t\t\t\t<\/div>\n\t\t\t\t<\/div>\n\t\t\t\t<\/div>","protected":false},"excerpt":{"rendered":"<p>Applications des solutions FB Proc\u00e9d\u00e9s Des solutions de d\u00e9grillage automatique adapt\u00e9es \u00e0 chaque configuration de traitement des eaux, pour prot\u00e9ger durablement vos installations. Nous contacter FB Proc\u00e9d\u00e9s con\u00e7oit et fournit des solutions de d\u00e9grillage automatique adapt\u00e9es \u00e0 un large \u00e9ventail d\u2019applications dans le traitement et la gestion des eaux. Les d\u00e9grilleurs automatiques FB Proc\u00e9d\u00e9s prot\u00e8gent [&hellip;]<\/p>\n","protected":false},"author":1,"featured_media":0,"parent":0,"menu_order":0,"comment_status":"closed","ping_status":"closed","template":"","meta":{"footnotes":""},"class_list":["post-1025","page","type-page","status-publish","hentry"],"aioseo_notices":[],"_links":{"self":[{"href":"https:\/\/fbprocedes.com\/es\/wp-json\/wp\/v2\/pages\/1025","targetHints":{"allow":["GET"]}}],"collection":[{"href":"https:\/\/fbprocedes.com\/es\/wp-json\/wp\/v2\/pages"}],"about":[{"href":"https:\/\/fbprocedes.com\/es\/wp-json\/wp\/v2\/types\/page"}],"author":[{"embeddable":true,"href":"https:\/\/fbprocedes.com\/es\/wp-json\/wp\/v2\/users\/1"}],"replies":[{"embeddable":true,"href":"https:\/\/fbprocedes.com\/es\/wp-json\/wp\/v2\/comments?post=1025"}],"version-history":[{"count":31,"href":"https:\/\/fbprocedes.com\/es\/wp-json\/wp\/v2\/pages\/1025\/revisions"}],"predecessor-version":[{"id":3655,"href":"https:\/\/fbprocedes.com\/es\/wp-json\/wp\/v2\/pages\/1025\/revisions\/3655"}],"wp:attachment":[{"href":"https:\/\/fbprocedes.com\/es\/wp-json\/wp\/v2\/media?parent=1025"}],"curies":[{"name":"wp","href":"https:\/\/api.w.org\/{rel}","templated":true}]}}