{"id":1029,"date":"2025-12-23T17:13:19","date_gmt":"2025-12-23T16:13:19","guid":{"rendered":"https:\/\/fbprocedes.com\/?page_id=1029"},"modified":"2026-01-16T16:27:30","modified_gmt":"2026-01-16T15:27:30","slug":"reja-de-desbaste-estacion-de-bombeo","status":"publish","type":"page","link":"https:\/\/fbprocedes.com\/es\/applications\/degrilleur-poste-de-relevage\/","title":{"rendered":"Rejas de desbaste para estaciones de bombeo"},"content":{"rendered":"<div data-elementor-type=\"wp-page\" data-elementor-id=\"1029\" class=\"elementor elementor-1029\" data-elementor-post-type=\"page\">\n\t\t\t\t<div class=\"elementor-element elementor-element-d207652 e-flex e-con-boxed e-con e-parent\" data-id=\"d207652\" data-element_type=\"container\" data-e-type=\"container\" data-settings=\"{&quot;background_background&quot;:&quot;classic&quot;}\">\n\t\t\t\t\t<div class=\"e-con-inner\">\n\t\t\t\t<div class=\"elementor-element elementor-element-200314a0 elementor-widget elementor-widget-heading\" data-id=\"200314a0\" data-element_type=\"widget\" data-e-type=\"widget\" data-widget_type=\"heading.default\">\n\t\t\t\t\t<h1 class=\"elementor-heading-title elementor-size-default\">Rejas de desbaste para estaciones de bombeo<\/h1>\t\t\t\t<\/div>\n\t\t\t\t<div class=\"elementor-element elementor-element-1c8380ce elementor-widget elementor-widget-text-editor\" data-id=\"1c8380ce\" data-element_type=\"widget\" data-e-type=\"widget\" data-widget_type=\"text-editor.default\">\n\t\t\t\t\t\t\t\t\t<p>Una soluci\u00f3n de desbaste autom\u00e1tico fiable y compacta, dise\u00f1ada para proteger de forma duradera las bombas y garantizar la seguridad de la explotaci\u00f3n de las estaciones de bombeo.<\/p>\t\t\t\t\t\t\t\t<\/div>\n\t\t\t\t<div class=\"elementor-element elementor-element-29417bff elementor-align-center elementor-widget elementor-widget-button\" data-id=\"29417bff\" data-element_type=\"widget\" data-e-type=\"widget\" data-widget_type=\"button.default\">\n\t\t\t\t\t\t\t\t\t\t<a class=\"elementor-button elementor-button-link elementor-size-sm\" href=\"\/es\/contacto\/\">\n\t\t\t\t\t\t<span class=\"elementor-button-content-wrapper\">\n\t\t\t\t\t\t\t\t\t<span class=\"elementor-button-text\">Cont\u00e1ctenos<\/span>\n\t\t\t\t\t<\/span>\n\t\t\t\t\t<\/a>\n\t\t\t\t\t\t\t\t<\/div>\n\t\t\t\t\t<\/div>\n\t\t\t\t<\/div>\n\t\t<div class=\"elementor-element elementor-element-9f41a61 e-flex e-con-boxed e-con e-parent\" data-id=\"9f41a61\" data-element_type=\"container\" data-e-type=\"container\">\n\t\t\t\t\t<div class=\"e-con-inner\">\n\t\t\t\t<div class=\"elementor-element elementor-element-1a977fec elementor-widget elementor-widget-text-editor\" data-id=\"1a977fec\" data-element_type=\"widget\" data-e-type=\"widget\" data-widget_type=\"text-editor.default\">\n\t\t\t\t\t\t\t\t\t<p>En las estaciones de bombeo, el desbaste autom\u00e1tico suele dejarse de lado en favor de cestas manuales, que efectivamente son menos costosas. Sin embargo, para proteger eficazmente las bombas, el desbaste autom\u00e1tico sigue siendo la soluci\u00f3n m\u00e1s duradera y facilita considerablemente el trabajo de los operadores. As\u00ed, en estaciones de bombeo de hormig\u00f3n o poli\u00e9ster, rectangulares o cil\u00edndricas, nuestra tecnolog\u00eda de reja de desbaste denominada \u00abgravitaria\u00bb no tiene equivalente. \u00bfPor qu\u00e9? Esto se resume en las siguientes ventajas:<\/p><ul><li>Limpieza de la reja por el lado de entrada (aguas arriba), que debe prescribirse frente a la limpieza por el lado de salida<\/li><li>Descarga de los residuos por aguas arriba y, por lo tanto, fuera de la estaci\u00f3n de bombeo<\/li><li>Volumen tamp\u00f3n significativo para los residuos entre la salida de la tuber\u00eda de llegada del efluente y la reja<\/li><li>No ocupa m\u00e1s, o apenas m\u00e1s, espacio que una cesta manual<\/li><li>En la mayor\u00eda de los casos no se requiere ninguna modificaci\u00f3n de la obra civil; fijado contra una pared vertical, el bastidor autoportante de la reja necesita un m\u00ednimo de apoyos<\/li><li>Operaciones de mantenimiento realizadas exclusivamente desde el nivel de \u201cterreno natural\u201d<\/li><li>Soluci\u00f3n econ\u00f3mica, ya que no es necesario construir una obra espec\u00edfica de desbaste aguas arriba de la estaci\u00f3n<\/li><\/ul>\t\t\t\t\t\t\t\t<\/div>\n\t\t\t\t\t<\/div>\n\t\t\t\t<\/div>\n\t\t<div class=\"elementor-element elementor-element-849a1df e-flex e-con-boxed e-con e-parent\" data-id=\"849a1df\" data-element_type=\"container\" data-e-type=\"container\">\n\t\t\t\t\t<div class=\"e-con-inner\">\n\t\t<div class=\"elementor-element elementor-element-1443ef2 e-con-full e-flex e-con e-child\" data-id=\"1443ef2\" data-element_type=\"container\" data-e-type=\"container\">\n\t\t\t\t<div class=\"elementor-element elementor-element-838ad5a elementor-widget elementor-widget-image\" data-id=\"838ad5a\" data-element_type=\"widget\" data-e-type=\"widget\" data-widget_type=\"image.default\">\n\t\t\t\t\t\t\t\t\t\t\t\t\t\t\t<img fetchpriority=\"high\" decoding=\"async\" width=\"768\" height=\"1024\" src=\"https:\/\/fbprocedes.com\/wp-content\/uploads\/2026\/01\/degrilleur-vertical-poste-relevage-1.jpg\" class=\"attachment-large size-large wp-image-3641\" alt=\"Una reja de desbaste FB Proc\u00e9d\u00e9s montado en pared en una estaci\u00f3n de bombeo\" srcset=\"https:\/\/fbprocedes.com\/wp-content\/uploads\/2026\/01\/degrilleur-vertical-poste-relevage-1.jpg 768w, https:\/\/fbprocedes.com\/wp-content\/uploads\/2026\/01\/degrilleur-vertical-poste-relevage-1-225x300.jpg 225w, https:\/\/fbprocedes.com\/wp-content\/uploads\/2026\/01\/degrilleur-vertical-poste-relevage-1-9x12.jpg 9w\" sizes=\"(max-width: 768px) 100vw, 768px\" \/>\t\t\t\t\t\t\t\t\t\t\t\t\t\t\t<\/div>\n\t\t\t\t<div class=\"elementor-element elementor-element-d35f830 elementor-widget elementor-widget-text-editor\" data-id=\"d35f830\" data-element_type=\"widget\" data-e-type=\"widget\" data-widget_type=\"text-editor.default\">\n\t\t\t\t\t\t\t\t\t<p style=\"text-align: center;\">Una reja de desbaste autom\u00e1tica, tipo SG400, montada en aplicaci\u00f3n contra la pared vertical de una estaci\u00f3n de bombeo de hormig\u00f3n. La estaci\u00f3n sobresale 1.100 mm por encima del nivel de \u00abTerreno Natural\u00bb. La reja de desbaste se fija tanto en la parte superior de la estaci\u00f3n como en la pared vertical en el interior del pozo. No se requieren soportes adicionales ni modificaciones de obra civil. Los residuos de desbaste se descargan directamente en un contenedor de residuos situado en el exterior de la estaci\u00f3n.<\/p>\t\t\t\t\t\t\t\t<\/div>\n\t\t\t\t<\/div>\n\t\t<div class=\"elementor-element elementor-element-f75d22c e-con-full e-flex e-con e-child\" data-id=\"f75d22c\" data-element_type=\"container\" data-e-type=\"container\">\n\t\t\t\t<div class=\"elementor-element elementor-element-d62b407 elementor-widget elementor-widget-image\" data-id=\"d62b407\" data-element_type=\"widget\" data-e-type=\"widget\" data-widget_type=\"image.default\">\n\t\t\t\t\t\t\t\t\t\t\t\t\t\t\t<img decoding=\"async\" width=\"768\" height=\"1024\" src=\"https:\/\/fbprocedes.com\/wp-content\/uploads\/2026\/01\/degrilleur-vertical-poste-relevage-polyester.jpg\" class=\"attachment-large size-large wp-image-3639\" alt=\"Una reja de desbaste FB Proc\u00e9d\u00e9s en una estaci\u00f3n de bombeo de poli\u00e9ster\" srcset=\"https:\/\/fbprocedes.com\/wp-content\/uploads\/2026\/01\/degrilleur-vertical-poste-relevage-polyester.jpg 768w, https:\/\/fbprocedes.com\/wp-content\/uploads\/2026\/01\/degrilleur-vertical-poste-relevage-polyester-225x300.jpg 225w, https:\/\/fbprocedes.com\/wp-content\/uploads\/2026\/01\/degrilleur-vertical-poste-relevage-polyester-9x12.jpg 9w\" sizes=\"(max-width: 768px) 100vw, 768px\" \/>\t\t\t\t\t\t\t\t\t\t\t\t\t\t\t<\/div>\n\t\t\t\t<div class=\"elementor-element elementor-element-4135382 elementor-widget elementor-widget-text-editor\" data-id=\"4135382\" data-element_type=\"widget\" data-e-type=\"widget\" data-widget_type=\"text-editor.default\">\n\t\t\t\t\t\t\t\t\t<p style=\"text-align: center;\">Una reja de desbaste autom\u00e1tica, tipo SG400, instalada en una estaci\u00f3n de bombeo de poli\u00e9ster que sobresale 1.000 mm sobre el nivel de \u00abTerreno Natural\u00bb. No se realiz\u00f3 ninguna modificaci\u00f3n en la estaci\u00f3n para la instalaci\u00f3n de la reja de desbaste. \u00danicamente una estructura met\u00e1lica dise\u00f1ada por FB Proc\u00e9d\u00e9s absorbe todos los esfuerzos asociados a la reja de desbaste.<\/p>\t\t\t\t\t\t\t\t<\/div>\n\t\t\t\t<\/div>\n\t\t\t\t\t<\/div>\n\t\t\t\t<\/div>\n\t\t<div class=\"elementor-element elementor-element-c51e072 e-flex e-con-boxed e-con e-parent\" data-id=\"c51e072\" data-element_type=\"container\" data-e-type=\"container\">\n\t\t\t\t\t<div class=\"e-con-inner\">\n\t\t<div class=\"elementor-element elementor-element-44f51fe e-con-full e-flex e-con e-child\" data-id=\"44f51fe\" data-element_type=\"container\" data-e-type=\"container\">\n\t\t\t\t<div class=\"elementor-element elementor-element-75cd7d4 elementor-widget elementor-widget-image\" data-id=\"75cd7d4\" data-element_type=\"widget\" data-e-type=\"widget\" data-widget_type=\"image.default\">\n\t\t\t\t\t\t\t\t\t\t\t\t\t\t\t<img decoding=\"async\" width=\"768\" height=\"1024\" src=\"https:\/\/fbprocedes.com\/wp-content\/uploads\/2026\/01\/partie-inferieure-degrilleur-poste-relevage.jpg\" class=\"attachment-large size-large wp-image-3642\" alt=\"Parte inferior y rejilla de una reja de desbaste en una estaci\u00f3n de bombeo\" srcset=\"https:\/\/fbprocedes.com\/wp-content\/uploads\/2026\/01\/partie-inferieure-degrilleur-poste-relevage.jpg 768w, https:\/\/fbprocedes.com\/wp-content\/uploads\/2026\/01\/partie-inferieure-degrilleur-poste-relevage-225x300.jpg 225w, https:\/\/fbprocedes.com\/wp-content\/uploads\/2026\/01\/partie-inferieure-degrilleur-poste-relevage-9x12.jpg 9w\" sizes=\"(max-width: 768px) 100vw, 768px\" \/>\t\t\t\t\t\t\t\t\t\t\t\t\t\t\t<\/div>\n\t\t\t\t<div class=\"elementor-element elementor-element-e03af2a elementor-widget elementor-widget-text-editor\" data-id=\"e03af2a\" data-element_type=\"widget\" data-e-type=\"widget\" data-widget_type=\"text-editor.default\">\n\t\t\t\t\t\t\t\t\t<p style=\"text-align: center;\">Un bastidor inferior de reja de desbaste instalado en el interior de una estaci\u00f3n de bombeo, frente a la tuber\u00eda de llegada del efluente. La reja de desbaste ocupa apenas m\u00e1s espacio que una cesta manual y no impide en ning\u00fan caso la extracci\u00f3n de las bombas situadas aguas abajo.<\/p>\t\t\t\t\t\t\t\t<\/div>\n\t\t\t\t<\/div>\n\t\t<div class=\"elementor-element elementor-element-c1f79a2 e-con-full e-flex e-con e-child\" data-id=\"c1f79a2\" data-element_type=\"container\" data-e-type=\"container\">\n\t\t\t\t<div class=\"elementor-element elementor-element-07d5865 elementor-widget elementor-widget-image\" data-id=\"07d5865\" data-element_type=\"widget\" data-e-type=\"widget\" data-widget_type=\"image.default\">\n\t\t\t\t\t\t\t\t\t\t\t\t\t\t\t<img loading=\"lazy\" decoding=\"async\" width=\"768\" height=\"1024\" src=\"https:\/\/fbprocedes.com\/wp-content\/uploads\/2026\/01\/degrilleur-vertical-poste-relevage.jpg\" class=\"attachment-large size-large wp-image-3635\" alt=\"Reja de desbaste vertical con tornillo compactador en una estaci\u00f3n de bombeo\" srcset=\"https:\/\/fbprocedes.com\/wp-content\/uploads\/2026\/01\/degrilleur-vertical-poste-relevage.jpg 768w, https:\/\/fbprocedes.com\/wp-content\/uploads\/2026\/01\/degrilleur-vertical-poste-relevage-225x300.jpg 225w, https:\/\/fbprocedes.com\/wp-content\/uploads\/2026\/01\/degrilleur-vertical-poste-relevage-9x12.jpg 9w\" sizes=\"(max-width: 768px) 100vw, 768px\" \/>\t\t\t\t\t\t\t\t\t\t\t\t\t\t\t<\/div>\n\t\t\t\t<div class=\"elementor-element elementor-element-2025948 elementor-widget elementor-widget-text-editor\" data-id=\"2025948\" data-element_type=\"widget\" data-e-type=\"widget\" data-widget_type=\"text-editor.default\">\n\t\t\t\t\t\t\t\t\t<p style=\"text-align: center;\">Una reja de desbaste autom\u00e1tica, tipo NG21, instalada en una estaci\u00f3n de bombeo circular de hormig\u00f3n y asociada a un tornillo compactador tipo VCP150. La reja de desbaste est\u00e1 fabricada a medida y perfectamente adaptada a la estaci\u00f3n (profundidad y di\u00e1metro). Colocada frente a la tuber\u00eda de llegada, filtra el efluente y protege eficazmente las bombas situadas aguas abajo en la misma estaci\u00f3n.<\/p>\t\t\t\t\t\t\t\t<\/div>\n\t\t\t\t<\/div>\n\t\t\t\t\t<\/div>\n\t\t\t\t<\/div>\n\t\t<div class=\"elementor-element elementor-element-615bd134 e-flex e-con-boxed e-con e-parent\" data-id=\"615bd134\" data-element_type=\"container\" data-e-type=\"container\">\n\t\t\t\t\t<div class=\"e-con-inner\">\n\t\t\t\t<div class=\"elementor-element elementor-element-4894bf83 elementor-widget elementor-widget-heading\" data-id=\"4894bf83\" data-element_type=\"widget\" data-e-type=\"widget\" data-widget_type=\"heading.default\">\n\t\t\t\t\t<h2 class=\"elementor-heading-title elementor-size-default\">Productos relacionados<\/h2>\t\t\t\t<\/div>\n\t\t\t\t<div class=\"elementor-element elementor-element-49caa844 elementor-widget-divider--view-line elementor-widget elementor-widget-divider\" data-id=\"49caa844\" data-element_type=\"widget\" data-e-type=\"widget\" data-widget_type=\"divider.default\">\n\t\t\t\t\t\t\t<div class=\"elementor-divider\">\n\t\t\t<span class=\"elementor-divider-separator\">\n\t\t\t\t\t\t<\/span>\n\t\t<\/div>\n\t\t\t\t\t\t<\/div>\n\t\t\t\t\t<\/div>\n\t\t\t\t<\/div>\n\t\t<div class=\"elementor-element elementor-element-7d8ffc3f e-grid e-con-boxed e-con e-parent\" data-id=\"7d8ffc3f\" data-element_type=\"container\" data-e-type=\"container\">\n\t\t\t\t\t<div class=\"e-con-inner\">\n\t\t<div class=\"elementor-element elementor-element-5177bfb0 e-con-full e-flex e-con e-child\" data-id=\"5177bfb0\" data-element_type=\"container\" data-e-type=\"container\" data-settings=\"{&quot;background_background&quot;:&quot;classic&quot;}\">\n\t\t\t\t<div class=\"elementor-element elementor-element-34118cc0 elementor-widget elementor-widget-image\" data-id=\"34118cc0\" data-element_type=\"widget\" data-e-type=\"widget\" data-widget_type=\"image.default\">\n\t\t\t\t\t\t\t\t\t\t\t\t\t\t\t<img loading=\"lazy\" decoding=\"async\" width=\"500\" height=\"500\" src=\"https:\/\/fbprocedes.com\/wp-content\/uploads\/2025\/12\/degrilleur-sg400.jpg\" class=\"attachment-medium_large size-medium_large wp-image-875\" alt=\"Vista 3D en CAD de una reja de desbaste vertical SG400\" srcset=\"https:\/\/fbprocedes.com\/wp-content\/uploads\/2025\/12\/degrilleur-sg400.jpg 500w, https:\/\/fbprocedes.com\/wp-content\/uploads\/2025\/12\/degrilleur-sg400-300x300.jpg 300w, https:\/\/fbprocedes.com\/wp-content\/uploads\/2025\/12\/degrilleur-sg400-150x150.jpg 150w\" sizes=\"(max-width: 500px) 100vw, 500px\" \/>\t\t\t\t\t\t\t\t\t\t\t\t\t\t\t<\/div>\n\t\t\t\t<div class=\"elementor-element elementor-element-3462e24 elementor-widget elementor-widget-heading\" data-id=\"3462e24\" data-element_type=\"widget\" data-e-type=\"widget\" data-widget_type=\"heading.default\">\n\t\t\t\t\t<h3 class=\"elementor-heading-title elementor-size-default\">Reja de desbaste SG400<\/h3>\t\t\t\t<\/div>\n\t\t\t\t<div class=\"elementor-element elementor-element-b9c11d6 elementor-widget elementor-widget-text-editor\" data-id=\"b9c11d6\" data-element_type=\"widget\" data-e-type=\"widget\" data-widget_type=\"text-editor.default\">\n\t\t\t\t\t\t\t\t\t<p style=\"text-align: center;\">Reja autom\u00e1tica vertical de 400 mm de ancho para caudales de hasta 120 m3\/h<\/p>\t\t\t\t\t\t\t\t<\/div>\n\t\t\t\t<div class=\"elementor-element elementor-element-4b43637f elementor-align-center elementor-widget elementor-widget-button\" data-id=\"4b43637f\" data-element_type=\"widget\" data-e-type=\"widget\" data-widget_type=\"button.default\">\n\t\t\t\t\t\t\t\t\t\t<a class=\"elementor-button elementor-button-link elementor-size-sm\" href=\"\/es\/reja-de-desbaste-sg400\/\">\n\t\t\t\t\t\t<span class=\"elementor-button-content-wrapper\">\n\t\t\t\t\t\t\t\t\t<span class=\"elementor-button-text\">Ver SG400<\/span>\n\t\t\t\t\t<\/span>\n\t\t\t\t\t<\/a>\n\t\t\t\t\t\t\t\t<\/div>\n\t\t\t\t<\/div>\n\t\t<div class=\"elementor-element elementor-element-4963155f e-con-full e-flex e-con e-child\" data-id=\"4963155f\" data-element_type=\"container\" data-e-type=\"container\" data-settings=\"{&quot;background_background&quot;:&quot;classic&quot;}\">\n\t\t\t\t<div class=\"elementor-element elementor-element-32995490 elementor-widget elementor-widget-image\" data-id=\"32995490\" data-element_type=\"widget\" data-e-type=\"widget\" data-widget_type=\"image.default\">\n\t\t\t\t\t\t\t\t\t\t\t\t\t\t\t<img loading=\"lazy\" decoding=\"async\" width=\"500\" height=\"500\" src=\"https:\/\/fbprocedes.com\/wp-content\/uploads\/2025\/12\/degrilleur-ng.jpg\" class=\"attachment-medium_large size-medium_large wp-image-873\" alt=\"Vista 3D en CAD de una reja de desbaste vertical NG\" srcset=\"https:\/\/fbprocedes.com\/wp-content\/uploads\/2025\/12\/degrilleur-ng.jpg 500w, https:\/\/fbprocedes.com\/wp-content\/uploads\/2025\/12\/degrilleur-ng-300x300.jpg 300w, https:\/\/fbprocedes.com\/wp-content\/uploads\/2025\/12\/degrilleur-ng-150x150.jpg 150w\" sizes=\"(max-width: 500px) 100vw, 500px\" \/>\t\t\t\t\t\t\t\t\t\t\t\t\t\t\t<\/div>\n\t\t\t\t<div class=\"elementor-element elementor-element-2d869f20 elementor-widget elementor-widget-heading\" data-id=\"2d869f20\" data-element_type=\"widget\" data-e-type=\"widget\" data-widget_type=\"heading.default\">\n\t\t\t\t\t<h3 class=\"elementor-heading-title elementor-size-default\">Reja de desbaste NG<\/h3>\t\t\t\t<\/div>\n\t\t\t\t<div class=\"elementor-element elementor-element-5dabd565 elementor-widget elementor-widget-text-editor\" data-id=\"5dabd565\" data-element_type=\"widget\" data-e-type=\"widget\" data-widget_type=\"text-editor.default\">\n\t\t\t\t\t\t\t\t\t<p style=\"text-align: center;\">Desarenador autom\u00e1tico vertical a medida para caudales de hasta 6000 m3\/h<\/p>\t\t\t\t\t\t\t\t<\/div>\n\t\t\t\t<div class=\"elementor-element elementor-element-71dc1ad2 elementor-align-center elementor-widget elementor-widget-button\" data-id=\"71dc1ad2\" data-element_type=\"widget\" data-e-type=\"widget\" data-widget_type=\"button.default\">\n\t\t\t\t\t\t\t\t\t\t<a class=\"elementor-button elementor-button-link elementor-size-sm\" href=\"\/es\/reja-de-desbaste-ng\/\">\n\t\t\t\t\t\t<span class=\"elementor-button-content-wrapper\">\n\t\t\t\t\t\t\t\t\t<span class=\"elementor-button-text\">Ver NG<\/span>\n\t\t\t\t\t<\/span>\n\t\t\t\t\t<\/a>\n\t\t\t\t\t\t\t\t<\/div>\n\t\t\t\t<\/div>\n\t\t<div class=\"elementor-element elementor-element-54cdca5f e-con-full e-flex e-con e-child\" data-id=\"54cdca5f\" data-element_type=\"container\" data-e-type=\"container\" data-settings=\"{&quot;background_background&quot;:&quot;classic&quot;}\">\n\t\t\t\t<div class=\"elementor-element elementor-element-15db1ca elementor-widget elementor-widget-image\" data-id=\"15db1ca\" data-element_type=\"widget\" data-e-type=\"widget\" data-widget_type=\"image.default\">\n\t\t\t\t\t\t\t\t\t\t\t\t\t\t\t<img loading=\"lazy\" decoding=\"async\" width=\"500\" height=\"500\" src=\"https:\/\/fbprocedes.com\/wp-content\/uploads\/2025\/12\/degrilleur-xg.jpg\" class=\"attachment-medium_large size-medium_large wp-image-874\" alt=\"Vista 3D en CAD de una reja de desbaste vertical XG\" srcset=\"https:\/\/fbprocedes.com\/wp-content\/uploads\/2025\/12\/degrilleur-xg.jpg 500w, https:\/\/fbprocedes.com\/wp-content\/uploads\/2025\/12\/degrilleur-xg-300x300.jpg 300w, https:\/\/fbprocedes.com\/wp-content\/uploads\/2025\/12\/degrilleur-xg-150x150.jpg 150w\" sizes=\"(max-width: 500px) 100vw, 500px\" \/>\t\t\t\t\t\t\t\t\t\t\t\t\t\t\t<\/div>\n\t\t\t\t<div class=\"elementor-element elementor-element-3d159b93 elementor-widget elementor-widget-heading\" data-id=\"3d159b93\" data-element_type=\"widget\" data-e-type=\"widget\" data-widget_type=\"heading.default\">\n\t\t\t\t\t<h3 class=\"elementor-heading-title elementor-size-default\">Reja de desbaste XG<\/h3>\t\t\t\t<\/div>\n\t\t\t\t<div class=\"elementor-element elementor-element-a16d9e elementor-widget elementor-widget-text-editor\" data-id=\"a16d9e\" data-element_type=\"widget\" data-e-type=\"widget\" data-widget_type=\"text-editor.default\">\n\t\t\t\t\t\t\t\t\t<p style=\"text-align: center;\">Desarenador autom\u00e1tico vertical a medida para caudales de hasta 20 000 m3\/h<\/p>\t\t\t\t\t\t\t\t<\/div>\n\t\t\t\t<div class=\"elementor-element elementor-element-179bb859 elementor-align-center elementor-widget elementor-widget-button\" data-id=\"179bb859\" data-element_type=\"widget\" data-e-type=\"widget\" data-widget_type=\"button.default\">\n\t\t\t\t\t\t\t\t\t\t<a class=\"elementor-button elementor-button-link elementor-size-sm\" href=\"\/es\/reja-de-desbaste-xg\/\">\n\t\t\t\t\t\t<span class=\"elementor-button-content-wrapper\">\n\t\t\t\t\t\t\t\t\t<span class=\"elementor-button-text\">Ver XG<\/span>\n\t\t\t\t\t<\/span>\n\t\t\t\t\t<\/a>\n\t\t\t\t\t\t\t\t<\/div>\n\t\t\t\t<\/div>\n\t\t\t\t\t<\/div>\n\t\t\t\t<\/div>\n\t\t\t\t<\/div>","protected":false},"excerpt":{"rendered":"<p>D\u00e9grilleur automatique pour postes de relevage Solution de d\u00e9grillage automatique fiable et compacte, con\u00e7ue pour prot\u00e9ger durablement les pompes et s\u00e9curiser l\u2019exploitation des postes de relevage. Nous contacter Dans les postes de relevage, le d\u00e9grilleur automatique est une solution souvent mise de c\u00f4t\u00e9 au profit de paniers manuels, il est vrai moins co\u00fbteux. Mais, pour [&hellip;]<\/p>\n","protected":false},"author":1,"featured_media":0,"parent":1025,"menu_order":0,"comment_status":"closed","ping_status":"closed","template":"","meta":{"footnotes":""},"class_list":["post-1029","page","type-page","status-publish","hentry"],"aioseo_notices":[],"_links":{"self":[{"href":"https:\/\/fbprocedes.com\/es\/wp-json\/wp\/v2\/pages\/1029","targetHints":{"allow":["GET"]}}],"collection":[{"href":"https:\/\/fbprocedes.com\/es\/wp-json\/wp\/v2\/pages"}],"about":[{"href":"https:\/\/fbprocedes.com\/es\/wp-json\/wp\/v2\/types\/page"}],"author":[{"embeddable":true,"href":"https:\/\/fbprocedes.com\/es\/wp-json\/wp\/v2\/users\/1"}],"replies":[{"embeddable":true,"href":"https:\/\/fbprocedes.com\/es\/wp-json\/wp\/v2\/comments?post=1029"}],"version-history":[{"count":31,"href":"https:\/\/fbprocedes.com\/es\/wp-json\/wp\/v2\/pages\/1029\/revisions"}],"predecessor-version":[{"id":3724,"href":"https:\/\/fbprocedes.com\/es\/wp-json\/wp\/v2\/pages\/1029\/revisions\/3724"}],"up":[{"embeddable":true,"href":"https:\/\/fbprocedes.com\/es\/wp-json\/wp\/v2\/pages\/1025"}],"wp:attachment":[{"href":"https:\/\/fbprocedes.com\/es\/wp-json\/wp\/v2\/media?parent=1029"}],"curies":[{"name":"wp","href":"https:\/\/api.w.org\/{rel}","templated":true}]}}