{"id":1031,"date":"2025-12-23T17:13:58","date_gmt":"2025-12-23T16:13:58","guid":{"rendered":"https:\/\/fbprocedes.com\/?page_id=1031"},"modified":"2026-01-16T16:28:44","modified_gmt":"2026-01-16T15:28:44","slug":"reja-de-desbaste-toma-de-agua","status":"publish","type":"page","link":"https:\/\/fbprocedes.com\/es\/applications\/degrilleur-automatique-prise-eau\/","title":{"rendered":"D\u00e9grilleur automatique sur prises d&rsquo;eau"},"content":{"rendered":"<div data-elementor-type=\"wp-page\" data-elementor-id=\"1031\" class=\"elementor elementor-1031\" data-elementor-post-type=\"page\">\n\t\t\t\t<div class=\"elementor-element elementor-element-5a9ad79b e-flex e-con-boxed e-con e-parent\" data-id=\"5a9ad79b\" data-element_type=\"container\" data-e-type=\"container\" data-settings=\"{&quot;background_background&quot;:&quot;classic&quot;}\">\n\t\t\t\t\t<div class=\"e-con-inner\">\n\t\t\t\t<div class=\"elementor-element elementor-element-659f7610 elementor-widget elementor-widget-heading\" data-id=\"659f7610\" data-element_type=\"widget\" data-e-type=\"widget\" data-widget_type=\"heading.default\">\n\t\t\t\t\t<h1 class=\"elementor-heading-title elementor-size-default\">Reja de desbaste autom\u00e1tica en tomas de agua<\/h1>\t\t\t\t<\/div>\n\t\t\t\t<div class=\"elementor-element elementor-element-1bee04fc elementor-widget elementor-widget-text-editor\" data-id=\"1bee04fc\" data-element_type=\"widget\" data-e-type=\"widget\" data-widget_type=\"text-editor.default\">\n\t\t\t\t\t\t\t\t\t<p>Las rejas de desbaste autom\u00e1ticas en tomas de agua aseguran la eliminaci\u00f3n continua de residuos s\u00f3lidos desde la entrada del flujo, protegiendo eficazmente las instalaciones aguas abajo y garantizando un funcionamiento fiable y duradero de las obras hidr\u00e1ulicas.<\/p>\t\t\t\t\t\t\t\t<\/div>\n\t\t\t\t<div class=\"elementor-element elementor-element-7c918c6f elementor-align-center elementor-widget elementor-widget-button\" data-id=\"7c918c6f\" data-element_type=\"widget\" data-e-type=\"widget\" data-widget_type=\"button.default\">\n\t\t\t\t\t\t\t\t\t\t<a class=\"elementor-button elementor-button-link elementor-size-sm\" href=\"\/es\/contacto\/\">\n\t\t\t\t\t\t<span class=\"elementor-button-content-wrapper\">\n\t\t\t\t\t\t\t\t\t<span class=\"elementor-button-text\">Cont\u00e1ctenos<\/span>\n\t\t\t\t\t<\/span>\n\t\t\t\t\t<\/a>\n\t\t\t\t\t\t\t\t<\/div>\n\t\t\t\t\t<\/div>\n\t\t\t\t<\/div>\n\t\t<div class=\"elementor-element elementor-element-74650c9f e-flex e-con-boxed e-con e-parent\" data-id=\"74650c9f\" data-element_type=\"container\" data-e-type=\"container\">\n\t\t\t\t\t<div class=\"e-con-inner\">\n\t\t<div class=\"elementor-element elementor-element-4393491a e-con-full e-flex e-con e-child\" data-id=\"4393491a\" data-element_type=\"container\" data-e-type=\"container\">\n\t\t\t\t<div class=\"elementor-element elementor-element-13547a1d elementor-widget elementor-widget-text-editor\" data-id=\"13547a1d\" data-element_type=\"widget\" data-e-type=\"widget\" data-widget_type=\"text-editor.default\">\n\t\t\t\t\t\t\t\t\t<p>Este es un campo donde nuestras rejas de desbaste autom\u00e1ticas tambi\u00e9n son un \"referente\" y le dar\u00e1n plena satisfacci\u00f3n. La reja de desbaste en una toma de agua est\u00e1 dise\u00f1ada para extraer residuos como hojas u otros restos vegetales, bolsas o botellas de pl\u00e1stico, madera, etc.<\/p><p>La luz de paso recomendada suele ser fina (inferior a 10 mm). Llamamos su atenci\u00f3n sobre la necesidad de contar con un perfil hidr\u00e1ulico bien dise\u00f1ado \u2013 el poder de colmataci\u00f3n de ciertos residuos es significativo y, por tanto, tambi\u00e9n la velocidad del efluente \u2013, y nos aseguraremos de asesorarle de manera \u00f3ptima. La reja de desbaste autom\u00e1tica deber\u00e1 ser fiable, ya que a menudo se encuentra en lugares aislados, y deber\u00e1 poseer una capacidad real de agarre de los residuos.<\/p>\t\t\t\t\t\t\t\t<\/div>\n\t\t\t\t<\/div>\n\t\t\t\t\t<\/div>\n\t\t\t\t<\/div>\n\t\t<div class=\"elementor-element elementor-element-f2bfa6b e-flex e-con-boxed e-con e-parent\" data-id=\"f2bfa6b\" data-element_type=\"container\" data-e-type=\"container\">\n\t\t\t\t\t<div class=\"e-con-inner\">\n\t\t<div class=\"elementor-element elementor-element-759868a3 e-con-full e-flex e-con e-child\" data-id=\"759868a3\" data-element_type=\"container\" data-e-type=\"container\">\n\t\t\t\t<div class=\"elementor-element elementor-element-2bd162ae elementor-widget elementor-widget-image\" data-id=\"2bd162ae\" data-element_type=\"widget\" data-e-type=\"widget\" data-widget_type=\"image.default\">\n\t\t\t\t\t\t\t\t\t\t\t\t\t\t\t<img fetchpriority=\"high\" decoding=\"async\" width=\"800\" height=\"600\" src=\"https:\/\/fbprocedes.com\/wp-content\/uploads\/2026\/01\/degrilleur-prise-eau-1.jpg\" class=\"attachment-large size-large wp-image-3646\" alt=\"Reja de desbaste FB Proc\u00e9d\u00e9s en una toma de agua\" srcset=\"https:\/\/fbprocedes.com\/wp-content\/uploads\/2026\/01\/degrilleur-prise-eau-1.jpg 1024w, https:\/\/fbprocedes.com\/wp-content\/uploads\/2026\/01\/degrilleur-prise-eau-1-300x225.jpg 300w, https:\/\/fbprocedes.com\/wp-content\/uploads\/2026\/01\/degrilleur-prise-eau-1-768x576.jpg 768w, https:\/\/fbprocedes.com\/wp-content\/uploads\/2026\/01\/degrilleur-prise-eau-1-16x12.jpg 16w\" sizes=\"(max-width: 800px) 100vw, 800px\" \/>\t\t\t\t\t\t\t\t\t\t\t\t\t\t\t<\/div>\n\t\t\t\t<div class=\"elementor-element elementor-element-755093ea elementor-widget elementor-widget-text-editor\" data-id=\"755093ea\" data-element_type=\"widget\" data-e-type=\"widget\" data-widget_type=\"text-editor.default\">\n\t\t\t\t\t\t\t\t\t<p style=\"text-align: center;\">Una reja de desbaste autom\u00e1tica tipo NG11, equipada con una rejilla de luz de paso 10 mm, instalada en un canal de hormig\u00f3n y capaz de tratar hasta 1.000 m3\/h. La misi\u00f3n de la reja de desbaste es limpiar regularmente la rejilla para permitir el paso del efluente, elevar los residuos y descargarlos al lateral del canal mediante una canaleta de nuestro dise\u00f1o.<\/p>\t\t\t\t\t\t\t\t<\/div>\n\t\t\t\t<\/div>\n\t\t<div class=\"elementor-element elementor-element-a9b2034 e-con-full e-flex e-con e-child\" data-id=\"a9b2034\" data-element_type=\"container\" data-e-type=\"container\">\n\t\t\t\t<div class=\"elementor-element elementor-element-7d3fe0fc elementor-widget elementor-widget-image\" data-id=\"7d3fe0fc\" data-element_type=\"widget\" data-e-type=\"widget\" data-widget_type=\"image.default\">\n\t\t\t\t\t\t\t\t\t\t\t\t\t\t\t<img decoding=\"async\" width=\"800\" height=\"600\" src=\"https:\/\/fbprocedes.com\/wp-content\/uploads\/2026\/01\/degrilleur-vertical-prise-eau.jpg\" class=\"attachment-large size-large wp-image-3648\" alt=\"Reja de desbaste vertical en una toma de agua\" srcset=\"https:\/\/fbprocedes.com\/wp-content\/uploads\/2026\/01\/degrilleur-vertical-prise-eau.jpg 1024w, https:\/\/fbprocedes.com\/wp-content\/uploads\/2026\/01\/degrilleur-vertical-prise-eau-300x225.jpg 300w, https:\/\/fbprocedes.com\/wp-content\/uploads\/2026\/01\/degrilleur-vertical-prise-eau-768x576.jpg 768w, https:\/\/fbprocedes.com\/wp-content\/uploads\/2026\/01\/degrilleur-vertical-prise-eau-16x12.jpg 16w\" sizes=\"(max-width: 800px) 100vw, 800px\" \/>\t\t\t\t\t\t\t\t\t\t\t\t\t\t\t<\/div>\n\t\t\t\t<div class=\"elementor-element elementor-element-62081012 elementor-widget elementor-widget-text-editor\" data-id=\"62081012\" data-element_type=\"widget\" data-e-type=\"widget\" data-widget_type=\"text-editor.default\">\n\t\t\t\t\t\t\t\t\t<p style=\"text-align: center;\">Una reja de desbaste autom\u00e1tica tipo XG12, con una luz de paso de 4 mm, fijada contra la pared vertical a la salida de una arqueta de 2000x2000 mm y capaz de tratar hasta 600 m3\/h. La rejilla est\u00e1 situada a 6 metros de profundidad bajo el nivel de suelo. El chasis est\u00e1 compuesto por 3 elementos para facilitar las maniobras durante el montaje. El cuadro el\u00e9ctrico est\u00e1 fijado directamente en uno de los laterales de la reja de desbaste para facilitar las operaciones de mantenimiento. Finalmente, la uni\u00f3n entre la tolva de vertido de residuos de la reja de desbaste y el contenedor se realiza con una tapa de acero inoxidable a medida, permitiendo que los residuos de desbaste queden protegidos de posibles lluvias.<\/p>\t\t\t\t\t\t\t\t<\/div>\n\t\t\t\t<\/div>\n\t\t\t\t\t<\/div>\n\t\t\t\t<\/div>\n\t\t<div class=\"elementor-element elementor-element-83bbd82 e-flex e-con-boxed e-con e-parent\" data-id=\"83bbd82\" data-element_type=\"container\" data-e-type=\"container\">\n\t\t\t\t\t<div class=\"e-con-inner\">\n\t\t<div class=\"elementor-element elementor-element-13957bf e-con-full e-flex e-con e-child\" data-id=\"13957bf\" data-element_type=\"container\" data-e-type=\"container\">\n\t\t\t\t<div class=\"elementor-element elementor-element-92064e0 elementor-widget elementor-widget-image\" data-id=\"92064e0\" data-element_type=\"widget\" data-e-type=\"widget\" data-widget_type=\"image.default\">\n\t\t\t\t\t\t\t\t\t\t\t\t\t\t\t<img decoding=\"async\" width=\"731\" height=\"1024\" src=\"https:\/\/fbprocedes.com\/wp-content\/uploads\/2025\/12\/degrilleur-automatique-prise-eau-fonctionnement-731x1024.webp\" class=\"attachment-large size-large wp-image-2697\" alt=\"Reja de desbaste autom\u00e1tica en funcionamiento eliminando los residuos s\u00f3lidos a la entrada de la toma de agua\" srcset=\"https:\/\/fbprocedes.com\/wp-content\/uploads\/2025\/12\/degrilleur-automatique-prise-eau-fonctionnement-731x1024.webp 731w, https:\/\/fbprocedes.com\/wp-content\/uploads\/2025\/12\/degrilleur-automatique-prise-eau-fonctionnement-214x300.webp 214w, https:\/\/fbprocedes.com\/wp-content\/uploads\/2025\/12\/degrilleur-automatique-prise-eau-fonctionnement-768x1076.webp 768w, https:\/\/fbprocedes.com\/wp-content\/uploads\/2025\/12\/degrilleur-automatique-prise-eau-fonctionnement-1097x1536.webp 1097w, https:\/\/fbprocedes.com\/wp-content\/uploads\/2025\/12\/degrilleur-automatique-prise-eau-fonctionnement.webp 1371w\" sizes=\"(max-width: 731px) 100vw, 731px\" \/>\t\t\t\t\t\t\t\t\t\t\t\t\t\t\t<\/div>\n\t\t\t\t<div class=\"elementor-element elementor-element-9a2b403 elementor-widget elementor-widget-text-editor\" data-id=\"9a2b403\" data-element_type=\"widget\" data-e-type=\"widget\" data-widget_type=\"text-editor.default\">\n\t\t\t\t\t\t\t\t\t<p style=\"text-align: center;\">Una reja de desbaste autom\u00e1tica tipo XG12 instalada en una toma de agua de r\u00edo para proteger una estaci\u00f3n de bombeo. Esta reja de desbaste, dise\u00f1ada para tratar hasta 1.000 m3\/h, est\u00e1 equipada con una rejilla de luz de paso 5 mm. Su funci\u00f3n es detener y elevar todo tipo de residuos (algas, hojas, madera, pl\u00e1sticos, etc.) arrastrados por el r\u00edo. Los residuos de desbaste se vierten en el contenedor con ruedas especial del operador.<\/p>\t\t\t\t\t\t\t\t<\/div>\n\t\t\t\t<\/div>\n\t\t<div class=\"elementor-element elementor-element-1c62722 e-con-full e-flex e-con e-child\" data-id=\"1c62722\" data-element_type=\"container\" data-e-type=\"container\">\n\t\t\t\t<div class=\"elementor-element elementor-element-37363d6 elementor-widget elementor-widget-image\" data-id=\"37363d6\" data-element_type=\"widget\" data-e-type=\"widget\" data-widget_type=\"image.default\">\n\t\t\t\t\t\t\t\t\t\t\t\t\t\t\t<img loading=\"lazy\" decoding=\"async\" width=\"732\" height=\"1024\" src=\"https:\/\/fbprocedes.com\/wp-content\/uploads\/2025\/12\/degrilleur-automatique-prise-eau-installation-732x1024.webp\" class=\"attachment-large size-large wp-image-2696\" alt=\"Reja de desbaste autom\u00e1tica instalada en una toma de agua para la protecci\u00f3n de las obras hidr\u00e1ulicas\" srcset=\"https:\/\/fbprocedes.com\/wp-content\/uploads\/2025\/12\/degrilleur-automatique-prise-eau-installation-732x1024.webp 732w, https:\/\/fbprocedes.com\/wp-content\/uploads\/2025\/12\/degrilleur-automatique-prise-eau-installation-215x300.webp 215w, https:\/\/fbprocedes.com\/wp-content\/uploads\/2025\/12\/degrilleur-automatique-prise-eau-installation-768x1074.webp 768w, https:\/\/fbprocedes.com\/wp-content\/uploads\/2025\/12\/degrilleur-automatique-prise-eau-installation-1098x1536.webp 1098w, https:\/\/fbprocedes.com\/wp-content\/uploads\/2025\/12\/degrilleur-automatique-prise-eau-installation.webp 1373w\" sizes=\"(max-width: 732px) 100vw, 732px\" \/>\t\t\t\t\t\t\t\t\t\t\t\t\t\t\t<\/div>\n\t\t\t\t<div class=\"elementor-element elementor-element-0129d25 elementor-widget elementor-widget-text-editor\" data-id=\"0129d25\" data-element_type=\"widget\" data-e-type=\"widget\" data-widget_type=\"text-editor.default\">\n\t\t\t\t\t\t\t\t\t<p style=\"text-align: center;\">Una reja de desbaste autom\u00e1tica tipo XG12 instalada en un canal de hormig\u00f3n a la entrada de una planta de agua potable. Est\u00e1 equipada con una rejilla de luz de paso 12 mm y puede tratar hasta 2.400 m3\/h. Debido a su altura total (&gt; 7 metros), cuenta con un motor de velocidad variable para optimizar el tiempo de ciclo (un descenso y un ascenso). Finalmente, para permitir un acceso f\u00e1cil a los repuestos en la parte superior, esta reja de desbaste se entreg\u00f3 con una pasarela de acceso de nuestro dise\u00f1o.<\/p>\t\t\t\t\t\t\t\t<\/div>\n\t\t\t\t<\/div>\n\t\t\t\t\t<\/div>\n\t\t\t\t<\/div>\n\t\t<div class=\"elementor-element elementor-element-6354058b e-flex e-con-boxed e-con e-parent\" data-id=\"6354058b\" data-element_type=\"container\" data-e-type=\"container\">\n\t\t\t\t\t<div class=\"e-con-inner\">\n\t\t\t\t<div class=\"elementor-element elementor-element-6fed222e elementor-widget elementor-widget-heading\" data-id=\"6fed222e\" data-element_type=\"widget\" data-e-type=\"widget\" data-widget_type=\"heading.default\">\n\t\t\t\t\t<h2 class=\"elementor-heading-title elementor-size-default\">Productos relacionados<\/h2>\t\t\t\t<\/div>\n\t\t\t\t<div class=\"elementor-element elementor-element-449f6d2b elementor-widget-divider--view-line elementor-widget elementor-widget-divider\" data-id=\"449f6d2b\" data-element_type=\"widget\" data-e-type=\"widget\" data-widget_type=\"divider.default\">\n\t\t\t\t\t\t\t<div class=\"elementor-divider\">\n\t\t\t<span class=\"elementor-divider-separator\">\n\t\t\t\t\t\t<\/span>\n\t\t<\/div>\n\t\t\t\t\t\t<\/div>\n\t\t\t\t\t<\/div>\n\t\t\t\t<\/div>\n\t\t<div class=\"elementor-element elementor-element-16c97114 e-grid e-con-boxed e-con e-parent\" data-id=\"16c97114\" data-element_type=\"container\" data-e-type=\"container\">\n\t\t\t\t\t<div class=\"e-con-inner\">\n\t\t<div class=\"elementor-element elementor-element-6db5139c e-con-full e-flex e-con e-child\" data-id=\"6db5139c\" data-element_type=\"container\" data-e-type=\"container\" data-settings=\"{&quot;background_background&quot;:&quot;classic&quot;}\">\n\t\t\t\t<div class=\"elementor-element elementor-element-dc5600c elementor-widget elementor-widget-image\" data-id=\"dc5600c\" data-element_type=\"widget\" data-e-type=\"widget\" data-widget_type=\"image.default\">\n\t\t\t\t\t\t\t\t\t\t\t\t\t\t\t<img loading=\"lazy\" decoding=\"async\" width=\"500\" height=\"500\" src=\"https:\/\/fbprocedes.com\/wp-content\/uploads\/2025\/12\/degrilleur-sg400.jpg\" class=\"attachment-medium_large size-medium_large wp-image-875\" alt=\"Vista 3D en CAD de una reja de desbaste vertical SG400\" srcset=\"https:\/\/fbprocedes.com\/wp-content\/uploads\/2025\/12\/degrilleur-sg400.jpg 500w, https:\/\/fbprocedes.com\/wp-content\/uploads\/2025\/12\/degrilleur-sg400-300x300.jpg 300w, https:\/\/fbprocedes.com\/wp-content\/uploads\/2025\/12\/degrilleur-sg400-150x150.jpg 150w\" sizes=\"(max-width: 500px) 100vw, 500px\" \/>\t\t\t\t\t\t\t\t\t\t\t\t\t\t\t<\/div>\n\t\t\t\t<div class=\"elementor-element elementor-element-40e94dcd elementor-widget elementor-widget-heading\" data-id=\"40e94dcd\" data-element_type=\"widget\" data-e-type=\"widget\" data-widget_type=\"heading.default\">\n\t\t\t\t\t<h3 class=\"elementor-heading-title elementor-size-default\">Reja de desbaste SG400<\/h3>\t\t\t\t<\/div>\n\t\t\t\t<div class=\"elementor-element elementor-element-284fe4b1 elementor-widget elementor-widget-text-editor\" data-id=\"284fe4b1\" data-element_type=\"widget\" data-e-type=\"widget\" data-widget_type=\"text-editor.default\">\n\t\t\t\t\t\t\t\t\t<p style=\"text-align: center;\">Reja autom\u00e1tica vertical de 400 mm de ancho para caudales de hasta 120 m3\/h<\/p>\t\t\t\t\t\t\t\t<\/div>\n\t\t\t\t<div class=\"elementor-element elementor-element-511e8ac8 elementor-align-center elementor-widget elementor-widget-button\" data-id=\"511e8ac8\" data-element_type=\"widget\" data-e-type=\"widget\" data-widget_type=\"button.default\">\n\t\t\t\t\t\t\t\t\t\t<a class=\"elementor-button elementor-button-link elementor-size-sm\" href=\"\/es\/reja-de-desbaste-sg400\/\">\n\t\t\t\t\t\t<span class=\"elementor-button-content-wrapper\">\n\t\t\t\t\t\t\t\t\t<span class=\"elementor-button-text\">Ver SG400<\/span>\n\t\t\t\t\t<\/span>\n\t\t\t\t\t<\/a>\n\t\t\t\t\t\t\t\t<\/div>\n\t\t\t\t<\/div>\n\t\t<div class=\"elementor-element elementor-element-6647334f e-con-full e-flex e-con e-child\" data-id=\"6647334f\" data-element_type=\"container\" data-e-type=\"container\" data-settings=\"{&quot;background_background&quot;:&quot;classic&quot;}\">\n\t\t\t\t<div class=\"elementor-element elementor-element-261ae7eb elementor-widget elementor-widget-image\" data-id=\"261ae7eb\" data-element_type=\"widget\" data-e-type=\"widget\" data-widget_type=\"image.default\">\n\t\t\t\t\t\t\t\t\t\t\t\t\t\t\t<img loading=\"lazy\" decoding=\"async\" width=\"500\" height=\"500\" src=\"https:\/\/fbprocedes.com\/wp-content\/uploads\/2025\/12\/degrilleur-ng.jpg\" class=\"attachment-medium_large size-medium_large wp-image-873\" alt=\"Vista 3D en CAD de una reja de desbaste vertical NG\" srcset=\"https:\/\/fbprocedes.com\/wp-content\/uploads\/2025\/12\/degrilleur-ng.jpg 500w, https:\/\/fbprocedes.com\/wp-content\/uploads\/2025\/12\/degrilleur-ng-300x300.jpg 300w, https:\/\/fbprocedes.com\/wp-content\/uploads\/2025\/12\/degrilleur-ng-150x150.jpg 150w\" sizes=\"(max-width: 500px) 100vw, 500px\" \/>\t\t\t\t\t\t\t\t\t\t\t\t\t\t\t<\/div>\n\t\t\t\t<div class=\"elementor-element elementor-element-31d5704a elementor-widget elementor-widget-heading\" data-id=\"31d5704a\" data-element_type=\"widget\" data-e-type=\"widget\" data-widget_type=\"heading.default\">\n\t\t\t\t\t<h3 class=\"elementor-heading-title elementor-size-default\">Reja de desbaste NG<\/h3>\t\t\t\t<\/div>\n\t\t\t\t<div class=\"elementor-element elementor-element-537fe043 elementor-widget elementor-widget-text-editor\" data-id=\"537fe043\" data-element_type=\"widget\" data-e-type=\"widget\" data-widget_type=\"text-editor.default\">\n\t\t\t\t\t\t\t\t\t<p style=\"text-align: center;\">Desarenador autom\u00e1tico vertical a medida para caudales de hasta 6000 m3\/h<\/p>\t\t\t\t\t\t\t\t<\/div>\n\t\t\t\t<div class=\"elementor-element elementor-element-c86a706 elementor-align-center elementor-widget elementor-widget-button\" data-id=\"c86a706\" data-element_type=\"widget\" data-e-type=\"widget\" data-widget_type=\"button.default\">\n\t\t\t\t\t\t\t\t\t\t<a class=\"elementor-button elementor-button-link elementor-size-sm\" href=\"\/es\/reja-de-desbaste-ng\/\">\n\t\t\t\t\t\t<span class=\"elementor-button-content-wrapper\">\n\t\t\t\t\t\t\t\t\t<span class=\"elementor-button-text\">Ver NG<\/span>\n\t\t\t\t\t<\/span>\n\t\t\t\t\t<\/a>\n\t\t\t\t\t\t\t\t<\/div>\n\t\t\t\t<\/div>\n\t\t<div class=\"elementor-element elementor-element-5d56054b e-con-full e-flex e-con e-child\" data-id=\"5d56054b\" data-element_type=\"container\" data-e-type=\"container\" data-settings=\"{&quot;background_background&quot;:&quot;classic&quot;}\">\n\t\t\t\t<div class=\"elementor-element elementor-element-3d194352 elementor-widget elementor-widget-image\" data-id=\"3d194352\" data-element_type=\"widget\" data-e-type=\"widget\" data-widget_type=\"image.default\">\n\t\t\t\t\t\t\t\t\t\t\t\t\t\t\t<img loading=\"lazy\" decoding=\"async\" width=\"500\" height=\"500\" src=\"https:\/\/fbprocedes.com\/wp-content\/uploads\/2025\/12\/degrilleur-xg.jpg\" class=\"attachment-medium_large size-medium_large wp-image-874\" alt=\"Vista 3D en CAD de una reja de desbaste vertical XG\" srcset=\"https:\/\/fbprocedes.com\/wp-content\/uploads\/2025\/12\/degrilleur-xg.jpg 500w, https:\/\/fbprocedes.com\/wp-content\/uploads\/2025\/12\/degrilleur-xg-300x300.jpg 300w, https:\/\/fbprocedes.com\/wp-content\/uploads\/2025\/12\/degrilleur-xg-150x150.jpg 150w\" sizes=\"(max-width: 500px) 100vw, 500px\" \/>\t\t\t\t\t\t\t\t\t\t\t\t\t\t\t<\/div>\n\t\t\t\t<div class=\"elementor-element elementor-element-6767dd08 elementor-widget elementor-widget-heading\" data-id=\"6767dd08\" data-element_type=\"widget\" data-e-type=\"widget\" data-widget_type=\"heading.default\">\n\t\t\t\t\t<h3 class=\"elementor-heading-title elementor-size-default\">Reja de desbaste XG<\/h3>\t\t\t\t<\/div>\n\t\t\t\t<div class=\"elementor-element elementor-element-6f3592a5 elementor-widget elementor-widget-text-editor\" data-id=\"6f3592a5\" data-element_type=\"widget\" data-e-type=\"widget\" data-widget_type=\"text-editor.default\">\n\t\t\t\t\t\t\t\t\t<p style=\"text-align: center;\">Desarenador autom\u00e1tico vertical a medida para caudales de hasta 20 000 m3\/h<\/p>\t\t\t\t\t\t\t\t<\/div>\n\t\t\t\t<div class=\"elementor-element elementor-element-1ac89c82 elementor-align-center elementor-widget elementor-widget-button\" data-id=\"1ac89c82\" data-element_type=\"widget\" data-e-type=\"widget\" data-widget_type=\"button.default\">\n\t\t\t\t\t\t\t\t\t\t<a class=\"elementor-button elementor-button-link elementor-size-sm\" href=\"\/es\/reja-de-desbaste-xg\/\">\n\t\t\t\t\t\t<span class=\"elementor-button-content-wrapper\">\n\t\t\t\t\t\t\t\t\t<span class=\"elementor-button-text\">Ver XG<\/span>\n\t\t\t\t\t<\/span>\n\t\t\t\t\t<\/a>\n\t\t\t\t\t\t\t\t<\/div>\n\t\t\t\t<\/div>\n\t\t\t\t\t<\/div>\n\t\t\t\t<\/div>\n\t\t\t\t<\/div>","protected":false},"excerpt":{"rendered":"<p>D\u00e9grilleur automatique sur prises d&rsquo;eau Les d\u00e9grilleurs automatiques pour prises d\u2019eau assurent l\u2019\u00e9limination continue des d\u00e9chets solides d\u00e8s l\u2019entr\u00e9e du flux, prot\u00e9geant efficacement les installations en aval et garantissant un fonctionnement fiable et durable des ouvrages hydrauliques. Nous contacter Voici un domaine o\u00f9 nos d\u00e9grilleurs automatiques font \u00e9galement \u00ab r\u00e9f\u00e9rence \u00bb et vous donneront pleinement [&hellip;]<\/p>\n","protected":false},"author":1,"featured_media":0,"parent":1025,"menu_order":0,"comment_status":"closed","ping_status":"closed","template":"","meta":{"footnotes":""},"class_list":["post-1031","page","type-page","status-publish","hentry"],"aioseo_notices":[],"_links":{"self":[{"href":"https:\/\/fbprocedes.com\/es\/wp-json\/wp\/v2\/pages\/1031","targetHints":{"allow":["GET"]}}],"collection":[{"href":"https:\/\/fbprocedes.com\/es\/wp-json\/wp\/v2\/pages"}],"about":[{"href":"https:\/\/fbprocedes.com\/es\/wp-json\/wp\/v2\/types\/page"}],"author":[{"embeddable":true,"href":"https:\/\/fbprocedes.com\/es\/wp-json\/wp\/v2\/users\/1"}],"replies":[{"embeddable":true,"href":"https:\/\/fbprocedes.com\/es\/wp-json\/wp\/v2\/comments?post=1031"}],"version-history":[{"count":16,"href":"https:\/\/fbprocedes.com\/es\/wp-json\/wp\/v2\/pages\/1031\/revisions"}],"predecessor-version":[{"id":3727,"href":"https:\/\/fbprocedes.com\/es\/wp-json\/wp\/v2\/pages\/1031\/revisions\/3727"}],"up":[{"embeddable":true,"href":"https:\/\/fbprocedes.com\/es\/wp-json\/wp\/v2\/pages\/1025"}],"wp:attachment":[{"href":"https:\/\/fbprocedes.com\/es\/wp-json\/wp\/v2\/media?parent=1031"}],"curies":[{"name":"wp","href":"https:\/\/api.w.org\/{rel}","templated":true}]}}