{"id":1033,"date":"2025-12-23T17:14:35","date_gmt":"2025-12-23T16:14:35","guid":{"rendered":"https:\/\/fbprocedes.com\/?page_id=1033"},"modified":"2026-01-16T18:44:09","modified_gmt":"2026-01-16T17:44:09","slug":"reja-desbaste-tanque-tormentas","status":"publish","type":"page","link":"https:\/\/fbprocedes.com\/es\/applications\/degrilleur-pour-bassin-orage\/","title":{"rendered":"D\u00e9grilleur en bassin d&rsquo;orage"},"content":{"rendered":"<div data-elementor-type=\"wp-page\" data-elementor-id=\"1033\" class=\"elementor elementor-1033\" data-elementor-post-type=\"page\">\n\t\t\t\t<div class=\"elementor-element elementor-element-40dd1f6a e-flex e-con-boxed e-con e-parent\" data-id=\"40dd1f6a\" data-element_type=\"container\" data-e-type=\"container\" data-settings=\"{&quot;background_background&quot;:&quot;classic&quot;}\">\n\t\t\t\t\t<div class=\"e-con-inner\">\n\t\t\t\t<div class=\"elementor-element elementor-element-3591ffe2 elementor-widget elementor-widget-heading\" data-id=\"3591ffe2\" data-element_type=\"widget\" data-e-type=\"widget\" data-widget_type=\"heading.default\">\n\t\t\t\t\t<h1 class=\"elementor-heading-title elementor-size-default\">Reja de desbaste en tanque de tormentas<\/h1>\t\t\t\t<\/div>\n\t\t\t\t<div class=\"elementor-element elementor-element-1c6799b elementor-widget elementor-widget-text-editor\" data-id=\"1c6799b\" data-element_type=\"widget\" data-e-type=\"widget\" data-widget_type=\"text-editor.default\">\n\t\t\t\t\t\t\t\t\t<p>Las rejas de desbaste para tanques de tormentas aseguran la retenci\u00f3n eficaz de los residuos s\u00f3lidos y flotantes durante los episodios de lluvia, protegiendo las obras hidr\u00e1ulicas aguas abajo y facilitando la explotaci\u00f3n de las instalaciones.<\/p>\t\t\t\t\t\t\t\t<\/div>\n\t\t\t\t<div class=\"elementor-element elementor-element-30367422 elementor-align-center elementor-widget elementor-widget-button\" data-id=\"30367422\" data-element_type=\"widget\" data-e-type=\"widget\" data-widget_type=\"button.default\">\n\t\t\t\t\t\t\t\t\t\t<a class=\"elementor-button elementor-button-link elementor-size-sm\" href=\"\/es\/contacto\/\">\n\t\t\t\t\t\t<span class=\"elementor-button-content-wrapper\">\n\t\t\t\t\t\t\t\t\t<span class=\"elementor-button-text\">Cont\u00e1ctenos<\/span>\n\t\t\t\t\t<\/span>\n\t\t\t\t\t<\/a>\n\t\t\t\t\t\t\t\t<\/div>\n\t\t\t\t\t<\/div>\n\t\t\t\t<\/div>\n\t\t<div class=\"elementor-element elementor-element-7a4d8ff4 e-flex e-con-boxed e-con e-parent\" data-id=\"7a4d8ff4\" data-element_type=\"container\" data-e-type=\"container\">\n\t\t\t\t\t<div class=\"e-con-inner\">\n\t\t<div class=\"elementor-element elementor-element-6e850029 e-con-full e-flex e-con e-child\" data-id=\"6e850029\" data-element_type=\"container\" data-e-type=\"container\">\n\t\t\t\t<div class=\"elementor-element elementor-element-2ef019a6 elementor-widget elementor-widget-text-editor\" data-id=\"2ef019a6\" data-element_type=\"widget\" data-e-type=\"widget\" data-widget_type=\"text-editor.default\">\n\t\t\t\t\t\t\t\t\t<p>Un tanque de tormenta, cuenca de retenci\u00f3n o de almacenamiento suele estar equipado con una reja, con el fin de extraer del agua los residuos de mayor tama\u00f1o antes de que posteriormente lleguen a las redes o a las estaciones de tratamiento de aguas residuales.<\/p><p>Una de las particularidades de esta aplicaci\u00f3n en tanques de retenci\u00f3n es que las rejas de desbaste se solicitan de forma intermitente, durante un tiempo generalmente corto, en el cual deben elevar un m\u00e1ximo de residuos. Por lo tanto, nos aseguraremos de asesorarle sobre el perfil hidr\u00e1ulico correcto pero tambi\u00e9n, en caso de una profundidad importante bajo el nivel de suelo, sobre una optimizaci\u00f3n del tiempo de ciclo.<\/p><p>Nuestras rejas de desbaste para tanques de retenci\u00f3n son, por tanto, perfectamente adecuadas: robustas, eficaces, fiables, f\u00e1ciles de operar, etc.<\/p>\t\t\t\t\t\t\t\t<\/div>\n\t\t\t\t<\/div>\n\t\t\t\t\t<\/div>\n\t\t\t\t<\/div>\n\t\t<div class=\"elementor-element elementor-element-452f5234 e-flex e-con-boxed e-con e-parent\" data-id=\"452f5234\" data-element_type=\"container\" data-e-type=\"container\">\n\t\t\t\t\t<div class=\"e-con-inner\">\n\t\t<div class=\"elementor-element elementor-element-255158cb e-con-full e-flex e-con e-child\" data-id=\"255158cb\" data-element_type=\"container\" data-e-type=\"container\">\n\t\t\t\t<div class=\"elementor-element elementor-element-7cb9b2a2 elementor-widget elementor-widget-image\" data-id=\"7cb9b2a2\" data-element_type=\"widget\" data-e-type=\"widget\" data-widget_type=\"image.default\">\n\t\t\t\t\t\t\t\t\t\t\t\t\t\t\t<img fetchpriority=\"high\" decoding=\"async\" width=\"800\" height=\"572\" src=\"https:\/\/fbprocedes.com\/wp-content\/uploads\/2025\/12\/degrilleur-bassin-orage-installation-1024x732.webp\" class=\"attachment-large size-large wp-image-2707\" alt=\"Reja de desbaste instalada en un tanque de tormentas para la retenci\u00f3n de residuos s\u00f3lidos\" srcset=\"https:\/\/fbprocedes.com\/wp-content\/uploads\/2025\/12\/degrilleur-bassin-orage-installation-1024x732.webp 1024w, https:\/\/fbprocedes.com\/wp-content\/uploads\/2025\/12\/degrilleur-bassin-orage-installation-300x214.webp 300w, https:\/\/fbprocedes.com\/wp-content\/uploads\/2025\/12\/degrilleur-bassin-orage-installation-768x549.webp 768w, https:\/\/fbprocedes.com\/wp-content\/uploads\/2025\/12\/degrilleur-bassin-orage-installation-1536x1097.webp 1536w, https:\/\/fbprocedes.com\/wp-content\/uploads\/2025\/12\/degrilleur-bassin-orage-installation.webp 1600w\" sizes=\"(max-width: 800px) 100vw, 800px\" \/>\t\t\t\t\t\t\t\t\t\t\t\t\t\t\t<\/div>\n\t\t\t\t<div class=\"elementor-element elementor-element-5bfc6aeb elementor-widget elementor-widget-text-editor\" data-id=\"5bfc6aeb\" data-element_type=\"widget\" data-e-type=\"widget\" data-widget_type=\"text-editor.default\">\n\t\t\t\t\t\t\t\t\t<p style=\"text-align: center;\">Tres rejas de desbaste autom\u00e1ticas tipo XG12, equipadas con rejillas de luz de paso 40 mm, instaladas en canales de hormig\u00f3n de 1400 mm de ancho y 4000 mm de profundidad. Cada l\u00ednea puede tratar hasta 2,4 m3\/s con un perfil hidr\u00e1ulico bien definido y est\u00e1 equipada con bypass de emergencia. Finalmente, cada reja de desbaste posee su propio cuadro el\u00e9ctrico de dise\u00f1o FB Proc\u00e9d\u00e9s, con un funcionamiento que integra variador de velocidad.<\/p>\t\t\t\t\t\t\t\t<\/div>\n\t\t\t\t<\/div>\n\t\t<div class=\"elementor-element elementor-element-d33e199 e-con-full e-flex e-con e-child\" data-id=\"d33e199\" data-element_type=\"container\" data-e-type=\"container\">\n\t\t\t\t<div class=\"elementor-element elementor-element-1793f8b2 elementor-widget elementor-widget-image\" data-id=\"1793f8b2\" data-element_type=\"widget\" data-e-type=\"widget\" data-widget_type=\"image.default\">\n\t\t\t\t\t\t\t\t\t\t\t\t\t\t\t<img decoding=\"async\" width=\"800\" height=\"572\" src=\"https:\/\/fbprocedes.com\/wp-content\/uploads\/2025\/12\/degrilleur-bassin-orage-fonctionnement-crue-1024x732.webp\" class=\"attachment-large size-large wp-image-2708\" alt=\"Reja de desbaste en funcionamiento en un tanque de tormentas durante un episodio de lluvia\" srcset=\"https:\/\/fbprocedes.com\/wp-content\/uploads\/2025\/12\/degrilleur-bassin-orage-fonctionnement-crue-1024x732.webp 1024w, https:\/\/fbprocedes.com\/wp-content\/uploads\/2025\/12\/degrilleur-bassin-orage-fonctionnement-crue-300x214.webp 300w, https:\/\/fbprocedes.com\/wp-content\/uploads\/2025\/12\/degrilleur-bassin-orage-fonctionnement-crue-768x549.webp 768w, https:\/\/fbprocedes.com\/wp-content\/uploads\/2025\/12\/degrilleur-bassin-orage-fonctionnement-crue-1536x1097.webp 1536w, https:\/\/fbprocedes.com\/wp-content\/uploads\/2025\/12\/degrilleur-bassin-orage-fonctionnement-crue.webp 1600w\" sizes=\"(max-width: 800px) 100vw, 800px\" \/>\t\t\t\t\t\t\t\t\t\t\t\t\t\t\t<\/div>\n\t\t\t\t<div class=\"elementor-element elementor-element-15120ead elementor-widget elementor-widget-text-editor\" data-id=\"15120ead\" data-element_type=\"widget\" data-e-type=\"widget\" data-widget_type=\"text-editor.default\">\n\t\t\t\t\t\t\t\t\t<p style=\"text-align: center;\">Una reja de desbaste autom\u00e1tica vertical tipo NG21, fijada directamente al muro de un tanque de tormentas. Es capaz de tratar m\u00e1s de 1 m3\/s y no est\u00e1 situada frente a la tuber\u00eda de llegada del efluente para proteger la rejilla (luz de paso 40 mm). De hecho, el efluente choca contra un caj\u00f3n de acero inoxidable antes de alimentar la reja de desbaste por el lateral. Este caj\u00f3n met\u00e1lico est\u00e1 equipado con una rejilla manual de emergencia en caso de problema con la reja autom\u00e1tica. Finalmente, el conjunto de la reja de desbaste y la rejilla manual es accesible a trav\u00e9s de una pasarela, todo bajo dise\u00f1o de FB Proc\u00e9d\u00e9s.<\/p>\t\t\t\t\t\t\t\t<\/div>\n\t\t\t\t<\/div>\n\t\t\t\t\t<\/div>\n\t\t\t\t<\/div>\n\t\t<div class=\"elementor-element elementor-element-4d782ef e-flex e-con-boxed e-con e-parent\" data-id=\"4d782ef\" data-element_type=\"container\" data-e-type=\"container\">\n\t\t\t\t\t<div class=\"e-con-inner\">\n\t\t<div class=\"elementor-element elementor-element-e8486d5 e-con-full e-flex e-con e-child\" data-id=\"e8486d5\" data-element_type=\"container\" data-e-type=\"container\">\n\t\t\t\t<div class=\"elementor-element elementor-element-785a99b elementor-widget elementor-widget-image\" data-id=\"785a99b\" data-element_type=\"widget\" data-e-type=\"widget\" data-widget_type=\"image.default\">\n\t\t\t\t\t\t\t\t\t\t\t\t\t\t\t<img decoding=\"async\" width=\"800\" height=\"572\" src=\"https:\/\/fbprocedes.com\/wp-content\/uploads\/2025\/12\/grille-degrilleur-bassin-orage-1024x732.webp\" class=\"attachment-large size-large wp-image-2709\" alt=\"Rejilla de reja de desbaste para tanque de tormentas que asegura la retenci\u00f3n de flotantes y macrorresiduos\" srcset=\"https:\/\/fbprocedes.com\/wp-content\/uploads\/2025\/12\/grille-degrilleur-bassin-orage-1024x732.webp 1024w, https:\/\/fbprocedes.com\/wp-content\/uploads\/2025\/12\/grille-degrilleur-bassin-orage-300x214.webp 300w, https:\/\/fbprocedes.com\/wp-content\/uploads\/2025\/12\/grille-degrilleur-bassin-orage-768x549.webp 768w, https:\/\/fbprocedes.com\/wp-content\/uploads\/2025\/12\/grille-degrilleur-bassin-orage-1536x1097.webp 1536w, https:\/\/fbprocedes.com\/wp-content\/uploads\/2025\/12\/grille-degrilleur-bassin-orage.webp 1600w\" sizes=\"(max-width: 800px) 100vw, 800px\" \/>\t\t\t\t\t\t\t\t\t\t\t\t\t\t\t<\/div>\n\t\t\t\t<div class=\"elementor-element elementor-element-6424f7e elementor-widget elementor-widget-text-editor\" data-id=\"6424f7e\" data-element_type=\"widget\" data-e-type=\"widget\" data-widget_type=\"text-editor.default\">\n\t\t\t\t\t\t\t\t\t<p style=\"text-align: center;\">Una reja de desbaste autom\u00e1tica vertical tipo XG12, equipada con una rejilla de luz de paso 25 mm e instalada en un canal de hormig\u00f3n de 2000 mm de ancho. Esta instalaci\u00f3n debe poder absorber hasta 1,30 m3\/s. Para ello, hemos equipado el canal con un vertedero de pared delgada aguas abajo de la reja de desbaste para optimizar el perfil hidr\u00e1ulico. El objetivo es disminuir la velocidad de circulaci\u00f3n del efluente y, por lo tanto, mejorar la \"funci\u00f3n de desbaste\".<\/p>\t\t\t\t\t\t\t\t<\/div>\n\t\t\t\t<\/div>\n\t\t<div class=\"elementor-element elementor-element-1a62e00 e-con-full e-flex e-con e-child\" data-id=\"1a62e00\" data-element_type=\"container\" data-e-type=\"container\">\n\t\t\t\t<div class=\"elementor-element elementor-element-96b6cfd elementor-widget elementor-widget-image\" data-id=\"96b6cfd\" data-element_type=\"widget\" data-e-type=\"widget\" data-widget_type=\"image.default\">\n\t\t\t\t\t\t\t\t\t\t\t\t\t\t\t<img loading=\"lazy\" decoding=\"async\" width=\"800\" height=\"572\" src=\"https:\/\/fbprocedes.com\/wp-content\/uploads\/2025\/12\/degrilleur-bassin-orage-ouvrage-hydraulique-1024x732.webp\" class=\"attachment-large size-large wp-image-2710\" alt=\"Aplicaci\u00f3n de una reja de desbaste en un tanque de tormentas urbano para la protecci\u00f3n de las redes aguas abajo\" srcset=\"https:\/\/fbprocedes.com\/wp-content\/uploads\/2025\/12\/degrilleur-bassin-orage-ouvrage-hydraulique-1024x732.webp 1024w, https:\/\/fbprocedes.com\/wp-content\/uploads\/2025\/12\/degrilleur-bassin-orage-ouvrage-hydraulique-300x215.webp 300w, https:\/\/fbprocedes.com\/wp-content\/uploads\/2025\/12\/degrilleur-bassin-orage-ouvrage-hydraulique-768x549.webp 768w, https:\/\/fbprocedes.com\/wp-content\/uploads\/2025\/12\/degrilleur-bassin-orage-ouvrage-hydraulique-1536x1098.webp 1536w, https:\/\/fbprocedes.com\/wp-content\/uploads\/2025\/12\/degrilleur-bassin-orage-ouvrage-hydraulique.webp 1600w\" sizes=\"(max-width: 800px) 100vw, 800px\" \/>\t\t\t\t\t\t\t\t\t\t\t\t\t\t\t<\/div>\n\t\t\t\t<div class=\"elementor-element elementor-element-449cb39 elementor-widget elementor-widget-text-editor\" data-id=\"449cb39\" data-element_type=\"widget\" data-e-type=\"widget\" data-widget_type=\"text-editor.default\">\n\t\t\t\t\t\t\t\t\t<p style=\"text-align: center;\">Dos rejas de desbaste autom\u00e1ticas verticales tipo XG12, luz de paso 30 mm, instaladas en una arqueta de hormig\u00f3n segura de dise\u00f1o FB Proc\u00e9d\u00e9s. Esta arqueta est\u00e1 equipada en la entrada con un muro deflectores (rompe-flujo) para reducir la velocidad del efluente, dos bypass protegidos por rejillas manuales de luz de paso 50 mm, y finalmente dos canales principales, cada uno con una reja de desbaste autom\u00e1tica. Cada l\u00ednea debe poder tratar 1,8 m3\/s.<\/p>\t\t\t\t\t\t\t\t<\/div>\n\t\t\t\t<\/div>\n\t\t\t\t\t<\/div>\n\t\t\t\t<\/div>\n\t\t<div class=\"elementor-element elementor-element-32722438 e-flex e-con-boxed e-con e-parent\" data-id=\"32722438\" data-element_type=\"container\" data-e-type=\"container\">\n\t\t\t\t\t<div class=\"e-con-inner\">\n\t\t\t\t<div class=\"elementor-element elementor-element-26d337ad elementor-widget elementor-widget-heading\" data-id=\"26d337ad\" data-element_type=\"widget\" data-e-type=\"widget\" data-widget_type=\"heading.default\">\n\t\t\t\t\t<h2 class=\"elementor-heading-title elementor-size-default\">Productos relacionados<\/h2>\t\t\t\t<\/div>\n\t\t\t\t<div class=\"elementor-element elementor-element-56bba8ad elementor-widget-divider--view-line elementor-widget elementor-widget-divider\" data-id=\"56bba8ad\" data-element_type=\"widget\" data-e-type=\"widget\" data-widget_type=\"divider.default\">\n\t\t\t\t\t\t\t<div class=\"elementor-divider\">\n\t\t\t<span class=\"elementor-divider-separator\">\n\t\t\t\t\t\t<\/span>\n\t\t<\/div>\n\t\t\t\t\t\t<\/div>\n\t\t\t\t\t<\/div>\n\t\t\t\t<\/div>\n\t\t<div class=\"elementor-element elementor-element-2f0f1127 e-grid e-con-boxed e-con e-parent\" data-id=\"2f0f1127\" data-element_type=\"container\" data-e-type=\"container\">\n\t\t\t\t\t<div class=\"e-con-inner\">\n\t\t<div class=\"elementor-element elementor-element-76c91cdd e-con-full e-flex e-con e-child\" data-id=\"76c91cdd\" data-element_type=\"container\" data-e-type=\"container\" data-settings=\"{&quot;background_background&quot;:&quot;classic&quot;}\">\n\t\t\t\t<div class=\"elementor-element elementor-element-5beb3c57 elementor-widget elementor-widget-image\" data-id=\"5beb3c57\" data-element_type=\"widget\" data-e-type=\"widget\" data-widget_type=\"image.default\">\n\t\t\t\t\t\t\t\t\t\t\t\t\t\t\t<img loading=\"lazy\" decoding=\"async\" width=\"500\" height=\"500\" src=\"https:\/\/fbprocedes.com\/wp-content\/uploads\/2025\/12\/degrilleur-sg400.jpg\" class=\"attachment-medium_large size-medium_large wp-image-875\" alt=\"Vista 3D en CAD de una reja de desbaste vertical SG400\" srcset=\"https:\/\/fbprocedes.com\/wp-content\/uploads\/2025\/12\/degrilleur-sg400.jpg 500w, https:\/\/fbprocedes.com\/wp-content\/uploads\/2025\/12\/degrilleur-sg400-300x300.jpg 300w, https:\/\/fbprocedes.com\/wp-content\/uploads\/2025\/12\/degrilleur-sg400-150x150.jpg 150w\" sizes=\"(max-width: 500px) 100vw, 500px\" \/>\t\t\t\t\t\t\t\t\t\t\t\t\t\t\t<\/div>\n\t\t\t\t<div class=\"elementor-element elementor-element-3e6110f8 elementor-widget elementor-widget-heading\" data-id=\"3e6110f8\" data-element_type=\"widget\" data-e-type=\"widget\" data-widget_type=\"heading.default\">\n\t\t\t\t\t<h3 class=\"elementor-heading-title elementor-size-default\">Reja de desbaste SG400<\/h3>\t\t\t\t<\/div>\n\t\t\t\t<div class=\"elementor-element elementor-element-56e95b66 elementor-widget elementor-widget-text-editor\" data-id=\"56e95b66\" data-element_type=\"widget\" data-e-type=\"widget\" data-widget_type=\"text-editor.default\">\n\t\t\t\t\t\t\t\t\t<p style=\"text-align: center;\">Reja autom\u00e1tica vertical de 400 mm de ancho para caudales de hasta 120 m3\/h<\/p>\t\t\t\t\t\t\t\t<\/div>\n\t\t\t\t<div class=\"elementor-element elementor-element-650d1f70 elementor-align-center elementor-widget elementor-widget-button\" data-id=\"650d1f70\" data-element_type=\"widget\" data-e-type=\"widget\" data-widget_type=\"button.default\">\n\t\t\t\t\t\t\t\t\t\t<a class=\"elementor-button elementor-button-link elementor-size-sm\" href=\"\/es\/reja-de-desbaste-sg400\/\">\n\t\t\t\t\t\t<span class=\"elementor-button-content-wrapper\">\n\t\t\t\t\t\t\t\t\t<span class=\"elementor-button-text\">Ver SG400<\/span>\n\t\t\t\t\t<\/span>\n\t\t\t\t\t<\/a>\n\t\t\t\t\t\t\t\t<\/div>\n\t\t\t\t<\/div>\n\t\t<div class=\"elementor-element elementor-element-41ad32c e-con-full e-flex e-con e-child\" data-id=\"41ad32c\" data-element_type=\"container\" data-e-type=\"container\" data-settings=\"{&quot;background_background&quot;:&quot;classic&quot;}\">\n\t\t\t\t<div class=\"elementor-element elementor-element-76d196af elementor-widget elementor-widget-image\" data-id=\"76d196af\" data-element_type=\"widget\" data-e-type=\"widget\" data-widget_type=\"image.default\">\n\t\t\t\t\t\t\t\t\t\t\t\t\t\t\t<img loading=\"lazy\" decoding=\"async\" width=\"500\" height=\"500\" src=\"https:\/\/fbprocedes.com\/wp-content\/uploads\/2025\/12\/degrilleur-ng.jpg\" class=\"attachment-medium_large size-medium_large wp-image-873\" alt=\"Vista 3D en CAD de una reja de desbaste vertical NG\" srcset=\"https:\/\/fbprocedes.com\/wp-content\/uploads\/2025\/12\/degrilleur-ng.jpg 500w, https:\/\/fbprocedes.com\/wp-content\/uploads\/2025\/12\/degrilleur-ng-300x300.jpg 300w, https:\/\/fbprocedes.com\/wp-content\/uploads\/2025\/12\/degrilleur-ng-150x150.jpg 150w\" sizes=\"(max-width: 500px) 100vw, 500px\" \/>\t\t\t\t\t\t\t\t\t\t\t\t\t\t\t<\/div>\n\t\t\t\t<div class=\"elementor-element elementor-element-4c3ac291 elementor-widget elementor-widget-heading\" data-id=\"4c3ac291\" data-element_type=\"widget\" data-e-type=\"widget\" data-widget_type=\"heading.default\">\n\t\t\t\t\t<h3 class=\"elementor-heading-title elementor-size-default\">Reja de desbaste NG<\/h3>\t\t\t\t<\/div>\n\t\t\t\t<div class=\"elementor-element elementor-element-2029f4a9 elementor-widget elementor-widget-text-editor\" data-id=\"2029f4a9\" data-element_type=\"widget\" data-e-type=\"widget\" data-widget_type=\"text-editor.default\">\n\t\t\t\t\t\t\t\t\t<p style=\"text-align: center;\">Desarenador autom\u00e1tico vertical a medida para caudales de hasta 6000 m3\/h<\/p>\t\t\t\t\t\t\t\t<\/div>\n\t\t\t\t<div class=\"elementor-element elementor-element-1be21b9f elementor-align-center elementor-widget elementor-widget-button\" data-id=\"1be21b9f\" data-element_type=\"widget\" data-e-type=\"widget\" data-widget_type=\"button.default\">\n\t\t\t\t\t\t\t\t\t\t<a class=\"elementor-button elementor-button-link elementor-size-sm\" href=\"\/es\/reja-de-desbaste-ng\/\">\n\t\t\t\t\t\t<span class=\"elementor-button-content-wrapper\">\n\t\t\t\t\t\t\t\t\t<span class=\"elementor-button-text\">Ver NG<\/span>\n\t\t\t\t\t<\/span>\n\t\t\t\t\t<\/a>\n\t\t\t\t\t\t\t\t<\/div>\n\t\t\t\t<\/div>\n\t\t<div class=\"elementor-element elementor-element-62bc4bb4 e-con-full e-flex e-con e-child\" data-id=\"62bc4bb4\" data-element_type=\"container\" data-e-type=\"container\" data-settings=\"{&quot;background_background&quot;:&quot;classic&quot;}\">\n\t\t\t\t<div class=\"elementor-element elementor-element-3871eacd elementor-widget elementor-widget-image\" data-id=\"3871eacd\" data-element_type=\"widget\" data-e-type=\"widget\" data-widget_type=\"image.default\">\n\t\t\t\t\t\t\t\t\t\t\t\t\t\t\t<img loading=\"lazy\" decoding=\"async\" width=\"500\" height=\"500\" src=\"https:\/\/fbprocedes.com\/wp-content\/uploads\/2025\/12\/degrilleur-xg.jpg\" class=\"attachment-medium_large size-medium_large wp-image-874\" alt=\"Vista 3D en CAD de una reja de desbaste vertical XG\" srcset=\"https:\/\/fbprocedes.com\/wp-content\/uploads\/2025\/12\/degrilleur-xg.jpg 500w, https:\/\/fbprocedes.com\/wp-content\/uploads\/2025\/12\/degrilleur-xg-300x300.jpg 300w, https:\/\/fbprocedes.com\/wp-content\/uploads\/2025\/12\/degrilleur-xg-150x150.jpg 150w\" sizes=\"(max-width: 500px) 100vw, 500px\" \/>\t\t\t\t\t\t\t\t\t\t\t\t\t\t\t<\/div>\n\t\t\t\t<div class=\"elementor-element elementor-element-23c030c6 elementor-widget elementor-widget-heading\" data-id=\"23c030c6\" data-element_type=\"widget\" data-e-type=\"widget\" data-widget_type=\"heading.default\">\n\t\t\t\t\t<h3 class=\"elementor-heading-title elementor-size-default\">Reja de desbaste XG<\/h3>\t\t\t\t<\/div>\n\t\t\t\t<div class=\"elementor-element elementor-element-30049408 elementor-widget elementor-widget-text-editor\" data-id=\"30049408\" data-element_type=\"widget\" data-e-type=\"widget\" data-widget_type=\"text-editor.default\">\n\t\t\t\t\t\t\t\t\t<p style=\"text-align: center;\">Desarenador autom\u00e1tico vertical a medida para caudales de hasta 20 000 m3\/h<\/p>\t\t\t\t\t\t\t\t<\/div>\n\t\t\t\t<div class=\"elementor-element elementor-element-676c85eb elementor-align-center elementor-widget elementor-widget-button\" data-id=\"676c85eb\" data-element_type=\"widget\" data-e-type=\"widget\" data-widget_type=\"button.default\">\n\t\t\t\t\t\t\t\t\t\t<a class=\"elementor-button elementor-button-link elementor-size-sm\" href=\"\/es\/reja-de-desbaste-xg\/\">\n\t\t\t\t\t\t<span class=\"elementor-button-content-wrapper\">\n\t\t\t\t\t\t\t\t\t<span class=\"elementor-button-text\">Ver XG<\/span>\n\t\t\t\t\t<\/span>\n\t\t\t\t\t<\/a>\n\t\t\t\t\t\t\t\t<\/div>\n\t\t\t\t<\/div>\n\t\t\t\t\t<\/div>\n\t\t\t\t<\/div>\n\t\t\t\t<\/div>","protected":false},"excerpt":{"rendered":"<p>D\u00e9grilleur en bassin d&rsquo;orage Les d\u00e9grilleurs pour bassins d\u2019orage assurent la r\u00e9tention efficace des d\u00e9chets solides et flottants lors des \u00e9pisodes pluvieux, prot\u00e9geant les ouvrages hydrauliques en aval et facilitant l\u2019exploitation des installations. Nous contacter Un bassin d\u2019orage ou bassin de r\u00e9tention ou de stockage est g\u00e9n\u00e9ralement \u00e9quip\u00e9 d\u2019un d\u00e9grilleur, afin de sortir de l\u2019eau [&hellip;]<\/p>\n","protected":false},"author":1,"featured_media":0,"parent":1025,"menu_order":0,"comment_status":"closed","ping_status":"closed","template":"","meta":{"footnotes":""},"class_list":["post-1033","page","type-page","status-publish","hentry"],"aioseo_notices":[],"_links":{"self":[{"href":"https:\/\/fbprocedes.com\/es\/wp-json\/wp\/v2\/pages\/1033","targetHints":{"allow":["GET"]}}],"collection":[{"href":"https:\/\/fbprocedes.com\/es\/wp-json\/wp\/v2\/pages"}],"about":[{"href":"https:\/\/fbprocedes.com\/es\/wp-json\/wp\/v2\/types\/page"}],"author":[{"embeddable":true,"href":"https:\/\/fbprocedes.com\/es\/wp-json\/wp\/v2\/users\/1"}],"replies":[{"embeddable":true,"href":"https:\/\/fbprocedes.com\/es\/wp-json\/wp\/v2\/comments?post=1033"}],"version-history":[{"count":13,"href":"https:\/\/fbprocedes.com\/es\/wp-json\/wp\/v2\/pages\/1033\/revisions"}],"predecessor-version":[{"id":3730,"href":"https:\/\/fbprocedes.com\/es\/wp-json\/wp\/v2\/pages\/1033\/revisions\/3730"}],"up":[{"embeddable":true,"href":"https:\/\/fbprocedes.com\/es\/wp-json\/wp\/v2\/pages\/1025"}],"wp:attachment":[{"href":"https:\/\/fbprocedes.com\/es\/wp-json\/wp\/v2\/media?parent=1033"}],"curies":[{"name":"wp","href":"https:\/\/api.w.org\/{rel}","templated":true}]}}