{"id":1035,"date":"2025-12-23T17:15:12","date_gmt":"2025-12-23T16:15:12","guid":{"rendered":"https:\/\/fbprocedes.com\/?page_id=1035"},"modified":"2026-01-16T18:45:07","modified_gmt":"2026-01-16T17:45:07","slug":"reja-desbaste-estacion-descarga","status":"publish","type":"page","link":"https:\/\/fbprocedes.com\/es\/applications\/degrilleur-poste-de-depotage\/","title":{"rendered":"D\u00e9grilleur sur postes de d\u00e9potage"},"content":{"rendered":"<div data-elementor-type=\"wp-page\" data-elementor-id=\"1035\" class=\"elementor elementor-1035\" data-elementor-post-type=\"page\">\n\t\t\t\t<div class=\"elementor-element elementor-element-78dd717e e-flex e-con-boxed e-con e-parent\" data-id=\"78dd717e\" data-element_type=\"container\" data-e-type=\"container\" data-settings=\"{&quot;background_background&quot;:&quot;classic&quot;}\">\n\t\t\t\t\t<div class=\"e-con-inner\">\n\t\t\t\t<div class=\"elementor-element elementor-element-54dcccaa elementor-widget elementor-widget-heading\" data-id=\"54dcccaa\" data-element_type=\"widget\" data-e-type=\"widget\" data-widget_type=\"heading.default\">\n\t\t\t\t\t<h1 class=\"elementor-heading-title elementor-size-default\">Reja de desbaste para estaci\u00f3n de descarga<\/h1>\t\t\t\t<\/div>\n\t\t\t\t<div class=\"elementor-element elementor-element-7bd850c9 elementor-widget elementor-widget-text-editor\" data-id=\"7bd850c9\" data-element_type=\"widget\" data-e-type=\"widget\" data-widget_type=\"text-editor.default\">\n\t\t\t\t\t\t\t\t\t<p>Las rejas de desbaste para estaciones de descarga aseguran la separaci\u00f3n eficaz de los residuos s\u00f3lidos durante las operaciones de vaciado, protegiendo los equipos aguas abajo y garantizando condiciones de explotaci\u00f3n limpias, seguras y conformes.<\/p>\t\t\t\t\t\t\t\t<\/div>\n\t\t\t\t<div class=\"elementor-element elementor-element-2be74db elementor-align-center elementor-widget elementor-widget-button\" data-id=\"2be74db\" data-element_type=\"widget\" data-e-type=\"widget\" data-widget_type=\"button.default\">\n\t\t\t\t\t\t\t\t\t\t<a class=\"elementor-button elementor-button-link elementor-size-sm\" href=\"\/es\/contacto\/\">\n\t\t\t\t\t\t<span class=\"elementor-button-content-wrapper\">\n\t\t\t\t\t\t\t\t\t<span class=\"elementor-button-text\">Cont\u00e1ctenos<\/span>\n\t\t\t\t\t<\/span>\n\t\t\t\t\t<\/a>\n\t\t\t\t\t\t\t\t<\/div>\n\t\t\t\t\t<\/div>\n\t\t\t\t<\/div>\n\t\t<div class=\"elementor-element elementor-element-541a3aeb e-flex e-con-boxed e-con e-parent\" data-id=\"541a3aeb\" data-element_type=\"container\" data-e-type=\"container\">\n\t\t\t\t\t<div class=\"e-con-inner\">\n\t\t<div class=\"elementor-element elementor-element-2a4d1919 e-con-full e-flex e-con e-child\" data-id=\"2a4d1919\" data-element_type=\"container\" data-e-type=\"container\">\n\t\t\t\t<div class=\"elementor-element elementor-element-11b805cb elementor-widget elementor-widget-text-editor\" data-id=\"11b805cb\" data-element_type=\"widget\" data-e-type=\"widget\" data-widget_type=\"text-editor.default\">\n\t\t\t\t\t\t\t\t\t<p>Las estaciones de descarga de materias de purga (o vaciado de fosas) son la mayor\u00eda de las veces casos sensibles, ya que suelen ser diferentes en cuanto a su configuraci\u00f3n y est\u00e1n muy tensionadas en t\u00e9rminos de uso. Por ello, el dise\u00f1o de la obra civil, de la estructura receptora de la reja de desbaste, e incluso la elecci\u00f3n de los equipos aguas arriba resultan ser de la mayor importancia.<\/p><p>En funci\u00f3n de las materias descargadas, de las cantidades a tratar diariamente o de la luz de paso deseada, le propondremos rejas de desbaste de diferentes tipos que sabr\u00e1n satisfacer sus necesidades.<\/p>\t\t\t\t\t\t\t\t<\/div>\n\t\t\t\t<\/div>\n\t\t\t\t\t<\/div>\n\t\t\t\t<\/div>\n\t\t<div class=\"elementor-element elementor-element-658ae133 e-flex e-con-boxed e-con e-parent\" data-id=\"658ae133\" data-element_type=\"container\" data-e-type=\"container\">\n\t\t\t\t\t<div class=\"e-con-inner\">\n\t\t<div class=\"elementor-element elementor-element-112f6df e-con-full e-flex e-con e-child\" data-id=\"112f6df\" data-element_type=\"container\" data-e-type=\"container\">\n\t\t\t\t<div class=\"elementor-element elementor-element-7b0fbcac elementor-widget elementor-widget-image\" data-id=\"7b0fbcac\" data-element_type=\"widget\" data-e-type=\"widget\" data-widget_type=\"image.default\">\n\t\t\t\t\t\t\t\t\t\t\t\t\t\t\t<img fetchpriority=\"high\" decoding=\"async\" width=\"731\" height=\"1024\" src=\"https:\/\/fbprocedes.com\/wp-content\/uploads\/2025\/12\/degrilleur-poste-depotage-installation-731x1024.webp\" class=\"attachment-large size-large wp-image-2719\" alt=\"Reja de desbaste instalada en una estaci\u00f3n de descarga para la separaci\u00f3n de residuos s\u00f3lidos\" srcset=\"https:\/\/fbprocedes.com\/wp-content\/uploads\/2025\/12\/degrilleur-poste-depotage-installation-731x1024.webp 731w, https:\/\/fbprocedes.com\/wp-content\/uploads\/2025\/12\/degrilleur-poste-depotage-installation-214x300.webp 214w, https:\/\/fbprocedes.com\/wp-content\/uploads\/2025\/12\/degrilleur-poste-depotage-installation-768x1076.webp 768w, https:\/\/fbprocedes.com\/wp-content\/uploads\/2025\/12\/degrilleur-poste-depotage-installation-1097x1536.webp 1097w, https:\/\/fbprocedes.com\/wp-content\/uploads\/2025\/12\/degrilleur-poste-depotage-installation.webp 1371w\" sizes=\"(max-width: 731px) 100vw, 731px\" \/>\t\t\t\t\t\t\t\t\t\t\t\t\t\t\t<\/div>\n\t\t\t\t<div class=\"elementor-element elementor-element-73b3aea2 elementor-widget elementor-widget-text-editor\" data-id=\"73b3aea2\" data-element_type=\"widget\" data-e-type=\"widget\" data-widget_type=\"text-editor.default\">\n\t\t\t\t\t\t\t\t\t<p style=\"text-align: center;\">Una reja de desbaste autom\u00e1tica tipo NG11 instalada en una arqueta de descarga en la cual se vierten, mediante camiones cisterna, los efluentes y residuos procedentes de dep\u00f3sitos de bombeo o de rejillas est\u00e1ticas de la red. La reja de desbaste est\u00e1 equipada con una rejilla de luz de paso 12 mm y una rampa de lavado situada aguas abajo de la rejilla. Esta rampa permite descolmatar la rejilla, pero tambi\u00e9n pulverizar ciertos residuos. Finalmente, dos tornillos de transporte tipo VTP200 evacuan los residuos de desbaste a la zona deseada, concretamente 5 metros por delante de la reja de desbaste.<\/p>\t\t\t\t\t\t\t\t<\/div>\n\t\t\t\t<\/div>\n\t\t<div class=\"elementor-element elementor-element-76775ea7 e-con-full e-flex e-con e-child\" data-id=\"76775ea7\" data-element_type=\"container\" data-e-type=\"container\">\n\t\t\t\t<div class=\"elementor-element elementor-element-35676d01 elementor-widget elementor-widget-image\" data-id=\"35676d01\" data-element_type=\"widget\" data-e-type=\"widget\" data-widget_type=\"image.default\">\n\t\t\t\t\t\t\t\t\t\t\t\t\t\t\t<img decoding=\"async\" width=\"731\" height=\"1024\" src=\"https:\/\/fbprocedes.com\/wp-content\/uploads\/2025\/12\/degrilleur-poste-depotage-fonctionnement-731x1024.webp\" class=\"attachment-large size-large wp-image-2720\" alt=\"Reja de desbaste en funcionamiento en una estaci\u00f3n de descarga durante las operaciones de vaciado\" srcset=\"https:\/\/fbprocedes.com\/wp-content\/uploads\/2025\/12\/degrilleur-poste-depotage-fonctionnement-731x1024.webp 731w, https:\/\/fbprocedes.com\/wp-content\/uploads\/2025\/12\/degrilleur-poste-depotage-fonctionnement-214x300.webp 214w, https:\/\/fbprocedes.com\/wp-content\/uploads\/2025\/12\/degrilleur-poste-depotage-fonctionnement-768x1076.webp 768w, https:\/\/fbprocedes.com\/wp-content\/uploads\/2025\/12\/degrilleur-poste-depotage-fonctionnement-1097x1536.webp 1097w, https:\/\/fbprocedes.com\/wp-content\/uploads\/2025\/12\/degrilleur-poste-depotage-fonctionnement.webp 1371w\" sizes=\"(max-width: 731px) 100vw, 731px\" \/>\t\t\t\t\t\t\t\t\t\t\t\t\t\t\t<\/div>\n\t\t\t\t<div class=\"elementor-element elementor-element-1cdc7bd3 elementor-widget elementor-widget-text-editor\" data-id=\"1cdc7bd3\" data-element_type=\"widget\" data-e-type=\"widget\" data-widget_type=\"text-editor.default\">\n\t\t\t\t\t\t\t\t\t<p style=\"text-align: center;\">Una reja de desbaste autom\u00e1tica vertical tipo SG400 instalada en un caj\u00f3n met\u00e1lico de dise\u00f1o FB Proc\u00e9d\u00e9s. Est\u00e1 situada en un \u00e1rea de descarga de efluentes de restaurantes, cargados de grasas, toallitas, servilletas, etc. Los camiones se conectan al racor \"tipo bombero\" situado aguas arriba del caj\u00f3n y vierten all\u00ed el efluente. La reja de desbaste, con su rejilla de luz de paso 10 mm, extrae una gran parte de los residuos que, a la salida de la tolva de descarga adaptada, se vierten en un contenedor de residuos situado al lado del caj\u00f3n met\u00e1lico. En caso de problemas con la reja de desbaste, el caj\u00f3n incluye un rebosadero de bypass.<\/p>\t\t\t\t\t\t\t\t<\/div>\n\t\t\t\t<\/div>\n\t\t\t\t\t<\/div>\n\t\t\t\t<\/div>\n\t\t<div class=\"elementor-element elementor-element-89cfffa e-flex e-con-boxed e-con e-parent\" data-id=\"89cfffa\" data-element_type=\"container\" data-e-type=\"container\">\n\t\t\t\t\t<div class=\"e-con-inner\">\n\t\t<div class=\"elementor-element elementor-element-ed05eab e-con-full e-flex e-con e-child\" data-id=\"ed05eab\" data-element_type=\"container\" data-e-type=\"container\">\n\t\t\t\t<div class=\"elementor-element elementor-element-f139d32 elementor-widget elementor-widget-image\" data-id=\"f139d32\" data-element_type=\"widget\" data-e-type=\"widget\" data-widget_type=\"image.default\">\n\t\t\t\t\t\t\t\t\t\t\t\t\t\t\t<img decoding=\"async\" width=\"800\" height=\"572\" src=\"https:\/\/fbprocedes.com\/wp-content\/uploads\/2025\/12\/grille-degrilleur-poste-depotage-1024x732.webp\" class=\"attachment-large size-large wp-image-2721\" alt=\"Rejilla de reja de desbaste para estaci\u00f3n de descarga que asegura la retenci\u00f3n de macrorresiduos\" srcset=\"https:\/\/fbprocedes.com\/wp-content\/uploads\/2025\/12\/grille-degrilleur-poste-depotage-1024x732.webp 1024w, https:\/\/fbprocedes.com\/wp-content\/uploads\/2025\/12\/grille-degrilleur-poste-depotage-300x214.webp 300w, https:\/\/fbprocedes.com\/wp-content\/uploads\/2025\/12\/grille-degrilleur-poste-depotage-768x549.webp 768w, https:\/\/fbprocedes.com\/wp-content\/uploads\/2025\/12\/grille-degrilleur-poste-depotage-1536x1097.webp 1536w, https:\/\/fbprocedes.com\/wp-content\/uploads\/2025\/12\/grille-degrilleur-poste-depotage.webp 1600w\" sizes=\"(max-width: 800px) 100vw, 800px\" \/>\t\t\t\t\t\t\t\t\t\t\t\t\t\t\t<\/div>\n\t\t\t\t<div class=\"elementor-element elementor-element-fee5f9c elementor-widget elementor-widget-text-editor\" data-id=\"fee5f9c\" data-element_type=\"widget\" data-e-type=\"widget\" data-widget_type=\"text-editor.default\">\n\t\t\t\t\t\t\t\t\t<p style=\"text-align: center;\">En este sitio de descarga, hemos realizado la sustituci\u00f3n de una rejilla manual por una reja de desbaste autom\u00e1tica tipo NG11, con el fin de tratar los efluentes de un cami\u00f3n al d\u00eda de 10 m3. Los residuos de desbaste est\u00e1n compuestos por grasas, toallitas, piedras, etc. La reja de desbaste, con su rejilla de luz de paso 10 mm, est\u00e1 instalada a la salida de la arqueta de hormig\u00f3n, permitiendo as\u00ed tener un importante volumen amortiguador (buffer) aguas arriba. Un deflector de nuestro suministro posicionado a trav\u00e9s de la arqueta canaliza el efluente hacia la reja de desbaste (alimentaci\u00f3n lateral). Los residuos de desbaste se vierten as\u00ed al exterior de la arqueta en un contenedor de residuos.<\/p>\t\t\t\t\t\t\t\t<\/div>\n\t\t\t\t<\/div>\n\t\t<div class=\"elementor-element elementor-element-fceca7e e-con-full e-flex e-con e-child\" data-id=\"fceca7e\" data-element_type=\"container\" data-e-type=\"container\">\n\t\t\t\t<div class=\"elementor-element elementor-element-aa8a095 elementor-widget elementor-widget-image\" data-id=\"aa8a095\" data-element_type=\"widget\" data-e-type=\"widget\" data-widget_type=\"image.default\">\n\t\t\t\t\t\t\t\t\t\t\t\t\t\t\t<img loading=\"lazy\" decoding=\"async\" width=\"768\" height=\"1024\" src=\"https:\/\/fbprocedes.com\/wp-content\/uploads\/2025\/12\/degrilleur-poste-depotage-application-step-768x1024.webp\" class=\"attachment-large size-large wp-image-2722\" alt=\"Aplicaci\u00f3n de una reja de desbaste en una estaci\u00f3n de descarga en una depuradora (EDAR) o sitio industrial.\" srcset=\"https:\/\/fbprocedes.com\/wp-content\/uploads\/2025\/12\/degrilleur-poste-depotage-application-step-768x1024.webp 768w, https:\/\/fbprocedes.com\/wp-content\/uploads\/2025\/12\/degrilleur-poste-depotage-application-step-225x300.webp 225w, https:\/\/fbprocedes.com\/wp-content\/uploads\/2025\/12\/degrilleur-poste-depotage-application-step-1152x1536.webp 1152w, https:\/\/fbprocedes.com\/wp-content\/uploads\/2025\/12\/degrilleur-poste-depotage-application-step.webp 1280w\" sizes=\"(max-width: 768px) 100vw, 768px\" \/>\t\t\t\t\t\t\t\t\t\t\t\t\t\t\t<\/div>\n\t\t\t\t<div class=\"elementor-element elementor-element-8ca5b3b elementor-widget elementor-widget-text-editor\" data-id=\"8ca5b3b\" data-element_type=\"widget\" data-e-type=\"widget\" data-widget_type=\"text-editor.default\">\n\t\t\t\t\t\t\t\t\t<p style=\"text-align: center;\">Una reja de desbaste autom\u00e1tica tipo XG12, con una rejilla de luz de paso 10 mm, instalada en una estaci\u00f3n de descarga. El cuadro el\u00e9ctrico de dise\u00f1o FB Proc\u00e9d\u00e9s \u2014fijado al lateral de la reja de desbaste\u2014 integra un funcionamiento con variador de velocidad para optimizar la duraci\u00f3n del ciclo (un descenso y un ascenso de la cuchara). Esto es fundamental en esta aplicaci\u00f3n, al igual que un volumen amortiguador (buffer) consecuente aguas arriba de la reja de desbaste. Un tornillo compactador tipo VCP200 permite disminuir el volumen de los residuos extra\u00eddos y verterlos en un contenedor situado al lado del canal.<\/p>\t\t\t\t\t\t\t\t<\/div>\n\t\t\t\t<\/div>\n\t\t\t\t\t<\/div>\n\t\t\t\t<\/div>\n\t\t<div class=\"elementor-element elementor-element-615e28b4 e-flex e-con-boxed e-con e-parent\" data-id=\"615e28b4\" data-element_type=\"container\" data-e-type=\"container\">\n\t\t\t\t\t<div class=\"e-con-inner\">\n\t\t\t\t<div class=\"elementor-element elementor-element-62f5ef58 elementor-widget elementor-widget-heading\" data-id=\"62f5ef58\" data-element_type=\"widget\" data-e-type=\"widget\" data-widget_type=\"heading.default\">\n\t\t\t\t\t<h2 class=\"elementor-heading-title elementor-size-default\">Productos relacionados<\/h2>\t\t\t\t<\/div>\n\t\t\t\t<div class=\"elementor-element elementor-element-6c709a4 elementor-widget-divider--view-line elementor-widget elementor-widget-divider\" data-id=\"6c709a4\" data-element_type=\"widget\" data-e-type=\"widget\" data-widget_type=\"divider.default\">\n\t\t\t\t\t\t\t<div class=\"elementor-divider\">\n\t\t\t<span class=\"elementor-divider-separator\">\n\t\t\t\t\t\t<\/span>\n\t\t<\/div>\n\t\t\t\t\t\t<\/div>\n\t\t\t\t\t<\/div>\n\t\t\t\t<\/div>\n\t\t<div class=\"elementor-element elementor-element-684ceefb e-grid e-con-boxed e-con e-parent\" data-id=\"684ceefb\" data-element_type=\"container\" data-e-type=\"container\">\n\t\t\t\t\t<div class=\"e-con-inner\">\n\t\t<div class=\"elementor-element elementor-element-654a15b1 e-con-full e-flex e-con e-child\" data-id=\"654a15b1\" data-element_type=\"container\" data-e-type=\"container\" data-settings=\"{&quot;background_background&quot;:&quot;classic&quot;}\">\n\t\t\t\t<div class=\"elementor-element elementor-element-398f2469 elementor-widget elementor-widget-image\" data-id=\"398f2469\" data-element_type=\"widget\" data-e-type=\"widget\" data-widget_type=\"image.default\">\n\t\t\t\t\t\t\t\t\t\t\t\t\t\t\t<img loading=\"lazy\" decoding=\"async\" width=\"500\" height=\"500\" src=\"https:\/\/fbprocedes.com\/wp-content\/uploads\/2025\/12\/degrilleur-sg400.jpg\" class=\"attachment-medium_large size-medium_large wp-image-875\" alt=\"Vista 3D en CAD de una reja de desbaste vertical SG400\" srcset=\"https:\/\/fbprocedes.com\/wp-content\/uploads\/2025\/12\/degrilleur-sg400.jpg 500w, https:\/\/fbprocedes.com\/wp-content\/uploads\/2025\/12\/degrilleur-sg400-300x300.jpg 300w, https:\/\/fbprocedes.com\/wp-content\/uploads\/2025\/12\/degrilleur-sg400-150x150.jpg 150w\" sizes=\"(max-width: 500px) 100vw, 500px\" \/>\t\t\t\t\t\t\t\t\t\t\t\t\t\t\t<\/div>\n\t\t\t\t<div class=\"elementor-element elementor-element-4f9d1650 elementor-widget elementor-widget-heading\" data-id=\"4f9d1650\" data-element_type=\"widget\" data-e-type=\"widget\" data-widget_type=\"heading.default\">\n\t\t\t\t\t<h3 class=\"elementor-heading-title elementor-size-default\">Reja de desbaste SG400<\/h3>\t\t\t\t<\/div>\n\t\t\t\t<div class=\"elementor-element elementor-element-24042456 elementor-widget elementor-widget-text-editor\" data-id=\"24042456\" data-element_type=\"widget\" data-e-type=\"widget\" data-widget_type=\"text-editor.default\">\n\t\t\t\t\t\t\t\t\t<p style=\"text-align: center;\">Reja autom\u00e1tica vertical de 400 mm de ancho para caudales de hasta 120 m3\/h<\/p>\t\t\t\t\t\t\t\t<\/div>\n\t\t\t\t<div class=\"elementor-element elementor-element-4a6825bb elementor-align-center elementor-widget elementor-widget-button\" data-id=\"4a6825bb\" data-element_type=\"widget\" data-e-type=\"widget\" data-widget_type=\"button.default\">\n\t\t\t\t\t\t\t\t\t\t<a class=\"elementor-button elementor-button-link elementor-size-sm\" href=\"\/es\/reja-de-desbaste-sg400\/\">\n\t\t\t\t\t\t<span class=\"elementor-button-content-wrapper\">\n\t\t\t\t\t\t\t\t\t<span class=\"elementor-button-text\">Ver SG400<\/span>\n\t\t\t\t\t<\/span>\n\t\t\t\t\t<\/a>\n\t\t\t\t\t\t\t\t<\/div>\n\t\t\t\t<\/div>\n\t\t<div class=\"elementor-element elementor-element-44482cf5 e-con-full e-flex e-con e-child\" data-id=\"44482cf5\" data-element_type=\"container\" data-e-type=\"container\" data-settings=\"{&quot;background_background&quot;:&quot;classic&quot;}\">\n\t\t\t\t<div class=\"elementor-element elementor-element-43a71266 elementor-widget elementor-widget-image\" data-id=\"43a71266\" data-element_type=\"widget\" data-e-type=\"widget\" data-widget_type=\"image.default\">\n\t\t\t\t\t\t\t\t\t\t\t\t\t\t\t<img loading=\"lazy\" decoding=\"async\" width=\"500\" height=\"500\" src=\"https:\/\/fbprocedes.com\/wp-content\/uploads\/2025\/12\/degrilleur-ng.jpg\" class=\"attachment-medium_large size-medium_large wp-image-873\" alt=\"Vista 3D en CAD de una reja de desbaste vertical NG\" srcset=\"https:\/\/fbprocedes.com\/wp-content\/uploads\/2025\/12\/degrilleur-ng.jpg 500w, https:\/\/fbprocedes.com\/wp-content\/uploads\/2025\/12\/degrilleur-ng-300x300.jpg 300w, https:\/\/fbprocedes.com\/wp-content\/uploads\/2025\/12\/degrilleur-ng-150x150.jpg 150w\" sizes=\"(max-width: 500px) 100vw, 500px\" \/>\t\t\t\t\t\t\t\t\t\t\t\t\t\t\t<\/div>\n\t\t\t\t<div class=\"elementor-element elementor-element-6f42066b elementor-widget elementor-widget-heading\" data-id=\"6f42066b\" data-element_type=\"widget\" data-e-type=\"widget\" data-widget_type=\"heading.default\">\n\t\t\t\t\t<h3 class=\"elementor-heading-title elementor-size-default\">Reja de desbaste NG<\/h3>\t\t\t\t<\/div>\n\t\t\t\t<div class=\"elementor-element elementor-element-27f75bda elementor-widget elementor-widget-text-editor\" data-id=\"27f75bda\" data-element_type=\"widget\" data-e-type=\"widget\" data-widget_type=\"text-editor.default\">\n\t\t\t\t\t\t\t\t\t<p style=\"text-align: center;\">Desarenador autom\u00e1tico vertical a medida para caudales de hasta 6000 m3\/h<\/p>\t\t\t\t\t\t\t\t<\/div>\n\t\t\t\t<div class=\"elementor-element elementor-element-2bb586fe elementor-align-center elementor-widget elementor-widget-button\" data-id=\"2bb586fe\" data-element_type=\"widget\" data-e-type=\"widget\" data-widget_type=\"button.default\">\n\t\t\t\t\t\t\t\t\t\t<a class=\"elementor-button elementor-button-link elementor-size-sm\" href=\"\/es\/reja-de-desbaste-ng\/\">\n\t\t\t\t\t\t<span class=\"elementor-button-content-wrapper\">\n\t\t\t\t\t\t\t\t\t<span class=\"elementor-button-text\">Ver NG<\/span>\n\t\t\t\t\t<\/span>\n\t\t\t\t\t<\/a>\n\t\t\t\t\t\t\t\t<\/div>\n\t\t\t\t<\/div>\n\t\t<div class=\"elementor-element elementor-element-6bfbfde8 e-con-full e-flex e-con e-child\" data-id=\"6bfbfde8\" data-element_type=\"container\" data-e-type=\"container\" data-settings=\"{&quot;background_background&quot;:&quot;classic&quot;}\">\n\t\t\t\t<div class=\"elementor-element elementor-element-290116e4 elementor-widget elementor-widget-image\" data-id=\"290116e4\" data-element_type=\"widget\" data-e-type=\"widget\" data-widget_type=\"image.default\">\n\t\t\t\t\t\t\t\t\t\t\t\t\t\t\t<img loading=\"lazy\" decoding=\"async\" width=\"500\" height=\"500\" src=\"https:\/\/fbprocedes.com\/wp-content\/uploads\/2025\/12\/degrilleur-xg.jpg\" class=\"attachment-medium_large size-medium_large wp-image-874\" alt=\"Vista 3D en CAD de una reja de desbaste vertical XG\" srcset=\"https:\/\/fbprocedes.com\/wp-content\/uploads\/2025\/12\/degrilleur-xg.jpg 500w, https:\/\/fbprocedes.com\/wp-content\/uploads\/2025\/12\/degrilleur-xg-300x300.jpg 300w, https:\/\/fbprocedes.com\/wp-content\/uploads\/2025\/12\/degrilleur-xg-150x150.jpg 150w\" sizes=\"(max-width: 500px) 100vw, 500px\" \/>\t\t\t\t\t\t\t\t\t\t\t\t\t\t\t<\/div>\n\t\t\t\t<div class=\"elementor-element elementor-element-2cf029e1 elementor-widget elementor-widget-heading\" data-id=\"2cf029e1\" data-element_type=\"widget\" data-e-type=\"widget\" data-widget_type=\"heading.default\">\n\t\t\t\t\t<h3 class=\"elementor-heading-title elementor-size-default\">Reja de desbaste XG<\/h3>\t\t\t\t<\/div>\n\t\t\t\t<div class=\"elementor-element elementor-element-2ee0693d elementor-widget elementor-widget-text-editor\" data-id=\"2ee0693d\" data-element_type=\"widget\" data-e-type=\"widget\" data-widget_type=\"text-editor.default\">\n\t\t\t\t\t\t\t\t\t<p style=\"text-align: center;\">Desarenador autom\u00e1tico vertical a medida para caudales de hasta 20 000 m3\/h<\/p>\t\t\t\t\t\t\t\t<\/div>\n\t\t\t\t<div class=\"elementor-element elementor-element-37ef0139 elementor-align-center elementor-widget elementor-widget-button\" data-id=\"37ef0139\" data-element_type=\"widget\" data-e-type=\"widget\" data-widget_type=\"button.default\">\n\t\t\t\t\t\t\t\t\t\t<a class=\"elementor-button elementor-button-link elementor-size-sm\" href=\"\/es\/reja-de-desbaste-xg\/\">\n\t\t\t\t\t\t<span class=\"elementor-button-content-wrapper\">\n\t\t\t\t\t\t\t\t\t<span class=\"elementor-button-text\">Ver XG<\/span>\n\t\t\t\t\t<\/span>\n\t\t\t\t\t<\/a>\n\t\t\t\t\t\t\t\t<\/div>\n\t\t\t\t<\/div>\n\t\t\t\t\t<\/div>\n\t\t\t\t<\/div>\n\t\t\t\t<\/div>","protected":false},"excerpt":{"rendered":"<p>D\u00e9grilleur sur poste de d\u00e9potage Les d\u00e9grilleurs pour postes de d\u00e9potage assurent la s\u00e9paration efficace des d\u00e9chets solides lors des op\u00e9rations de vidange, prot\u00e9geant les \u00e9quipements en aval et garantissant des conditions d\u2019exploitation propres, s\u00fbres et conformes. Nous contacter Les postes de d\u00e9potage de mati\u00e8res de vidange sont la plupart du temps des cas sensibles [&hellip;]<\/p>\n","protected":false},"author":1,"featured_media":0,"parent":1025,"menu_order":0,"comment_status":"closed","ping_status":"closed","template":"","meta":{"footnotes":""},"class_list":["post-1035","page","type-page","status-publish","hentry"],"aioseo_notices":[],"_links":{"self":[{"href":"https:\/\/fbprocedes.com\/es\/wp-json\/wp\/v2\/pages\/1035","targetHints":{"allow":["GET"]}}],"collection":[{"href":"https:\/\/fbprocedes.com\/es\/wp-json\/wp\/v2\/pages"}],"about":[{"href":"https:\/\/fbprocedes.com\/es\/wp-json\/wp\/v2\/types\/page"}],"author":[{"embeddable":true,"href":"https:\/\/fbprocedes.com\/es\/wp-json\/wp\/v2\/users\/1"}],"replies":[{"embeddable":true,"href":"https:\/\/fbprocedes.com\/es\/wp-json\/wp\/v2\/comments?post=1035"}],"version-history":[{"count":16,"href":"https:\/\/fbprocedes.com\/es\/wp-json\/wp\/v2\/pages\/1035\/revisions"}],"predecessor-version":[{"id":3733,"href":"https:\/\/fbprocedes.com\/es\/wp-json\/wp\/v2\/pages\/1035\/revisions\/3733"}],"up":[{"embeddable":true,"href":"https:\/\/fbprocedes.com\/es\/wp-json\/wp\/v2\/pages\/1025"}],"wp:attachment":[{"href":"https:\/\/fbprocedes.com\/es\/wp-json\/wp\/v2\/media?parent=1035"}],"curies":[{"name":"wp","href":"https:\/\/api.w.org\/{rel}","templated":true}]}}