{"id":1037,"date":"2025-12-23T17:15:44","date_gmt":"2025-12-23T16:15:44","guid":{"rendered":"https:\/\/fbprocedes.com\/?page_id=1037"},"modified":"2026-01-16T18:46:25","modified_gmt":"2026-01-16T17:46:25","slug":"reja-de-desbaste-curva","status":"publish","type":"page","link":"https:\/\/fbprocedes.com\/es\/applications\/remplacement-degrilleur-courbe\/","title":{"rendered":"Remplacement d&rsquo;un d\u00e9grilleur courbe"},"content":{"rendered":"<div data-elementor-type=\"wp-page\" data-elementor-id=\"1037\" class=\"elementor elementor-1037\" data-elementor-post-type=\"page\">\n\t\t\t\t<div class=\"elementor-element elementor-element-257d8c32 e-flex e-con-boxed e-con e-parent\" data-id=\"257d8c32\" data-element_type=\"container\" data-e-type=\"container\" data-settings=\"{&quot;background_background&quot;:&quot;classic&quot;}\">\n\t\t\t\t\t<div class=\"e-con-inner\">\n\t\t\t\t<div class=\"elementor-element elementor-element-5794a5c elementor-widget elementor-widget-heading\" data-id=\"5794a5c\" data-element_type=\"widget\" data-e-type=\"widget\" data-widget_type=\"heading.default\">\n\t\t\t\t\t<h1 class=\"elementor-heading-title elementor-size-default\">Sustituci\u00f3n de una reja de desbaste curva<\/h1>\t\t\t\t<\/div>\n\t\t\t\t<div class=\"elementor-element elementor-element-6c4822fc elementor-widget elementor-widget-text-editor\" data-id=\"6c4822fc\" data-element_type=\"widget\" data-e-type=\"widget\" data-widget_type=\"text-editor.default\">\n\t\t\t\t\t\t\t\t\t<p>La sustituci\u00f3n de una reja curva permite modernizar las instalaciones existentes, mejorar la fiabilidad del desbaste y reducir las limitaciones de explotaci\u00f3n, adapt\u00e1ndose al mismo tiempo a las obras existentes.<\/p>\t\t\t\t\t\t\t\t<\/div>\n\t\t\t\t<div class=\"elementor-element elementor-element-3fa01c20 elementor-align-center elementor-widget elementor-widget-button\" data-id=\"3fa01c20\" data-element_type=\"widget\" data-e-type=\"widget\" data-widget_type=\"button.default\">\n\t\t\t\t\t\t\t\t\t\t<a class=\"elementor-button elementor-button-link elementor-size-sm\" href=\"\/es\/contacto\/\">\n\t\t\t\t\t\t<span class=\"elementor-button-content-wrapper\">\n\t\t\t\t\t\t\t\t\t<span class=\"elementor-button-text\">Cont\u00e1ctenos<\/span>\n\t\t\t\t\t<\/span>\n\t\t\t\t\t<\/a>\n\t\t\t\t\t\t\t\t<\/div>\n\t\t\t\t\t<\/div>\n\t\t\t\t<\/div>\n\t\t<div class=\"elementor-element elementor-element-3cbd0313 e-flex e-con-boxed e-con e-parent\" data-id=\"3cbd0313\" data-element_type=\"container\" data-e-type=\"container\">\n\t\t\t\t\t<div class=\"e-con-inner\">\n\t\t<div class=\"elementor-element elementor-element-21851f01 e-con-full e-flex e-con e-child\" data-id=\"21851f01\" data-element_type=\"container\" data-e-type=\"container\">\n\t\t\t\t<div class=\"elementor-element elementor-element-516fd18d elementor-widget elementor-widget-text-editor\" data-id=\"516fd18d\" data-element_type=\"widget\" data-e-type=\"widget\" data-widget_type=\"text-editor.default\">\n\t\t\t\t\t\t\t\t\t<p>A menudo nos consultan para la renovaci\u00f3n de rejas de desbaste curvas. Por otro lado, suelen ser complicadas de sustituir por varias razones:<\/p><ul><li>Vertido aguas abajo<\/li><li>Poca altura de l\u00e1mina de agua debido a la forma de la rejilla<\/li><li>Implantaci\u00f3n en canal a\u00e9reo<\/li><li>Salida de los efluentes a veces bajo la rejilla<\/li><li>Descarga de residuos aguas abajo al nivel del plano de instalaci\u00f3n en canaletas horizontales o verticales.<\/li><\/ul><p>\u00a0<\/p><p>A pesar de todo, a menudo podemos proponer una alternativa interesante a la reja de desbaste curva que facilita la explotaci\u00f3n de la misma, como muestran las fotos a continuaci\u00f3n.<\/p>\t\t\t\t\t\t\t\t<\/div>\n\t\t\t\t<\/div>\n\t\t\t\t\t<\/div>\n\t\t\t\t<\/div>\n\t\t<div class=\"elementor-element elementor-element-17059da8 e-flex e-con-boxed e-con e-parent\" data-id=\"17059da8\" data-element_type=\"container\" data-e-type=\"container\">\n\t\t\t\t\t<div class=\"e-con-inner\">\n\t\t<div class=\"elementor-element elementor-element-50db3f6b e-con-full e-flex e-con e-child\" data-id=\"50db3f6b\" data-element_type=\"container\" data-e-type=\"container\">\n\t\t\t\t<div class=\"elementor-element elementor-element-37c57e08 elementor-widget elementor-widget-image\" data-id=\"37c57e08\" data-element_type=\"widget\" data-e-type=\"widget\" data-widget_type=\"image.default\">\n\t\t\t\t\t\t\t\t\t\t\t\t\t\t\t<img fetchpriority=\"high\" decoding=\"async\" width=\"800\" height=\"572\" src=\"https:\/\/fbprocedes.com\/wp-content\/uploads\/2025\/12\/degrilleur-courbe-existant-avant-remplacement-1024x732.webp\" class=\"attachment-large size-large wp-image-2730\" alt=\"Antigua reja de desbaste curva instalada antes de su sustituci\u00f3n en obra existente\" srcset=\"https:\/\/fbprocedes.com\/wp-content\/uploads\/2025\/12\/degrilleur-courbe-existant-avant-remplacement-1024x732.webp 1024w, https:\/\/fbprocedes.com\/wp-content\/uploads\/2025\/12\/degrilleur-courbe-existant-avant-remplacement-300x214.webp 300w, https:\/\/fbprocedes.com\/wp-content\/uploads\/2025\/12\/degrilleur-courbe-existant-avant-remplacement-768x549.webp 768w, https:\/\/fbprocedes.com\/wp-content\/uploads\/2025\/12\/degrilleur-courbe-existant-avant-remplacement-1536x1097.webp 1536w, https:\/\/fbprocedes.com\/wp-content\/uploads\/2025\/12\/degrilleur-courbe-existant-avant-remplacement.webp 1600w\" sizes=\"(max-width: 800px) 100vw, 800px\" \/>\t\t\t\t\t\t\t\t\t\t\t\t\t\t\t<\/div>\n\t\t\t\t<div class=\"elementor-element elementor-element-12b43457 elementor-widget elementor-widget-text-editor\" data-id=\"12b43457\" data-element_type=\"widget\" data-e-type=\"widget\" data-widget_type=\"text-editor.default\">\n\t\t\t\t\t\t\t\t\t<p style=\"text-align: center;\">Contexto existente: una reja de desbaste curva fuera de servicio, instalada en un canal elevado. El efluente llega por impulsi\u00f3n y los residuos de desbaste se vierten en una canaleta aguas abajo. El operario debe arrastrar peri\u00f3dicamente los residuos con un rastrillo para hacerlos caer al contenedor situado al nivel del suelo.<\/p>\t\t\t\t\t\t\t\t<\/div>\n\t\t\t\t<\/div>\n\t\t<div class=\"elementor-element elementor-element-3eb42eaa e-con-full e-flex e-con e-child\" data-id=\"3eb42eaa\" data-element_type=\"container\" data-e-type=\"container\">\n\t\t\t\t<div class=\"elementor-element elementor-element-7ca2e6ed elementor-widget elementor-widget-image\" data-id=\"7ca2e6ed\" data-element_type=\"widget\" data-e-type=\"widget\" data-widget_type=\"image.default\">\n\t\t\t\t\t\t\t\t\t\t\t\t\t\t\t<img decoding=\"async\" width=\"800\" height=\"600\" src=\"https:\/\/fbprocedes.com\/wp-content\/uploads\/2025\/12\/remplacement-degrilleur-courbe-travaux-1024x768.webp\" class=\"attachment-large size-large wp-image-2731\" alt=\"Trabajos de sustituci\u00f3n de una reja de desbaste curva en una instalaci\u00f3n hidr\u00e1ulica existente\" srcset=\"https:\/\/fbprocedes.com\/wp-content\/uploads\/2025\/12\/remplacement-degrilleur-courbe-travaux-1024x768.webp 1024w, https:\/\/fbprocedes.com\/wp-content\/uploads\/2025\/12\/remplacement-degrilleur-courbe-travaux-300x225.webp 300w, https:\/\/fbprocedes.com\/wp-content\/uploads\/2025\/12\/remplacement-degrilleur-courbe-travaux-768x576.webp 768w, https:\/\/fbprocedes.com\/wp-content\/uploads\/2025\/12\/remplacement-degrilleur-courbe-travaux-1536x1152.webp 1536w, https:\/\/fbprocedes.com\/wp-content\/uploads\/2025\/12\/remplacement-degrilleur-courbe-travaux.webp 1600w\" sizes=\"(max-width: 800px) 100vw, 800px\" \/>\t\t\t\t\t\t\t\t\t\t\t\t\t\t\t<\/div>\n\t\t\t\t<div class=\"elementor-element elementor-element-13d492c7 elementor-widget elementor-widget-text-editor\" data-id=\"13d492c7\" data-element_type=\"widget\" data-e-type=\"widget\" data-widget_type=\"text-editor.default\">\n\t\t\t\t\t\t\t\t\t<p style=\"text-align: center;\">Nuestra soluci\u00f3n: una reja de desbaste tipo SG400, orientada a 90\u00b0 respecto a la llegada del efluente, adosada a una de las paredes del canal. El efluente es canalizado hacia el lateral de la reja de desbaste mediante un deflector de acero inoxidable de nuestro suministro. Los residuos de desbaste se vierten as\u00ed en un contenedor situado al nivel del suelo.<\/p>\t\t\t\t\t\t\t\t<\/div>\n\t\t\t\t<\/div>\n\t\t\t\t\t<\/div>\n\t\t\t\t<\/div>\n\t\t<div class=\"elementor-element elementor-element-aad1fae e-flex e-con-boxed e-con e-parent\" data-id=\"aad1fae\" data-element_type=\"container\" data-e-type=\"container\">\n\t\t\t\t\t<div class=\"e-con-inner\">\n\t\t<div class=\"elementor-element elementor-element-8beb0c1 e-con-full e-flex e-con e-child\" data-id=\"8beb0c1\" data-element_type=\"container\" data-e-type=\"container\">\n\t\t\t\t<div class=\"elementor-element elementor-element-d94a7bf elementor-widget elementor-widget-image\" data-id=\"d94a7bf\" data-element_type=\"widget\" data-e-type=\"widget\" data-widget_type=\"image.default\">\n\t\t\t\t\t\t\t\t\t\t\t\t\t\t\t<img decoding=\"async\" width=\"768\" height=\"1024\" src=\"https:\/\/fbprocedes.com\/wp-content\/uploads\/2025\/12\/degrilleur-courbe-neuf-apres-remplacement-768x1024.webp\" class=\"attachment-large size-large wp-image-2732\" alt=\"Nueva reja de desbaste curva instalada tras la sustituci\u00f3n para mejorar la explotaci\u00f3n\" srcset=\"https:\/\/fbprocedes.com\/wp-content\/uploads\/2025\/12\/degrilleur-courbe-neuf-apres-remplacement-768x1024.webp 768w, https:\/\/fbprocedes.com\/wp-content\/uploads\/2025\/12\/degrilleur-courbe-neuf-apres-remplacement-225x300.webp 225w, https:\/\/fbprocedes.com\/wp-content\/uploads\/2025\/12\/degrilleur-courbe-neuf-apres-remplacement-1152x1536.webp 1152w, https:\/\/fbprocedes.com\/wp-content\/uploads\/2025\/12\/degrilleur-courbe-neuf-apres-remplacement.webp 1440w\" sizes=\"(max-width: 768px) 100vw, 768px\" \/>\t\t\t\t\t\t\t\t\t\t\t\t\t\t\t<\/div>\n\t\t\t\t<div class=\"elementor-element elementor-element-ff4f9d5 elementor-widget elementor-widget-text-editor\" data-id=\"ff4f9d5\" data-element_type=\"widget\" data-e-type=\"widget\" data-widget_type=\"text-editor.default\">\n\t\t\t\t\t\t\t\t\t<p>Las ventajas para el operador:<\/p><ul><li>La reja de desbaste est\u00e1 totalmente carenada y, por tanto, es segura.<\/li><li>Instalaci\u00f3n m\u00e1s limpia: ya no quedan restos de residuos en la obra civil.<\/li><li>A diferencia del contexto anterior, los residuos se depositan directamente en el contenedor. El operario ya no tiene que hacerlo.<\/li><li>En caso de corte de corriente, y en caso de colmataci\u00f3n de la rejilla, el deflector act\u00faa como rebosadero. Por lo tanto, el efluente tiene una v\u00eda de escape, lo cual es fundamental. Esto no exist\u00eda antes.<\/li><\/ul>\t\t\t\t\t\t\t\t<\/div>\n\t\t\t\t<\/div>\n\t\t\t\t\t<\/div>\n\t\t\t\t<\/div>\n\t\t<div class=\"elementor-element elementor-element-5c263e9e e-flex e-con-boxed e-con e-parent\" data-id=\"5c263e9e\" data-element_type=\"container\" data-e-type=\"container\">\n\t\t\t\t\t<div class=\"e-con-inner\">\n\t\t\t\t<div class=\"elementor-element elementor-element-6507770a elementor-widget elementor-widget-heading\" data-id=\"6507770a\" data-element_type=\"widget\" data-e-type=\"widget\" data-widget_type=\"heading.default\">\n\t\t\t\t\t<h2 class=\"elementor-heading-title elementor-size-default\">Productos relacionados<\/h2>\t\t\t\t<\/div>\n\t\t\t\t<div class=\"elementor-element elementor-element-a575bb0 elementor-widget-divider--view-line elementor-widget elementor-widget-divider\" data-id=\"a575bb0\" data-element_type=\"widget\" data-e-type=\"widget\" data-widget_type=\"divider.default\">\n\t\t\t\t\t\t\t<div class=\"elementor-divider\">\n\t\t\t<span class=\"elementor-divider-separator\">\n\t\t\t\t\t\t<\/span>\n\t\t<\/div>\n\t\t\t\t\t\t<\/div>\n\t\t\t\t\t<\/div>\n\t\t\t\t<\/div>\n\t\t<div class=\"elementor-element elementor-element-62f670f0 e-grid e-con-boxed e-con e-parent\" data-id=\"62f670f0\" data-element_type=\"container\" data-e-type=\"container\">\n\t\t\t\t\t<div class=\"e-con-inner\">\n\t\t<div class=\"elementor-element elementor-element-5697a972 e-con-full e-flex e-con e-child\" data-id=\"5697a972\" data-element_type=\"container\" data-e-type=\"container\" data-settings=\"{&quot;background_background&quot;:&quot;classic&quot;}\">\n\t\t\t\t<div class=\"elementor-element elementor-element-2c52d95e elementor-widget elementor-widget-image\" data-id=\"2c52d95e\" data-element_type=\"widget\" data-e-type=\"widget\" data-widget_type=\"image.default\">\n\t\t\t\t\t\t\t\t\t\t\t\t\t\t\t<img loading=\"lazy\" decoding=\"async\" width=\"500\" height=\"500\" src=\"https:\/\/fbprocedes.com\/wp-content\/uploads\/2025\/12\/degrilleur-sg400.jpg\" class=\"attachment-medium_large size-medium_large wp-image-875\" alt=\"Vista 3D en CAD de una reja de desbaste vertical SG400\" srcset=\"https:\/\/fbprocedes.com\/wp-content\/uploads\/2025\/12\/degrilleur-sg400.jpg 500w, https:\/\/fbprocedes.com\/wp-content\/uploads\/2025\/12\/degrilleur-sg400-300x300.jpg 300w, https:\/\/fbprocedes.com\/wp-content\/uploads\/2025\/12\/degrilleur-sg400-150x150.jpg 150w\" sizes=\"(max-width: 500px) 100vw, 500px\" \/>\t\t\t\t\t\t\t\t\t\t\t\t\t\t\t<\/div>\n\t\t\t\t<div class=\"elementor-element elementor-element-16f91750 elementor-widget elementor-widget-heading\" data-id=\"16f91750\" data-element_type=\"widget\" data-e-type=\"widget\" data-widget_type=\"heading.default\">\n\t\t\t\t\t<h3 class=\"elementor-heading-title elementor-size-default\">Reja de desbaste SG400<\/h3>\t\t\t\t<\/div>\n\t\t\t\t<div class=\"elementor-element elementor-element-26288c4a elementor-widget elementor-widget-text-editor\" data-id=\"26288c4a\" data-element_type=\"widget\" data-e-type=\"widget\" data-widget_type=\"text-editor.default\">\n\t\t\t\t\t\t\t\t\t<p style=\"text-align: center;\">Reja autom\u00e1tica vertical de 400 mm de ancho para caudales de hasta 120 m3\/h<\/p>\t\t\t\t\t\t\t\t<\/div>\n\t\t\t\t<div class=\"elementor-element elementor-element-b7719c4 elementor-align-center elementor-widget elementor-widget-button\" data-id=\"b7719c4\" data-element_type=\"widget\" data-e-type=\"widget\" data-widget_type=\"button.default\">\n\t\t\t\t\t\t\t\t\t\t<a class=\"elementor-button elementor-button-link elementor-size-sm\" href=\"\/es\/reja-de-desbaste-sg400\/\">\n\t\t\t\t\t\t<span class=\"elementor-button-content-wrapper\">\n\t\t\t\t\t\t\t\t\t<span class=\"elementor-button-text\">Ver SG400<\/span>\n\t\t\t\t\t<\/span>\n\t\t\t\t\t<\/a>\n\t\t\t\t\t\t\t\t<\/div>\n\t\t\t\t<\/div>\n\t\t<div class=\"elementor-element elementor-element-59b0d9a7 e-con-full e-flex e-con e-child\" data-id=\"59b0d9a7\" data-element_type=\"container\" data-e-type=\"container\" data-settings=\"{&quot;background_background&quot;:&quot;classic&quot;}\">\n\t\t\t\t<div class=\"elementor-element elementor-element-23e141f8 elementor-widget elementor-widget-image\" data-id=\"23e141f8\" data-element_type=\"widget\" data-e-type=\"widget\" data-widget_type=\"image.default\">\n\t\t\t\t\t\t\t\t\t\t\t\t\t\t\t<img loading=\"lazy\" decoding=\"async\" width=\"500\" height=\"500\" src=\"https:\/\/fbprocedes.com\/wp-content\/uploads\/2025\/12\/degrilleur-ng.jpg\" class=\"attachment-medium_large size-medium_large wp-image-873\" alt=\"Vista 3D en CAD de una reja de desbaste vertical NG\" srcset=\"https:\/\/fbprocedes.com\/wp-content\/uploads\/2025\/12\/degrilleur-ng.jpg 500w, https:\/\/fbprocedes.com\/wp-content\/uploads\/2025\/12\/degrilleur-ng-300x300.jpg 300w, https:\/\/fbprocedes.com\/wp-content\/uploads\/2025\/12\/degrilleur-ng-150x150.jpg 150w\" sizes=\"(max-width: 500px) 100vw, 500px\" \/>\t\t\t\t\t\t\t\t\t\t\t\t\t\t\t<\/div>\n\t\t\t\t<div class=\"elementor-element elementor-element-63a8667e elementor-widget elementor-widget-heading\" data-id=\"63a8667e\" data-element_type=\"widget\" data-e-type=\"widget\" data-widget_type=\"heading.default\">\n\t\t\t\t\t<h3 class=\"elementor-heading-title elementor-size-default\">Reja de desbaste NG<\/h3>\t\t\t\t<\/div>\n\t\t\t\t<div class=\"elementor-element elementor-element-4aafdaa5 elementor-widget elementor-widget-text-editor\" data-id=\"4aafdaa5\" data-element_type=\"widget\" data-e-type=\"widget\" data-widget_type=\"text-editor.default\">\n\t\t\t\t\t\t\t\t\t<p style=\"text-align: center;\">Desarenador autom\u00e1tico vertical a medida para caudales de hasta 6000 m3\/h<\/p>\t\t\t\t\t\t\t\t<\/div>\n\t\t\t\t<div class=\"elementor-element elementor-element-2bd5a97 elementor-align-center elementor-widget elementor-widget-button\" data-id=\"2bd5a97\" data-element_type=\"widget\" data-e-type=\"widget\" data-widget_type=\"button.default\">\n\t\t\t\t\t\t\t\t\t\t<a class=\"elementor-button elementor-button-link elementor-size-sm\" href=\"\/es\/reja-de-desbaste-ng\/\">\n\t\t\t\t\t\t<span class=\"elementor-button-content-wrapper\">\n\t\t\t\t\t\t\t\t\t<span class=\"elementor-button-text\">Ver NG<\/span>\n\t\t\t\t\t<\/span>\n\t\t\t\t\t<\/a>\n\t\t\t\t\t\t\t\t<\/div>\n\t\t\t\t<\/div>\n\t\t<div class=\"elementor-element elementor-element-5c7fad14 e-con-full e-flex e-con e-child\" data-id=\"5c7fad14\" data-element_type=\"container\" data-e-type=\"container\" data-settings=\"{&quot;background_background&quot;:&quot;classic&quot;}\">\n\t\t\t\t<div class=\"elementor-element elementor-element-9d022c8 elementor-widget elementor-widget-image\" data-id=\"9d022c8\" data-element_type=\"widget\" data-e-type=\"widget\" data-widget_type=\"image.default\">\n\t\t\t\t\t\t\t\t\t\t\t\t\t\t\t<img loading=\"lazy\" decoding=\"async\" width=\"500\" height=\"500\" src=\"https:\/\/fbprocedes.com\/wp-content\/uploads\/2025\/12\/degrilleur-xg.jpg\" class=\"attachment-medium_large size-medium_large wp-image-874\" alt=\"Vista 3D en CAD de una reja de desbaste vertical XG\" srcset=\"https:\/\/fbprocedes.com\/wp-content\/uploads\/2025\/12\/degrilleur-xg.jpg 500w, https:\/\/fbprocedes.com\/wp-content\/uploads\/2025\/12\/degrilleur-xg-300x300.jpg 300w, https:\/\/fbprocedes.com\/wp-content\/uploads\/2025\/12\/degrilleur-xg-150x150.jpg 150w\" sizes=\"(max-width: 500px) 100vw, 500px\" \/>\t\t\t\t\t\t\t\t\t\t\t\t\t\t\t<\/div>\n\t\t\t\t<div class=\"elementor-element elementor-element-46947395 elementor-widget elementor-widget-heading\" data-id=\"46947395\" data-element_type=\"widget\" data-e-type=\"widget\" data-widget_type=\"heading.default\">\n\t\t\t\t\t<h3 class=\"elementor-heading-title elementor-size-default\">Reja de desbaste XG<\/h3>\t\t\t\t<\/div>\n\t\t\t\t<div class=\"elementor-element elementor-element-7149e7c4 elementor-widget elementor-widget-text-editor\" data-id=\"7149e7c4\" data-element_type=\"widget\" data-e-type=\"widget\" data-widget_type=\"text-editor.default\">\n\t\t\t\t\t\t\t\t\t<p style=\"text-align: center;\">Desarenador autom\u00e1tico vertical a medida para caudales de hasta 20 000 m3\/h<\/p>\t\t\t\t\t\t\t\t<\/div>\n\t\t\t\t<div class=\"elementor-element elementor-element-369a9885 elementor-align-center elementor-widget elementor-widget-button\" data-id=\"369a9885\" data-element_type=\"widget\" data-e-type=\"widget\" data-widget_type=\"button.default\">\n\t\t\t\t\t\t\t\t\t\t<a class=\"elementor-button elementor-button-link elementor-size-sm\" href=\"\/es\/reja-de-desbaste-xg\/\">\n\t\t\t\t\t\t<span class=\"elementor-button-content-wrapper\">\n\t\t\t\t\t\t\t\t\t<span class=\"elementor-button-text\">Ver XG<\/span>\n\t\t\t\t\t<\/span>\n\t\t\t\t\t<\/a>\n\t\t\t\t\t\t\t\t<\/div>\n\t\t\t\t<\/div>\n\t\t\t\t\t<\/div>\n\t\t\t\t<\/div>\n\t\t\t\t<\/div>","protected":false},"excerpt":{"rendered":"<p>Remplacement d&rsquo;un d\u00e9grilleur courbe Le remplacement d\u2019un d\u00e9grilleur courbe permet de moderniser les installations existantes, d\u2019am\u00e9liorer la fiabilit\u00e9 du d\u00e9grillage et de r\u00e9duire les contraintes d\u2019exploitation tout en s\u2019adaptant aux ouvrages en place. Nous contacter Nous sommes r\u00e9guli\u00e8rement consult\u00e9s pour le renouvellement de d\u00e9grilleurs courbes. Ils sont d\u2019ailleurs souvent compliqu\u00e9s \u00e0 remplacer et ce pour [&hellip;]<\/p>\n","protected":false},"author":1,"featured_media":0,"parent":1025,"menu_order":0,"comment_status":"closed","ping_status":"closed","template":"","meta":{"footnotes":""},"class_list":["post-1037","page","type-page","status-publish","hentry"],"aioseo_notices":[],"_links":{"self":[{"href":"https:\/\/fbprocedes.com\/es\/wp-json\/wp\/v2\/pages\/1037","targetHints":{"allow":["GET"]}}],"collection":[{"href":"https:\/\/fbprocedes.com\/es\/wp-json\/wp\/v2\/pages"}],"about":[{"href":"https:\/\/fbprocedes.com\/es\/wp-json\/wp\/v2\/types\/page"}],"author":[{"embeddable":true,"href":"https:\/\/fbprocedes.com\/es\/wp-json\/wp\/v2\/users\/1"}],"replies":[{"embeddable":true,"href":"https:\/\/fbprocedes.com\/es\/wp-json\/wp\/v2\/comments?post=1037"}],"version-history":[{"count":10,"href":"https:\/\/fbprocedes.com\/es\/wp-json\/wp\/v2\/pages\/1037\/revisions"}],"predecessor-version":[{"id":3736,"href":"https:\/\/fbprocedes.com\/es\/wp-json\/wp\/v2\/pages\/1037\/revisions\/3736"}],"up":[{"embeddable":true,"href":"https:\/\/fbprocedes.com\/es\/wp-json\/wp\/v2\/pages\/1025"}],"wp:attachment":[{"href":"https:\/\/fbprocedes.com\/es\/wp-json\/wp\/v2\/media?parent=1037"}],"curies":[{"name":"wp","href":"https:\/\/api.w.org\/{rel}","templated":true}]}}