{"id":199,"date":"2025-09-04T17:32:35","date_gmt":"2025-09-04T15:32:35","guid":{"rendered":"https:\/\/fbprocedes.com\/?page_id=199"},"modified":"2026-04-03T09:17:55","modified_gmt":"2026-04-03T07:17:55","slug":"contacto","status":"publish","type":"page","link":"https:\/\/fbprocedes.com\/es\/contact\/","title":{"rendered":"Contacto"},"content":{"rendered":"\t\t<div data-elementor-type=\"wp-page\" data-elementor-id=\"199\" class=\"elementor elementor-199\" data-elementor-post-type=\"page\">\n\t\t\t\t<div class=\"elementor-element elementor-element-7abc9207 e-flex e-con-boxed e-con e-parent\" data-id=\"7abc9207\" data-element_type=\"container\" data-e-type=\"container\" data-settings=\"{&quot;background_background&quot;:&quot;classic&quot;}\">\n\t\t\t\t\t<div class=\"e-con-inner\">\n\t\t\t\t<div class=\"elementor-element elementor-element-3185bf1e elementor-widget elementor-widget-heading\" data-id=\"3185bf1e\" data-element_type=\"widget\" data-e-type=\"widget\" data-widget_type=\"heading.default\">\n\t\t\t\t\t<h1 class=\"elementor-heading-title elementor-size-default\">Nous contacter<\/h1>\t\t\t\t<\/div>\n\t\t\t\t<div class=\"elementor-element elementor-element-5393a989 elementor-widget elementor-widget-text-editor\" data-id=\"5393a989\" data-element_type=\"widget\" data-e-type=\"widget\" data-widget_type=\"text-editor.default\">\n\t\t\t\t\t\t\t\t\t<p>Vous avez un projet ? Vous avez besoin de pi\u00e8ces de rechange pour un d\u00e9grilleur ou un autre \u00e9quipement ? Nous sommes \u00e0 votre \u00e9coute et \u00e0 votre service.<\/p>\t\t\t\t\t\t\t\t<\/div>\n\t\t\t\t\t<\/div>\n\t\t\t\t<\/div>\n\t\t<div class=\"elementor-element elementor-element-39752694 e-flex e-con-boxed e-con e-parent\" data-id=\"39752694\" data-element_type=\"container\" data-e-type=\"container\">\n\t\t\t\t\t<div class=\"e-con-inner\">\n\t\t<div class=\"elementor-element elementor-element-1bc890d7 e-con-full e-flex e-con e-child\" data-id=\"1bc890d7\" data-element_type=\"container\" data-e-type=\"container\">\n\t\t\t\t<div class=\"elementor-element elementor-element-38929db elementor-widget elementor-widget-text-editor\" data-id=\"38929db\" data-element_type=\"widget\" data-e-type=\"widget\" data-widget_type=\"text-editor.default\">\n\t\t\t\t\t\t\t\t\t<p>Nos \u00e9quipes techniques et commerciales sont disponibles pour r\u00e9pondre \u00e0 toutes vos demandes. N\u2019h\u00e9sitez pas \u00e0 nous contacter pour une demande de devis, un renseignement technique, une demande de pi\u00e8ces de rechange ou une intervention de nos techniciens. Vous serez imm\u00e9diatement mis en relation avec l\u2019\u00e9quipe la plus \u00e0 m\u00eame d\u2019apporter une r\u00e9ponse pr\u00e9cise et rapide \u00e0 votre demande.<\/p><p>En plus des \u00e9quipes de notre si\u00e8ge pr\u00e8s de Nantes, une \u00e9quipe de technico-commerciaux pour la France et l\u2019export ainsi qu\u2019une \u00e9quipe de techniciens itin\u00e9rants peuvent vous rencontrer sur site.<\/p>\t\t\t\t\t\t\t\t<\/div>\n\t\t\t\t<\/div>\n\t\t\t\t\t<\/div>\n\t\t\t\t<\/div>\n\t\t<div class=\"elementor-element elementor-element-d8c50f8 e-flex e-con-boxed e-con e-parent\" data-id=\"d8c50f8\" data-element_type=\"container\" data-e-type=\"container\">\n\t\t\t\t\t<div class=\"e-con-inner\">\n\t\t\t\t<div class=\"elementor-element elementor-element-3070e94 elementor-widget elementor-widget-heading\" data-id=\"3070e94\" data-element_type=\"widget\" data-e-type=\"widget\" data-widget_type=\"heading.default\">\n\t\t\t\t\t<h2 class=\"elementor-heading-title elementor-size-default\">Comment nous joindre ?<\/h2>\t\t\t\t<\/div>\n\t\t\t\t<div class=\"elementor-element elementor-element-6ff0477 elementor-widget-divider--view-line elementor-widget elementor-widget-divider\" data-id=\"6ff0477\" data-element_type=\"widget\" data-e-type=\"widget\" data-widget_type=\"divider.default\">\n\t\t\t\t\t\t\t<div class=\"elementor-divider\">\n\t\t\t<span class=\"elementor-divider-separator\">\n\t\t\t\t\t\t<\/span>\n\t\t<\/div>\n\t\t\t\t\t\t<\/div>\n\t\t\t\t\t<\/div>\n\t\t\t\t<\/div>\n\t\t<div class=\"elementor-element elementor-element-29534e0 e-flex e-con-boxed e-con e-parent\" data-id=\"29534e0\" data-element_type=\"container\" data-e-type=\"container\">\n\t\t\t\t\t<div class=\"e-con-inner\">\n\t\t<div class=\"elementor-element elementor-element-1e1ad15 e-con-full e-flex e-con e-child\" data-id=\"1e1ad15\" data-element_type=\"container\" data-e-type=\"container\" data-settings=\"{&quot;background_background&quot;:&quot;classic&quot;}\">\n\t\t\t\t<div class=\"elementor-element elementor-element-faf4b45 elementor-widget elementor-widget-heading\" data-id=\"faf4b45\" data-element_type=\"widget\" data-e-type=\"widget\" data-widget_type=\"heading.default\">\n\t\t\t\t\t<p class=\"elementor-heading-title elementor-size-default\">Service Commercial &amp; Administratif<\/p>\t\t\t\t<\/div>\n\t\t\t\t<div class=\"elementor-element elementor-element-6db34a1 elementor-widget elementor-widget-text-editor\" data-id=\"6db34a1\" data-element_type=\"widget\" data-e-type=\"widget\" data-widget_type=\"text-editor.default\">\n\t\t\t\t\t\t\t\t\t<p style=\"text-align: center;\">+33 2 40 25 86 77<\/p><p style=\"text-align: center;\">contact@fbprocedes.fr<\/p>\t\t\t\t\t\t\t\t<\/div>\n\t\t\t\t<\/div>\n\t\t<div class=\"elementor-element elementor-element-27cef82 e-con-full e-flex e-con e-child\" data-id=\"27cef82\" data-element_type=\"container\" data-e-type=\"container\" data-settings=\"{&quot;background_background&quot;:&quot;classic&quot;}\">\n\t\t\t\t<div class=\"elementor-element elementor-element-6864ac0 elementor-widget elementor-widget-heading\" data-id=\"6864ac0\" data-element_type=\"widget\" data-e-type=\"widget\" data-widget_type=\"heading.default\">\n\t\t\t\t\t<p class=\"elementor-heading-title elementor-size-default\">SAV et Pi\u00e8ces de rechange<\/p>\t\t\t\t<\/div>\n\t\t\t\t<div class=\"elementor-element elementor-element-018d3cc elementor-widget elementor-widget-text-editor\" data-id=\"018d3cc\" data-element_type=\"widget\" data-e-type=\"widget\" data-widget_type=\"text-editor.default\">\n\t\t\t\t\t\t\t\t\t<p style=\"text-align: center;\">+33 2 40 25 89 14<\/p><p style=\"text-align: center;\">sav@fbprocedes.fr<\/p>\t\t\t\t\t\t\t\t<\/div>\n\t\t\t\t<\/div>\n\t\t\t\t\t<\/div>\n\t\t\t\t<\/div>\n\t\t<div class=\"elementor-element elementor-element-6feebf5 e-flex e-con-boxed e-con e-parent\" data-id=\"6feebf5\" data-element_type=\"container\" data-e-type=\"container\">\n\t\t\t\t\t<div class=\"e-con-inner\">\n\t\t\t\t<div class=\"elementor-element elementor-element-fd3a4a7 elementor-widget elementor-widget-heading\" data-id=\"fd3a4a7\" data-element_type=\"widget\" data-e-type=\"widget\" data-widget_type=\"heading.default\">\n\t\t\t\t\t<h2 class=\"elementor-heading-title elementor-size-default\">Adresse :<\/h2>\t\t\t\t<\/div>\n\t\t\t\t<div class=\"elementor-element elementor-element-a955f6c elementor-widget-divider--view-line elementor-widget elementor-widget-divider\" data-id=\"a955f6c\" data-element_type=\"widget\" data-e-type=\"widget\" data-widget_type=\"divider.default\">\n\t\t\t\t\t\t\t<div class=\"elementor-divider\">\n\t\t\t<span class=\"elementor-divider-separator\">\n\t\t\t\t\t\t<\/span>\n\t\t<\/div>\n\t\t\t\t\t\t<\/div>\n\t\t\t\t<div class=\"elementor-element elementor-element-747de14 elementor-widget elementor-widget-text-editor\" data-id=\"747de14\" data-element_type=\"widget\" data-e-type=\"widget\" data-widget_type=\"text-editor.default\">\n\t\t\t\t\t\t\t\t\t<p>FB Proc\u00e9d\u00e9s SAS<\/p><p>PA Maison Neuve \u2013 6 rue Marcel Dassault<\/p><p>44986 Sainte Luce Sur Loire cedex \u2013 France<\/p>\t\t\t\t\t\t\t\t<\/div>\n\t\t\t\t\t<\/div>\n\t\t\t\t<\/div>\n\t\t<div class=\"elementor-element elementor-element-7dfa756 e-flex e-con-boxed e-con e-parent\" data-id=\"7dfa756\" data-element_type=\"container\" data-e-type=\"container\" data-settings=\"{&quot;background_background&quot;:&quot;classic&quot;}\">\n\t\t\t\t\t<div class=\"e-con-inner\">\n\t\t\t\t<div class=\"elementor-element elementor-element-a4e3489 elementor-widget elementor-widget-heading\" data-id=\"a4e3489\" data-element_type=\"widget\" data-e-type=\"widget\" data-widget_type=\"heading.default\">\n\t\t\t\t\t<h2 class=\"elementor-heading-title elementor-size-default\">Nous envoyer un message :<\/h2>\t\t\t\t<\/div>\n\t\t\t\t<div class=\"elementor-element elementor-element-3695e24 elementor-widget-divider--view-line elementor-widget elementor-widget-divider\" data-id=\"3695e24\" data-element_type=\"widget\" data-e-type=\"widget\" data-widget_type=\"divider.default\">\n\t\t\t\t\t\t\t<div class=\"elementor-divider\">\n\t\t\t<span class=\"elementor-divider-separator\">\n\t\t\t\t\t\t<\/span>\n\t\t<\/div>\n\t\t\t\t\t\t<\/div>\n\t\t\t\t<div class=\"elementor-element elementor-element-7e254b5 elementor-button-align-stretch elementor-widget elementor-widget-form\" data-id=\"7e254b5\" data-element_type=\"widget\" data-e-type=\"widget\" data-settings=\"{&quot;button_width&quot;:&quot;20&quot;,&quot;step_next_label&quot;:&quot;Suivant&quot;,&quot;step_previous_label&quot;:&quot;Pr\\u00e9c\\u00e9dent&quot;,&quot;step_type&quot;:&quot;number_text&quot;,&quot;step_icon_shape&quot;:&quot;circle&quot;}\" data-widget_type=\"form.default\">\n\t\t\t\t\t\t\t<form class=\"elementor-form\" method=\"post\" name=\"Nouveau formulaire\" aria-label=\"Nouveau formulaire\">\n\t\t\t<input type=\"hidden\" name=\"post_id\" value=\"199\"\/>\n\t\t\t<input type=\"hidden\" name=\"form_id\" value=\"7e254b5\"\/>\n\t\t\t<input type=\"hidden\" name=\"referer_title\" value=\"Contact et Devis D\u00e9grilleur Automatique | FB Proc\u00e9d\u00e9s\" \/>\n\n\t\t\t\t\t\t\t<input type=\"hidden\" name=\"queried_id\" value=\"199\"\/>\n\t\t\t\n\t\t\t<div class=\"elementor-form-fields-wrapper elementor-labels-above\">\n\t\t\t\t\t\t\t\t<div class=\"elementor-field-type-text elementor-field-group elementor-column elementor-field-group-name elementor-col-100\">\n\t\t\t\t\t\t\t\t\t\t\t\t<label for=\"form-field-name\" class=\"elementor-field-label\">\n\t\t\t\t\t\t\t\tNom\t\t\t\t\t\t\t<\/label>\n\t\t\t\t\t\t\t\t\t\t\t\t\t\t<input size=\"1\" type=\"text\" name=\"form_fields[name]\" id=\"form-field-name\" class=\"elementor-field elementor-size-md  elementor-field-textual\" placeholder=\"Nom\">\n\t\t\t\t\t\t\t\t\t\t\t<\/div>\n\t\t\t\t\t\t\t\t<div class=\"elementor-field-type-email elementor-field-group elementor-column elementor-field-group-email elementor-col-100 elementor-field-required\">\n\t\t\t\t\t\t\t\t\t\t\t\t<label for=\"form-field-email\" class=\"elementor-field-label\">\n\t\t\t\t\t\t\t\tEmail\t\t\t\t\t\t\t<\/label>\n\t\t\t\t\t\t\t\t\t\t\t\t\t\t<input size=\"1\" type=\"email\" name=\"form_fields[email]\" id=\"form-field-email\" class=\"elementor-field elementor-size-md  elementor-field-textual\" placeholder=\"E-mail\" required=\"required\">\n\t\t\t\t\t\t\t\t\t\t\t<\/div>\n\t\t\t\t\t\t\t\t<div class=\"elementor-field-type-select elementor-field-group elementor-column elementor-field-group-field_4f42004 elementor-col-100\">\n\t\t\t\t\t\t\t\t\t\t\t\t<label for=\"form-field-field_4f42004\" class=\"elementor-field-label\">\n\t\t\t\t\t\t\t\tD\u00e9partement\t\t\t\t\t\t\t<\/label>\n\t\t\t\t\t\t\t\t<div class=\"elementor-field elementor-select-wrapper remove-before \">\n\t\t\t<div class=\"select-caret-down-wrapper\">\n\t\t\t\t<svg aria-hidden=\"true\" class=\"e-font-icon-svg e-eicon-caret-down\" viewBox=\"0 0 571.4 571.4\" xmlns=\"http:\/\/www.w3.org\/2000\/svg\"><path d=\"M571 393Q571 407 561 418L311 668Q300 679 286 679T261 668L11 418Q0 407 0 393T11 368 36 357H536Q550 357 561 368T571 393Z\"><\/path><\/svg>\t\t\t<\/div>\n\t\t\t<select name=\"form_fields[field_4f42004]\" id=\"form-field-field_4f42004\" class=\"elementor-field-textual elementor-size-md\">\n\t\t\t\t\t\t\t\t\t<option value=\"999 Etranger \/ Export\">999 Etranger \/ Export<\/option>\n\t\t\t\t\t\t\t\t\t<option value=\"01\tAin\">01\tAin<\/option>\n\t\t\t\t\t\t\t\t\t<option value=\"02\tAisne\">02\tAisne<\/option>\n\t\t\t\t\t\t\t\t\t<option value=\"03\tAllier\">03\tAllier<\/option>\n\t\t\t\t\t\t\t\t\t<option value=\"04\tAlpes-de-Haute-Provence\">04\tAlpes-de-Haute-Provence<\/option>\n\t\t\t\t\t\t\t\t\t<option value=\"05\tHautes-Alpes\">05\tHautes-Alpes<\/option>\n\t\t\t\t\t\t\t\t\t<option value=\"06\tAlpes-Maritimes\">06\tAlpes-Maritimes<\/option>\n\t\t\t\t\t\t\t\t\t<option value=\"07\tArd\u00e8che\">07\tArd\u00e8che<\/option>\n\t\t\t\t\t\t\t\t\t<option value=\"08\tArdennes\">08\tArdennes<\/option>\n\t\t\t\t\t\t\t\t\t<option value=\"09\tAri\u00e8ge\">09\tAri\u00e8ge<\/option>\n\t\t\t\t\t\t\t\t\t<option value=\"10\tAube\">10\tAube<\/option>\n\t\t\t\t\t\t\t\t\t<option value=\"11\tAude\">11\tAude<\/option>\n\t\t\t\t\t\t\t\t\t<option value=\"12\tAveyron\">12\tAveyron<\/option>\n\t\t\t\t\t\t\t\t\t<option value=\"13\tBouches-du-Rh\u00f4ne\">13\tBouches-du-Rh\u00f4ne<\/option>\n\t\t\t\t\t\t\t\t\t<option value=\"14\tCalvados\">14\tCalvados<\/option>\n\t\t\t\t\t\t\t\t\t<option value=\"15\tCantal\">15\tCantal<\/option>\n\t\t\t\t\t\t\t\t\t<option value=\"16\tCharente\">16\tCharente<\/option>\n\t\t\t\t\t\t\t\t\t<option value=\"17\tCharente-Maritime\">17\tCharente-Maritime<\/option>\n\t\t\t\t\t\t\t\t\t<option value=\"18\tCher\">18\tCher<\/option>\n\t\t\t\t\t\t\t\t\t<option value=\"19\tCorr\u00e8ze\">19\tCorr\u00e8ze<\/option>\n\t\t\t\t\t\t\t\t\t<option value=\"2A\tCorse-du-Sud\">2A\tCorse-du-Sud<\/option>\n\t\t\t\t\t\t\t\t\t<option value=\"2B\tHaute-Corse\">2B\tHaute-Corse<\/option>\n\t\t\t\t\t\t\t\t\t<option value=\"21\tC\u00f4te-d&#039;Or\">21\tC\u00f4te-d&#039;Or<\/option>\n\t\t\t\t\t\t\t\t\t<option value=\"22\tC\u00f4tes-d&#039;Armor\">22\tC\u00f4tes-d&#039;Armor<\/option>\n\t\t\t\t\t\t\t\t\t<option value=\"23\tCreuse\">23\tCreuse<\/option>\n\t\t\t\t\t\t\t\t\t<option value=\"24\tDordogne\">24\tDordogne<\/option>\n\t\t\t\t\t\t\t\t\t<option value=\"25\tDoubs\">25\tDoubs<\/option>\n\t\t\t\t\t\t\t\t\t<option value=\"26\tDr\u00f4me\">26\tDr\u00f4me<\/option>\n\t\t\t\t\t\t\t\t\t<option value=\"27\tEure\">27\tEure<\/option>\n\t\t\t\t\t\t\t\t\t<option value=\"28\tEure-et-Loir\">28\tEure-et-Loir<\/option>\n\t\t\t\t\t\t\t\t\t<option value=\"29\tFinist\u00e8re\">29\tFinist\u00e8re<\/option>\n\t\t\t\t\t\t\t\t\t<option value=\"30\tGard\">30\tGard<\/option>\n\t\t\t\t\t\t\t\t\t<option value=\"31\tHaute-Garonne\">31\tHaute-Garonne<\/option>\n\t\t\t\t\t\t\t\t\t<option value=\"32\tGers\">32\tGers<\/option>\n\t\t\t\t\t\t\t\t\t<option value=\"33\tGironde\">33\tGironde<\/option>\n\t\t\t\t\t\t\t\t\t<option value=\"34\tH\u00e9rault\">34\tH\u00e9rault<\/option>\n\t\t\t\t\t\t\t\t\t<option value=\"35\tIlle-et-Vilaine\">35\tIlle-et-Vilaine<\/option>\n\t\t\t\t\t\t\t\t\t<option value=\"36\tIndre\">36\tIndre<\/option>\n\t\t\t\t\t\t\t\t\t<option value=\"37\tIndre-et-Loire\">37\tIndre-et-Loire<\/option>\n\t\t\t\t\t\t\t\t\t<option value=\"38\tIs\u00e8re\">38\tIs\u00e8re<\/option>\n\t\t\t\t\t\t\t\t\t<option value=\"39\tJura\">39\tJura<\/option>\n\t\t\t\t\t\t\t\t\t<option value=\"40\tLandes\">40\tLandes<\/option>\n\t\t\t\t\t\t\t\t\t<option value=\"41\tLoir-et-Cher\">41\tLoir-et-Cher<\/option>\n\t\t\t\t\t\t\t\t\t<option value=\"42\tLoire\">42\tLoire<\/option>\n\t\t\t\t\t\t\t\t\t<option value=\"43\tHaute-Loire\">43\tHaute-Loire<\/option>\n\t\t\t\t\t\t\t\t\t<option value=\"44\tLoire-Atlantique\">44\tLoire-Atlantique<\/option>\n\t\t\t\t\t\t\t\t\t<option value=\"45\tLoiret\">45\tLoiret<\/option>\n\t\t\t\t\t\t\t\t\t<option value=\"46\tLot\">46\tLot<\/option>\n\t\t\t\t\t\t\t\t\t<option value=\"47\tLot-et-Garonne\">47\tLot-et-Garonne<\/option>\n\t\t\t\t\t\t\t\t\t<option value=\"48\tLoz\u00e8re\">48\tLoz\u00e8re<\/option>\n\t\t\t\t\t\t\t\t\t<option value=\"49\tMaine-et-Loire\">49\tMaine-et-Loire<\/option>\n\t\t\t\t\t\t\t\t\t<option value=\"50\tManche\">50\tManche<\/option>\n\t\t\t\t\t\t\t\t\t<option value=\"51\tMarne\">51\tMarne<\/option>\n\t\t\t\t\t\t\t\t\t<option value=\"52\tHaute-Marne\">52\tHaute-Marne<\/option>\n\t\t\t\t\t\t\t\t\t<option value=\"53\tMayenne\">53\tMayenne<\/option>\n\t\t\t\t\t\t\t\t\t<option value=\"54\tMeurthe-et-Moselle\">54\tMeurthe-et-Moselle<\/option>\n\t\t\t\t\t\t\t\t\t<option value=\"55\tMeuse\">55\tMeuse<\/option>\n\t\t\t\t\t\t\t\t\t<option value=\"56\tMorbihan\">56\tMorbihan<\/option>\n\t\t\t\t\t\t\t\t\t<option value=\"57\tMoselle\">57\tMoselle<\/option>\n\t\t\t\t\t\t\t\t\t<option value=\"58\tNi\u00e8vre\">58\tNi\u00e8vre<\/option>\n\t\t\t\t\t\t\t\t\t<option value=\"59\tNord\">59\tNord<\/option>\n\t\t\t\t\t\t\t\t\t<option value=\"60\tOise\">60\tOise<\/option>\n\t\t\t\t\t\t\t\t\t<option value=\"61\tOrne\">61\tOrne<\/option>\n\t\t\t\t\t\t\t\t\t<option value=\"62\tPas-de-Calais\">62\tPas-de-Calais<\/option>\n\t\t\t\t\t\t\t\t\t<option value=\"63\tPuy-de-D\u00f4me\">63\tPuy-de-D\u00f4me<\/option>\n\t\t\t\t\t\t\t\t\t<option value=\"64\tPyr\u00e9n\u00e9es-Atlantiques\">64\tPyr\u00e9n\u00e9es-Atlantiques<\/option>\n\t\t\t\t\t\t\t\t\t<option value=\"65\tHautes-Pyr\u00e9n\u00e9es\">65\tHautes-Pyr\u00e9n\u00e9es<\/option>\n\t\t\t\t\t\t\t\t\t<option value=\"66\tPyr\u00e9n\u00e9es-Orientales\">66\tPyr\u00e9n\u00e9es-Orientales<\/option>\n\t\t\t\t\t\t\t\t\t<option value=\"67\tBas-Rhin\">67\tBas-Rhin<\/option>\n\t\t\t\t\t\t\t\t\t<option value=\"68\tHaut-Rhin\">68\tHaut-Rhin<\/option>\n\t\t\t\t\t\t\t\t\t<option value=\"69\tRh\u00f4ne\">69\tRh\u00f4ne<\/option>\n\t\t\t\t\t\t\t\t\t<option value=\"70\tHaute-Sa\u00f4ne\">70\tHaute-Sa\u00f4ne<\/option>\n\t\t\t\t\t\t\t\t\t<option value=\"71\tSa\u00f4ne-et-Loire\">71\tSa\u00f4ne-et-Loire<\/option>\n\t\t\t\t\t\t\t\t\t<option value=\"72\tSarthe\">72\tSarthe<\/option>\n\t\t\t\t\t\t\t\t\t<option value=\"73\tSavoie\">73\tSavoie<\/option>\n\t\t\t\t\t\t\t\t\t<option value=\"74\tHaute-Savoie\">74\tHaute-Savoie<\/option>\n\t\t\t\t\t\t\t\t\t<option value=\"75\tParis\">75\tParis<\/option>\n\t\t\t\t\t\t\t\t\t<option value=\"76\tSeine-Maritime\">76\tSeine-Maritime<\/option>\n\t\t\t\t\t\t\t\t\t<option value=\"77\tSeine-et-Marne\">77\tSeine-et-Marne<\/option>\n\t\t\t\t\t\t\t\t\t<option value=\"78\tYvelines\">78\tYvelines<\/option>\n\t\t\t\t\t\t\t\t\t<option value=\"79\tDeux-S\u00e8vres\">79\tDeux-S\u00e8vres<\/option>\n\t\t\t\t\t\t\t\t\t<option value=\"80\tSomme\">80\tSomme<\/option>\n\t\t\t\t\t\t\t\t\t<option value=\"81\tTarn\">81\tTarn<\/option>\n\t\t\t\t\t\t\t\t\t<option value=\"82\tTarn-et-Garonne\">82\tTarn-et-Garonne<\/option>\n\t\t\t\t\t\t\t\t\t<option value=\"83\tVar\">83\tVar<\/option>\n\t\t\t\t\t\t\t\t\t<option value=\"84\tVaucluse\">84\tVaucluse<\/option>\n\t\t\t\t\t\t\t\t\t<option value=\"85\tVend\u00e9e\">85\tVend\u00e9e<\/option>\n\t\t\t\t\t\t\t\t\t<option value=\"86\tVienne\">86\tVienne<\/option>\n\t\t\t\t\t\t\t\t\t<option value=\"87\tHaute-Vienne\">87\tHaute-Vienne<\/option>\n\t\t\t\t\t\t\t\t\t<option value=\"88\tVosges\">88\tVosges<\/option>\n\t\t\t\t\t\t\t\t\t<option value=\"89\tYonne\">89\tYonne<\/option>\n\t\t\t\t\t\t\t\t\t<option value=\"90\tTerritoire de Belfort\">90\tTerritoire de Belfort<\/option>\n\t\t\t\t\t\t\t\t\t<option value=\"91\tEssonne\">91\tEssonne<\/option>\n\t\t\t\t\t\t\t\t\t<option value=\"92\tHauts-de-Seine\">92\tHauts-de-Seine<\/option>\n\t\t\t\t\t\t\t\t\t<option value=\"93\tSeine-Saint-Denis\">93\tSeine-Saint-Denis<\/option>\n\t\t\t\t\t\t\t\t\t<option value=\"94\tVal-de-Marne\">94\tVal-de-Marne<\/option>\n\t\t\t\t\t\t\t\t\t<option value=\"95\tVal-d&#039;Oise\">95\tVal-d&#039;Oise<\/option>\n\t\t\t\t\t\t\t\t\t<option value=\"971\tGuadeloupe\">971\tGuadeloupe<\/option>\n\t\t\t\t\t\t\t\t\t<option value=\"972\tMartinique\">972\tMartinique<\/option>\n\t\t\t\t\t\t\t\t\t<option value=\"973\tGuyane\">973\tGuyane<\/option>\n\t\t\t\t\t\t\t\t\t<option value=\"974\tLa R\u00e9union\">974\tLa R\u00e9union<\/option>\n\t\t\t\t\t\t\t\t\t<option value=\"976\tMayotte\">976\tMayotte<\/option>\n\t\t\t\t\t\t\t<\/select>\n\t\t<\/div>\n\t\t\t\t\t\t<\/div>\n\t\t\t\t\t\t\t\t<div class=\"elementor-field-type-textarea elementor-field-group elementor-column elementor-field-group-message elementor-col-100\">\n\t\t\t\t\t\t\t\t\t\t\t\t<label for=\"form-field-message\" class=\"elementor-field-label\">\n\t\t\t\t\t\t\t\tMessage\t\t\t\t\t\t\t<\/label>\n\t\t\t\t\t\t<textarea class=\"elementor-field-textual elementor-field  elementor-size-md\" name=\"form_fields[message]\" id=\"form-field-message\" rows=\"4\" placeholder=\"Message\"><\/textarea>\t\t\t\t<\/div>\n\t\t\t\t\t\t\t\t<div class=\"elementor-field-type-recaptcha_v3 elementor-field-group elementor-column elementor-field-group-field_45ac25b elementor-col-100 recaptcha_v3-inline\">\n\t\t\t\t\t<div class=\"elementor-field\" id=\"form-field-field_45ac25b\"><div class=\"elementor-g-recaptcha\" data-sitekey=\"6LeT3FMsAAAAACcUDM1uAAejoAc3Op5h7mAjRQS2\" data-type=\"v3\" data-action=\"Form\" data-badge=\"inline\" data-size=\"invisible\"><\/div><\/div>\t\t\t\t<\/div>\n\t\t\t\t\t\t\t\t<div class=\"elementor-field-group elementor-column elementor-field-type-submit elementor-col-20 e-form__buttons\">\n\t\t\t\t\t<button class=\"elementor-button elementor-size-sm\" type=\"submit\">\n\t\t\t\t\t\t<span class=\"elementor-button-content-wrapper\">\n\t\t\t\t\t\t\t\t\t\t\t\t\t\t\t\t\t\t\t\t\t\t<span class=\"elementor-button-text\">Envoyer<\/span>\n\t\t\t\t\t\t\t\t\t\t\t\t\t<\/span>\n\t\t\t\t\t<\/button>\n\t\t\t\t<\/div>\n\t\t\t<\/div>\n\t\t<\/form>\n\t\t\t\t\t\t<\/div>\n\t\t\t\t\t<\/div>\n\t\t\t\t<\/div>\n\t\t\t\t<\/div>\n\t\t","protected":false},"excerpt":{"rendered":"<p>Nous contacter Vous avez un projet ? Vous avez besoin de pi\u00e8ces de rechange pour un d\u00e9grilleur ou un autre \u00e9quipement ? Nous sommes \u00e0 votre \u00e9coute et \u00e0 votre service. Nos \u00e9quipes techniques et commerciales sont disponibles pour r\u00e9pondre \u00e0 toutes vos demandes. N\u2019h\u00e9sitez pas \u00e0 nous contacter pour une demande de devis, un [&hellip;]<\/p>\n","protected":false},"author":1,"featured_media":0,"parent":0,"menu_order":0,"comment_status":"closed","ping_status":"closed","template":"","meta":{"footnotes":""},"class_list":["post-199","page","type-page","status-publish","hentry"],"aioseo_notices":[],"_links":{"self":[{"href":"https:\/\/fbprocedes.com\/es\/wp-json\/wp\/v2\/pages\/199","targetHints":{"allow":["GET"]}}],"collection":[{"href":"https:\/\/fbprocedes.com\/es\/wp-json\/wp\/v2\/pages"}],"about":[{"href":"https:\/\/fbprocedes.com\/es\/wp-json\/wp\/v2\/types\/page"}],"author":[{"embeddable":true,"href":"https:\/\/fbprocedes.com\/es\/wp-json\/wp\/v2\/users\/1"}],"replies":[{"embeddable":true,"href":"https:\/\/fbprocedes.com\/es\/wp-json\/wp\/v2\/comments?post=199"}],"version-history":[{"count":79,"href":"https:\/\/fbprocedes.com\/es\/wp-json\/wp\/v2\/pages\/199\/revisions"}],"predecessor-version":[{"id":215291,"href":"https:\/\/fbprocedes.com\/es\/wp-json\/wp\/v2\/pages\/199\/revisions\/215291"}],"wp:attachment":[{"href":"https:\/\/fbprocedes.com\/es\/wp-json\/wp\/v2\/media?parent=199"}],"curies":[{"name":"wp","href":"https:\/\/api.w.org\/{rel}","templated":true}]}}