{"id":2745,"date":"2025-12-26T17:53:37","date_gmt":"2025-12-26T16:53:37","guid":{"rendered":"https:\/\/fbprocedes.com\/?page_id=2745"},"modified":"2026-01-22T12:11:14","modified_gmt":"2026-01-22T11:11:14","slug":"aviso-legal","status":"publish","type":"page","link":"https:\/\/fbprocedes.com\/es\/mentions-legales\/","title":{"rendered":"Aviso legal"},"content":{"rendered":"<div data-elementor-type=\"wp-page\" data-elementor-id=\"2745\" class=\"elementor elementor-2745\" data-elementor-post-type=\"page\">\n\t\t\t\t<div class=\"elementor-element elementor-element-97d9b61 e-flex e-con-boxed e-con e-parent\" data-id=\"97d9b61\" data-element_type=\"container\" data-e-type=\"container\" data-settings=\"{&quot;background_background&quot;:&quot;classic&quot;}\">\n\t\t\t\t\t<div class=\"e-con-inner\">\n\t\t\t\t<div class=\"elementor-element elementor-element-10301e91 elementor-widget elementor-widget-heading\" data-id=\"10301e91\" data-element_type=\"widget\" data-e-type=\"widget\" data-widget_type=\"heading.default\">\n\t\t\t\t\t<h1 class=\"elementor-heading-title elementor-size-default\">Aviso legal<\/h1>\t\t\t\t<\/div>\n\t\t\t\t\t<\/div>\n\t\t\t\t<\/div>\n\t\t<div class=\"elementor-element elementor-element-58e3767 e-flex e-con-boxed e-con e-parent\" data-id=\"58e3767\" data-element_type=\"container\" data-e-type=\"container\">\n\t\t\t\t\t<div class=\"e-con-inner\">\n\t\t\t\t<div class=\"elementor-element elementor-element-772dbdfb elementor-widget elementor-widget-text-editor\" data-id=\"772dbdfb\" data-element_type=\"widget\" data-e-type=\"widget\" data-widget_type=\"text-editor.default\">\n\t\t\t\t\t\t\t\t\t<p>De conformidad con lo dispuesto en la Ley n\u00b0 2004-575 de 21 de junio de 2004 para la confianza en la econom\u00eda digital, se informa a los usuarios del sitio web FB PROCEDES de la identidad de los distintos intervinientes en su creaci\u00f3n y seguimiento.<\/p>\t\t\t\t\t\t\t\t<\/div>\n\t\t\t\t<div class=\"elementor-element elementor-element-92b026d elementor-widget elementor-widget-heading\" data-id=\"92b026d\" data-element_type=\"widget\" data-e-type=\"widget\" data-widget_type=\"heading.default\">\n\t\t\t\t\t<h2 class=\"elementor-heading-title elementor-size-default\">Edici\u00f3n del sitio<\/h2>\t\t\t\t<\/div>\n\t\t\t\t<div class=\"elementor-element elementor-element-0d8226b elementor-widget elementor-widget-text-editor\" data-id=\"0d8226b\" data-element_type=\"widget\" data-e-type=\"widget\" data-widget_type=\"text-editor.default\">\n\t\t\t\t\t\t\t\t\t<p>El presente sitio web, accesible en la URL https:\/\/fbprocedes.com (el \"Sitio\"), est\u00e1 editado por:<\/p><p>FB PROCEDES SAS, sociedad con un capital de 50.000 euros, inscrita en el Registro Mercantil (R.C.S.) de NANTES con el n\u00famero 383 354 396, con domicilio social en 6 rue Marcel Dassault 44980 Ste Luce sur Loire Cedex \u2013 Francia, representada por GUILLAUME DUPR\u00c9 debidamente habilitado.<\/p><p>El n\u00famero de IVA intracomunitario del editor es: FR63383354396.<\/p>\t\t\t\t\t\t\t\t<\/div>\n\t\t\t\t<div class=\"elementor-element elementor-element-162e9b4 elementor-widget elementor-widget-heading\" data-id=\"162e9b4\" data-element_type=\"widget\" data-e-type=\"widget\" data-widget_type=\"heading.default\">\n\t\t\t\t\t<h2 class=\"elementor-heading-title elementor-size-default\">Alojamiento<\/h2>\t\t\t\t<\/div>\n\t\t\t\t<div class=\"elementor-element elementor-element-c560c7e elementor-widget elementor-widget-text-editor\" data-id=\"c560c7e\" data-element_type=\"widget\" data-e-type=\"widget\" data-widget_type=\"text-editor.default\">\n\t\t\t\t\t\t\t\t\t<p>El Sitio est\u00e1 alojado por la empresa Hostinger International LTD, situada en [direcci\u00f3n], (contacto telef\u00f3nico o correo electr\u00f3nico: https:\/\/www.hostinger.fr\/contact).<\/p>\t\t\t\t\t\t\t\t<\/div>\n\t\t\t\t<div class=\"elementor-element elementor-element-8585d86 elementor-widget elementor-widget-heading\" data-id=\"8585d86\" data-element_type=\"widget\" data-e-type=\"widget\" data-widget_type=\"heading.default\">\n\t\t\t\t\t<h2 class=\"elementor-heading-title elementor-size-default\">Director de la publicaci\u00f3n<\/h2>\t\t\t\t<\/div>\n\t\t\t\t<div class=\"elementor-element elementor-element-c99b200 elementor-widget elementor-widget-text-editor\" data-id=\"c99b200\" data-element_type=\"widget\" data-e-type=\"widget\" data-widget_type=\"text-editor.default\">\n\t\t\t\t\t\t\t\t\t<p><span style=\"font-weight: 400;\">El Director de la publicaci\u00f3n del sitio es el Sr. Guillaume Dupr\u00e9.<\/span><\/p>\t\t\t\t\t\t\t\t<\/div>\n\t\t\t\t<div class=\"elementor-element elementor-element-e3dc43d elementor-widget elementor-widget-heading\" data-id=\"e3dc43d\" data-element_type=\"widget\" data-e-type=\"widget\" data-widget_type=\"heading.default\">\n\t\t\t\t\t<h2 class=\"elementor-heading-title elementor-size-default\">Cont\u00e1ctenos<\/h2>\t\t\t\t<\/div>\n\t\t\t\t<div class=\"elementor-element elementor-element-0541a76 elementor-widget elementor-widget-text-editor\" data-id=\"0541a76\" data-element_type=\"widget\" data-e-type=\"widget\" data-widget_type=\"text-editor.default\">\n\t\t\t\t\t\t\t\t\t<p>Por tel\u00e9fono: +33240258677<\/p><p>Para email : contact@fbprocedes.fr<\/p><p>Por correo postal: FB Proc\u00e9d\u00e9s \u2013 6 rue Marcel Dassault 44980 Ste Luce sur Loire Cedex Francia<\/p>\t\t\t\t\t\t\t\t<\/div>\n\t\t\t\t<div class=\"elementor-element elementor-element-76ca0ba elementor-widget elementor-widget-heading\" data-id=\"76ca0ba\" data-element_type=\"widget\" data-e-type=\"widget\" data-widget_type=\"heading.default\">\n\t\t\t\t\t<h2 class=\"elementor-heading-title elementor-size-default\">Datos personales<\/h2>\t\t\t\t<\/div>\n\t\t\t\t<div class=\"elementor-element elementor-element-878e6aa elementor-widget elementor-widget-text-editor\" data-id=\"878e6aa\" data-element_type=\"widget\" data-e-type=\"widget\" data-widget_type=\"text-editor.default\">\n\t\t\t\t\t\t\t\t\t<p>El tratamiento de sus datos de car\u00e1cter personal se rige por nuestra Carta de privacidad, disponible en la secci\u00f3n \"Carta de Protecci\u00f3n de Datos Personales\", de conformidad con el Reglamento General de Protecci\u00f3n de Datos 2016\/679 de 27 de abril de 2016 (\"RGPD\").<\/p>\t\t\t\t\t\t\t\t<\/div>\n\t\t\t\t\t<\/div>\n\t\t\t\t<\/div>\n\t\t\t\t<\/div>","protected":false},"excerpt":{"rendered":"<p>Mentions l\u00e9gales Conform\u00e9ment aux dispositions de la loi n\u00b0 2004-575 du 21 juin 2004 pour la confiance en l&rsquo;\u00e9conomie num\u00e9rique, il est pr\u00e9cis\u00e9 aux utilisateurs du site FB PROCEDES l&rsquo;identit\u00e9 des diff\u00e9rents intervenants dans le cadre de sa r\u00e9alisation et de son suivi. Edition du site Le pr\u00e9sent site, accessible \u00e0 l\u2019URL https:\/\/fbprocedes.com (le \u00ab [&hellip;]<\/p>\n","protected":false},"author":1,"featured_media":0,"parent":0,"menu_order":0,"comment_status":"closed","ping_status":"closed","template":"","meta":{"footnotes":""},"class_list":["post-2745","page","type-page","status-publish","hentry"],"aioseo_notices":[],"_links":{"self":[{"href":"https:\/\/fbprocedes.com\/es\/wp-json\/wp\/v2\/pages\/2745","targetHints":{"allow":["GET"]}}],"collection":[{"href":"https:\/\/fbprocedes.com\/es\/wp-json\/wp\/v2\/pages"}],"about":[{"href":"https:\/\/fbprocedes.com\/es\/wp-json\/wp\/v2\/types\/page"}],"author":[{"embeddable":true,"href":"https:\/\/fbprocedes.com\/es\/wp-json\/wp\/v2\/users\/1"}],"replies":[{"embeddable":true,"href":"https:\/\/fbprocedes.com\/es\/wp-json\/wp\/v2\/comments?post=2745"}],"version-history":[{"count":13,"href":"https:\/\/fbprocedes.com\/es\/wp-json\/wp\/v2\/pages\/2745\/revisions"}],"predecessor-version":[{"id":3889,"href":"https:\/\/fbprocedes.com\/es\/wp-json\/wp\/v2\/pages\/2745\/revisions\/3889"}],"wp:attachment":[{"href":"https:\/\/fbprocedes.com\/es\/wp-json\/wp\/v2\/media?parent=2745"}],"curies":[{"name":"wp","href":"https:\/\/api.w.org\/{rel}","templated":true}]}}