{"id":3761,"date":"2026-01-16T19:18:42","date_gmt":"2026-01-16T18:18:42","guid":{"rendered":"https:\/\/fbprocedes.com\/?page_id=3761"},"modified":"2026-01-19T10:50:32","modified_gmt":"2026-01-19T09:50:32","slug":"tamiz-rotativo-promel","status":"publish","type":"page","link":"https:\/\/fbprocedes.com\/es\/produits\/tamis-rotatif-promel\/","title":{"rendered":"Tamis rotatif PROMEL"},"content":{"rendered":"<div data-elementor-type=\"wp-page\" data-elementor-id=\"3761\" class=\"elementor elementor-3761\" data-elementor-post-type=\"page\">\n\t\t\t\t<div class=\"elementor-element elementor-element-bd622ff e-flex e-con-boxed e-con e-parent\" data-id=\"bd622ff\" data-element_type=\"container\" data-e-type=\"container\" data-settings=\"{&quot;background_background&quot;:&quot;classic&quot;}\">\n\t\t\t\t\t<div class=\"e-con-inner\">\n\t\t\t\t<div class=\"elementor-element elementor-element-2f0eb1ed elementor-widget elementor-widget-heading\" data-id=\"2f0eb1ed\" data-element_type=\"widget\" data-e-type=\"widget\" data-widget_type=\"heading.default\">\n\t\t\t\t\t<h1 class=\"elementor-heading-title elementor-size-default\">Tamiz rotativo PROMEL: filtraci\u00f3n fina de 0,8 a 3 mm<\/h1>\t\t\t\t<\/div>\n\t\t\t\t<div class=\"elementor-element elementor-element-6c815111 elementor-widget elementor-widget-text-editor\" data-id=\"6c815111\" data-element_type=\"widget\" data-e-type=\"widget\" data-widget_type=\"text-editor.default\">\n\t\t\t\t\t\t\t\t\tEl modelo PROMEL es un tamiz rotativo de alimentaci\u00f3n interna dise\u00f1ado para el pretratamiento mec\u00e1nico de aguas residuales. Especialmente estudiado para la separaci\u00f3n l\u00edquido-s\u00f3lido, permite una filtraci\u00f3n fina y precisa para proteger sus instalaciones de tratamiento.\t\t\t\t\t\t\t\t<\/div>\n\t\t\t\t<div class=\"elementor-element elementor-element-45412b2e elementor-align-center elementor-widget elementor-widget-button\" data-id=\"45412b2e\" data-element_type=\"widget\" data-e-type=\"widget\" data-widget_type=\"button.default\">\n\t\t\t\t\t\t\t\t\t\t<a class=\"elementor-button elementor-button-link elementor-size-sm\" href=\"\/es\/contacto\/\">\n\t\t\t\t\t\t<span class=\"elementor-button-content-wrapper\">\n\t\t\t\t\t\t\t\t\t<span class=\"elementor-button-text\">Cont\u00e1ctenos<\/span>\n\t\t\t\t\t<\/span>\n\t\t\t\t\t<\/a>\n\t\t\t\t\t\t\t\t<\/div>\n\t\t\t\t\t<\/div>\n\t\t\t\t<\/div>\n\t\t<div class=\"elementor-element elementor-element-e03d60e e-flex e-con-boxed e-con e-parent\" data-id=\"e03d60e\" data-element_type=\"container\" data-e-type=\"container\">\n\t\t\t\t\t<div class=\"e-con-inner\">\n\t\t\t\t<div class=\"elementor-element elementor-element-d5709c6 elementor-widget elementor-widget-heading\" data-id=\"d5709c6\" data-element_type=\"widget\" data-e-type=\"widget\" data-widget_type=\"heading.default\">\n\t\t\t\t\t<h2 class=\"elementor-heading-title elementor-size-default\">\u00bfQu\u00e9 es un tamiz rotativo?<\/h2>\t\t\t\t<\/div>\n\t\t\t\t<div class=\"elementor-element elementor-element-0237b61 elementor-widget-divider--view-line elementor-widget elementor-widget-divider\" data-id=\"0237b61\" data-element_type=\"widget\" data-e-type=\"widget\" data-widget_type=\"divider.default\">\n\t\t\t\t\t\t\t<div class=\"elementor-divider\">\n\t\t\t<span class=\"elementor-divider-separator\">\n\t\t\t\t\t\t<\/span>\n\t\t<\/div>\n\t\t\t\t\t\t<\/div>\n\t\t\t\t<div class=\"elementor-element elementor-element-3f249908 elementor-widget elementor-widget-text-editor\" data-id=\"3f249908\" data-element_type=\"widget\" data-e-type=\"widget\" data-widget_type=\"text-editor.default\">\n\t\t\t\t\t\t\t\t\t<p>Un tamiz rotativo es un equipo de filtraci\u00f3n mec\u00e1nica dise\u00f1ado para la separaci\u00f3n l\u00edquido-s\u00f3lido en continuo. Utilizado en el pretratamiento de aguas residuales urbanas o de efluentes industriales, permite retener las part\u00edculas finas y las materias en suspensi\u00f3n (MES) que no han sido detenidas por una simple reja de desbaste.<\/p><p>El funcionamiento del modelo PROMEL se basa en un tambor filtrante en movimiento: el efluente atraviesa la rejilla (cuya malla var\u00eda seg\u00fan la necesidad de filtraci\u00f3n fina), mientras que los residuos s\u00f3lidos son capturados en la superficie y luego evacuados autom\u00e1ticamente por un sistema de lavado. Esta tecnolog\u00eda garantiza un descolmatado permanente, asegurando un caudal constante y un mantenimiento reducido.<\/p>\t\t\t\t\t\t\t\t<\/div>\n\t\t\t\t\t<\/div>\n\t\t\t\t<\/div>\n\t\t<div class=\"elementor-element elementor-element-f9c73c8 e-flex e-con-boxed e-con e-parent\" data-id=\"f9c73c8\" data-element_type=\"container\" data-e-type=\"container\">\n\t\t\t\t\t<div class=\"e-con-inner\">\n\t\t<div class=\"elementor-element elementor-element-671a09f e-con-full e-flex e-con e-child\" data-id=\"671a09f\" data-element_type=\"container\" data-e-type=\"container\">\n\t\t\t\t<div class=\"elementor-element elementor-element-e10a053 elementor-widget elementor-widget-image\" data-id=\"e10a053\" data-element_type=\"widget\" data-e-type=\"widget\" data-widget_type=\"image.default\">\n\t\t\t\t\t\t\t\t\t\t\t\t\t\t\t<img fetchpriority=\"high\" decoding=\"async\" width=\"1024\" height=\"1024\" src=\"https:\/\/fbprocedes.com\/wp-content\/uploads\/2026\/01\/tamis-rotatif-promel.jpg\" class=\"attachment-full size-full wp-image-3779\" alt=\"Tamis rotatif promel sur une station d&#039;\u00e9puration\" srcset=\"https:\/\/fbprocedes.com\/wp-content\/uploads\/2026\/01\/tamis-rotatif-promel.jpg 1024w, https:\/\/fbprocedes.com\/wp-content\/uploads\/2026\/01\/tamis-rotatif-promel-300x300.jpg 300w, https:\/\/fbprocedes.com\/wp-content\/uploads\/2026\/01\/tamis-rotatif-promel-150x150.jpg 150w, https:\/\/fbprocedes.com\/wp-content\/uploads\/2026\/01\/tamis-rotatif-promel-768x768.jpg 768w, https:\/\/fbprocedes.com\/wp-content\/uploads\/2026\/01\/tamis-rotatif-promel-12x12.jpg 12w\" sizes=\"(max-width: 1024px) 100vw, 1024px\" \/>\t\t\t\t\t\t\t\t\t\t\t\t\t\t\t<\/div>\n\t\t\t\t<\/div>\n\t\t<div class=\"elementor-element elementor-element-80afe40 e-con-full e-flex e-con e-child\" data-id=\"80afe40\" data-element_type=\"container\" data-e-type=\"container\">\n\t\t\t\t<div class=\"elementor-element elementor-element-b12d1bd elementor-widget elementor-widget-heading\" data-id=\"b12d1bd\" data-element_type=\"widget\" data-e-type=\"widget\" data-widget_type=\"heading.default\">\n\t\t\t\t\t<h2 class=\"elementor-heading-title elementor-size-default\">Un dise\u00f1o robusto en acero inoxidable para el pretratamiento<\/h2>\t\t\t\t<\/div>\n\t\t\t\t<div class=\"elementor-element elementor-element-8e70f2c elementor-widget-divider--view-line elementor-widget elementor-widget-divider\" data-id=\"8e70f2c\" data-element_type=\"widget\" data-e-type=\"widget\" data-widget_type=\"divider.default\">\n\t\t\t\t\t\t\t<div class=\"elementor-divider\">\n\t\t\t<span class=\"elementor-divider-separator\">\n\t\t\t\t\t\t<\/span>\n\t\t<\/div>\n\t\t\t\t\t\t<\/div>\n\t\t\t\t<div class=\"elementor-element elementor-element-7382e71 elementor-widget elementor-widget-text-editor\" data-id=\"7382e71\" data-element_type=\"widget\" data-e-type=\"widget\" data-widget_type=\"text-editor.default\">\n\t\t\t\t\t\t\t\t\t<p>El modelo PROMEL es un tamiz de alimentaci\u00f3n interna dise\u00f1ado para asegurar una separaci\u00f3n l\u00edquido-s\u00f3lido eficaz. Fabricado \u00edntegramente en acero inoxidable 304L o 316L, garantiza una resistencia \u00f3ptima en los entornos m\u00e1s exigentes.<\/p><ul><li>Caudal m\u00e1ximo: Hasta 100 m\u00b3\/h.<\/li><li>Malla de filtraci\u00f3n: De 0,8 a 3,0 mm para una mayor precisi\u00f3n.<\/li><li>Tambor eficiente: Di\u00e1metro de 400 a 640 mm con una inclinaci\u00f3n de 5\u00b0.<\/li><\/ul>\t\t\t\t\t\t\t\t<\/div>\n\t\t\t\t<\/div>\n\t\t\t\t\t<\/div>\n\t\t\t\t<\/div>\n\t\t<div class=\"elementor-element elementor-element-5bb2e2a e-flex e-con-boxed e-con e-parent\" data-id=\"5bb2e2a\" data-element_type=\"container\" data-e-type=\"container\">\n\t\t\t\t\t<div class=\"e-con-inner\">\n\t\t<div class=\"elementor-element elementor-element-7a25fb27 e-con-full e-flex e-con e-child\" data-id=\"7a25fb27\" data-element_type=\"container\" data-e-type=\"container\">\n\t\t\t\t<div class=\"elementor-element elementor-element-e7ff21d elementor-widget elementor-widget-heading\" data-id=\"e7ff21d\" data-element_type=\"widget\" data-e-type=\"widget\" data-widget_type=\"heading.default\">\n\t\t\t\t\t<h2 class=\"elementor-heading-title elementor-size-default\">Un principio de funcionamiento por rotaci\u00f3n autolimpiante<\/h2>\t\t\t\t<\/div>\n\t\t\t\t<div class=\"elementor-element elementor-element-00b0ecd elementor-widget-divider--view-line elementor-widget elementor-widget-divider\" data-id=\"00b0ecd\" data-element_type=\"widget\" data-e-type=\"widget\" data-widget_type=\"divider.default\">\n\t\t\t\t\t\t\t<div class=\"elementor-divider\">\n\t\t\t<span class=\"elementor-divider-separator\">\n\t\t\t\t\t\t<\/span>\n\t\t<\/div>\n\t\t\t\t\t\t<\/div>\n\t\t\t\t<div class=\"elementor-element elementor-element-26f6ee3 elementor-widget elementor-widget-text-editor\" data-id=\"26f6ee3\" data-element_type=\"widget\" data-e-type=\"widget\" data-widget_type=\"text-editor.default\">\n\t\t\t\t\t\t\t\t\t<p>El efluente entra en el tambor donde el agua atraviesa la chapa perforada mientras que los residuos son retenidos.<\/p><ul><li>Transferencia de residuos: Un paso de rosca interno dirige los s\u00f3lidos hacia la tolva de descarga por rotaci\u00f3n.<\/li><li>Sistema anticolmataci\u00f3n: Un cepillo rotativo y una rampa de lavado (caudal 27 L\/min a 4 bar) aseguran la limpieza continua del tambor.<\/li><li>Motorizaci\u00f3n fiable: Equipado con un <a href=\"https:\/\/www.nord.com\/\">motorreductor NORD<\/a> de 0,25 a 0,75 kW.<\/li><\/ul>\t\t\t\t\t\t\t\t<\/div>\n\t\t\t\t<\/div>\n\t\t<div class=\"elementor-element elementor-element-35e89ad e-con-full e-flex e-con e-child\" data-id=\"35e89ad\" data-element_type=\"container\" data-e-type=\"container\">\n\t\t\t\t<div class=\"elementor-element elementor-element-944576c elementor-widget elementor-widget-image\" data-id=\"944576c\" data-element_type=\"widget\" data-e-type=\"widget\" data-widget_type=\"image.default\">\n\t\t\t\t\t\t\t\t\t\t\t\t\t\t\t<img decoding=\"async\" width=\"800\" height=\"602\" src=\"https:\/\/fbprocedes.com\/wp-content\/uploads\/2026\/01\/tamis-rotatif-pretraitement-promel.jpg\" class=\"attachment-large size-large wp-image-3778\" alt=\"Vue 3D du tamis rotatif promel de fb proc\u00e9d\u00e9s\" srcset=\"https:\/\/fbprocedes.com\/wp-content\/uploads\/2026\/01\/tamis-rotatif-pretraitement-promel.jpg 1024w, https:\/\/fbprocedes.com\/wp-content\/uploads\/2026\/01\/tamis-rotatif-pretraitement-promel-300x226.jpg 300w, https:\/\/fbprocedes.com\/wp-content\/uploads\/2026\/01\/tamis-rotatif-pretraitement-promel-768x578.jpg 768w, https:\/\/fbprocedes.com\/wp-content\/uploads\/2026\/01\/tamis-rotatif-pretraitement-promel-16x12.jpg 16w\" sizes=\"(max-width: 800px) 100vw, 800px\" \/>\t\t\t\t\t\t\t\t\t\t\t\t\t\t\t<\/div>\n\t\t\t\t<\/div>\n\t\t\t\t\t<\/div>\n\t\t\t\t<\/div>\n\t\t<div class=\"elementor-element elementor-element-1936f732 e-flex e-con-boxed e-con e-parent\" data-id=\"1936f732\" data-element_type=\"container\" data-e-type=\"container\" data-settings=\"{&quot;background_background&quot;:&quot;classic&quot;}\">\n\t\t\t\t\t<div class=\"e-con-inner\">\n\t\t<div class=\"elementor-element elementor-element-57fb0133 e-con-full e-flex e-con e-child\" data-id=\"57fb0133\" data-element_type=\"container\" data-e-type=\"container\">\n\t\t\t\t<div class=\"elementor-element elementor-element-4776a232 elementor-widget elementor-widget-heading\" data-id=\"4776a232\" data-element_type=\"widget\" data-e-type=\"widget\" data-widget_type=\"heading.default\">\n\t\t\t\t\t<h2 class=\"elementor-heading-title elementor-size-default\">Un mantenimiento simplificado y seguro<\/h2>\t\t\t\t<\/div>\n\t\t\t\t<div class=\"elementor-element elementor-element-75a6b3f7 elementor-widget-divider--view-line elementor-widget elementor-widget-divider\" data-id=\"75a6b3f7\" data-element_type=\"widget\" data-e-type=\"widget\" data-widget_type=\"divider.default\">\n\t\t\t\t\t\t\t<div class=\"elementor-divider\">\n\t\t\t<span class=\"elementor-divider-separator\">\n\t\t\t\t\t\t<\/span>\n\t\t<\/div>\n\t\t\t\t\t\t<\/div>\n\t\t\t\t<div class=\"elementor-element elementor-element-3845e56c elementor-widget elementor-widget-text-editor\" data-id=\"3845e56c\" data-element_type=\"widget\" data-e-type=\"widget\" data-widget_type=\"text-editor.default\">\n\t\t\t\t\t\t\t\t\t<p>El PROMEL ha sido pensado para reducir los tiempos de inactividad gracias a una ergonom\u00eda optimizada:<\/p><ul><li>Acceso total: Tapa superior con bisagras y paneles laterales desmontables con llave de 1\/4 de vuelta.<\/li><li>Control intuitivo: Caja de mandos con funciones \"avance-retroceso\", \"lavado forzado\" y parada de emergencia.<\/li><li>Seguridad m\u00e1xima: Interruptores de seguridad conectados en la tapa y la tolva.<\/li><\/ul>\t\t\t\t\t\t\t\t<\/div>\n\t\t\t\t<\/div>\n\t\t<div class=\"elementor-element elementor-element-6015425c e-con-full e-flex e-con e-child\" data-id=\"6015425c\" data-element_type=\"container\" data-e-type=\"container\">\n\t\t\t\t<div class=\"elementor-element elementor-element-32aaf8dc elementor-widget elementor-widget-heading\" data-id=\"32aaf8dc\" data-element_type=\"widget\" data-e-type=\"widget\" data-widget_type=\"heading.default\">\n\t\t\t\t\t<h2 class=\"elementor-heading-title elementor-size-default\">Opciones y modularidad para sus instalaciones<\/h2>\t\t\t\t<\/div>\n\t\t\t\t<div class=\"elementor-element elementor-element-5649564 elementor-widget-divider--view-line elementor-widget elementor-widget-divider\" data-id=\"5649564\" data-element_type=\"widget\" data-e-type=\"widget\" data-widget_type=\"divider.default\">\n\t\t\t\t\t\t\t<div class=\"elementor-divider\">\n\t\t\t<span class=\"elementor-divider-separator\">\n\t\t\t\t\t\t<\/span>\n\t\t<\/div>\n\t\t\t\t\t\t<\/div>\n\t\t\t\t<div class=\"elementor-element elementor-element-66e6868b elementor-widget elementor-widget-text-editor\" data-id=\"66e6868b\" data-element_type=\"widget\" data-e-type=\"widget\" data-widget_type=\"text-editor.default\">\n\t\t\t\t\t\t\t\t\t<p>Para adaptarse a su configuraci\u00f3n, FB Proc\u00e9d\u00e9s ofrece diversas opciones:<\/p><ul><li>Protecci\u00f3n por rebose en caso de colmataci\u00f3n accidental.<\/li><li>Bastidor con pies de apoyo ajustables para una nivelaci\u00f3n perfecta.<\/li><li>Posibilidad de asociaci\u00f3n directa con nuestros tornillos compactadores o prensas.<\/li><li>Realces, canaletas de adaptaci\u00f3n y armarios el\u00e9ctricos a medida.<\/li><li><span data-teams=\"true\">Bypass con canal met\u00e1lico equipado con una reja manual.<\/span><\/li><\/ul>\t\t\t\t\t\t\t\t<\/div>\n\t\t\t\t<\/div>\n\t\t\t\t\t<\/div>\n\t\t\t\t<\/div>\n\t\t<div class=\"elementor-element elementor-element-5cb28fe3 e-flex e-con-boxed e-con e-parent\" data-id=\"5cb28fe3\" data-element_type=\"container\" data-e-type=\"container\">\n\t\t\t\t\t<div class=\"e-con-inner\">\n\t\t\t\t<div class=\"elementor-element elementor-element-2ffb1641 elementor-widget elementor-widget-button\" data-id=\"2ffb1641\" data-element_type=\"widget\" data-e-type=\"widget\" data-widget_type=\"button.default\">\n\t\t\t\t\t\t\t\t\t\t<a class=\"elementor-button elementor-button-link elementor-size-sm\" href=\"https:\/\/fbprocedes.com\/wp-content\/uploads\/2026\/01\/Fiche-Produit-Tamis-PROMEL-FR.pdf\">\n\t\t\t\t\t\t<span class=\"elementor-button-content-wrapper\">\n\t\t\t\t\t\t\t\t\t<span class=\"elementor-button-text\">Descargar la ficha t\u00e9cnica<\/span>\n\t\t\t\t\t<\/span>\n\t\t\t\t\t<\/a>\n\t\t\t\t\t\t\t\t<\/div>\n\t\t\t\t\t<\/div>\n\t\t\t\t<\/div>\n\t\t<div class=\"elementor-element elementor-element-292f4e95 e-flex e-con-boxed e-con e-parent\" data-id=\"292f4e95\" data-element_type=\"container\" data-e-type=\"container\">\n\t\t\t\t\t<div class=\"e-con-inner\">\n\t\t\t\t<div class=\"elementor-element elementor-element-1af7e008 elementor-widget elementor-widget-heading\" data-id=\"1af7e008\" data-element_type=\"widget\" data-e-type=\"widget\" data-widget_type=\"heading.default\">\n\t\t\t\t\t<h2 class=\"elementor-heading-title elementor-size-default\">Nuestras otras soluciones de pretratamiento<\/h2>\t\t\t\t<\/div>\n\t\t\t\t<div class=\"elementor-element elementor-element-5a5c5ca8 elementor-widget-divider--view-line elementor-widget elementor-widget-divider\" data-id=\"5a5c5ca8\" data-element_type=\"widget\" data-e-type=\"widget\" data-widget_type=\"divider.default\">\n\t\t\t\t\t\t\t<div class=\"elementor-divider\">\n\t\t\t<span class=\"elementor-divider-separator\">\n\t\t\t\t\t\t<\/span>\n\t\t<\/div>\n\t\t\t\t\t\t<\/div>\n\t\t\t\t\t<\/div>\n\t\t\t\t<\/div>\n\t\t<div class=\"elementor-element elementor-element-7bac89c2 e-grid e-con-boxed e-con e-parent\" data-id=\"7bac89c2\" data-element_type=\"container\" data-e-type=\"container\">\n\t\t\t\t\t<div class=\"e-con-inner\">\n\t\t<div class=\"elementor-element elementor-element-27165a86 e-con-full e-flex e-con e-child\" data-id=\"27165a86\" data-element_type=\"container\" data-e-type=\"container\" data-settings=\"{&quot;background_background&quot;:&quot;classic&quot;}\">\n\t\t\t\t<div class=\"elementor-element elementor-element-620caa01 elementor-widget elementor-widget-image\" data-id=\"620caa01\" data-element_type=\"widget\" data-e-type=\"widget\" data-widget_type=\"image.default\">\n\t\t\t\t\t\t\t\t\t\t\t\t\t\t\t<img decoding=\"async\" width=\"500\" height=\"500\" src=\"https:\/\/fbprocedes.com\/wp-content\/uploads\/2025\/12\/degrilleur-sg400.jpg\" class=\"attachment-medium_large size-medium_large wp-image-875\" alt=\"Vista 3D en CAD de una reja de desbaste vertical SG400\" srcset=\"https:\/\/fbprocedes.com\/wp-content\/uploads\/2025\/12\/degrilleur-sg400.jpg 500w, https:\/\/fbprocedes.com\/wp-content\/uploads\/2025\/12\/degrilleur-sg400-300x300.jpg 300w, https:\/\/fbprocedes.com\/wp-content\/uploads\/2025\/12\/degrilleur-sg400-150x150.jpg 150w\" sizes=\"(max-width: 500px) 100vw, 500px\" \/>\t\t\t\t\t\t\t\t\t\t\t\t\t\t\t<\/div>\n\t\t\t\t<div class=\"elementor-element elementor-element-4c982229 elementor-widget elementor-widget-heading\" data-id=\"4c982229\" data-element_type=\"widget\" data-e-type=\"widget\" data-widget_type=\"heading.default\">\n\t\t\t\t\t<h3 class=\"elementor-heading-title elementor-size-default\">Reja de desbaste SG400<\/h3>\t\t\t\t<\/div>\n\t\t\t\t<div class=\"elementor-element elementor-element-34b45d2a elementor-widget elementor-widget-text-editor\" data-id=\"34b45d2a\" data-element_type=\"widget\" data-e-type=\"widget\" data-widget_type=\"text-editor.default\">\n\t\t\t\t\t\t\t\t\t<p style=\"text-align: center;\">Reja autom\u00e1tica vertical de 400 mm de ancho para caudales de hasta 120 m3\/h<\/p>\t\t\t\t\t\t\t\t<\/div>\n\t\t\t\t<div class=\"elementor-element elementor-element-f21dca3 elementor-align-center elementor-widget elementor-widget-button\" data-id=\"f21dca3\" data-element_type=\"widget\" data-e-type=\"widget\" data-widget_type=\"button.default\">\n\t\t\t\t\t\t\t\t\t\t<a class=\"elementor-button elementor-button-link elementor-size-sm\" href=\"\/es\/reja-de-desbaste-sg400\/\">\n\t\t\t\t\t\t<span class=\"elementor-button-content-wrapper\">\n\t\t\t\t\t\t\t\t\t<span class=\"elementor-button-text\">Ver<\/span>\n\t\t\t\t\t<\/span>\n\t\t\t\t\t<\/a>\n\t\t\t\t\t\t\t\t<\/div>\n\t\t\t\t<\/div>\n\t\t<div class=\"elementor-element elementor-element-893c66e e-con-full e-flex e-con e-child\" data-id=\"893c66e\" data-element_type=\"container\" data-e-type=\"container\" data-settings=\"{&quot;background_background&quot;:&quot;classic&quot;}\">\n\t\t\t\t<div class=\"elementor-element elementor-element-2137867a elementor-widget elementor-widget-image\" data-id=\"2137867a\" data-element_type=\"widget\" data-e-type=\"widget\" data-widget_type=\"image.default\">\n\t\t\t\t\t\t\t\t\t\t\t\t\t\t\t<img loading=\"lazy\" decoding=\"async\" width=\"500\" height=\"500\" src=\"https:\/\/fbprocedes.com\/wp-content\/uploads\/2025\/12\/degrilleur-ng.jpg\" class=\"attachment-medium_large size-medium_large wp-image-873\" alt=\"Vista 3D en CAD de una reja de desbaste vertical NG\" srcset=\"https:\/\/fbprocedes.com\/wp-content\/uploads\/2025\/12\/degrilleur-ng.jpg 500w, https:\/\/fbprocedes.com\/wp-content\/uploads\/2025\/12\/degrilleur-ng-300x300.jpg 300w, https:\/\/fbprocedes.com\/wp-content\/uploads\/2025\/12\/degrilleur-ng-150x150.jpg 150w\" sizes=\"(max-width: 500px) 100vw, 500px\" \/>\t\t\t\t\t\t\t\t\t\t\t\t\t\t\t<\/div>\n\t\t\t\t<div class=\"elementor-element elementor-element-2136e144 elementor-widget elementor-widget-heading\" data-id=\"2136e144\" data-element_type=\"widget\" data-e-type=\"widget\" data-widget_type=\"heading.default\">\n\t\t\t\t\t<h3 class=\"elementor-heading-title elementor-size-default\">Reja de desbaste NG<\/h3>\t\t\t\t<\/div>\n\t\t\t\t<div class=\"elementor-element elementor-element-78f902ca elementor-widget elementor-widget-text-editor\" data-id=\"78f902ca\" data-element_type=\"widget\" data-e-type=\"widget\" data-widget_type=\"text-editor.default\">\n\t\t\t\t\t\t\t\t\t<p style=\"text-align: center;\">Desarenador autom\u00e1tico vertical a medida para caudales de hasta 6000 m3\/h<\/p>\t\t\t\t\t\t\t\t<\/div>\n\t\t\t\t<div class=\"elementor-element elementor-element-316ac623 elementor-align-center elementor-widget elementor-widget-button\" data-id=\"316ac623\" data-element_type=\"widget\" data-e-type=\"widget\" data-widget_type=\"button.default\">\n\t\t\t\t\t\t\t\t\t\t<a class=\"elementor-button elementor-button-link elementor-size-sm\" href=\"\/es\/reja-de-desbaste-ng\/\">\n\t\t\t\t\t\t<span class=\"elementor-button-content-wrapper\">\n\t\t\t\t\t\t\t\t\t<span class=\"elementor-button-text\">Ver<\/span>\n\t\t\t\t\t<\/span>\n\t\t\t\t\t<\/a>\n\t\t\t\t\t\t\t\t<\/div>\n\t\t\t\t<\/div>\n\t\t<div class=\"elementor-element elementor-element-38237d42 e-con-full e-flex e-con e-child\" data-id=\"38237d42\" data-element_type=\"container\" data-e-type=\"container\" data-settings=\"{&quot;background_background&quot;:&quot;classic&quot;}\">\n\t\t\t\t<div class=\"elementor-element elementor-element-33b906d0 elementor-widget elementor-widget-image\" data-id=\"33b906d0\" data-element_type=\"widget\" data-e-type=\"widget\" data-widget_type=\"image.default\">\n\t\t\t\t\t\t\t\t\t\t\t\t\t\t\t<img loading=\"lazy\" decoding=\"async\" width=\"500\" height=\"500\" src=\"https:\/\/fbprocedes.com\/wp-content\/uploads\/2025\/12\/degrilleur-xg.jpg\" class=\"attachment-medium_large size-medium_large wp-image-874\" alt=\"Vista 3D en CAD de una reja de desbaste vertical XG\" srcset=\"https:\/\/fbprocedes.com\/wp-content\/uploads\/2025\/12\/degrilleur-xg.jpg 500w, https:\/\/fbprocedes.com\/wp-content\/uploads\/2025\/12\/degrilleur-xg-300x300.jpg 300w, https:\/\/fbprocedes.com\/wp-content\/uploads\/2025\/12\/degrilleur-xg-150x150.jpg 150w\" sizes=\"(max-width: 500px) 100vw, 500px\" \/>\t\t\t\t\t\t\t\t\t\t\t\t\t\t\t<\/div>\n\t\t\t\t<div class=\"elementor-element elementor-element-2319d98c elementor-widget elementor-widget-heading\" data-id=\"2319d98c\" data-element_type=\"widget\" data-e-type=\"widget\" data-widget_type=\"heading.default\">\n\t\t\t\t\t<h3 class=\"elementor-heading-title elementor-size-default\">Reja de desbaste XG<\/h3>\t\t\t\t<\/div>\n\t\t\t\t<div class=\"elementor-element elementor-element-629e836c elementor-widget elementor-widget-text-editor\" data-id=\"629e836c\" data-element_type=\"widget\" data-e-type=\"widget\" data-widget_type=\"text-editor.default\">\n\t\t\t\t\t\t\t\t\t<p style=\"text-align: center;\">Desarenador autom\u00e1tico vertical a medida para caudales de hasta 20 000 m3\/h<\/p>\t\t\t\t\t\t\t\t<\/div>\n\t\t\t\t<div class=\"elementor-element elementor-element-6f691a74 elementor-align-center elementor-widget elementor-widget-button\" data-id=\"6f691a74\" data-element_type=\"widget\" data-e-type=\"widget\" data-widget_type=\"button.default\">\n\t\t\t\t\t\t\t\t\t\t<a class=\"elementor-button elementor-button-link elementor-size-sm\" href=\"\/es\/reja-de-desbaste-xg\/\">\n\t\t\t\t\t\t<span class=\"elementor-button-content-wrapper\">\n\t\t\t\t\t\t\t\t\t<span class=\"elementor-button-text\">Ver<\/span>\n\t\t\t\t\t<\/span>\n\t\t\t\t\t<\/a>\n\t\t\t\t\t\t\t\t<\/div>\n\t\t\t\t<\/div>\n\t\t\t\t\t<\/div>\n\t\t\t\t<\/div>\n\t\t\t\t<\/div>","protected":false},"excerpt":{"rendered":"<p>Tamis rotatif PROMEL : filtration fine de 0,8 \u00e0 3 mm Le mod\u00e8le PROMEL est un tamis rotatif \u00e0 alimentation interne con\u00e7u pour le pr\u00e9traitement m\u00e9canique des eaux us\u00e9es. Sp\u00e9cialement \u00e9tudi\u00e9 pour la s\u00e9paration liquide-solide, il permet une filtration fine et pr\u00e9cise pour prot\u00e9ger vos installations de traitement. Nous contacter Qu&rsquo;est-ce qu&rsquo;un tamis rotatif ? [&hellip;]<\/p>\n","protected":false},"author":1,"featured_media":0,"parent":901,"menu_order":0,"comment_status":"closed","ping_status":"closed","template":"","meta":{"footnotes":""},"class_list":["post-3761","page","type-page","status-publish","hentry"],"aioseo_notices":[],"_links":{"self":[{"href":"https:\/\/fbprocedes.com\/es\/wp-json\/wp\/v2\/pages\/3761","targetHints":{"allow":["GET"]}}],"collection":[{"href":"https:\/\/fbprocedes.com\/es\/wp-json\/wp\/v2\/pages"}],"about":[{"href":"https:\/\/fbprocedes.com\/es\/wp-json\/wp\/v2\/types\/page"}],"author":[{"embeddable":true,"href":"https:\/\/fbprocedes.com\/es\/wp-json\/wp\/v2\/users\/1"}],"replies":[{"embeddable":true,"href":"https:\/\/fbprocedes.com\/es\/wp-json\/wp\/v2\/comments?post=3761"}],"version-history":[{"count":37,"href":"https:\/\/fbprocedes.com\/es\/wp-json\/wp\/v2\/pages\/3761\/revisions"}],"predecessor-version":[{"id":3861,"href":"https:\/\/fbprocedes.com\/es\/wp-json\/wp\/v2\/pages\/3761\/revisions\/3861"}],"up":[{"embeddable":true,"href":"https:\/\/fbprocedes.com\/es\/wp-json\/wp\/v2\/pages\/901"}],"wp:attachment":[{"href":"https:\/\/fbprocedes.com\/es\/wp-json\/wp\/v2\/media?parent=3761"}],"curies":[{"name":"wp","href":"https:\/\/api.w.org\/{rel}","templated":true}]}}