{"id":475,"date":"2025-11-26T14:50:45","date_gmt":"2025-11-26T13:50:45","guid":{"rendered":"https:\/\/fbprocedes.com\/?page_id=475"},"modified":"2026-01-16T16:13:12","modified_gmt":"2026-01-16T15:13:12","slug":"tecnologia-de-desbaste","status":"publish","type":"page","link":"https:\/\/fbprocedes.com\/es\/produits\/degrilleurs\/technologie-de-degrillage\/","title":{"rendered":"Tecnolog\u00eda de desbaste"},"content":{"rendered":"<div data-elementor-type=\"wp-page\" data-elementor-id=\"475\" class=\"elementor elementor-475\" data-elementor-post-type=\"page\">\n\t\t\t\t<div class=\"elementor-element elementor-element-3ce84037 e-flex e-con-boxed e-con e-parent\" data-id=\"3ce84037\" data-element_type=\"container\" data-e-type=\"container\" data-settings=\"{&quot;background_background&quot;:&quot;classic&quot;}\">\n\t\t\t\t\t<div class=\"e-con-inner\">\n\t\t\t\t<div class=\"elementor-element elementor-element-1d24ce3c elementor-widget elementor-widget-heading\" data-id=\"1d24ce3c\" data-element_type=\"widget\" data-e-type=\"widget\" data-widget_type=\"heading.default\">\n\t\t\t\t\t<h1 class=\"elementor-heading-title elementor-size-default\">Tecnolog\u00eda de desbaste<\/h1>\t\t\t\t<\/div>\n\t\t\t\t<div class=\"elementor-element elementor-element-4ab0e2f8 elementor-widget elementor-widget-text-editor\" data-id=\"4ab0e2f8\" data-element_type=\"widget\" data-e-type=\"widget\" data-widget_type=\"text-editor.default\">\n\t\t\t\t\t\t\t\t\t<p>Nuestro principio de funcionamiento por gravedad se aplica a todas nuestras rejas de desbaste, independientemente de su anchura o profundidad.<\/p>\t\t\t\t\t\t\t\t<\/div>\n\t\t\t\t<div class=\"elementor-element elementor-element-57a8e436 elementor-align-center elementor-widget elementor-widget-button\" data-id=\"57a8e436\" data-element_type=\"widget\" data-e-type=\"widget\" data-widget_type=\"button.default\">\n\t\t\t\t\t\t\t\t\t\t<a class=\"elementor-button elementor-button-link elementor-size-sm\" href=\"\/es\/productos\/rejas-de-desbaste\/\">\n\t\t\t\t\t\t<span class=\"elementor-button-content-wrapper\">\n\t\t\t\t\t\t\t\t\t<span class=\"elementor-button-text\">Descubra nuestras rejas de desbaste<\/span>\n\t\t\t\t\t<\/span>\n\t\t\t\t\t<\/a>\n\t\t\t\t\t\t\t\t<\/div>\n\t\t\t\t\t<\/div>\n\t\t\t\t<\/div>\n\t\t<div class=\"elementor-element elementor-element-59eb8606 e-flex e-con-boxed e-con e-parent\" data-id=\"59eb8606\" data-element_type=\"container\" data-e-type=\"container\">\n\t\t\t\t\t<div class=\"e-con-inner\">\n\t\t<div class=\"elementor-element elementor-element-4bbc2ba1 e-con-full e-flex e-con e-child\" data-id=\"4bbc2ba1\" data-element_type=\"container\" data-e-type=\"container\">\n\t\t\t\t<div class=\"elementor-element elementor-element-78df4e4c elementor-widget elementor-widget-text-editor\" data-id=\"78df4e4c\" data-element_type=\"widget\" data-e-type=\"widget\" data-widget_type=\"text-editor.default\">\n\t\t\t\t\t\t\t\t\t<p style=\"text-align: center;\">Nuestra especialidad: las rejas de desbaste autom\u00e1ticas verticales. Seg\u00fan las necesidades, las asociamos a nuestros propios tornillos transportadores o compactadores.<\/p><p style=\"text-align: center;\">Tambi\u00e9n contamos con un s\u00f3lido saber hacer en el dise\u00f1o y la fabricaci\u00f3n de distribuidores rotativos para filtros percoladores.<\/p><p style=\"text-align: center;\">Hoy en d\u00eda, hay varios miles de rejas de desbaste instaladas en Francia y en el extranjero. En constante crecimiento, cerca de 40 rejas de desbaste salen de nuestros talleres cada mes.<\/p><p style=\"text-align: center;\">Para aguas residuales, naturales, pluviales o industriales, las rejas de desbaste FB Proc\u00e9d\u00e9s se benefician de 35 a\u00f1os de experiencia en el tratamiento de aguas y hoy en d\u00eda son una referencia.<\/p>\t\t\t\t\t\t\t\t<\/div>\n\t\t\t\t<\/div>\n\t\t\t\t\t<\/div>\n\t\t\t\t<\/div>\n\t\t<div class=\"elementor-element elementor-element-9179acb e-flex e-con-boxed e-con e-parent\" data-id=\"9179acb\" data-element_type=\"container\" data-e-type=\"container\">\n\t\t\t\t\t<div class=\"e-con-inner\">\n\t\t<div class=\"elementor-element elementor-element-23770286 e-con-full e-flex e-con e-child\" data-id=\"23770286\" data-element_type=\"container\" data-e-type=\"container\">\n\t\t\t\t<div class=\"elementor-element elementor-element-05c15dc elementor-widget elementor-widget-heading\" data-id=\"05c15dc\" data-element_type=\"widget\" data-e-type=\"widget\" data-widget_type=\"heading.default\">\n\t\t\t\t\t<h2 class=\"elementor-heading-title elementor-size-default\">Dise\u00f1o e ingenier\u00eda: la experiencia de nuestro departamento de ingenier\u00eda<\/h2>\t\t\t\t<\/div>\n\t\t\t\t<div class=\"elementor-element elementor-element-389568ed elementor-widget__width-initial elementor-widget-divider--view-line elementor-widget elementor-widget-divider\" data-id=\"389568ed\" data-element_type=\"widget\" data-e-type=\"widget\" data-widget_type=\"divider.default\">\n\t\t\t\t\t\t\t<div class=\"elementor-divider\">\n\t\t\t<span class=\"elementor-divider-separator\">\n\t\t\t\t\t\t<\/span>\n\t\t<\/div>\n\t\t\t\t\t\t<\/div>\n\t\t\t\t<\/div>\n\t\t\t\t\t<\/div>\n\t\t\t\t<\/div>\n\t\t<div class=\"elementor-element elementor-element-3daddc3 e-flex e-con-boxed e-con e-parent\" data-id=\"3daddc3\" data-element_type=\"container\" data-e-type=\"container\">\n\t\t\t\t\t<div class=\"e-con-inner\">\n\t\t<div class=\"elementor-element elementor-element-6529a0f e-con-full e-flex e-con e-child\" data-id=\"6529a0f\" data-element_type=\"container\" data-e-type=\"container\">\n\t\t\t\t<div class=\"elementor-element elementor-element-6d58a612 elementor-widget elementor-widget-text-editor\" data-id=\"6d58a612\" data-element_type=\"widget\" data-e-type=\"widget\" data-widget_type=\"text-editor.default\">\n\t\t\t\t\t\t\t\t\t<p>Nuestro departamento de ingenier\u00eda es el coraz\u00f3n de la innovaci\u00f3n y del dise\u00f1o t\u00e9cnico de nuestros proyectos, con una experiencia particular en sistemas de desbaste.<\/p><p>Formado por ingenieros y t\u00e9cnicos experimentados, se compromete a desarrollar soluciones de rejas de desbaste a medida, adaptadas a las necesidades espec\u00edficas de cada cliente para el tratamiento de aguas residuales. Desde el an\u00e1lisis inicial hasta la modelizaci\u00f3n 3D, pasando por los c\u00e1lculos t\u00e9cnicos, nuestro equipo acompa\u00f1a cada etapa del proceso para garantizar equipos fiables, de alto rendimiento y conformes a la normativa vigente.<\/p><p>Con una fuerte orientaci\u00f3n hacia la innovaci\u00f3n, nuestro departamento de ingenier\u00eda explora constantemente nuevas t\u00e9cnicas y tecnolog\u00edas para ofrecer soluciones de desbaste cada vez m\u00e1s optimizadas y eficientes.<\/p>\t\t\t\t\t\t\t\t<\/div>\n\t\t\t\t<\/div>\n\t\t<div class=\"elementor-element elementor-element-6b1aa413 e-con-full e-flex e-con e-child\" data-id=\"6b1aa413\" data-element_type=\"container\" data-e-type=\"container\">\n\t\t\t\t<div class=\"elementor-element elementor-element-1777e619 elementor-widget elementor-widget-image\" data-id=\"1777e619\" data-element_type=\"widget\" data-e-type=\"widget\" data-widget_type=\"image.default\">\n\t\t\t\t\t\t\t\t\t\t\t\t\t\t\t<img fetchpriority=\"high\" decoding=\"async\" width=\"800\" height=\"492\" src=\"https:\/\/fbprocedes.com\/wp-content\/uploads\/2025\/11\/bureau-etudes-degrilleurs-1.webp\" class=\"attachment-large size-large wp-image-424\" alt=\"Vista 3D de una reja de desbaste autom\u00e1tica dise\u00f1ada en CAD\" srcset=\"https:\/\/fbprocedes.com\/wp-content\/uploads\/2025\/11\/bureau-etudes-degrilleurs-1.webp 1000w, https:\/\/fbprocedes.com\/wp-content\/uploads\/2025\/11\/bureau-etudes-degrilleurs-1-300x185.webp 300w, https:\/\/fbprocedes.com\/wp-content\/uploads\/2025\/11\/bureau-etudes-degrilleurs-1-768x472.webp 768w\" sizes=\"(max-width: 800px) 100vw, 800px\" \/>\t\t\t\t\t\t\t\t\t\t\t\t\t\t\t<\/div>\n\t\t\t\t<\/div>\n\t\t\t\t\t<\/div>\n\t\t\t\t<\/div>\n\t\t<div class=\"elementor-element elementor-element-67705512 e-flex e-con-boxed e-con e-parent\" data-id=\"67705512\" data-element_type=\"container\" data-e-type=\"container\">\n\t\t\t\t\t<div class=\"e-con-inner\">\n\t\t<div class=\"elementor-element elementor-element-ae5dad8 e-con-full e-flex e-con e-child\" data-id=\"ae5dad8\" data-element_type=\"container\" data-e-type=\"container\">\n\t\t\t\t<div class=\"elementor-element elementor-element-b9370a0 elementor-widget elementor-widget-heading\" data-id=\"b9370a0\" data-element_type=\"widget\" data-e-type=\"widget\" data-widget_type=\"heading.default\">\n\t\t\t\t\t<h2 class=\"elementor-heading-title elementor-size-default\">Fabricaci\u00f3n 100 % francesa en nuestros propios talleres<\/h2>\t\t\t\t<\/div>\n\t\t\t\t<div class=\"elementor-element elementor-element-2cb4d738 elementor-widget__width-initial elementor-widget-divider--view-line elementor-widget elementor-widget-divider\" data-id=\"2cb4d738\" data-element_type=\"widget\" data-e-type=\"widget\" data-widget_type=\"divider.default\">\n\t\t\t\t\t\t\t<div class=\"elementor-divider\">\n\t\t\t<span class=\"elementor-divider-separator\">\n\t\t\t\t\t\t<\/span>\n\t\t<\/div>\n\t\t\t\t\t\t<\/div>\n\t\t\t\t<\/div>\n\t\t\t\t\t<\/div>\n\t\t\t\t<\/div>\n\t\t<div class=\"elementor-element elementor-element-acafb26 e-flex e-con-boxed e-con e-parent\" data-id=\"acafb26\" data-element_type=\"container\" data-e-type=\"container\">\n\t\t\t\t\t<div class=\"e-con-inner\">\n\t\t<div class=\"elementor-element elementor-element-226b7bec e-con-full e-flex e-con e-child\" data-id=\"226b7bec\" data-element_type=\"container\" data-e-type=\"container\">\n\t\t\t\t<div class=\"elementor-element elementor-element-143510c3 elementor-widget elementor-widget-image\" data-id=\"143510c3\" data-element_type=\"widget\" data-e-type=\"widget\" data-widget_type=\"image.default\">\n\t\t\t\t\t\t\t\t\t\t\t\t\t\t\t<img decoding=\"async\" width=\"800\" height=\"600\" src=\"https:\/\/fbprocedes.com\/wp-content\/uploads\/2025\/11\/fabrication-degrilleur.webp\" class=\"attachment-large size-large wp-image-430\" alt=\"T\u00e9cnico ensamblando una reja de desbaste en el taller de producci\u00f3n\" srcset=\"https:\/\/fbprocedes.com\/wp-content\/uploads\/2025\/11\/fabrication-degrilleur.webp 1000w, https:\/\/fbprocedes.com\/wp-content\/uploads\/2025\/11\/fabrication-degrilleur-300x225.webp 300w, https:\/\/fbprocedes.com\/wp-content\/uploads\/2025\/11\/fabrication-degrilleur-768x576.webp 768w\" sizes=\"(max-width: 800px) 100vw, 800px\" \/>\t\t\t\t\t\t\t\t\t\t\t\t\t\t\t<\/div>\n\t\t\t\t<\/div>\n\t\t<div class=\"elementor-element elementor-element-5da27df7 e-con-full e-flex e-con e-child\" data-id=\"5da27df7\" data-element_type=\"container\" data-e-type=\"container\">\n\t\t\t\t<div class=\"elementor-element elementor-element-11310618 elementor-widget elementor-widget-text-editor\" data-id=\"11310618\" data-element_type=\"widget\" data-e-type=\"widget\" data-widget_type=\"text-editor.default\">\n\t\t\t\t\t\t\t\t\t<p>Todos los productos de la gama FB Proc\u00e9d\u00e9s se fabrican en nuestros propios talleres, benefici\u00e1ndose de la experiencia y el saber hacer de un personal cualificado, as\u00ed como de tecnolog\u00eda de vanguardia (corte l\u00e1ser, plegadora CNC, puestos de soldadura TIG y MAG, instalaciones de decapado y pasivado de acero inoxidable, etc.).<\/p><p>Una verdadera ventaja en nuestro proceso de preparaci\u00f3n: todas las rejas de desbaste se ajustan y se prueban en una fosa de \u00d8 2.500 mm y 7.000 mm de profundidad, situada dentro de nuestros propios talleres. Esto nos permite controlar todos los aspectos mec\u00e1nicos y el\u00e9ctricos de cada equipo.<\/p><p>El objetivo es eliminar cualquier imprevisto durante la puesta en marcha.<\/p>\t\t\t\t\t\t\t\t<\/div>\n\t\t\t\t<\/div>\n\t\t\t\t\t<\/div>\n\t\t\t\t<\/div>\n\t\t<div class=\"elementor-element elementor-element-1244ae61 e-flex e-con-boxed e-con e-parent\" data-id=\"1244ae61\" data-element_type=\"container\" data-e-type=\"container\">\n\t\t\t\t\t<div class=\"e-con-inner\">\n\t\t<div class=\"elementor-element elementor-element-3e775006 e-con-full e-flex e-con e-child\" data-id=\"3e775006\" data-element_type=\"container\" data-e-type=\"container\">\n\t\t\t\t<div class=\"elementor-element elementor-element-bf621cd elementor-widget elementor-widget-heading\" data-id=\"bf621cd\" data-element_type=\"widget\" data-e-type=\"widget\" data-widget_type=\"heading.default\">\n\t\t\t\t\t<h2 class=\"elementor-heading-title elementor-size-default\">De nuestro sitio de producci\u00f3n a su obra<\/h2>\t\t\t\t<\/div>\n\t\t\t\t<div class=\"elementor-element elementor-element-5c8cc2cd elementor-widget__width-initial elementor-widget-divider--view-line elementor-widget elementor-widget-divider\" data-id=\"5c8cc2cd\" data-element_type=\"widget\" data-e-type=\"widget\" data-widget_type=\"divider.default\">\n\t\t\t\t\t\t\t<div class=\"elementor-divider\">\n\t\t\t<span class=\"elementor-divider-separator\">\n\t\t\t\t\t\t<\/span>\n\t\t<\/div>\n\t\t\t\t\t\t<\/div>\n\t\t\t\t<\/div>\n\t\t\t\t\t<\/div>\n\t\t\t\t<\/div>\n\t\t<div class=\"elementor-element elementor-element-31a4b55c e-flex e-con-boxed e-con e-parent\" data-id=\"31a4b55c\" data-element_type=\"container\" data-e-type=\"container\">\n\t\t\t\t\t<div class=\"e-con-inner\">\n\t\t<div class=\"elementor-element elementor-element-6d4c1db1 e-con-full e-flex e-con e-child\" data-id=\"6d4c1db1\" data-element_type=\"container\" data-e-type=\"container\">\n\t\t\t\t<div class=\"elementor-element elementor-element-84c911 elementor-widget elementor-widget-text-editor\" data-id=\"84c911\" data-element_type=\"widget\" data-e-type=\"widget\" data-widget_type=\"text-editor.default\">\n\t\t\t\t\t\t\t\t\t<p>A la salida del taller, nuestros productos se ponen a disposici\u00f3n embalados en film pl\u00e1stico y fijados sobre palets de madera (o en jaulas de madera para determinados destinos de exportaci\u00f3n).<\/p><p>El montaje de estos equipos puede ser realizado por nuestros t\u00e9cnicos, independientemente del lugar. En la mayor\u00eda de los casos, la instalaci\u00f3n de nuestros productos no supera una jornada. Adem\u00e1s, suele ser una oportunidad para formar al personal operador.<\/p><p>El mantenimiento tambi\u00e9n puede confi\u00e1rsenos mediante un contrato de mantenimiento.<\/p>\t\t\t\t\t\t\t\t<\/div>\n\t\t\t\t<\/div>\n\t\t<div class=\"elementor-element elementor-element-792cf58b e-con-full e-flex e-con e-child\" data-id=\"792cf58b\" data-element_type=\"container\" data-e-type=\"container\">\n\t\t\t\t<div class=\"elementor-element elementor-element-65db3ac3 elementor-widget elementor-widget-image\" data-id=\"65db3ac3\" data-element_type=\"widget\" data-e-type=\"widget\" data-widget_type=\"image.default\">\n\t\t\t\t\t\t\t\t\t\t\t\t\t\t\t<img decoding=\"async\" width=\"800\" height=\"658\" src=\"https:\/\/fbprocedes.com\/wp-content\/uploads\/2025\/11\/transport-degrilleur.webp\" class=\"attachment-large size-large wp-image-425\" alt=\"Transporte de una reja de desbaste embalada con una carretilla elevadora\" srcset=\"https:\/\/fbprocedes.com\/wp-content\/uploads\/2025\/11\/transport-degrilleur.webp 1000w, https:\/\/fbprocedes.com\/wp-content\/uploads\/2025\/11\/transport-degrilleur-300x247.webp 300w, https:\/\/fbprocedes.com\/wp-content\/uploads\/2025\/11\/transport-degrilleur-768x632.webp 768w\" sizes=\"(max-width: 800px) 100vw, 800px\" \/>\t\t\t\t\t\t\t\t\t\t\t\t\t\t\t<\/div>\n\t\t\t\t<\/div>\n\t\t\t\t\t<\/div>\n\t\t\t\t<\/div>\n\t\t<div class=\"elementor-element elementor-element-5a87fc72 e-flex e-con-boxed e-con e-parent\" data-id=\"5a87fc72\" data-element_type=\"container\" data-e-type=\"container\">\n\t\t\t\t\t<div class=\"e-con-inner\">\n\t\t<div class=\"elementor-element elementor-element-7e82e9aa e-con-full e-flex e-con e-child\" data-id=\"7e82e9aa\" data-element_type=\"container\" data-e-type=\"container\">\n\t\t\t\t<div class=\"elementor-element elementor-element-66ef6a5 elementor-widget elementor-widget-heading\" data-id=\"66ef6a5\" data-element_type=\"widget\" data-e-type=\"widget\" data-widget_type=\"heading.default\">\n\t\t\t\t\t<h2 class=\"elementor-heading-title elementor-size-default\">Una presencia en terreno para reforzar la relaci\u00f3n con el cliente<\/h2>\t\t\t\t<\/div>\n\t\t\t\t<div class=\"elementor-element elementor-element-666dcb77 elementor-widget__width-initial elementor-widget-divider--view-line elementor-widget elementor-widget-divider\" data-id=\"666dcb77\" data-element_type=\"widget\" data-e-type=\"widget\" data-widget_type=\"divider.default\">\n\t\t\t\t\t\t\t<div class=\"elementor-divider\">\n\t\t\t<span class=\"elementor-divider-separator\">\n\t\t\t\t\t\t<\/span>\n\t\t<\/div>\n\t\t\t\t\t\t<\/div>\n\t\t\t\t<\/div>\n\t\t\t\t\t<\/div>\n\t\t\t\t<\/div>\n\t\t<div class=\"elementor-element elementor-element-92890d e-flex e-con-boxed e-con e-parent\" data-id=\"92890d\" data-element_type=\"container\" data-e-type=\"container\">\n\t\t\t\t\t<div class=\"e-con-inner\">\n\t\t<div class=\"elementor-element elementor-element-41e5decd e-con-full e-flex e-con e-child\" data-id=\"41e5decd\" data-element_type=\"container\" data-e-type=\"container\">\n\t\t\t\t<div class=\"elementor-element elementor-element-68c210af elementor-widget elementor-widget-image\" data-id=\"68c210af\" data-element_type=\"widget\" data-e-type=\"widget\" data-widget_type=\"image.default\">\n\t\t\t\t\t\t\t\t\t\t\t\t\t\t\t<img loading=\"lazy\" decoding=\"async\" width=\"800\" height=\"534\" src=\"https:\/\/fbprocedes.com\/wp-content\/uploads\/2025\/11\/service-commercial.webp\" class=\"attachment-large size-large wp-image-426\" alt=\"Foto de un vendedor de rejas de desbaste\" srcset=\"https:\/\/fbprocedes.com\/wp-content\/uploads\/2025\/11\/service-commercial.webp 1000w, https:\/\/fbprocedes.com\/wp-content\/uploads\/2025\/11\/service-commercial-300x200.webp 300w, https:\/\/fbprocedes.com\/wp-content\/uploads\/2025\/11\/service-commercial-768x512.webp 768w\" sizes=\"(max-width: 800px) 100vw, 800px\" \/>\t\t\t\t\t\t\t\t\t\t\t\t\t\t\t<\/div>\n\t\t\t\t<\/div>\n\t\t<div class=\"elementor-element elementor-element-4a10eee e-con-full e-flex e-con e-child\" data-id=\"4a10eee\" data-element_type=\"container\" data-e-type=\"container\">\n\t\t\t\t<div class=\"elementor-element elementor-element-bee9ed5 elementor-widget elementor-widget-text-editor\" data-id=\"bee9ed5\" data-element_type=\"widget\" data-e-type=\"widget\" data-widget_type=\"text-editor.default\">\n\t\t\t\t\t\t\t\t\t<p>Nuestro equipo comercial est\u00e1 a su disposici\u00f3n para todas sus solicitudes y sabr\u00e1 asesorarle para proponerle el equipo m\u00e1s adecuado a sus necesidades.<\/p><p>Nuestros responsables comerciales, que cubren todo el territorio franc\u00e9s, pueden reunirse con usted en obra para hablar de sus necesidades, proponer una implantaci\u00f3n, realizar un levantamiento de medidas para un proyecto espec\u00edfico o simplemente presentarle nuestra gama de productos.<\/p><p>Un equipo de responsables de estudios, con sede en Nantes, gestiona todas las consultas y se esfuerza por entregarle nuestras mejores propuestas t\u00e9cnicas y financieras en los plazos m\u00e1s breves.<\/p><p>Por \u00faltimo, desde 2010 trabajamos activamente para desarrollar nuestra presencia internacional. Los resultados no tardaron en llegar, con rejas de desbaste instaladas, por ejemplo, en el norte de \u00c1frica y en los Estados Unidos.<\/p>\t\t\t\t\t\t\t\t<\/div>\n\t\t\t\t<\/div>\n\t\t\t\t\t<\/div>\n\t\t\t\t<\/div>\n\t\t\t\t<\/div>","protected":false},"excerpt":{"rendered":"<p>Technologie de d\u00e9grillage Notre principe de fonctionnement par gravit\u00e9 est appliqu\u00e9 sur tous nos d\u00e9grilleurs et ce, quelles que soient leurs largeurs et leurs profondeurs. Voir nos d\u00e9grilleurs Notre sp\u00e9cialit\u00e9\u00a0:\u00a0les d\u00e9grilleurs automatiques verticaux. Nous les associons, suivant les demandes, \u00e0 nos propres vis de transport ou de compactage. Nous poss\u00e9dons \u00e9galement un r\u00e9el savoir-faire dans [&hellip;]<\/p>\n","protected":false},"author":1,"featured_media":0,"parent":444,"menu_order":0,"comment_status":"closed","ping_status":"closed","template":"","meta":{"footnotes":""},"class_list":["post-475","page","type-page","status-publish","hentry"],"aioseo_notices":[],"_links":{"self":[{"href":"https:\/\/fbprocedes.com\/es\/wp-json\/wp\/v2\/pages\/475","targetHints":{"allow":["GET"]}}],"collection":[{"href":"https:\/\/fbprocedes.com\/es\/wp-json\/wp\/v2\/pages"}],"about":[{"href":"https:\/\/fbprocedes.com\/es\/wp-json\/wp\/v2\/types\/page"}],"author":[{"embeddable":true,"href":"https:\/\/fbprocedes.com\/es\/wp-json\/wp\/v2\/users\/1"}],"replies":[{"embeddable":true,"href":"https:\/\/fbprocedes.com\/es\/wp-json\/wp\/v2\/comments?post=475"}],"version-history":[{"count":34,"href":"https:\/\/fbprocedes.com\/es\/wp-json\/wp\/v2\/pages\/475\/revisions"}],"predecessor-version":[{"id":3676,"href":"https:\/\/fbprocedes.com\/es\/wp-json\/wp\/v2\/pages\/475\/revisions\/3676"}],"up":[{"embeddable":true,"href":"https:\/\/fbprocedes.com\/es\/wp-json\/wp\/v2\/pages\/444"}],"wp:attachment":[{"href":"https:\/\/fbprocedes.com\/es\/wp-json\/wp\/v2\/media?parent=475"}],"curies":[{"name":"wp","href":"https:\/\/api.w.org\/{rel}","templated":true}]}}