{"id":483,"date":"2025-11-26T14:52:52","date_gmt":"2025-11-26T13:52:52","guid":{"rendered":"https:\/\/fbprocedes.com\/?page_id=483"},"modified":"2026-01-16T16:13:55","modified_gmt":"2026-01-16T15:13:55","slug":"implantaciones-rejas-de-desbaste","status":"publish","type":"page","link":"https:\/\/fbprocedes.com\/es\/produits\/degrilleurs\/implantations-degrilleurs\/","title":{"rendered":"Implantaciones"},"content":{"rendered":"<div data-elementor-type=\"wp-page\" data-elementor-id=\"483\" class=\"elementor elementor-483\" data-elementor-post-type=\"page\">\n\t\t\t\t<div class=\"elementor-element elementor-element-604c7c2 e-flex e-con-boxed e-con e-parent\" data-id=\"604c7c2\" data-element_type=\"container\" data-e-type=\"container\" data-settings=\"{&quot;background_background&quot;:&quot;classic&quot;}\">\n\t\t\t\t\t<div class=\"e-con-inner\">\n\t\t\t\t<div class=\"elementor-element elementor-element-eb0e1dc elementor-widget elementor-widget-heading\" data-id=\"eb0e1dc\" data-element_type=\"widget\" data-e-type=\"widget\" data-widget_type=\"heading.default\">\n\t\t\t\t\t<h1 class=\"elementor-heading-title elementor-size-default\">Implantaciones de rejas de desbaste<\/h1>\t\t\t\t<\/div>\n\t\t\t\t<div class=\"elementor-element elementor-element-2bf31b elementor-widget elementor-widget-text-editor\" data-id=\"2bf31b\" data-element_type=\"widget\" data-e-type=\"widget\" data-widget_type=\"text-editor.default\">\n\t\t\t\t\t\t\t\t\t<p>Cada proyecto presenta limitaciones espec\u00edficas: hidr\u00e1ulicas, de obra civil, de explotaci\u00f3n, de mantenimiento, de seguridad o de evolutividad. Por ello, FB PROC\u00c9D\u00c9S acompa\u00f1a a sus clientes desde la fase de dise\u00f1o para definir la implantaci\u00f3n m\u00e1s adecuada, ya sea una soluci\u00f3n en pozo o en canal.<\/p>\t\t\t\t\t\t\t\t<\/div>\n\t\t\t\t<div class=\"elementor-element elementor-element-56c6091b elementor-align-center elementor-widget elementor-widget-button\" data-id=\"56c6091b\" data-element_type=\"widget\" data-e-type=\"widget\" data-widget_type=\"button.default\">\n\t\t\t\t\t\t\t\t\t\t<a class=\"elementor-button elementor-button-link elementor-size-sm\" href=\"\/es\/contacto\/\">\n\t\t\t\t\t\t<span class=\"elementor-button-content-wrapper\">\n\t\t\t\t\t\t\t\t\t<span class=\"elementor-button-text\">Cont\u00e1ctenos<\/span>\n\t\t\t\t\t<\/span>\n\t\t\t\t\t<\/a>\n\t\t\t\t\t\t\t\t<\/div>\n\t\t\t\t\t<\/div>\n\t\t\t\t<\/div>\n\t\t<div class=\"elementor-element elementor-element-2fb67109 e-flex e-con-boxed e-con e-parent\" data-id=\"2fb67109\" data-element_type=\"container\" data-e-type=\"container\">\n\t\t\t\t\t<div class=\"e-con-inner\">\n\t\t<div class=\"elementor-element elementor-element-70bf1482 e-con-full e-flex e-con e-child\" data-id=\"70bf1482\" data-element_type=\"container\" data-e-type=\"container\">\n\t\t\t\t<div class=\"elementor-element elementor-element-38ea3976 elementor-widget elementor-widget-text-editor\" data-id=\"38ea3976\" data-element_type=\"widget\" data-e-type=\"widget\" data-widget_type=\"text-editor.default\">\n\t\t\t\t\t\t\t\t\t<p>La implantaci\u00f3n de los equipos es una etapa determinante en el rendimiento, la fiabilidad y la durabilidad de una instalaci\u00f3n de tratamiento. Seg\u00fan la configuraci\u00f3n del sitio, las limitaciones hidr\u00e1ulicas y los objetivos de explotaci\u00f3n, dos grandes soluciones de implantaci\u00f3n son posibles: la implantaci\u00f3n en pozo y la implantaci\u00f3n en canal.<\/p><p>FB PROC\u00c9D\u00c9S dise\u00f1a y suministra soluciones perfectamente adaptadas a cada configuraci\u00f3n, integrando desde la fase de estudio las limitaciones de explotaci\u00f3n, mantenimiento y seguridad.<\/p>\t\t\t\t\t\t\t\t<\/div>\n\t\t\t\t<\/div>\n\t\t\t\t\t<\/div>\n\t\t\t\t<\/div>\n\t\t<div class=\"elementor-element elementor-element-8e90764 e-flex e-con-boxed e-con e-parent\" data-id=\"8e90764\" data-element_type=\"container\" data-e-type=\"container\">\n\t\t\t\t\t<div class=\"e-con-inner\">\n\t\t\t\t<div class=\"elementor-element elementor-element-25147e12 elementor-widget elementor-widget-heading\" data-id=\"25147e12\" data-element_type=\"widget\" data-e-type=\"widget\" data-widget_type=\"heading.default\">\n\t\t\t\t\t<h2 class=\"elementor-heading-title elementor-size-default\">Implantaci\u00f3n de una reja de desbaste en un canal\n<\/h2>\t\t\t\t<\/div>\n\t\t\t\t<div class=\"elementor-element elementor-element-6789ba3d elementor-widget-divider--view-line elementor-widget elementor-widget-divider\" data-id=\"6789ba3d\" data-element_type=\"widget\" data-e-type=\"widget\" data-widget_type=\"divider.default\">\n\t\t\t\t\t\t\t<div class=\"elementor-divider\">\n\t\t\t<span class=\"elementor-divider-separator\">\n\t\t\t\t\t\t<\/span>\n\t\t<\/div>\n\t\t\t\t\t\t<\/div>\n\t\t\t\t\t<\/div>\n\t\t\t\t<\/div>\n\t\t<div class=\"elementor-element elementor-element-d40d35c e-flex e-con-boxed e-con e-parent\" data-id=\"d40d35c\" data-element_type=\"container\" data-e-type=\"container\">\n\t\t\t\t\t<div class=\"e-con-inner\">\n\t\t<div class=\"elementor-element elementor-element-bbb169b e-con-full e-flex e-con e-child\" data-id=\"bbb169b\" data-element_type=\"container\" data-e-type=\"container\">\n\t\t\t\t<div class=\"elementor-element elementor-element-a1d2ff9 elementor-widget elementor-widget-image\" data-id=\"a1d2ff9\" data-element_type=\"widget\" data-e-type=\"widget\" data-widget_type=\"image.default\">\n\t\t\t\t\t\t\t\t\t\t\t\t\t\t\t<img fetchpriority=\"high\" decoding=\"async\" width=\"504\" height=\"1280\" src=\"https:\/\/fbprocedes.com\/wp-content\/uploads\/2025\/12\/implantation-degrilleur-canal.webp\" class=\"attachment-medium_large size-medium_large wp-image-837\" alt=\"Vista 3D de la implantaci\u00f3n de una reja de desbaste en un canal\" srcset=\"https:\/\/fbprocedes.com\/wp-content\/uploads\/2025\/12\/implantation-degrilleur-canal.webp 504w, https:\/\/fbprocedes.com\/wp-content\/uploads\/2025\/12\/implantation-degrilleur-canal-118x300.webp 118w, https:\/\/fbprocedes.com\/wp-content\/uploads\/2025\/12\/implantation-degrilleur-canal-403x1024.webp 403w\" sizes=\"(max-width: 504px) 100vw, 504px\" \/>\t\t\t\t\t\t\t\t\t\t\t\t\t\t\t<\/div>\n\t\t\t\t<\/div>\n\t\t<div class=\"elementor-element elementor-element-6c8244e e-con-full e-flex e-con e-child\" data-id=\"6c8244e\" data-element_type=\"container\" data-e-type=\"container\">\n\t\t\t\t<div class=\"elementor-element elementor-element-16a5cd7 elementor-widget elementor-widget-heading\" data-id=\"16a5cd7\" data-element_type=\"widget\" data-e-type=\"widget\" data-widget_type=\"heading.default\">\n\t\t\t\t\t<h3 class=\"elementor-heading-title elementor-size-default\">Principio<\/h3>\t\t\t\t<\/div>\n\t\t\t\t<div class=\"elementor-element elementor-element-ca7bee0 elementor-widget elementor-widget-text-editor\" data-id=\"ca7bee0\" data-element_type=\"widget\" data-e-type=\"widget\" data-widget_type=\"text-editor.default\">\n\t\t\t\t\t\t\t\t\t<p>La reja de desbaste autom\u00e1tica se instala atravesando el efluente, con descarga aguas arriba o aguas abajo seg\u00fan el modelo.<\/p><p>Seg\u00fan el caudal y las especificaciones t\u00e9cnicas, la reja de desbaste puede ser del ancho total del canal o de un ancho inferior, instal\u00e1ndose entonces un deflector lateral.<\/p><p>La reja de desbaste se fija en dos puntos:<\/p><ul><li>En la parte inferior de la secci\u00f3n superior, sobre la parte superior de las paredes del canal, mediante anclaje qu\u00edmico.<\/li><li>En la parte inferior, a nivel del recept\u00e1culo de aproximaci\u00f3n, fijada a las paredes del canal mediante anclaje mec\u00e1nico.<\/li><\/ul><p>\u00a0<\/p><p>Para una implantaci\u00f3n en una obra civil existente, ya sea para una primera instalaci\u00f3n o para el reemplazo de una reja de desbaste existente, las rejas de desbaste FB Proc\u00e9d\u00e9s est\u00e1n dise\u00f1adas para adaptarse perfectamente a la obra civil existente, evitando as\u00ed cualquier modificaci\u00f3n de la misma.<\/p>\t\t\t\t\t\t\t\t<\/div>\n\t\t\t\t<\/div>\n\t\t\t\t\t<\/div>\n\t\t\t\t<\/div>\n\t\t<div class=\"elementor-element elementor-element-207ecab e-flex e-con-boxed e-con e-parent\" data-id=\"207ecab\" data-element_type=\"container\" data-e-type=\"container\">\n\t\t\t\t\t<div class=\"e-con-inner\">\n\t\t\t\t<div class=\"elementor-element elementor-element-420b61c elementor-widget elementor-widget-heading\" data-id=\"420b61c\" data-element_type=\"widget\" data-e-type=\"widget\" data-widget_type=\"heading.default\">\n\t\t\t\t\t<h2 class=\"elementor-heading-title elementor-size-default\">Implantaci\u00f3n de una reja de desbaste en un pozo recto o circular<\/h2>\t\t\t\t<\/div>\n\t\t\t\t<div class=\"elementor-element elementor-element-cb197b5 elementor-widget-divider--view-line elementor-widget elementor-widget-divider\" data-id=\"cb197b5\" data-element_type=\"widget\" data-e-type=\"widget\" data-widget_type=\"divider.default\">\n\t\t\t\t\t\t\t<div class=\"elementor-divider\">\n\t\t\t<span class=\"elementor-divider-separator\">\n\t\t\t\t\t\t<\/span>\n\t\t<\/div>\n\t\t\t\t\t\t<\/div>\n\t\t\t\t\t<\/div>\n\t\t\t\t<\/div>\n\t\t<div class=\"elementor-element elementor-element-53b2560d e-flex e-con-boxed e-con e-parent\" data-id=\"53b2560d\" data-element_type=\"container\" data-e-type=\"container\">\n\t\t\t\t\t<div class=\"e-con-inner\">\n\t\t<div class=\"elementor-element elementor-element-1c8a96e7 e-con-full e-flex e-con e-child\" data-id=\"1c8a96e7\" data-element_type=\"container\" data-e-type=\"container\">\n\t\t\t\t<div class=\"elementor-element elementor-element-222994b0 elementor-widget elementor-widget-image\" data-id=\"222994b0\" data-element_type=\"widget\" data-e-type=\"widget\" data-widget_type=\"image.default\">\n\t\t\t\t\t\t\t\t\t\t\t\t\t\t\t<img decoding=\"async\" width=\"506\" height=\"1024\" src=\"https:\/\/fbprocedes.com\/wp-content\/uploads\/2025\/12\/implantation-degrilleur-poste-506x1024.webp\" class=\"attachment-large size-large wp-image-836\" alt=\"Instalaci\u00f3n de una reja de desbaste de limpieza en la estaci\u00f3n\" srcset=\"https:\/\/fbprocedes.com\/wp-content\/uploads\/2025\/12\/implantation-degrilleur-poste-506x1024.webp 506w, https:\/\/fbprocedes.com\/wp-content\/uploads\/2025\/12\/implantation-degrilleur-poste-148x300.webp 148w, https:\/\/fbprocedes.com\/wp-content\/uploads\/2025\/12\/implantation-degrilleur-poste.webp 632w\" sizes=\"(max-width: 506px) 100vw, 506px\" \/>\t\t\t\t\t\t\t\t\t\t\t\t\t\t\t<\/div>\n\t\t\t\t<\/div>\n\t\t<div class=\"elementor-element elementor-element-2ef4c2ab e-con-full e-flex e-con e-child\" data-id=\"2ef4c2ab\" data-element_type=\"container\" data-e-type=\"container\">\n\t\t\t\t<div class=\"elementor-element elementor-element-8b80450 elementor-widget elementor-widget-heading\" data-id=\"8b80450\" data-element_type=\"widget\" data-e-type=\"widget\" data-widget_type=\"heading.default\">\n\t\t\t\t\t<h3 class=\"elementor-heading-title elementor-size-default\">Principio<\/h3>\t\t\t\t<\/div>\n\t\t\t\t<div class=\"elementor-element elementor-element-6acd4aec elementor-widget elementor-widget-text-editor\" data-id=\"6acd4aec\" data-element_type=\"widget\" data-e-type=\"widget\" data-widget_type=\"text-editor.default\">\n\t\t\t\t\t\t\t\t\t<p>Las rejillas de desbaste verticales FB Proc\u00e9d\u00e9s tienen como principal ventaja que ocupan poco espacio. Esta caracter\u00edstica hace que nuestras rejillas de desbaste verticales sean la mejor soluci\u00f3n para su implantaci\u00f3n en una estaci\u00f3n recta o circular.<\/p><p>La rejilla de desbaste en estaci\u00f3n recta o circular se dise\u00f1a a medida seg\u00fan la profundidad del agua y el di\u00e1metro de la estaci\u00f3n. A continuaci\u00f3n, la rejilla de desbaste se aplica simplemente contra la pared de la estaci\u00f3n.<\/p><p>Esta configuraci\u00f3n permite minimizar al m\u00e1ximo el espacio ocupado por el desarenador, dejando, por ejemplo, suficiente espacio para acceder a la estaci\u00f3n, lo que resulta especialmente \u00fatil en una estaci\u00f3n de bombeo, para poder acceder a las bombas de forma f\u00e1cil y segura.<\/p><p>La reja de desbaste se fija en dos puntos:<\/p><ul><li>en la parte inferior de la parte superior, en la parte superior de la estaci\u00f3n mediante anclaje qu\u00edmico<\/li><li>en la parte inferior contra la pared de la estaci\u00f3n mediante anclaje mec\u00e1nico<\/li><\/ul>\t\t\t\t\t\t\t\t<\/div>\n\t\t\t\t<\/div>\n\t\t\t\t\t<\/div>\n\t\t\t\t<\/div>\n\t\t<div class=\"elementor-element elementor-element-ae6cd6c e-flex e-con-boxed e-con e-parent\" data-id=\"ae6cd6c\" data-element_type=\"container\" data-e-type=\"container\">\n\t\t\t\t\t<div class=\"e-con-inner\">\n\t\t\t\t<div class=\"elementor-element elementor-element-1ac4056 elementor-widget elementor-widget-heading\" data-id=\"1ac4056\" data-element_type=\"widget\" data-e-type=\"widget\" data-widget_type=\"heading.default\">\n\t\t\t\t\t<h2 class=\"elementor-heading-title elementor-size-default\">Productos relacionados<\/h2>\t\t\t\t<\/div>\n\t\t\t\t<div class=\"elementor-element elementor-element-71e66d8 elementor-widget-divider--view-line elementor-widget elementor-widget-divider\" data-id=\"71e66d8\" data-element_type=\"widget\" data-e-type=\"widget\" data-widget_type=\"divider.default\">\n\t\t\t\t\t\t\t<div class=\"elementor-divider\">\n\t\t\t<span class=\"elementor-divider-separator\">\n\t\t\t\t\t\t<\/span>\n\t\t<\/div>\n\t\t\t\t\t\t<\/div>\n\t\t\t\t\t<\/div>\n\t\t\t\t<\/div>\n\t\t<div class=\"elementor-element elementor-element-9750dc0 e-grid e-con-boxed e-con e-parent\" data-id=\"9750dc0\" data-element_type=\"container\" data-e-type=\"container\">\n\t\t\t\t\t<div class=\"e-con-inner\">\n\t\t<div class=\"elementor-element elementor-element-10a69e67 e-con-full e-flex e-con e-child\" data-id=\"10a69e67\" data-element_type=\"container\" data-e-type=\"container\" data-settings=\"{&quot;background_background&quot;:&quot;classic&quot;}\">\n\t\t\t\t<div class=\"elementor-element elementor-element-67578e6d elementor-widget elementor-widget-image\" data-id=\"67578e6d\" data-element_type=\"widget\" data-e-type=\"widget\" data-widget_type=\"image.default\">\n\t\t\t\t\t\t\t\t\t\t\t\t\t\t\t<img decoding=\"async\" width=\"500\" height=\"500\" src=\"https:\/\/fbprocedes.com\/wp-content\/uploads\/2025\/12\/degrilleur-sg400.jpg\" class=\"attachment-medium_large size-medium_large wp-image-875\" alt=\"Vista 3D en CAD de una reja de desbaste vertical SG400\" srcset=\"https:\/\/fbprocedes.com\/wp-content\/uploads\/2025\/12\/degrilleur-sg400.jpg 500w, https:\/\/fbprocedes.com\/wp-content\/uploads\/2025\/12\/degrilleur-sg400-300x300.jpg 300w, https:\/\/fbprocedes.com\/wp-content\/uploads\/2025\/12\/degrilleur-sg400-150x150.jpg 150w\" sizes=\"(max-width: 500px) 100vw, 500px\" \/>\t\t\t\t\t\t\t\t\t\t\t\t\t\t\t<\/div>\n\t\t\t\t<div class=\"elementor-element elementor-element-189f626 elementor-widget elementor-widget-heading\" data-id=\"189f626\" data-element_type=\"widget\" data-e-type=\"widget\" data-widget_type=\"heading.default\">\n\t\t\t\t\t<h3 class=\"elementor-heading-title elementor-size-default\">Reja de desbaste SG400<\/h3>\t\t\t\t<\/div>\n\t\t\t\t<div class=\"elementor-element elementor-element-79054991 elementor-widget elementor-widget-text-editor\" data-id=\"79054991\" data-element_type=\"widget\" data-e-type=\"widget\" data-widget_type=\"text-editor.default\">\n\t\t\t\t\t\t\t\t\t<p style=\"text-align: center;\">Reja autom\u00e1tica vertical de 400 mm de ancho para caudales de hasta 120 m3\/h<\/p>\t\t\t\t\t\t\t\t<\/div>\n\t\t\t\t<div class=\"elementor-element elementor-element-6f1ee3b7 elementor-align-center elementor-widget elementor-widget-button\" data-id=\"6f1ee3b7\" data-element_type=\"widget\" data-e-type=\"widget\" data-widget_type=\"button.default\">\n\t\t\t\t\t\t\t\t\t\t<a class=\"elementor-button elementor-button-link elementor-size-sm\" href=\"\/es\/reja-de-desbaste-sg400\/\">\n\t\t\t\t\t\t<span class=\"elementor-button-content-wrapper\">\n\t\t\t\t\t\t\t\t\t<span class=\"elementor-button-text\">Ver<\/span>\n\t\t\t\t\t<\/span>\n\t\t\t\t\t<\/a>\n\t\t\t\t\t\t\t\t<\/div>\n\t\t\t\t<\/div>\n\t\t<div class=\"elementor-element elementor-element-32b51b36 e-con-full e-flex e-con e-child\" data-id=\"32b51b36\" data-element_type=\"container\" data-e-type=\"container\" data-settings=\"{&quot;background_background&quot;:&quot;classic&quot;}\">\n\t\t\t\t<div class=\"elementor-element elementor-element-fd25e3a elementor-widget elementor-widget-image\" data-id=\"fd25e3a\" data-element_type=\"widget\" data-e-type=\"widget\" data-widget_type=\"image.default\">\n\t\t\t\t\t\t\t\t\t\t\t\t\t\t\t<img loading=\"lazy\" decoding=\"async\" width=\"500\" height=\"500\" src=\"https:\/\/fbprocedes.com\/wp-content\/uploads\/2025\/12\/degrilleur-ng.jpg\" class=\"attachment-medium_large size-medium_large wp-image-873\" alt=\"Vista 3D en CAD de una reja de desbaste vertical NG\" srcset=\"https:\/\/fbprocedes.com\/wp-content\/uploads\/2025\/12\/degrilleur-ng.jpg 500w, https:\/\/fbprocedes.com\/wp-content\/uploads\/2025\/12\/degrilleur-ng-300x300.jpg 300w, https:\/\/fbprocedes.com\/wp-content\/uploads\/2025\/12\/degrilleur-ng-150x150.jpg 150w\" sizes=\"(max-width: 500px) 100vw, 500px\" \/>\t\t\t\t\t\t\t\t\t\t\t\t\t\t\t<\/div>\n\t\t\t\t<div class=\"elementor-element elementor-element-7330ac78 elementor-widget elementor-widget-heading\" data-id=\"7330ac78\" data-element_type=\"widget\" data-e-type=\"widget\" data-widget_type=\"heading.default\">\n\t\t\t\t\t<h3 class=\"elementor-heading-title elementor-size-default\">Reja de desbaste NG<\/h3>\t\t\t\t<\/div>\n\t\t\t\t<div class=\"elementor-element elementor-element-10a390cd elementor-widget elementor-widget-text-editor\" data-id=\"10a390cd\" data-element_type=\"widget\" data-e-type=\"widget\" data-widget_type=\"text-editor.default\">\n\t\t\t\t\t\t\t\t\t<p style=\"text-align: center;\">Desarenador autom\u00e1tico vertical a medida para caudales de hasta 6000 m3\/h<\/p>\t\t\t\t\t\t\t\t<\/div>\n\t\t\t\t<div class=\"elementor-element elementor-element-165b0194 elementor-align-center elementor-widget elementor-widget-button\" data-id=\"165b0194\" data-element_type=\"widget\" data-e-type=\"widget\" data-widget_type=\"button.default\">\n\t\t\t\t\t\t\t\t\t\t<a class=\"elementor-button elementor-button-link elementor-size-sm\" href=\"\/es\/reja-de-desbaste-ng\/\">\n\t\t\t\t\t\t<span class=\"elementor-button-content-wrapper\">\n\t\t\t\t\t\t\t\t\t<span class=\"elementor-button-text\">Ver<\/span>\n\t\t\t\t\t<\/span>\n\t\t\t\t\t<\/a>\n\t\t\t\t\t\t\t\t<\/div>\n\t\t\t\t<\/div>\n\t\t<div class=\"elementor-element elementor-element-38fc81cb e-con-full e-flex e-con e-child\" data-id=\"38fc81cb\" data-element_type=\"container\" data-e-type=\"container\" data-settings=\"{&quot;background_background&quot;:&quot;classic&quot;}\">\n\t\t\t\t<div class=\"elementor-element elementor-element-40192f95 elementor-widget elementor-widget-image\" data-id=\"40192f95\" data-element_type=\"widget\" data-e-type=\"widget\" data-widget_type=\"image.default\">\n\t\t\t\t\t\t\t\t\t\t\t\t\t\t\t<img loading=\"lazy\" decoding=\"async\" width=\"500\" height=\"500\" src=\"https:\/\/fbprocedes.com\/wp-content\/uploads\/2025\/12\/degrilleur-xg.jpg\" class=\"attachment-medium_large size-medium_large wp-image-874\" alt=\"Vista 3D en CAD de una reja de desbaste vertical XG\" srcset=\"https:\/\/fbprocedes.com\/wp-content\/uploads\/2025\/12\/degrilleur-xg.jpg 500w, https:\/\/fbprocedes.com\/wp-content\/uploads\/2025\/12\/degrilleur-xg-300x300.jpg 300w, https:\/\/fbprocedes.com\/wp-content\/uploads\/2025\/12\/degrilleur-xg-150x150.jpg 150w\" sizes=\"(max-width: 500px) 100vw, 500px\" \/>\t\t\t\t\t\t\t\t\t\t\t\t\t\t\t<\/div>\n\t\t\t\t<div class=\"elementor-element elementor-element-5e8ae8d elementor-widget elementor-widget-heading\" data-id=\"5e8ae8d\" data-element_type=\"widget\" data-e-type=\"widget\" data-widget_type=\"heading.default\">\n\t\t\t\t\t<h3 class=\"elementor-heading-title elementor-size-default\">Reja de desbaste XG<\/h3>\t\t\t\t<\/div>\n\t\t\t\t<div class=\"elementor-element elementor-element-6e5845a3 elementor-widget elementor-widget-text-editor\" data-id=\"6e5845a3\" data-element_type=\"widget\" data-e-type=\"widget\" data-widget_type=\"text-editor.default\">\n\t\t\t\t\t\t\t\t\t<p style=\"text-align: center;\">Desarenador autom\u00e1tico vertical a medida para caudales de hasta 20 000 m3\/h<\/p>\t\t\t\t\t\t\t\t<\/div>\n\t\t\t\t<div class=\"elementor-element elementor-element-5a2e5ed7 elementor-align-center elementor-widget elementor-widget-button\" data-id=\"5a2e5ed7\" data-element_type=\"widget\" data-e-type=\"widget\" data-widget_type=\"button.default\">\n\t\t\t\t\t\t\t\t\t\t<a class=\"elementor-button elementor-button-link elementor-size-sm\" href=\"\/es\/reja-de-desbaste-xg\/\">\n\t\t\t\t\t\t<span class=\"elementor-button-content-wrapper\">\n\t\t\t\t\t\t\t\t\t<span class=\"elementor-button-text\">Ver<\/span>\n\t\t\t\t\t<\/span>\n\t\t\t\t\t<\/a>\n\t\t\t\t\t\t\t\t<\/div>\n\t\t\t\t<\/div>\n\t\t\t\t\t<\/div>\n\t\t\t\t<\/div>\n\t\t\t\t<\/div>","protected":false},"excerpt":{"rendered":"<p>Implantations des d\u00e9grilleurs Chaque projet pr\u00e9sente des contraintes sp\u00e9cifiques : hydraulique, g\u00e9nie civil, exploitation, maintenance, s\u00e9curit\u00e9 ou \u00e9volutivit\u00e9. C\u2019est pourquoi FB PROC\u00c9D\u00c9S accompagne ses clients d\u00e8s la phase de conception afin de d\u00e9finir l\u2019implantation la plus pertinente, qu\u2019il s\u2019agisse d\u2019une solution en poste ou en canal. Nous contacter L\u2019implantation des \u00e9quipements est une \u00e9tape d\u00e9terminante [&hellip;]<\/p>\n","protected":false},"author":1,"featured_media":0,"parent":444,"menu_order":0,"comment_status":"closed","ping_status":"closed","template":"","meta":{"footnotes":""},"class_list":["post-483","page","type-page","status-publish","hentry"],"aioseo_notices":[],"_links":{"self":[{"href":"https:\/\/fbprocedes.com\/es\/wp-json\/wp\/v2\/pages\/483","targetHints":{"allow":["GET"]}}],"collection":[{"href":"https:\/\/fbprocedes.com\/es\/wp-json\/wp\/v2\/pages"}],"about":[{"href":"https:\/\/fbprocedes.com\/es\/wp-json\/wp\/v2\/types\/page"}],"author":[{"embeddable":true,"href":"https:\/\/fbprocedes.com\/es\/wp-json\/wp\/v2\/users\/1"}],"replies":[{"embeddable":true,"href":"https:\/\/fbprocedes.com\/es\/wp-json\/wp\/v2\/comments?post=483"}],"version-history":[{"count":46,"href":"https:\/\/fbprocedes.com\/es\/wp-json\/wp\/v2\/pages\/483\/revisions"}],"predecessor-version":[{"id":3679,"href":"https:\/\/fbprocedes.com\/es\/wp-json\/wp\/v2\/pages\/483\/revisions\/3679"}],"up":[{"embeddable":true,"href":"https:\/\/fbprocedes.com\/es\/wp-json\/wp\/v2\/pages\/444"}],"wp:attachment":[{"href":"https:\/\/fbprocedes.com\/es\/wp-json\/wp\/v2\/media?parent=483"}],"curies":[{"name":"wp","href":"https:\/\/api.w.org\/{rel}","templated":true}]}}