{"id":494,"date":"2025-11-26T14:57:23","date_gmt":"2025-11-26T13:57:23","guid":{"rendered":"https:\/\/fbprocedes.com\/?page_id=494"},"modified":"2026-01-17T19:50:32","modified_gmt":"2026-01-17T18:50:32","slug":"reja-de-desbaste-ng","status":"publish","type":"page","link":"https:\/\/fbprocedes.com\/es\/produits\/degrilleurs\/degrilleur-vertical-ng\/","title":{"rendered":"Reja de desbaste vertical NG"},"content":{"rendered":"<div data-elementor-type=\"wp-page\" data-elementor-id=\"494\" class=\"elementor elementor-494\" data-elementor-post-type=\"page\">\n\t\t\t\t<div class=\"elementor-element elementor-element-79242476 e-flex e-con-boxed e-con e-parent\" data-id=\"79242476\" data-element_type=\"container\" data-e-type=\"container\" data-settings=\"{&quot;background_background&quot;:&quot;classic&quot;}\">\n\t\t\t\t\t<div class=\"e-con-inner\">\n\t\t\t\t<div class=\"elementor-element elementor-element-121bc1bc elementor-widget elementor-widget-heading\" data-id=\"121bc1bc\" data-element_type=\"widget\" data-e-type=\"widget\" data-widget_type=\"heading.default\">\n\t\t\t\t\t<h1 class=\"elementor-heading-title elementor-size-default\">Reja de desbaste vertical NG<\/h1>\t\t\t\t<\/div>\n\t\t\t\t<div class=\"elementor-element elementor-element-22f5dbc7 elementor-widget elementor-widget-text-editor\" data-id=\"22f5dbc7\" data-element_type=\"widget\" data-e-type=\"widget\" data-widget_type=\"text-editor.default\">\n\t\t\t\t\t\t\t\t\t<p>Anchura hasta 2.000 mm, caudal hasta 6.000 m\u00b3\/h. La reja de desbaste autom\u00e1tica vertical tipo NG se fabrica totalmente a medida seg\u00fan el pliego de condiciones de cada proyecto.<\/p>\t\t\t\t\t\t\t\t<\/div>\n\t\t\t\t<div class=\"elementor-element elementor-element-259dd97b elementor-align-center elementor-widget elementor-widget-button\" data-id=\"259dd97b\" data-element_type=\"widget\" data-e-type=\"widget\" data-widget_type=\"button.default\">\n\t\t\t\t\t\t\t\t\t\t<a class=\"elementor-button elementor-button-link elementor-size-sm\" href=\"\/es\/contacto\/\">\n\t\t\t\t\t\t<span class=\"elementor-button-content-wrapper\">\n\t\t\t\t\t\t\t\t\t<span class=\"elementor-button-text\">Cont\u00e1ctenos<\/span>\n\t\t\t\t\t<\/span>\n\t\t\t\t\t<\/a>\n\t\t\t\t\t\t\t\t<\/div>\n\t\t\t\t\t<\/div>\n\t\t\t\t<\/div>\n\t\t<div class=\"elementor-element elementor-element-3ae9c7d1 e-flex e-con-boxed e-con e-parent\" data-id=\"3ae9c7d1\" data-element_type=\"container\" data-e-type=\"container\">\n\t\t\t\t\t<div class=\"e-con-inner\">\n\t\t<div class=\"elementor-element elementor-element-f63a9f e-con-full e-flex e-con e-child\" data-id=\"f63a9f\" data-element_type=\"container\" data-e-type=\"container\">\n\t\t\t\t<div class=\"elementor-element elementor-element-1ae597ec elementor-widget elementor-widget-image\" data-id=\"1ae597ec\" data-element_type=\"widget\" data-e-type=\"widget\" data-widget_type=\"image.default\">\n\t\t\t\t\t\t\t\t\t\t\t\t\t\t\t<img fetchpriority=\"high\" decoding=\"async\" width=\"800\" height=\"571\" src=\"https:\/\/fbprocedes.com\/wp-content\/uploads\/2025\/12\/degrilleur-automatique-ng-1.jpg\" class=\"attachment-full size-full wp-image-770\" alt=\"Reja autom\u00e1tica vertical con tornillo compactador y contenedor de residuos\" srcset=\"https:\/\/fbprocedes.com\/wp-content\/uploads\/2025\/12\/degrilleur-automatique-ng-1.jpg 800w, https:\/\/fbprocedes.com\/wp-content\/uploads\/2025\/12\/degrilleur-automatique-ng-1-300x214.jpg 300w, https:\/\/fbprocedes.com\/wp-content\/uploads\/2025\/12\/degrilleur-automatique-ng-1-768x548.jpg 768w\" sizes=\"(max-width: 800px) 100vw, 800px\" \/>\t\t\t\t\t\t\t\t\t\t\t\t\t\t\t<\/div>\n\t\t\t\t<\/div>\n\t\t<div class=\"elementor-element elementor-element-25a2b2d0 e-con-full e-flex e-con e-child\" data-id=\"25a2b2d0\" data-element_type=\"container\" data-e-type=\"container\">\n\t\t\t\t<div class=\"elementor-element elementor-element-33a0b71a elementor-widget elementor-widget-text-editor\" data-id=\"33a0b71a\" data-element_type=\"widget\" data-e-type=\"widget\" data-widget_type=\"text-editor.default\">\n\t\t\t\t\t\t\t\t\t<p>La reja de desbaste autom\u00e1tica tipo NG es la primera que dise\u00f1amos. Por ello, cuenta hoy con m\u00e1s de 30 a\u00f1os de mejoras y optimizaciones, gracias a los comentarios y experiencias de los operarios.<\/p><p>Adem\u00e1s, fabricado totalmente a medida seg\u00fan el pliego de condiciones de cada proyecto, es una reja de desbaste autom\u00e1tica vertical que utiliza como elemento de tracci\u00f3n de la cuchara de limpieza una cinta \u00fanica y central. De hecho, se trata de una caracter\u00edstica presente en el conjunto de las rejas de desbaste de FB Proc\u00e9d\u00e9s.<\/p><p>Por otra parte, gracias a su adaptabilidad, sus numerosas opciones y su dise\u00f1o a medida para cada proyecto, la reja de desbaste autom\u00e1tica tipo NG permite un desbaste fino o grueso (luz de paso de 3 a 30 mm), en instalaciones muy variadas (anchura de 450 a 2.000 mm, profundidad hasta 17.000 mm).<\/p><p>Por \u00faltimo, capaz de desbastar caudales de hasta 6.000 m3\/h, la reja de desbaste tipo NG re\u00fane todo el saber hacer de FB Proc\u00e9d\u00e9s: una reja de dise\u00f1o sencillo, robusto, con un mantenimiento f\u00e1cil y econ\u00f3mico, adaptable tanto a peque\u00f1as instalaciones como a las m\u00e1s importantes.<\/p>\t\t\t\t\t\t\t\t<\/div>\n\t\t\t\t<\/div>\n\t\t\t\t\t<\/div>\n\t\t\t\t<\/div>\n\t\t<div class=\"elementor-element elementor-element-35b4689c e-flex e-con-boxed e-con e-parent\" data-id=\"35b4689c\" data-element_type=\"container\" data-e-type=\"container\">\n\t\t\t\t\t<div class=\"e-con-inner\">\n\t\t<div class=\"elementor-element elementor-element-1e147c23 e-con-full e-flex e-con e-child\" data-id=\"1e147c23\" data-element_type=\"container\" data-e-type=\"container\">\n\t\t\t\t<div class=\"elementor-element elementor-element-5b99d85d elementor-widget elementor-widget-image\" data-id=\"5b99d85d\" data-element_type=\"widget\" data-e-type=\"widget\" data-widget_type=\"image.default\">\n\t\t\t\t\t\t\t\t\t\t\t\t\t\t\t<img decoding=\"async\" width=\"309\" height=\"800\" src=\"https:\/\/fbprocedes.com\/wp-content\/uploads\/2025\/12\/degrilleur-automatique-ng.jpg\" class=\"attachment-large size-large wp-image-769\" alt=\"Vista 3D de una reja de desbaste vertical FB Proc\u00e9d\u00e9s\" srcset=\"https:\/\/fbprocedes.com\/wp-content\/uploads\/2025\/12\/degrilleur-automatique-ng.jpg 309w, https:\/\/fbprocedes.com\/wp-content\/uploads\/2025\/12\/degrilleur-automatique-ng-116x300.jpg 116w\" sizes=\"(max-width: 309px) 100vw, 309px\" \/>\t\t\t\t\t\t\t\t\t\t\t\t\t\t\t<\/div>\n\t\t\t\t<\/div>\n\t\t<div class=\"elementor-element elementor-element-319e517c e-con-full e-flex e-con e-child\" data-id=\"319e517c\" data-element_type=\"container\" data-e-type=\"container\">\n\t\t\t\t<div class=\"elementor-element elementor-element-1ada4a41 elementor-widget elementor-widget-heading\" data-id=\"1ada4a41\" data-element_type=\"widget\" data-e-type=\"widget\" data-widget_type=\"heading.default\">\n\t\t\t\t\t<h2 class=\"elementor-heading-title elementor-size-default\">Ventajas de la reja de desbaste vertical<\/h2>\t\t\t\t<\/div>\n\t\t\t\t<div class=\"elementor-element elementor-element-1e58b76e elementor-widget-divider--view-line elementor-widget elementor-widget-divider\" data-id=\"1e58b76e\" data-element_type=\"widget\" data-e-type=\"widget\" data-widget_type=\"divider.default\">\n\t\t\t\t\t\t\t<div class=\"elementor-divider\">\n\t\t\t<span class=\"elementor-divider-separator\">\n\t\t\t\t\t\t<\/span>\n\t\t<\/div>\n\t\t\t\t\t\t<\/div>\n\t\t\t\t<div class=\"elementor-element elementor-element-1de50a1d elementor-widget elementor-widget-text-editor\" data-id=\"1de50a1d\" data-element_type=\"widget\" data-e-type=\"widget\" data-widget_type=\"text-editor.default\">\n\t\t\t\t\t\t\t\t\t<ul><li>Descarga de los residuos aguas arriba<\/li><li>Adaptable a todo tipo de obras nuevas o existentes (canal, pozo, etc.)<\/li><li>Dise\u00f1o simple = fiabilidad duradera en el tiempo<\/li><li>Fabricaci\u00f3n a medida<\/li><li>Bajo coste de explotaci\u00f3n y mantenimiento sencillo<\/li><li>Conforme al <a href=\"https:\/\/europa.eu\/youreurope\/business\/product-requirements\/labels-markings\/ce-marking\/index_es.htm\">marcado CE<\/a><\/li><li>Piezas de desgaste y equipos el\u00e9ctricos fuera del agua (accesibles desde el plano de instalaci\u00f3n)<\/li><li>Recuperaci\u00f3n de los residuos directamente en una tolva u otro contenedor<\/li><\/ul>\t\t\t\t\t\t\t\t<\/div>\n\t\t\t\t<div class=\"elementor-element elementor-element-62d7ecfe elementor-widget elementor-widget-heading\" data-id=\"62d7ecfe\" data-element_type=\"widget\" data-e-type=\"widget\" data-widget_type=\"heading.default\">\n\t\t\t\t\t<h2 class=\"elementor-heading-title elementor-size-default\">Datos t\u00e9cnicos de la reja de desbaste vertical<\/h2>\t\t\t\t<\/div>\n\t\t\t\t<div class=\"elementor-element elementor-element-6870ff95 elementor-widget-divider--view-line elementor-widget elementor-widget-divider\" data-id=\"6870ff95\" data-element_type=\"widget\" data-e-type=\"widget\" data-widget_type=\"divider.default\">\n\t\t\t\t\t\t\t<div class=\"elementor-divider\">\n\t\t\t<span class=\"elementor-divider-separator\">\n\t\t\t\t\t\t<\/span>\n\t\t<\/div>\n\t\t\t\t\t\t<\/div>\n\t\t\t\t<div class=\"elementor-element elementor-element-2a87196c elementor-widget elementor-widget-text-editor\" data-id=\"2a87196c\" data-element_type=\"widget\" data-e-type=\"widget\" data-widget_type=\"text-editor.default\">\n\t\t\t\t\t\t\t\t\t<ul><li>Caudal m\u00e1ximo: 6000 m\u00b3\/h<\/li><li>Luz de paso: de 3 a 60 mm<\/li><li>Anchura: de 450 a 2.000 mm<\/li><li>Maximum depth below installation level: 17,000 mm<\/li><li>Altura total m\u00e1xima: 21.000 mm<\/li><li>Descarga: aguas arriba<\/li><li>Inclinaci\u00f3n: 0\u00b0<\/li><li>Material: acero inoxidable 304L o 316L<\/li><li>Moteur <a href=\"https:\/\/www.usocome.com\/accueil.html\">SEW<\/a><\/li><\/ul>\t\t\t\t\t\t\t\t<\/div>\n\t\t\t\t<div class=\"elementor-element elementor-element-a86ba00 elementor-widget elementor-widget-button\" data-id=\"a86ba00\" data-element_type=\"widget\" data-e-type=\"widget\" data-widget_type=\"button.default\">\n\t\t\t\t\t\t\t\t\t\t<a class=\"elementor-button elementor-button-link elementor-size-sm\" href=\"https:\/\/fbprocedes.com\/wp-content\/uploads\/2026\/01\/Ficha-de-Producto-Reja-de-Desbaste-NG-ES.pdf\">\n\t\t\t\t\t\t<span class=\"elementor-button-content-wrapper\">\n\t\t\t\t\t\t\t\t\t<span class=\"elementor-button-text\">Descargar la ficha t\u00e9cnica<\/span>\n\t\t\t\t\t<\/span>\n\t\t\t\t\t<\/a>\n\t\t\t\t\t\t\t\t<\/div>\n\t\t\t\t<\/div>\n\t\t\t\t\t<\/div>\n\t\t\t\t<\/div>\n\t\t<div class=\"elementor-element elementor-element-fd218b1 e-flex e-con-boxed e-con e-parent\" data-id=\"fd218b1\" data-element_type=\"container\" data-e-type=\"container\">\n\t\t\t\t\t<div class=\"e-con-inner\">\n\t\t\t\t<div class=\"elementor-element elementor-element-2924fc1b elementor-widget elementor-widget-heading\" data-id=\"2924fc1b\" data-element_type=\"widget\" data-e-type=\"widget\" data-widget_type=\"heading.default\">\n\t\t\t\t\t<h2 class=\"elementor-heading-title elementor-size-default\">Ejemplos de instalaciones de rejas de desbaste vertical<\/h2>\t\t\t\t<\/div>\n\t\t\t\t<div class=\"elementor-element elementor-element-e35344b elementor-widget-divider--view-line elementor-widget elementor-widget-divider\" data-id=\"e35344b\" data-element_type=\"widget\" data-e-type=\"widget\" data-widget_type=\"divider.default\">\n\t\t\t\t\t\t\t<div class=\"elementor-divider\">\n\t\t\t<span class=\"elementor-divider-separator\">\n\t\t\t\t\t\t<\/span>\n\t\t<\/div>\n\t\t\t\t\t\t<\/div>\n\t\t\t\t\t<\/div>\n\t\t\t\t<\/div>\n\t\t<div class=\"elementor-element elementor-element-b1ce220 e-flex e-con-boxed e-con e-parent\" data-id=\"b1ce220\" data-element_type=\"container\" data-e-type=\"container\">\n\t\t\t\t\t<div class=\"e-con-inner\">\n\t\t\t\t<div class=\"elementor-element elementor-element-f681daa elementor-widget elementor-widget-image\" data-id=\"f681daa\" data-element_type=\"widget\" data-e-type=\"widget\" data-widget_type=\"image.default\">\n\t\t\t\t\t\t\t\t\t\t\t\t\t\t\t\t<a href=\"https:\/\/fbprocedes.com\/wp-content\/uploads\/2026\/01\/degrilleur-vertical-canal-eaux-usees.jpg\" data-elementor-open-lightbox=\"yes\" data-e-action-hash=\"#elementor-action%3Aaction%3Dlightbox%26settings%3DeyJpZCI6MzQ5MSwidXJsIjoiaHR0cHM6XC9cL2ZicHJvY2VkZXMuY29tXC93cC1jb250ZW50XC91cGxvYWRzXC8yMDI2XC8wMVwvZGVncmlsbGV1ci12ZXJ0aWNhbC1jYW5hbC1lYXV4LXVzZWVzLmpwZyJ9\">\n\t\t\t\t\t\t\t<img decoding=\"async\" width=\"768\" height=\"1024\" src=\"https:\/\/fbprocedes.com\/wp-content\/uploads\/2026\/01\/degrilleur-vertical-canal-eaux-usees.jpg\" class=\"elementor-animation-grow attachment-large size-large wp-image-3491\" alt=\"Reja de desbaste vertical con descarga en un contenedor\" srcset=\"https:\/\/fbprocedes.com\/wp-content\/uploads\/2026\/01\/degrilleur-vertical-canal-eaux-usees.jpg 768w, https:\/\/fbprocedes.com\/wp-content\/uploads\/2026\/01\/degrilleur-vertical-canal-eaux-usees-225x300.jpg 225w, https:\/\/fbprocedes.com\/wp-content\/uploads\/2026\/01\/degrilleur-vertical-canal-eaux-usees-9x12.jpg 9w\" sizes=\"(max-width: 768px) 100vw, 768px\" \/>\t\t\t\t\t\t\t\t<\/a>\n\t\t\t\t\t\t\t\t\t\t\t\t\t\t\t<\/div>\n\t\t\t\t<div class=\"elementor-element elementor-element-e1ed497 elementor-widget elementor-widget-image\" data-id=\"e1ed497\" data-element_type=\"widget\" data-e-type=\"widget\" data-widget_type=\"image.default\">\n\t\t\t\t\t\t\t\t\t\t\t\t\t\t\t<img loading=\"lazy\" decoding=\"async\" width=\"768\" height=\"1024\" src=\"https:\/\/fbprocedes.com\/wp-content\/uploads\/2026\/01\/degrilleur-vertical-pretraitement.jpg\" class=\"elementor-animation-grow attachment-large size-large wp-image-3492\" alt=\"Reja de desbaste vertical en un puesto de pretratamiento de aguas residuales\" srcset=\"https:\/\/fbprocedes.com\/wp-content\/uploads\/2026\/01\/degrilleur-vertical-pretraitement.jpg 768w, https:\/\/fbprocedes.com\/wp-content\/uploads\/2026\/01\/degrilleur-vertical-pretraitement-225x300.jpg 225w, https:\/\/fbprocedes.com\/wp-content\/uploads\/2026\/01\/degrilleur-vertical-pretraitement-9x12.jpg 9w\" sizes=\"(max-width: 768px) 100vw, 768px\" \/>\t\t\t\t\t\t\t\t\t\t\t\t\t\t\t<\/div>\n\t\t\t\t<div class=\"elementor-element elementor-element-e7e96a1 elementor-widget elementor-widget-image\" data-id=\"e7e96a1\" data-element_type=\"widget\" data-e-type=\"widget\" data-widget_type=\"image.default\">\n\t\t\t\t\t\t\t\t\t\t\t\t\t\t\t<img loading=\"lazy\" decoding=\"async\" width=\"768\" height=\"1024\" src=\"https:\/\/fbprocedes.com\/wp-content\/uploads\/2026\/01\/degrilleur-vertical-canal-epuration.jpg\" class=\"elementor-animation-grow attachment-large size-large wp-image-3493\" alt=\"D\u00e9grilleur vertical dans un canal d&#039;eaux us\u00e9es\" srcset=\"https:\/\/fbprocedes.com\/wp-content\/uploads\/2026\/01\/degrilleur-vertical-canal-epuration.jpg 768w, https:\/\/fbprocedes.com\/wp-content\/uploads\/2026\/01\/degrilleur-vertical-canal-epuration-225x300.jpg 225w, https:\/\/fbprocedes.com\/wp-content\/uploads\/2026\/01\/degrilleur-vertical-canal-epuration-9x12.jpg 9w\" sizes=\"(max-width: 768px) 100vw, 768px\" \/>\t\t\t\t\t\t\t\t\t\t\t\t\t\t\t<\/div>\n\t\t\t\t<div class=\"elementor-element elementor-element-6560425 elementor-widget elementor-widget-image\" data-id=\"6560425\" data-element_type=\"widget\" data-e-type=\"widget\" data-widget_type=\"image.default\">\n\t\t\t\t\t\t\t\t\t\t\t\t\t\t\t<img loading=\"lazy\" decoding=\"async\" width=\"768\" height=\"1024\" src=\"https:\/\/fbprocedes.com\/wp-content\/uploads\/2026\/01\/degrilleur-vertical-poubelle.jpg\" class=\"elementor-animation-grow attachment-large size-large wp-image-3494\" alt=\"D\u00e9grilleur vertical d\u00e9verse d\u00e9chets dans poubelle\" srcset=\"https:\/\/fbprocedes.com\/wp-content\/uploads\/2026\/01\/degrilleur-vertical-poubelle.jpg 768w, https:\/\/fbprocedes.com\/wp-content\/uploads\/2026\/01\/degrilleur-vertical-poubelle-225x300.jpg 225w, https:\/\/fbprocedes.com\/wp-content\/uploads\/2026\/01\/degrilleur-vertical-poubelle-9x12.jpg 9w\" sizes=\"(max-width: 768px) 100vw, 768px\" \/>\t\t\t\t\t\t\t\t\t\t\t\t\t\t\t<\/div>\n\t\t\t\t\t<\/div>\n\t\t\t\t<\/div>\n\t\t<div class=\"elementor-element elementor-element-7189b644 e-flex e-con-boxed e-con e-parent\" data-id=\"7189b644\" data-element_type=\"container\" data-e-type=\"container\">\n\t\t\t\t\t<div class=\"e-con-inner\">\n\t\t\t\t<div class=\"elementor-element elementor-element-77fe3610 elementor-widget elementor-widget-heading\" data-id=\"77fe3610\" data-element_type=\"widget\" data-e-type=\"widget\" data-widget_type=\"heading.default\">\n\t\t\t\t\t<h2 class=\"elementor-heading-title elementor-size-default\">Soluciones complementarias<\/h2>\t\t\t\t<\/div>\n\t\t\t\t<div class=\"elementor-element elementor-element-1aff1871 elementor-widget-divider--view-line elementor-widget elementor-widget-divider\" data-id=\"1aff1871\" data-element_type=\"widget\" data-e-type=\"widget\" data-widget_type=\"divider.default\">\n\t\t\t\t\t\t\t<div class=\"elementor-divider\">\n\t\t\t<span class=\"elementor-divider-separator\">\n\t\t\t\t\t\t<\/span>\n\t\t<\/div>\n\t\t\t\t\t\t<\/div>\n\t\t\t\t\t<\/div>\n\t\t\t\t<\/div>\n\t\t<div class=\"elementor-element elementor-element-748876c2 e-grid e-con-boxed e-con e-parent\" data-id=\"748876c2\" data-element_type=\"container\" data-e-type=\"container\">\n\t\t\t\t\t<div class=\"e-con-inner\">\n\t\t<div class=\"elementor-element elementor-element-2150830e e-con-full e-flex e-con e-child\" data-id=\"2150830e\" data-element_type=\"container\" data-e-type=\"container\" data-settings=\"{&quot;background_background&quot;:&quot;classic&quot;}\">\n\t\t\t\t<div class=\"elementor-element elementor-element-6b9c4aad elementor-widget elementor-widget-image\" data-id=\"6b9c4aad\" data-element_type=\"widget\" data-e-type=\"widget\" data-widget_type=\"image.default\">\n\t\t\t\t\t\t\t\t\t\t\t\t\t\t\t<img loading=\"lazy\" decoding=\"async\" width=\"500\" height=\"400\" src=\"https:\/\/fbprocedes.com\/wp-content\/uploads\/2025\/12\/vis-de-transport.jpg\" class=\"attachment-medium_large size-medium_large wp-image-707\" alt=\"VUe 3\" srcset=\"https:\/\/fbprocedes.com\/wp-content\/uploads\/2025\/12\/vis-de-transport.jpg 500w, https:\/\/fbprocedes.com\/wp-content\/uploads\/2025\/12\/vis-de-transport-300x240.jpg 300w\" sizes=\"(max-width: 500px) 100vw, 500px\" \/>\t\t\t\t\t\t\t\t\t\t\t\t\t\t\t<\/div>\n\t\t\t\t<div class=\"elementor-element elementor-element-25d43290 elementor-widget elementor-widget-heading\" data-id=\"25d43290\" data-element_type=\"widget\" data-e-type=\"widget\" data-widget_type=\"heading.default\">\n\t\t\t\t\t<h3 class=\"elementor-heading-title elementor-size-default\">Tornillo Transportador<\/h3>\t\t\t\t<\/div>\n\t\t\t\t<div class=\"elementor-element elementor-element-250115f8 elementor-widget elementor-widget-text-editor\" data-id=\"250115f8\" data-element_type=\"widget\" data-e-type=\"widget\" data-widget_type=\"text-editor.default\">\n\t\t\t\t\t\t\t\t\t<p style=\"text-align: center;\">Tornillo transportador para trasladar los residuos recogidos por las rejas de desbaste hacia un contenedor o una tolva.<\/p>\t\t\t\t\t\t\t\t<\/div>\n\t\t\t\t<div class=\"elementor-element elementor-element-58bfcdd7 elementor-align-center elementor-widget elementor-widget-button\" data-id=\"58bfcdd7\" data-element_type=\"widget\" data-e-type=\"widget\" data-widget_type=\"button.default\">\n\t\t\t\t\t\t\t\t\t\t<a class=\"elementor-button elementor-button-link elementor-size-sm\" href=\"\/es\/tornillo-transportador\/\">\n\t\t\t\t\t\t<span class=\"elementor-button-content-wrapper\">\n\t\t\t\t\t\t\t\t\t<span class=\"elementor-button-text\">Ver<\/span>\n\t\t\t\t\t<\/span>\n\t\t\t\t\t<\/a>\n\t\t\t\t\t\t\t\t<\/div>\n\t\t\t\t<\/div>\n\t\t<div class=\"elementor-element elementor-element-79db36e8 e-con-full e-flex e-con e-child\" data-id=\"79db36e8\" data-element_type=\"container\" data-e-type=\"container\" data-settings=\"{&quot;background_background&quot;:&quot;classic&quot;}\">\n\t\t\t\t<div class=\"elementor-element elementor-element-69dbe04e elementor-widget elementor-widget-image\" data-id=\"69dbe04e\" data-element_type=\"widget\" data-e-type=\"widget\" data-widget_type=\"image.default\">\n\t\t\t\t\t\t\t\t\t\t\t\t\t\t\t<img loading=\"lazy\" decoding=\"async\" width=\"500\" height=\"400\" src=\"https:\/\/fbprocedes.com\/wp-content\/uploads\/2025\/12\/vis-de-compactage.jpg\" class=\"attachment-medium_large size-medium_large wp-image-705\" alt=\"Tornillo compactador para la reducci\u00f3n del volumen de los rechazos de desbaste\" srcset=\"https:\/\/fbprocedes.com\/wp-content\/uploads\/2025\/12\/vis-de-compactage.jpg 500w, https:\/\/fbprocedes.com\/wp-content\/uploads\/2025\/12\/vis-de-compactage-300x240.jpg 300w\" sizes=\"(max-width: 500px) 100vw, 500px\" \/>\t\t\t\t\t\t\t\t\t\t\t\t\t\t\t<\/div>\n\t\t\t\t<div class=\"elementor-element elementor-element-795d35bd elementor-widget elementor-widget-heading\" data-id=\"795d35bd\" data-element_type=\"widget\" data-e-type=\"widget\" data-widget_type=\"heading.default\">\n\t\t\t\t\t<h3 class=\"elementor-heading-title elementor-size-default\">Tornillo Compactador<\/h3>\t\t\t\t<\/div>\n\t\t\t\t<div class=\"elementor-element elementor-element-1112b541 elementor-widget elementor-widget-text-editor\" data-id=\"1112b541\" data-element_type=\"widget\" data-e-type=\"widget\" data-widget_type=\"text-editor.default\">\n\t\t\t\t\t\t\t\t\t<p style=\"text-align: center;\">Tornillo compactador para reducir el volumen de los residuos recogidos por la reja de desbaste<\/p>\t\t\t\t\t\t\t\t<\/div>\n\t\t\t\t<div class=\"elementor-element elementor-element-3e4a48c5 elementor-align-center elementor-widget elementor-widget-button\" data-id=\"3e4a48c5\" data-element_type=\"widget\" data-e-type=\"widget\" data-widget_type=\"button.default\">\n\t\t\t\t\t\t\t\t\t\t<a class=\"elementor-button elementor-button-link elementor-size-sm\" href=\"\/es\/tornillo-compactador\/\">\n\t\t\t\t\t\t<span class=\"elementor-button-content-wrapper\">\n\t\t\t\t\t\t\t\t\t<span class=\"elementor-button-text\">Ver<\/span>\n\t\t\t\t\t<\/span>\n\t\t\t\t\t<\/a>\n\t\t\t\t\t\t\t\t<\/div>\n\t\t\t\t<\/div>\n\t\t<div class=\"elementor-element elementor-element-b25fada e-con-full e-flex e-con e-child\" data-id=\"b25fada\" data-element_type=\"container\" data-e-type=\"container\" data-settings=\"{&quot;background_background&quot;:&quot;classic&quot;}\">\n\t\t\t\t<div class=\"elementor-element elementor-element-13be364c elementor-widget elementor-widget-image\" data-id=\"13be364c\" data-element_type=\"widget\" data-e-type=\"widget\" data-widget_type=\"image.default\">\n\t\t\t\t\t\t\t\t\t\t\t\t\t\t\t<img loading=\"lazy\" decoding=\"async\" width=\"500\" height=\"400\" src=\"https:\/\/fbprocedes.com\/wp-content\/uploads\/2025\/12\/presse-laveuse.jpg\" class=\"attachment-medium_large size-medium_large wp-image-706\" alt=\"Vista 3D de la prensa lavadora PROPRESS\" srcset=\"https:\/\/fbprocedes.com\/wp-content\/uploads\/2025\/12\/presse-laveuse.jpg 500w, https:\/\/fbprocedes.com\/wp-content\/uploads\/2025\/12\/presse-laveuse-300x240.jpg 300w\" sizes=\"(max-width: 500px) 100vw, 500px\" \/>\t\t\t\t\t\t\t\t\t\t\t\t\t\t\t<\/div>\n\t\t\t\t<div class=\"elementor-element elementor-element-d2b8e0c elementor-widget elementor-widget-heading\" data-id=\"d2b8e0c\" data-element_type=\"widget\" data-e-type=\"widget\" data-widget_type=\"heading.default\">\n\t\t\t\t\t<h3 class=\"elementor-heading-title elementor-size-default\">Prensa lavadora<\/h3>\t\t\t\t<\/div>\n\t\t\t\t<div class=\"elementor-element elementor-element-5ab16308 elementor-widget elementor-widget-text-editor\" data-id=\"5ab16308\" data-element_type=\"widget\" data-e-type=\"widget\" data-widget_type=\"text-editor.default\">\n\t\t\t\t\t\t\t\t\t<p style=\"text-align: center;\">La prensa lavadora PROPRESS es la soluci\u00f3n \u00f3ptima para el lavado y la compactaci\u00f3n de los rechazos de desbaste.<\/p>\t\t\t\t\t\t\t\t<\/div>\n\t\t\t\t<div class=\"elementor-element elementor-element-7eb2cdc0 elementor-align-center elementor-widget elementor-widget-button\" data-id=\"7eb2cdc0\" data-element_type=\"widget\" data-e-type=\"widget\" data-widget_type=\"button.default\">\n\t\t\t\t\t\t\t\t\t\t<a class=\"elementor-button elementor-button-link elementor-size-sm\" href=\"\/es\/prensa-lavadora-propress\/\">\n\t\t\t\t\t\t<span class=\"elementor-button-content-wrapper\">\n\t\t\t\t\t\t\t\t\t<span class=\"elementor-button-text\">Ver<\/span>\n\t\t\t\t\t<\/span>\n\t\t\t\t\t<\/a>\n\t\t\t\t\t\t\t\t<\/div>\n\t\t\t\t<\/div>\n\t\t\t\t\t<\/div>\n\t\t\t\t<\/div>\n\t\t\t\t<\/div>","protected":false},"excerpt":{"rendered":"<p>D\u00e9grilleur automatique Type NG Largeur jusqu\u2019\u00e0 2000 mm, d\u00e9bit jusqu\u2019\u00e0 6000 m3\/h. Le d\u00e9grilleur automatique vertical Type NG est r\u00e9alis\u00e9 enti\u00e8rement sur mesure selon le cahier des charges de chaque projet. Nous contacter Le d\u00e9grilleur automatique type NG est le premier d\u00e9grilleur que nous avons con\u00e7u. C&rsquo;est pourquoi il b\u00e9n\u00e9ficie aujourd\u2019hui de plus de 30 [&hellip;]<\/p>\n","protected":false},"author":1,"featured_media":0,"parent":444,"menu_order":0,"comment_status":"closed","ping_status":"closed","template":"","meta":{"footnotes":""},"class_list":["post-494","page","type-page","status-publish","hentry"],"aioseo_notices":[],"_links":{"self":[{"href":"https:\/\/fbprocedes.com\/es\/wp-json\/wp\/v2\/pages\/494","targetHints":{"allow":["GET"]}}],"collection":[{"href":"https:\/\/fbprocedes.com\/es\/wp-json\/wp\/v2\/pages"}],"about":[{"href":"https:\/\/fbprocedes.com\/es\/wp-json\/wp\/v2\/types\/page"}],"author":[{"embeddable":true,"href":"https:\/\/fbprocedes.com\/es\/wp-json\/wp\/v2\/users\/1"}],"replies":[{"embeddable":true,"href":"https:\/\/fbprocedes.com\/es\/wp-json\/wp\/v2\/comments?post=494"}],"version-history":[{"count":37,"href":"https:\/\/fbprocedes.com\/es\/wp-json\/wp\/v2\/pages\/494\/revisions"}],"predecessor-version":[{"id":3813,"href":"https:\/\/fbprocedes.com\/es\/wp-json\/wp\/v2\/pages\/494\/revisions\/3813"}],"up":[{"embeddable":true,"href":"https:\/\/fbprocedes.com\/es\/wp-json\/wp\/v2\/pages\/444"}],"wp:attachment":[{"href":"https:\/\/fbprocedes.com\/es\/wp-json\/wp\/v2\/media?parent=494"}],"curies":[{"name":"wp","href":"https:\/\/api.w.org\/{rel}","templated":true}]}}