{"id":822,"date":"2025-12-15T19:17:50","date_gmt":"2025-12-15T18:17:50","guid":{"rendered":"https:\/\/fbprocedes.com\/?page_id=822"},"modified":"2026-01-16T16:12:21","modified_gmt":"2026-01-16T15:12:21","slug":"reja-de-desbaste-definicion","status":"publish","type":"page","link":"https:\/\/fbprocedes.com\/es\/produits\/degrilleurs\/degrilleur-definition\/","title":{"rendered":"D\u00e9grilleur &#8211; D\u00e9finition"},"content":{"rendered":"<div data-elementor-type=\"wp-page\" data-elementor-id=\"822\" class=\"elementor elementor-822\" data-elementor-post-type=\"page\">\n\t\t\t\t<div class=\"elementor-element elementor-element-296c9675 e-flex e-con-boxed e-con e-parent\" data-id=\"296c9675\" data-element_type=\"container\" data-e-type=\"container\" data-settings=\"{&quot;background_background&quot;:&quot;classic&quot;}\">\n\t\t\t\t\t<div class=\"e-con-inner\">\n\t\t\t\t<div class=\"elementor-element elementor-element-5fd20e8d elementor-widget elementor-widget-heading\" data-id=\"5fd20e8d\" data-element_type=\"widget\" data-e-type=\"widget\" data-widget_type=\"heading.default\">\n\t\t\t\t\t<h1 class=\"elementor-heading-title elementor-size-default\">Reja de desbaste - Definici\u00f3n<\/h1>\t\t\t\t<\/div>\n\t\t\t\t<div class=\"elementor-element elementor-element-28d86056 elementor-widget elementor-widget-text-editor\" data-id=\"28d86056\" data-element_type=\"widget\" data-e-type=\"widget\" data-widget_type=\"text-editor.default\">\n\t\t\t\t\t\t\t\t\t<p>Una reja de desbaste es un equipo de pretratamiento utilizado en estaciones depuradoras para retener los residuos gruesos presentes en las aguas residuales.<\/p>\t\t\t\t\t\t\t\t<\/div>\n\t\t\t\t<div class=\"elementor-element elementor-element-22528c14 elementor-align-center elementor-widget elementor-widget-button\" data-id=\"22528c14\" data-element_type=\"widget\" data-e-type=\"widget\" data-widget_type=\"button.default\">\n\t\t\t\t\t\t\t\t\t\t<a class=\"elementor-button elementor-button-link elementor-size-sm\" href=\"\/es\/contacto\/\">\n\t\t\t\t\t\t<span class=\"elementor-button-content-wrapper\">\n\t\t\t\t\t\t\t\t\t<span class=\"elementor-button-text\">Cont\u00e1ctenos<\/span>\n\t\t\t\t\t<\/span>\n\t\t\t\t\t<\/a>\n\t\t\t\t\t\t\t\t<\/div>\n\t\t\t\t\t<\/div>\n\t\t\t\t<\/div>\n\t\t<div class=\"elementor-element elementor-element-435a7aa e-flex e-con-boxed e-con e-parent\" data-id=\"435a7aa\" data-element_type=\"container\" data-e-type=\"container\">\n\t\t\t\t\t<div class=\"e-con-inner\">\n\t\t\t\t<div class=\"elementor-element elementor-element-aac707a elementor-widget elementor-widget-heading\" data-id=\"aac707a\" data-element_type=\"widget\" data-e-type=\"widget\" data-widget_type=\"heading.default\">\n\t\t\t\t\t<h2 class=\"elementor-heading-title elementor-size-default\">Definici\u00f3n de una reja de desbaste<\/h2>\t\t\t\t<\/div>\n\t\t\t\t<div class=\"elementor-element elementor-element-3d93e270 elementor-widget-divider--view-line elementor-widget elementor-widget-divider\" data-id=\"3d93e270\" data-element_type=\"widget\" data-e-type=\"widget\" data-widget_type=\"divider.default\">\n\t\t\t\t\t\t\t<div class=\"elementor-divider\">\n\t\t\t<span class=\"elementor-divider-separator\">\n\t\t\t\t\t\t<\/span>\n\t\t<\/div>\n\t\t\t\t\t\t<\/div>\n\t\t\t\t<div class=\"elementor-element elementor-element-227e294 elementor-widget elementor-widget-text-editor\" data-id=\"227e294\" data-element_type=\"widget\" data-e-type=\"widget\" data-widget_type=\"text-editor.default\">\n\t\t\t\t\t\t\t\t\t<p>Una reja de desbaste autom\u00e1tica es una m\u00e1quina destinada a retener materias voluminosas y todo tipo de residuos contenidos en las aguas residuales. Es un equipo de pretratamiento de aguas residuales que forma parte del proceso de separaci\u00f3n s\u00f3lido-l\u00edquido.<\/p>\t\t\t\t\t\t\t\t<\/div>\n\t\t\t\t<div class=\"elementor-element elementor-element-7eec122 elementor-widget elementor-widget-heading\" data-id=\"7eec122\" data-element_type=\"widget\" data-e-type=\"widget\" data-widget_type=\"heading.default\">\n\t\t\t\t\t<h2 class=\"elementor-heading-title elementor-size-default\">Pretratamiento de aguas residuales<\/h2>\t\t\t\t<\/div>\n\t\t\t\t<div class=\"elementor-element elementor-element-9a7f6df elementor-widget-divider--view-line elementor-widget elementor-widget-divider\" data-id=\"9a7f6df\" data-element_type=\"widget\" data-e-type=\"widget\" data-widget_type=\"divider.default\">\n\t\t\t\t\t\t\t<div class=\"elementor-divider\">\n\t\t\t<span class=\"elementor-divider-separator\">\n\t\t\t\t\t\t<\/span>\n\t\t<\/div>\n\t\t\t\t\t\t<\/div>\n\t\t\t\t<div class=\"elementor-element elementor-element-271b31f elementor-widget elementor-widget-text-editor\" data-id=\"271b31f\" data-element_type=\"widget\" data-e-type=\"widget\" data-widget_type=\"text-editor.default\">\n\t\t\t\t\t\t\t\t\t<p>El pretratamiento consiste en eliminar de las aguas residuales determinadas materias, como s\u00f3lidos, grasas, aceites o arenas. Es una etapa fundamental, ya que si el pretratamiento no se realiza correctamente, todo el proceso de tratamiento de las aguas residuales se ve afectado.<\/p><p>La primera etapa del pretratamiento es la denominada etapa de desbaste. Las aguas residuales, cargadas de materias s\u00f3lidas, pasan a trav\u00e9s de una rejilla, quedando los s\u00f3lidos retenidos. El desbaste consiste en retirar manual o autom\u00e1ticamente estos materiales de la rejilla y recogerlos en un contenedor, como un cubo o un recipiente para residuos.<\/p><p>El desbaste manual consiste en colocar una rejilla a trav\u00e9s del efluente, y una persona recoge manualmente los residuos utilizando, por ejemplo, un simple rastrillo o una cesta de desbaste elevable manualmente mediante un cable. Se trata de un procedimiento arcaico que alcanza r\u00e1pidamente sus l\u00edmites cuando aumentan el caudal o la cantidad de residuos. Adem\u00e1s, es una operaci\u00f3n que puede resultar peligrosa para la persona encargada de realizarla.<\/p>\t\t\t\t\t\t\t\t<\/div>\n\t\t\t\t<div class=\"elementor-element elementor-element-02f375f elementor-widget elementor-widget-heading\" data-id=\"02f375f\" data-element_type=\"widget\" data-e-type=\"widget\" data-widget_type=\"heading.default\">\n\t\t\t\t\t<h2 class=\"elementor-heading-title elementor-size-default\">Problemas encontrados<\/h2>\t\t\t\t<\/div>\n\t\t\t\t<div class=\"elementor-element elementor-element-1e37b9d elementor-widget-divider--view-line elementor-widget elementor-widget-divider\" data-id=\"1e37b9d\" data-element_type=\"widget\" data-e-type=\"widget\" data-widget_type=\"divider.default\">\n\t\t\t\t\t\t\t<div class=\"elementor-divider\">\n\t\t\t<span class=\"elementor-divider-separator\">\n\t\t\t\t\t\t<\/span>\n\t\t<\/div>\n\t\t\t\t\t\t<\/div>\n\t\t\t\t<div class=\"elementor-element elementor-element-211b89b elementor-widget elementor-widget-text-editor\" data-id=\"211b89b\" data-element_type=\"widget\" data-e-type=\"widget\" data-widget_type=\"text-editor.default\">\n\t\t\t\t\t\t\t\t\t<ul><li>Bombas de elevaci\u00f3n obstruidas<\/li><li>Cesta manual colmatada<\/li><li>Rejas de desbaste finas saturadas<\/li><li>Rampas de aireaci\u00f3n obstruidas<\/li><li>Trapos en el desengrasador<\/li><\/ul>\t\t\t\t\t\t\t\t<\/div>\n\t\t\t\t\t<\/div>\n\t\t\t\t<\/div>\n\t\t<div class=\"elementor-element elementor-element-ce3d57b e-flex e-con-boxed e-con e-parent\" data-id=\"ce3d57b\" data-element_type=\"container\" data-e-type=\"container\" data-settings=\"{&quot;background_background&quot;:&quot;classic&quot;}\">\n\t\t\t\t\t<div class=\"e-con-inner\">\n\t\t\t\t<div class=\"elementor-element elementor-element-d389b41 elementor-widget elementor-widget-heading\" data-id=\"d389b41\" data-element_type=\"widget\" data-e-type=\"widget\" data-widget_type=\"heading.default\">\n\t\t\t\t\t<h2 class=\"elementor-heading-title elementor-size-default\">La soluci\u00f3n: la reja de desbaste autom\u00e1tica<\/h2>\t\t\t\t<\/div>\n\t\t\t\t<div class=\"elementor-element elementor-element-31ee685 elementor-widget-divider--view-line elementor-widget elementor-widget-divider\" data-id=\"31ee685\" data-element_type=\"widget\" data-e-type=\"widget\" data-widget_type=\"divider.default\">\n\t\t\t\t\t\t\t<div class=\"elementor-divider\">\n\t\t\t<span class=\"elementor-divider-separator\">\n\t\t\t\t\t\t<\/span>\n\t\t<\/div>\n\t\t\t\t\t\t<\/div>\n\t\t\t\t<div class=\"elementor-element elementor-element-d6386e6 elementor-widget elementor-widget-text-editor\" data-id=\"d6386e6\" data-element_type=\"widget\" data-e-type=\"widget\" data-widget_type=\"text-editor.default\">\n\t\t\t\t\t\t\t\t\t<p>Un equipo denominado reja de desbaste autom\u00e1tica se instala a trav\u00e9s del efluente. Los residuos siguen siendo retenidos por una rejilla, pero esta se limpia autom\u00e1ticamente mediante la reja de desbaste, que recoge los s\u00f3lidos y los descarga directamente en un contenedor de residuos o en un tornillo transportador\/compactador. Esto permite un desbaste \u00f3ptimo en cualquier circunstancia, con caudales bajos o elevados, y evita que el personal tenga que realizar esta operaci\u00f3n.<\/p>\t\t\t\t\t\t\t\t<\/div>\n\t\t\t\t\t<\/div>\n\t\t\t\t<\/div>\n\t\t<div class=\"elementor-element elementor-element-24cd6c2 e-flex e-con-boxed e-con e-parent\" data-id=\"24cd6c2\" data-element_type=\"container\" data-e-type=\"container\" data-settings=\"{&quot;background_background&quot;:&quot;classic&quot;}\">\n\t\t\t\t\t<div class=\"e-con-inner\">\n\t\t<div class=\"elementor-element elementor-element-b49fb10 e-con-full e-flex e-con e-child\" data-id=\"b49fb10\" data-element_type=\"container\" data-e-type=\"container\">\n\t\t\t\t<div class=\"elementor-element elementor-element-c4f9291 elementor-widget elementor-widget-image\" data-id=\"c4f9291\" data-element_type=\"widget\" data-e-type=\"widget\" data-widget_type=\"image.default\">\n\t\t\t\t\t\t\t\t\t\t\t\t\t\t\t<img fetchpriority=\"high\" decoding=\"async\" width=\"640\" height=\"800\" src=\"https:\/\/fbprocedes.com\/wp-content\/uploads\/2026\/01\/degrilleur-vertical-canal.jpg\" class=\"attachment-large size-large wp-image-3253\" alt=\"Reja de desbaste vertical con descarga en un contenedor\" srcset=\"https:\/\/fbprocedes.com\/wp-content\/uploads\/2026\/01\/degrilleur-vertical-canal.jpg 640w, https:\/\/fbprocedes.com\/wp-content\/uploads\/2026\/01\/degrilleur-vertical-canal-240x300.jpg 240w, https:\/\/fbprocedes.com\/wp-content\/uploads\/2026\/01\/degrilleur-vertical-canal-10x12.jpg 10w\" sizes=\"(max-width: 640px) 100vw, 640px\" \/>\t\t\t\t\t\t\t\t\t\t\t\t\t\t\t<\/div>\n\t\t\t\t<\/div>\n\t\t<div class=\"elementor-element elementor-element-74f5d9c e-con-full e-flex e-con e-child\" data-id=\"74f5d9c\" data-element_type=\"container\" data-e-type=\"container\">\n\t\t\t\t<div class=\"elementor-element elementor-element-90f71de elementor-widget elementor-widget-text-editor\" data-id=\"90f71de\" data-element_type=\"widget\" data-e-type=\"widget\" data-widget_type=\"text-editor.default\">\n\t\t\t\t\t\t\t\t\t<p>FB Proc\u00e9d\u00e9s ofrece una gama completa de rejas de desbaste autom\u00e1ticas que responde perfectamente a todos los criterios de eficacia y calidad exigidos para un pretratamiento y un desbaste \u00f3ptimos:<\/p><ul><li>Protecci\u00f3n eficaz de las bombas<\/li><li>Reduce la carga sobre los procesos de tratamiento de la estaci\u00f3n<\/li><li>No ocupa m\u00e1s espacio que una cesta manual<\/li><li>No todos los residuos quedan retenidos, a diferencia de las cestas manuales<\/li><li>Poca o ninguna modificaci\u00f3n de la instalaci\u00f3n existente<\/li><li>Elevaci\u00f3n de los residuos fuera del pozo, con descarga directa en un contenedor<\/li><li>Adaptable a todo tipo de implantaciones<\/li><li>Implantaci\u00f3n directa en el pozo, en montaje aplicado contra la pared vertical<\/li><li>Mantenimiento de la reja de desbaste realizado exclusivamente fuera del pozo<\/li><\/ul>\t\t\t\t\t\t\t\t<\/div>\n\t\t\t\t<\/div>\n\t\t\t\t\t<\/div>\n\t\t\t\t<\/div>\n\t\t<div class=\"elementor-element elementor-element-b3f50f2 e-flex e-con-boxed e-con e-parent\" data-id=\"b3f50f2\" data-element_type=\"container\" data-e-type=\"container\" data-settings=\"{&quot;background_background&quot;:&quot;classic&quot;}\">\n\t\t\t\t\t<div class=\"e-con-inner\">\n\t\t\t\t<div class=\"elementor-element elementor-element-b873642 elementor-align-center elementor-widget elementor-widget-button\" data-id=\"b873642\" data-element_type=\"widget\" data-e-type=\"widget\" data-widget_type=\"button.default\">\n\t\t\t\t\t\t\t\t\t\t<a class=\"elementor-button elementor-button-link elementor-size-sm\" href=\"\/es\/productos\/rejas-de-desbaste\/\">\n\t\t\t\t\t\t<span class=\"elementor-button-content-wrapper\">\n\t\t\t\t\t\t\t\t\t<span class=\"elementor-button-text\">Descubra nuestras rejas de desbaste<\/span>\n\t\t\t\t\t<\/span>\n\t\t\t\t\t<\/a>\n\t\t\t\t\t\t\t\t<\/div>\n\t\t\t\t\t<\/div>\n\t\t\t\t<\/div>\n\t\t\t\t<\/div>","protected":false},"excerpt":{"rendered":"<p>D\u00e9grilleur &#8211; D\u00e9finition Le d\u00e9grilleur est un \u00e9quipement de pr\u00e9traitement utilis\u00e9 en station d\u2019\u00e9puration pour retenir les d\u00e9chets grossiers pr\u00e9sents dans les eaux us\u00e9es. Nous contacter D\u00e9finition d&rsquo;un d\u00e9grilleur Un d\u00e9grilleur automatique est une machine destin\u00e9e \u00e0 retenir les mati\u00e8res volumineuses et d\u00e9chets de toutes sortes contenus dans les eaux us\u00e9es. C\u2019est un appareil de [&hellip;]<\/p>\n","protected":false},"author":1,"featured_media":0,"parent":444,"menu_order":0,"comment_status":"closed","ping_status":"closed","template":"","meta":{"footnotes":""},"class_list":["post-822","page","type-page","status-publish","hentry"],"aioseo_notices":[],"_links":{"self":[{"href":"https:\/\/fbprocedes.com\/es\/wp-json\/wp\/v2\/pages\/822","targetHints":{"allow":["GET"]}}],"collection":[{"href":"https:\/\/fbprocedes.com\/es\/wp-json\/wp\/v2\/pages"}],"about":[{"href":"https:\/\/fbprocedes.com\/es\/wp-json\/wp\/v2\/types\/page"}],"author":[{"embeddable":true,"href":"https:\/\/fbprocedes.com\/es\/wp-json\/wp\/v2\/users\/1"}],"replies":[{"embeddable":true,"href":"https:\/\/fbprocedes.com\/es\/wp-json\/wp\/v2\/comments?post=822"}],"version-history":[{"count":22,"href":"https:\/\/fbprocedes.com\/es\/wp-json\/wp\/v2\/pages\/822\/revisions"}],"predecessor-version":[{"id":3673,"href":"https:\/\/fbprocedes.com\/es\/wp-json\/wp\/v2\/pages\/822\/revisions\/3673"}],"up":[{"embeddable":true,"href":"https:\/\/fbprocedes.com\/es\/wp-json\/wp\/v2\/pages\/444"}],"wp:attachment":[{"href":"https:\/\/fbprocedes.com\/es\/wp-json\/wp\/v2\/media?parent=822"}],"curies":[{"name":"wp","href":"https:\/\/api.w.org\/{rel}","templated":true}]}}