{"id":885,"date":"2025-12-17T19:07:56","date_gmt":"2025-12-17T18:07:56","guid":{"rendered":"https:\/\/fbprocedes.com\/?page_id=885"},"modified":"2026-02-28T18:05:02","modified_gmt":"2026-02-28T17:05:02","slug":"tornillo-compactador","status":"publish","type":"page","link":"https:\/\/fbprocedes.com\/es\/produits\/vis-refus-degrillage\/vis-de-compactage\/","title":{"rendered":"Tornillo Compactador"},"content":{"rendered":"<div data-elementor-type=\"wp-page\" data-elementor-id=\"885\" class=\"elementor elementor-885\" data-elementor-post-type=\"page\">\n\t\t\t\t<div class=\"elementor-element elementor-element-612dc6f5 e-flex e-con-boxed e-con e-parent\" data-id=\"612dc6f5\" data-element_type=\"container\" data-e-type=\"container\" data-settings=\"{&quot;background_background&quot;:&quot;classic&quot;}\">\n\t\t\t\t\t<div class=\"e-con-inner\">\n\t\t\t\t<div class=\"elementor-element elementor-element-37b490b8 elementor-widget elementor-widget-heading\" data-id=\"37b490b8\" data-element_type=\"widget\" data-e-type=\"widget\" data-widget_type=\"heading.default\">\n\t\t\t\t\t<h1 class=\"elementor-heading-title elementor-size-default\">Tornillo Compactador<\/h1>\t\t\t\t<\/div>\n\t\t\t\t<div class=\"elementor-element elementor-element-1add531d elementor-widget elementor-widget-text-editor\" data-id=\"1add531d\" data-element_type=\"widget\" data-e-type=\"widget\" data-widget_type=\"text-editor.default\">\n\t\t\t\t\t\t\t\t\t<p>Elegir una reja de desbaste de FB Proc\u00e9d\u00e9s junto con el tornillo compactador Tipo VCP significa optar por una soluci\u00f3n completa de desbaste y de compactaci\u00f3n de los rechazos, en la que ambas m\u00e1quinas funcionan en total complementariedad.<\/p>\t\t\t\t\t\t\t\t<\/div>\n\t\t\t\t<div class=\"elementor-element elementor-element-1b0843cb elementor-align-center elementor-widget elementor-widget-button\" data-id=\"1b0843cb\" data-element_type=\"widget\" data-e-type=\"widget\" data-widget_type=\"button.default\">\n\t\t\t\t\t\t\t\t\t\t<a class=\"elementor-button elementor-button-link elementor-size-sm\" href=\"\/es\/contacto\/\">\n\t\t\t\t\t\t<span class=\"elementor-button-content-wrapper\">\n\t\t\t\t\t\t\t\t\t<span class=\"elementor-button-text\">Cont\u00e1ctenos<\/span>\n\t\t\t\t\t<\/span>\n\t\t\t\t\t<\/a>\n\t\t\t\t\t\t\t\t<\/div>\n\t\t\t\t\t<\/div>\n\t\t\t\t<\/div>\n\t\t<div class=\"elementor-element elementor-element-8d9292f e-flex e-con-boxed e-con e-parent\" data-id=\"8d9292f\" data-element_type=\"container\" data-e-type=\"container\">\n\t\t\t\t\t<div class=\"e-con-inner\">\n\t\t<div class=\"elementor-element elementor-element-26b85b52 e-con-full e-flex e-con e-child\" data-id=\"26b85b52\" data-element_type=\"container\" data-e-type=\"container\">\n\t\t\t\t<div class=\"elementor-element elementor-element-37d96c18 elementor-widget elementor-widget-image\" data-id=\"37d96c18\" data-element_type=\"widget\" data-e-type=\"widget\" data-widget_type=\"image.default\">\n\t\t\t\t\t\t\t\t\t\t\t\t\t\t\t<img fetchpriority=\"high\" decoding=\"async\" width=\"1300\" height=\"1000\" src=\"https:\/\/fbprocedes.com\/wp-content\/uploads\/2025\/12\/vis-de-compactage-6.webp\" class=\"attachment-full size-full wp-image-893\" alt=\"Vis de compactage associ\u00e9 \u00e0 un d\u00e9grilleur vertical\" srcset=\"https:\/\/fbprocedes.com\/wp-content\/uploads\/2025\/12\/vis-de-compactage-6.webp 1300w, https:\/\/fbprocedes.com\/wp-content\/uploads\/2025\/12\/vis-de-compactage-6-300x231.webp 300w, https:\/\/fbprocedes.com\/wp-content\/uploads\/2025\/12\/vis-de-compactage-6-1024x788.webp 1024w, https:\/\/fbprocedes.com\/wp-content\/uploads\/2025\/12\/vis-de-compactage-6-768x591.webp 768w\" sizes=\"(max-width: 1300px) 100vw, 1300px\" \/>\t\t\t\t\t\t\t\t\t\t\t\t\t\t\t<\/div>\n\t\t\t\t<\/div>\n\t\t<div class=\"elementor-element elementor-element-c548095 e-con-full e-flex e-con e-child\" data-id=\"c548095\" data-element_type=\"container\" data-e-type=\"container\">\n\t\t\t\t<div class=\"elementor-element elementor-element-746f989c elementor-widget elementor-widget-text-editor\" data-id=\"746f989c\" data-element_type=\"widget\" data-e-type=\"widget\" data-widget_type=\"text-editor.default\">\n\t\t\t\t\t\t\t\t\t<p>El tornillo compactador tipo VCP ha sido dise\u00f1ado para ofrecer una soluci\u00f3n de compactaci\u00f3n de los rechazos de rejas procedentes de las rejas FB Proc\u00e9d\u00e9s.<\/p><p>Garantiza fiabilidad y bajos costes de explotaci\u00f3n gracias a un dise\u00f1o simple y robusto.<\/p><p>Elegir una reja de desbaste de FB Proc\u00e9d\u00e9s junto con el tornillo compactador Tipo VCP significa optar por una soluci\u00f3n completa de desbaste y de compactaci\u00f3n de los rechazos, en la que ambas m\u00e1quinas funcionan en total complementariedad.<\/p><p>El cuadro de control y automatizaci\u00f3n de la reja gestiona simult\u00e1neamente la reja y el tornillo compactador, facilitando la instalaci\u00f3n y el uso del conjunto de desbaste.<\/p>\t\t\t\t\t\t\t\t<\/div>\n\t\t\t\t<\/div>\n\t\t\t\t\t<\/div>\n\t\t\t\t<\/div>\n\t\t<div class=\"elementor-element elementor-element-c5e05cf e-flex e-con-boxed e-con e-parent\" data-id=\"c5e05cf\" data-element_type=\"container\" data-e-type=\"container\">\n\t\t\t\t\t<div class=\"e-con-inner\">\n\t\t\t\t<div class=\"elementor-element elementor-element-64d0246b elementor-widget elementor-widget-image\" data-id=\"64d0246b\" data-element_type=\"widget\" data-e-type=\"widget\" data-widget_type=\"image.default\">\n\t\t\t\t\t\t\t\t\t\t\t\t\t\t\t<img decoding=\"async\" width=\"500\" height=\"375\" src=\"https:\/\/fbprocedes.com\/wp-content\/uploads\/2025\/12\/vis-de-compactage-2.jpg\" class=\"attachment-large size-large wp-image-950\" alt=\"Tornillo compactador para la reducci\u00f3n del volumen de los rechazos de desbaste\" srcset=\"https:\/\/fbprocedes.com\/wp-content\/uploads\/2025\/12\/vis-de-compactage-2.jpg 500w, https:\/\/fbprocedes.com\/wp-content\/uploads\/2025\/12\/vis-de-compactage-2-300x225.jpg 300w\" sizes=\"(max-width: 500px) 100vw, 500px\" \/>\t\t\t\t\t\t\t\t\t\t\t\t\t\t\t<\/div>\n\t\t\t\t\t<\/div>\n\t\t\t\t<\/div>\n\t\t<div class=\"elementor-element elementor-element-6d27b754 e-flex e-con-boxed e-con e-parent\" data-id=\"6d27b754\" data-element_type=\"container\" data-e-type=\"container\" data-settings=\"{&quot;background_background&quot;:&quot;classic&quot;}\">\n\t\t\t\t\t<div class=\"e-con-inner\">\n\t\t<div class=\"elementor-element elementor-element-7aaffc3 e-con-full e-flex e-con e-child\" data-id=\"7aaffc3\" data-element_type=\"container\" data-e-type=\"container\">\n\t\t\t\t<div class=\"elementor-element elementor-element-2dd62741 elementor-widget elementor-widget-heading\" data-id=\"2dd62741\" data-element_type=\"widget\" data-e-type=\"widget\" data-widget_type=\"heading.default\">\n\t\t\t\t\t<h2 class=\"elementor-heading-title elementor-size-default\">Ventajas del tornillo compactador VCP<\/h2>\t\t\t\t<\/div>\n\t\t\t\t<div class=\"elementor-element elementor-element-f96f696 elementor-widget-divider--view-line elementor-widget elementor-widget-divider\" data-id=\"f96f696\" data-element_type=\"widget\" data-e-type=\"widget\" data-widget_type=\"divider.default\">\n\t\t\t\t\t\t\t<div class=\"elementor-divider\">\n\t\t\t<span class=\"elementor-divider-separator\">\n\t\t\t\t\t\t<\/span>\n\t\t<\/div>\n\t\t\t\t\t\t<\/div>\n\t\t\t\t<div class=\"elementor-element elementor-element-6707da24 elementor-widget elementor-widget-text-editor\" data-id=\"6707da24\" data-element_type=\"widget\" data-e-type=\"widget\" data-widget_type=\"text-editor.default\">\n\t\t\t\t\t\t\t\t\t<ul><li>Reducci\u00f3n del volumen de los residuos = disminuci\u00f3n de la frecuencia de recogidas.<\/li><li>Fabricaci\u00f3n a medida (inclinaci\u00f3n, longitud, dimensiones de la tolva de entrada, etc.).<\/li><li>Posible asociaci\u00f3n con toda nuestra gama de rejas.<\/li><li>Dise\u00f1o simple, bajo coste de explotaci\u00f3n y mantenimiento sencillo.<\/li><\/ul>\t\t\t\t\t\t\t\t<\/div>\n\t\t\t\t<\/div>\n\t\t<div class=\"elementor-element elementor-element-394537f8 e-con-full e-flex e-con e-child\" data-id=\"394537f8\" data-element_type=\"container\" data-e-type=\"container\">\n\t\t\t\t<div class=\"elementor-element elementor-element-605d73 elementor-widget elementor-widget-heading\" data-id=\"605d73\" data-element_type=\"widget\" data-e-type=\"widget\" data-widget_type=\"heading.default\">\n\t\t\t\t\t<h2 class=\"elementor-heading-title elementor-size-default\">Datos t\u00e9cnicos del tornillo compactador VCP<\/h2>\t\t\t\t<\/div>\n\t\t\t\t<div class=\"elementor-element elementor-element-1b7b71e1 elementor-widget-divider--view-line elementor-widget elementor-widget-divider\" data-id=\"1b7b71e1\" data-element_type=\"widget\" data-e-type=\"widget\" data-widget_type=\"divider.default\">\n\t\t\t\t\t\t\t<div class=\"elementor-divider\">\n\t\t\t<span class=\"elementor-divider-separator\">\n\t\t\t\t\t\t<\/span>\n\t\t<\/div>\n\t\t\t\t\t\t<\/div>\n\t\t\t\t<div class=\"elementor-element elementor-element-5c2e03e4 elementor-widget elementor-widget-text-editor\" data-id=\"5c2e03e4\" data-element_type=\"widget\" data-e-type=\"widget\" data-widget_type=\"text-editor.default\">\n\t\t\t\t\t\t\t\t\t<ul><li>Caudal m\u00e1ximo: 0,5 a 2,0 m\u00b3\/h<\/li><li>Reducci\u00f3n del volumen de residuos: 50%<\/li><li>Contenido de s\u00f3lidos secos: 30 a 35%<\/li><li>Inclinaci\u00f3n m\u00e1xima: 20 a 25\u00b0<\/li><li>Longitud m\u00e1xima: 2.000 a 8.000 mm<\/li><li>Construcci\u00f3n: Acero inoxidable 304L o 316L<\/li><li>Protecci\u00f3n el\u00e9ctrica: Controlador de intensidad<\/li><\/ul>\t\t\t\t\t\t\t\t<\/div>\n\t\t\t\t<\/div>\n\t\t\t\t\t<\/div>\n\t\t\t\t<\/div>\n\t\t<div class=\"elementor-element elementor-element-1faa898 e-flex e-con-boxed e-con e-parent\" data-id=\"1faa898\" data-element_type=\"container\" data-e-type=\"container\">\n\t\t\t\t\t<div class=\"e-con-inner\">\n\t\t\t\t<div class=\"elementor-element elementor-element-4403da0b elementor-widget elementor-widget-button\" data-id=\"4403da0b\" data-element_type=\"widget\" data-e-type=\"widget\" data-widget_type=\"button.default\">\n\t\t\t\t\t\t\t\t\t\t<a class=\"elementor-button elementor-button-link elementor-size-sm\" href=\"https:\/\/fbprocedes.com\/wp-content\/uploads\/2026\/01\/Ficha-de-Producto-Tornillo-Compactador-VCP-ES.pdf\">\n\t\t\t\t\t\t<span class=\"elementor-button-content-wrapper\">\n\t\t\t\t\t\t\t\t\t<span class=\"elementor-button-text\">Descargar la ficha t\u00e9cnica<\/span>\n\t\t\t\t\t<\/span>\n\t\t\t\t\t<\/a>\n\t\t\t\t\t\t\t\t<\/div>\n\t\t\t\t\t<\/div>\n\t\t\t\t<\/div>\n\t\t<div class=\"elementor-element elementor-element-4a7b4d09 e-flex e-con-boxed e-con e-parent\" data-id=\"4a7b4d09\" data-element_type=\"container\" data-e-type=\"container\">\n\t\t\t\t\t<div class=\"e-con-inner\">\n\t\t\t\t<div class=\"elementor-element elementor-element-5e28bbe2 elementor-widget elementor-widget-heading\" data-id=\"5e28bbe2\" data-element_type=\"widget\" data-e-type=\"widget\" data-widget_type=\"heading.default\">\n\t\t\t\t\t<h2 class=\"elementor-heading-title elementor-size-default\">Ejemplos de instalaciones de tornillos compactadores<\/h2>\t\t\t\t<\/div>\n\t\t\t\t<div class=\"elementor-element elementor-element-420e3ac4 elementor-widget-divider--view-line elementor-widget elementor-widget-divider\" data-id=\"420e3ac4\" data-element_type=\"widget\" data-e-type=\"widget\" data-widget_type=\"divider.default\">\n\t\t\t\t\t\t\t<div class=\"elementor-divider\">\n\t\t\t<span class=\"elementor-divider-separator\">\n\t\t\t\t\t\t<\/span>\n\t\t<\/div>\n\t\t\t\t\t\t<\/div>\n\t\t\t\t\t<\/div>\n\t\t\t\t<\/div>\n\t\t<div class=\"elementor-element elementor-element-095152b e-flex e-con-boxed e-con e-parent\" data-id=\"095152b\" data-element_type=\"container\" data-e-type=\"container\">\n\t\t\t\t\t<div class=\"e-con-inner\">\n\t\t\t\t<div class=\"elementor-element elementor-element-647b253 elementor-widget elementor-widget-image\" data-id=\"647b253\" data-element_type=\"widget\" data-e-type=\"widget\" data-widget_type=\"image.default\">\n\t\t\t\t\t\t\t\t\t\t\t\t\t\t\t\t<a href=\"https:\/\/fbprocedes.com\/wp-content\/uploads\/2026\/01\/vis-de-compactage-dechets.jpg\" data-elementor-open-lightbox=\"yes\" data-e-action-hash=\"#elementor-action%3Aaction%3Dlightbox%26settings%3DeyJpZCI6MzU4MCwidXJsIjoiaHR0cHM6XC9cL2ZicHJvY2VkZXMuY29tXC93cC1jb250ZW50XC91cGxvYWRzXC8yMDI2XC8wMVwvdmlzLWRlLWNvbXBhY3RhZ2UtZGVjaGV0cy5qcGcifQ%3D%3D\">\n\t\t\t\t\t\t\t<img decoding=\"async\" width=\"800\" height=\"600\" src=\"https:\/\/fbprocedes.com\/wp-content\/uploads\/2026\/01\/vis-de-compactage-dechets.jpg\" class=\"elementor-animation-grow attachment-large size-large wp-image-3580\" alt=\"Tornillo compactador de los residuos de una reja\" srcset=\"https:\/\/fbprocedes.com\/wp-content\/uploads\/2026\/01\/vis-de-compactage-dechets.jpg 1024w, https:\/\/fbprocedes.com\/wp-content\/uploads\/2026\/01\/vis-de-compactage-dechets-300x225.jpg 300w, https:\/\/fbprocedes.com\/wp-content\/uploads\/2026\/01\/vis-de-compactage-dechets-768x576.jpg 768w, https:\/\/fbprocedes.com\/wp-content\/uploads\/2026\/01\/vis-de-compactage-dechets-16x12.jpg 16w\" sizes=\"(max-width: 800px) 100vw, 800px\" \/>\t\t\t\t\t\t\t\t<\/a>\n\t\t\t\t\t\t\t\t\t\t\t\t\t\t\t<\/div>\n\t\t\t\t<div class=\"elementor-element elementor-element-5e7d183 elementor-widget elementor-widget-image\" data-id=\"5e7d183\" data-element_type=\"widget\" data-e-type=\"widget\" data-widget_type=\"image.default\">\n\t\t\t\t\t\t\t\t\t\t\t\t\t\t\t<img loading=\"lazy\" decoding=\"async\" width=\"800\" height=\"600\" src=\"https:\/\/fbprocedes.com\/wp-content\/uploads\/2026\/01\/degrilleur-avec-vis-de-compactage.jpg\" class=\"elementor-animation-grow attachment-large size-large wp-image-3579\" alt=\"Reja con tornillo compactador\" srcset=\"https:\/\/fbprocedes.com\/wp-content\/uploads\/2026\/01\/degrilleur-avec-vis-de-compactage.jpg 1024w, https:\/\/fbprocedes.com\/wp-content\/uploads\/2026\/01\/degrilleur-avec-vis-de-compactage-300x225.jpg 300w, https:\/\/fbprocedes.com\/wp-content\/uploads\/2026\/01\/degrilleur-avec-vis-de-compactage-768x576.jpg 768w, https:\/\/fbprocedes.com\/wp-content\/uploads\/2026\/01\/degrilleur-avec-vis-de-compactage-16x12.jpg 16w\" sizes=\"(max-width: 800px) 100vw, 800px\" \/>\t\t\t\t\t\t\t\t\t\t\t\t\t\t\t<\/div>\n\t\t\t\t<div class=\"elementor-element elementor-element-34a9fde elementor-widget elementor-widget-image\" data-id=\"34a9fde\" data-element_type=\"widget\" data-e-type=\"widget\" data-widget_type=\"image.default\">\n\t\t\t\t\t\t\t\t\t\t\t\t\t\t\t<img loading=\"lazy\" decoding=\"async\" width=\"800\" height=\"600\" src=\"https:\/\/fbprocedes.com\/wp-content\/uploads\/2026\/01\/vis-compactage-degrilleur.jpg\" class=\"elementor-animation-grow attachment-large size-large wp-image-3578\" alt=\"Tornillo compactador para reja de desbaste\" srcset=\"https:\/\/fbprocedes.com\/wp-content\/uploads\/2026\/01\/vis-compactage-degrilleur.jpg 1024w, https:\/\/fbprocedes.com\/wp-content\/uploads\/2026\/01\/vis-compactage-degrilleur-300x225.jpg 300w, https:\/\/fbprocedes.com\/wp-content\/uploads\/2026\/01\/vis-compactage-degrilleur-768x576.jpg 768w, https:\/\/fbprocedes.com\/wp-content\/uploads\/2026\/01\/vis-compactage-degrilleur-16x12.jpg 16w\" sizes=\"(max-width: 800px) 100vw, 800px\" \/>\t\t\t\t\t\t\t\t\t\t\t\t\t\t\t<\/div>\n\t\t\t\t<div class=\"elementor-element elementor-element-7a7094b elementor-widget elementor-widget-image\" data-id=\"7a7094b\" data-element_type=\"widget\" data-e-type=\"widget\" data-widget_type=\"image.default\">\n\t\t\t\t\t\t\t\t\t\t\t\t\t\t\t<img loading=\"lazy\" decoding=\"async\" width=\"800\" height=\"600\" src=\"https:\/\/fbprocedes.com\/wp-content\/uploads\/2026\/01\/cellule-compactage-dechets.jpg\" class=\"elementor-animation-grow attachment-large size-large wp-image-3577\" alt=\"C\u00e1mara de compactaci\u00f3n de un tornillo compactador\" srcset=\"https:\/\/fbprocedes.com\/wp-content\/uploads\/2026\/01\/cellule-compactage-dechets.jpg 1024w, https:\/\/fbprocedes.com\/wp-content\/uploads\/2026\/01\/cellule-compactage-dechets-300x225.jpg 300w, https:\/\/fbprocedes.com\/wp-content\/uploads\/2026\/01\/cellule-compactage-dechets-768x576.jpg 768w, https:\/\/fbprocedes.com\/wp-content\/uploads\/2026\/01\/cellule-compactage-dechets-16x12.jpg 16w\" sizes=\"(max-width: 800px) 100vw, 800px\" \/>\t\t\t\t\t\t\t\t\t\t\t\t\t\t\t<\/div>\n\t\t\t\t\t<\/div>\n\t\t\t\t<\/div>\n\t\t<div class=\"elementor-element elementor-element-f18fc82 e-flex e-con-boxed e-con e-parent\" data-id=\"f18fc82\" data-element_type=\"container\" data-e-type=\"container\">\n\t\t\t\t\t<div class=\"e-con-inner\">\n\t\t\t\t<div class=\"elementor-element elementor-element-5424d863 elementor-widget elementor-widget-heading\" data-id=\"5424d863\" data-element_type=\"widget\" data-e-type=\"widget\" data-widget_type=\"heading.default\">\n\t\t\t\t\t<h2 class=\"elementor-heading-title elementor-size-default\">Soluciones complementarias<\/h2>\t\t\t\t<\/div>\n\t\t\t\t<div class=\"elementor-element elementor-element-2dd03b18 elementor-widget-divider--view-line elementor-widget elementor-widget-divider\" data-id=\"2dd03b18\" data-element_type=\"widget\" data-e-type=\"widget\" data-widget_type=\"divider.default\">\n\t\t\t\t\t\t\t<div class=\"elementor-divider\">\n\t\t\t<span class=\"elementor-divider-separator\">\n\t\t\t\t\t\t<\/span>\n\t\t<\/div>\n\t\t\t\t\t\t<\/div>\n\t\t\t\t\t<\/div>\n\t\t\t\t<\/div>\n\t\t<div class=\"elementor-element elementor-element-5faba8e6 e-grid e-con-boxed e-con e-parent\" data-id=\"5faba8e6\" data-element_type=\"container\" data-e-type=\"container\">\n\t\t\t\t\t<div class=\"e-con-inner\">\n\t\t<div class=\"elementor-element elementor-element-756dc3a9 e-con-full e-flex e-con e-child\" data-id=\"756dc3a9\" data-element_type=\"container\" data-e-type=\"container\" data-settings=\"{&quot;background_background&quot;:&quot;classic&quot;}\">\n\t\t\t\t<div class=\"elementor-element elementor-element-78e7eec1 elementor-widget elementor-widget-image\" data-id=\"78e7eec1\" data-element_type=\"widget\" data-e-type=\"widget\" data-widget_type=\"image.default\">\n\t\t\t\t\t\t\t\t\t\t\t\t\t\t\t<img loading=\"lazy\" decoding=\"async\" width=\"500\" height=\"500\" src=\"https:\/\/fbprocedes.com\/wp-content\/uploads\/2025\/12\/degrilleur-sg400.jpg\" class=\"attachment-medium_large size-medium_large wp-image-875\" alt=\"Vista 3D en CAD de una reja de desbaste vertical SG400\" srcset=\"https:\/\/fbprocedes.com\/wp-content\/uploads\/2025\/12\/degrilleur-sg400.jpg 500w, https:\/\/fbprocedes.com\/wp-content\/uploads\/2025\/12\/degrilleur-sg400-300x300.jpg 300w, https:\/\/fbprocedes.com\/wp-content\/uploads\/2025\/12\/degrilleur-sg400-150x150.jpg 150w\" sizes=\"(max-width: 500px) 100vw, 500px\" \/>\t\t\t\t\t\t\t\t\t\t\t\t\t\t\t<\/div>\n\t\t\t\t<div class=\"elementor-element elementor-element-5660f514 elementor-widget elementor-widget-heading\" data-id=\"5660f514\" data-element_type=\"widget\" data-e-type=\"widget\" data-widget_type=\"heading.default\">\n\t\t\t\t\t<h3 class=\"elementor-heading-title elementor-size-default\">Reja de desbaste SG400<\/h3>\t\t\t\t<\/div>\n\t\t\t\t<div class=\"elementor-element elementor-element-7e79c832 elementor-widget elementor-widget-text-editor\" data-id=\"7e79c832\" data-element_type=\"widget\" data-e-type=\"widget\" data-widget_type=\"text-editor.default\">\n\t\t\t\t\t\t\t\t\t<p style=\"text-align: center;\">Reja autom\u00e1tica vertical de 400 mm de ancho para caudales de hasta 120 m3\/h<\/p>\t\t\t\t\t\t\t\t<\/div>\n\t\t\t\t<div class=\"elementor-element elementor-element-5a8ac63d elementor-align-center elementor-widget elementor-widget-button\" data-id=\"5a8ac63d\" data-element_type=\"widget\" data-e-type=\"widget\" data-widget_type=\"button.default\">\n\t\t\t\t\t\t\t\t\t\t<a class=\"elementor-button elementor-button-link elementor-size-sm\" href=\"\/es\/reja-de-desbaste-sg400\/\">\n\t\t\t\t\t\t<span class=\"elementor-button-content-wrapper\">\n\t\t\t\t\t\t\t\t\t<span class=\"elementor-button-text\">Ver<\/span>\n\t\t\t\t\t<\/span>\n\t\t\t\t\t<\/a>\n\t\t\t\t\t\t\t\t<\/div>\n\t\t\t\t<\/div>\n\t\t<div class=\"elementor-element elementor-element-6bb786e0 e-con-full e-flex e-con e-child\" data-id=\"6bb786e0\" data-element_type=\"container\" data-e-type=\"container\" data-settings=\"{&quot;background_background&quot;:&quot;classic&quot;}\">\n\t\t\t\t<div class=\"elementor-element elementor-element-7a1e2320 elementor-widget elementor-widget-image\" data-id=\"7a1e2320\" data-element_type=\"widget\" data-e-type=\"widget\" data-widget_type=\"image.default\">\n\t\t\t\t\t\t\t\t\t\t\t\t\t\t\t<img loading=\"lazy\" decoding=\"async\" width=\"500\" height=\"500\" src=\"https:\/\/fbprocedes.com\/wp-content\/uploads\/2025\/12\/degrilleur-ng.jpg\" class=\"attachment-medium_large size-medium_large wp-image-873\" alt=\"Vista 3D en CAD de una reja de desbaste vertical NG\" srcset=\"https:\/\/fbprocedes.com\/wp-content\/uploads\/2025\/12\/degrilleur-ng.jpg 500w, https:\/\/fbprocedes.com\/wp-content\/uploads\/2025\/12\/degrilleur-ng-300x300.jpg 300w, https:\/\/fbprocedes.com\/wp-content\/uploads\/2025\/12\/degrilleur-ng-150x150.jpg 150w\" sizes=\"(max-width: 500px) 100vw, 500px\" \/>\t\t\t\t\t\t\t\t\t\t\t\t\t\t\t<\/div>\n\t\t\t\t<div class=\"elementor-element elementor-element-2715a29b elementor-widget elementor-widget-heading\" data-id=\"2715a29b\" data-element_type=\"widget\" data-e-type=\"widget\" data-widget_type=\"heading.default\">\n\t\t\t\t\t<h3 class=\"elementor-heading-title elementor-size-default\">Reja de desbaste NG<\/h3>\t\t\t\t<\/div>\n\t\t\t\t<div class=\"elementor-element elementor-element-71455bc8 elementor-widget elementor-widget-text-editor\" data-id=\"71455bc8\" data-element_type=\"widget\" data-e-type=\"widget\" data-widget_type=\"text-editor.default\">\n\t\t\t\t\t\t\t\t\t<p style=\"text-align: center;\">Desarenador autom\u00e1tico vertical a medida para caudales de hasta 6000 m3\/h<\/p>\t\t\t\t\t\t\t\t<\/div>\n\t\t\t\t<div class=\"elementor-element elementor-element-5b69be23 elementor-align-center elementor-widget elementor-widget-button\" data-id=\"5b69be23\" data-element_type=\"widget\" data-e-type=\"widget\" data-widget_type=\"button.default\">\n\t\t\t\t\t\t\t\t\t\t<a class=\"elementor-button elementor-button-link elementor-size-sm\" href=\"\/es\/reja-de-desbaste-ng\/\">\n\t\t\t\t\t\t<span class=\"elementor-button-content-wrapper\">\n\t\t\t\t\t\t\t\t\t<span class=\"elementor-button-text\">Ver<\/span>\n\t\t\t\t\t<\/span>\n\t\t\t\t\t<\/a>\n\t\t\t\t\t\t\t\t<\/div>\n\t\t\t\t<\/div>\n\t\t<div class=\"elementor-element elementor-element-145a21b7 e-con-full e-flex e-con e-child\" data-id=\"145a21b7\" data-element_type=\"container\" data-e-type=\"container\" data-settings=\"{&quot;background_background&quot;:&quot;classic&quot;}\">\n\t\t\t\t<div class=\"elementor-element elementor-element-5f318835 elementor-widget elementor-widget-image\" data-id=\"5f318835\" data-element_type=\"widget\" data-e-type=\"widget\" data-widget_type=\"image.default\">\n\t\t\t\t\t\t\t\t\t\t\t\t\t\t\t<img loading=\"lazy\" decoding=\"async\" width=\"500\" height=\"500\" src=\"https:\/\/fbprocedes.com\/wp-content\/uploads\/2025\/12\/degrilleur-xg.jpg\" class=\"attachment-medium_large size-medium_large wp-image-874\" alt=\"Vista 3D en CAD de una reja de desbaste vertical XG\" srcset=\"https:\/\/fbprocedes.com\/wp-content\/uploads\/2025\/12\/degrilleur-xg.jpg 500w, https:\/\/fbprocedes.com\/wp-content\/uploads\/2025\/12\/degrilleur-xg-300x300.jpg 300w, https:\/\/fbprocedes.com\/wp-content\/uploads\/2025\/12\/degrilleur-xg-150x150.jpg 150w\" sizes=\"(max-width: 500px) 100vw, 500px\" \/>\t\t\t\t\t\t\t\t\t\t\t\t\t\t\t<\/div>\n\t\t\t\t<div class=\"elementor-element elementor-element-1433c8d0 elementor-widget elementor-widget-heading\" data-id=\"1433c8d0\" data-element_type=\"widget\" data-e-type=\"widget\" data-widget_type=\"heading.default\">\n\t\t\t\t\t<h3 class=\"elementor-heading-title elementor-size-default\">Reja de desbaste XG<\/h3>\t\t\t\t<\/div>\n\t\t\t\t<div class=\"elementor-element elementor-element-5f770066 elementor-widget elementor-widget-text-editor\" data-id=\"5f770066\" data-element_type=\"widget\" data-e-type=\"widget\" data-widget_type=\"text-editor.default\">\n\t\t\t\t\t\t\t\t\t<p style=\"text-align: center;\">Desarenador autom\u00e1tico vertical a medida para caudales de hasta 20 000 m3\/h<\/p>\t\t\t\t\t\t\t\t<\/div>\n\t\t\t\t<div class=\"elementor-element elementor-element-bbdbf6c elementor-align-center elementor-widget elementor-widget-button\" data-id=\"bbdbf6c\" data-element_type=\"widget\" data-e-type=\"widget\" data-widget_type=\"button.default\">\n\t\t\t\t\t\t\t\t\t\t<a class=\"elementor-button elementor-button-link elementor-size-sm\" href=\"\/es\/reja-de-desbaste-xg\/\">\n\t\t\t\t\t\t<span class=\"elementor-button-content-wrapper\">\n\t\t\t\t\t\t\t\t\t<span class=\"elementor-button-text\">Ver<\/span>\n\t\t\t\t\t<\/span>\n\t\t\t\t\t<\/a>\n\t\t\t\t\t\t\t\t<\/div>\n\t\t\t\t<\/div>\n\t\t\t\t\t<\/div>\n\t\t\t\t<\/div>\n\t\t\t\t<\/div>","protected":false},"excerpt":{"rendered":"<p>Vis de compactage Choisir un d\u00e9grilleur FB Proc\u00e9d\u00e9s avec la vis de compactage Type VCP, c\u2019est choisir une solution de d\u00e9grillage et de compactage des refus de d\u00e9grillage compl\u00e8te, o\u00f9 les deux machines fonctionnent en totale compl\u00e9mentarit\u00e9. Nous contacter La vis de compactage Type VCP a \u00e9t\u00e9 con\u00e7ue pour offrir une solution de compactage des [&hellip;]<\/p>\n","protected":false},"author":1,"featured_media":0,"parent":848,"menu_order":0,"comment_status":"closed","ping_status":"closed","template":"","meta":{"footnotes":""},"class_list":["post-885","page","type-page","status-publish","hentry"],"aioseo_notices":[],"_links":{"self":[{"href":"https:\/\/fbprocedes.com\/es\/wp-json\/wp\/v2\/pages\/885","targetHints":{"allow":["GET"]}}],"collection":[{"href":"https:\/\/fbprocedes.com\/es\/wp-json\/wp\/v2\/pages"}],"about":[{"href":"https:\/\/fbprocedes.com\/es\/wp-json\/wp\/v2\/types\/page"}],"author":[{"embeddable":true,"href":"https:\/\/fbprocedes.com\/es\/wp-json\/wp\/v2\/users\/1"}],"replies":[{"embeddable":true,"href":"https:\/\/fbprocedes.com\/es\/wp-json\/wp\/v2\/comments?post=885"}],"version-history":[{"count":31,"href":"https:\/\/fbprocedes.com\/es\/wp-json\/wp\/v2\/pages\/885\/revisions"}],"predecessor-version":[{"id":215030,"href":"https:\/\/fbprocedes.com\/es\/wp-json\/wp\/v2\/pages\/885\/revisions\/215030"}],"up":[{"embeddable":true,"href":"https:\/\/fbprocedes.com\/es\/wp-json\/wp\/v2\/pages\/848"}],"wp:attachment":[{"href":"https:\/\/fbprocedes.com\/es\/wp-json\/wp\/v2\/media?parent=885"}],"curies":[{"name":"wp","href":"https:\/\/api.w.org\/{rel}","templated":true}]}}